{"id":9999,"date":"2025-04-28T00:53:07","date_gmt":"2025-04-27T20:53:07","guid":{"rendered":"https:\/\/axtarstore.com\/?post_type=product&#038;p=9999"},"modified":"2026-02-09T22:24:21","modified_gmt":"2026-02-09T18:24:21","slug":"hemani-blackseed-cream-agri-rahatladici","status":"publish","type":"product","link":"https:\/\/axtarstore.com\/ru\/product\/hemani-blackseed-cream-agri-rahatladici\/","title":{"rendered":"Hemani Blackseed Cream \u2013 A\u011fr\u0131 K\u0259sici v\u0259 \u018fz\u0259l\u0259 Rahatla\u015fd\u0131r\u0131c\u0131 T\u0259bii Qulluq"},"content":{"rendered":"<p data-start=\"938\" data-end=\"1235\">G\u00fcnd\u0259lik h\u0259yat t\u0259rzi, fiziki yor\u011funluq, uzun m\u00fcdd\u0259t oturaq v\u0259ziyy\u0259td\u0259 qalmaq v\u0259 ya intensiv h\u0259r\u0259k\u0259t n\u0259tic\u0259sind\u0259 b\u0259d\u0259nd\u0259 g\u0259rginlik v\u0259 narahatl\u0131q hissi yarana bil\u0259r. X\u00fcsusil\u0259 bel, boyun, \u00e7iyin v\u0259 diz nahiy\u0259l\u0259rind\u0259 hiss olunan g\u0259rginlik rahat h\u0259r\u0259k\u0259ti m\u0259hdudla\u015fd\u0131ra v\u0259 g\u00fcnd\u0259lik komfortu azalda bil\u0259r.<\/p>\n<p data-start=\"1237\" data-end=\"1461\">Bu c\u00fcr hallarda d\u00fczg\u00fcn se\u00e7ilm\u0259mi\u015f m\u0259hsullar ya kifay\u0259t q\u0259d\u0259r effekt vermir, ya da d\u0259rid\u0259 a\u011f\u0131r v\u0259 xo\u015fag\u0259lm\u0259z hiss yarad\u0131r. B\u0259d\u0259n bax\u0131m\u0131 \u00fc\u00e7\u00fcn h\u0259m rahat t\u0259tbiq olunan, h\u0259m d\u0259 t\u0259rkibi il\u0259 se\u00e7il\u0259n m\u0259hsullar\u0131n istifad\u0259si vacibdir.<\/p>\n<h3 data-start=\"1463\" data-end=\"1471\">H\u0259ll<\/h3>\n<p data-start=\"1472\" data-end=\"1801\"><strong data-start=\"1472\" data-end=\"1498\">Hemani Blackseed Cream<\/strong> qara kimyon ya\u011f\u0131n\u0131n x\u00fcsusiyy\u0259tl\u0259rind\u0259n istifad\u0259 ed\u0259r\u0259k haz\u0131rlanm\u0131\u015f rahatlad\u0131c\u0131 b\u0259d\u0259n kremidir. Qara kimyon ya\u011f\u0131 uzun ill\u0259rdir b\u0259d\u0259n bax\u0131m\u0131nda istifad\u0259 olunan t\u0259bii komponentl\u0259rd\u0259n biri kimi tan\u0131n\u0131r. Krem formas\u0131 m\u0259hsulun d\u0259rid\u0259 rahat yay\u0131lmas\u0131n\u0131 v\u0259 masaj zaman\u0131 effektiv istifad\u0259 edilm\u0259sini t\u0259min edir.<\/p>\n<p data-start=\"1803\" data-end=\"2035\">Hemani Blackseed Cream d\u0259rinin s\u0259thind\u0259 tez hopur v\u0259 ya\u011fl\u0131l\u0131q hissi yaratm\u0131r. Masaj zaman\u0131 d\u0259rini yum\u015faldaraq rahatl\u0131q hissinin yaranmas\u0131na k\u00f6m\u0259k edir. M\u0259hsul x\u00fcsusil\u0259 \u0259z\u0259l\u0259 g\u0259rginliyi hiss olunan nahiy\u0259l\u0259rd\u0259 istifad\u0259 \u00fc\u00e7\u00fcn uy\u011fundur.<\/p>\n<p data-start=\"2037\" data-end=\"2221\">Krem g\u00fcnd\u0259lik istifad\u0259 \u00fc\u00e7\u00fcn n\u0259z\u0259rd\u0259 tutulmu\u015fdur v\u0259 b\u0259d\u0259n bax\u0131m rutinin\u0259 asanl\u0131qla daxil edil\u0259 bil\u0259r. M\u00fcnt\u0259z\u0259m istifad\u0259 zaman\u0131 b\u0259d\u0259nin daha rahat v\u0259 y\u00fcng\u00fcl hiss olunmas\u0131na d\u0259st\u0259k verir.<\/p>\n<h3 data-start=\"2223\" data-end=\"2233\">N\u0259tic\u0259<\/h3>\n<p data-start=\"2234\" data-end=\"2501\">Hemani Blackseed Cream il\u0259 b\u0259d\u0259n bax\u0131m\u0131 daha rahat v\u0259 praktik hala g\u0259lir. M\u0259hsul d\u0259rinin s\u0259thind\u0259 xo\u015f hiss yaradaraq g\u00fcnd\u0259lik masaj v\u0259 rahatlama ehtiyaclar\u0131n\u0131 qar\u015f\u0131lama\u011fa k\u00f6m\u0259k edir. Y\u00fcng\u00fcl teksturas\u0131 v\u0259 balansl\u0131 t\u0259rkibi say\u0259sind\u0259 uzunm\u00fcdd\u0259tli istifad\u0259 \u00fc\u00e7\u00fcn uy\u011fundur.<\/p>\n<hr data-start=\"2503\" data-end=\"2506\" \/>\n<h2 data-start=\"2508\" data-end=\"2537\">Niy\u0259 bu m\u0259hsulu almal\u0131yam?<\/h2>\n<ul data-start=\"2538\" data-end=\"2794\">\n<li data-start=\"2538\" data-end=\"2572\">\n<p data-start=\"2540\" data-end=\"2572\">Qara kimyon ya\u011f\u0131 \u0259sasl\u0131 formul<\/p>\n<\/li>\n<li data-start=\"2573\" data-end=\"2621\">\n<p data-start=\"2575\" data-end=\"2621\">Masaj v\u0259 rahatlad\u0131c\u0131 b\u0259d\u0259n bax\u0131m\u0131 \u00fc\u00e7\u00fcn uy\u011fun<\/p>\n<\/li>\n<li data-start=\"2622\" data-end=\"2672\">\n<p data-start=\"2624\" data-end=\"2672\">\u018fz\u0259l\u0259 v\u0259 b\u0259d\u0259n g\u0259rginliyi hissin\u0259 qar\u015f\u0131 qulluq<\/p>\n<\/li>\n<li data-start=\"2673\" data-end=\"2712\">\n<p data-start=\"2675\" data-end=\"2712\">Tez hopan, ya\u011fl\u0131l\u0131q yaratmayan krem<\/p>\n<\/li>\n<li data-start=\"2713\" data-end=\"2747\">\n<p data-start=\"2715\" data-end=\"2747\">G\u00fcnd\u0259lik istifad\u0259 \u00fc\u00e7\u00fcn praktik<\/p>\n<\/li>\n<li data-start=\"2748\" data-end=\"2794\">\n<p data-start=\"2750\" data-end=\"2794\">Hemani keyfiyy\u0259t standartlar\u0131na uy\u011fun m\u0259hsul<\/p>\n<\/li>\n<\/ul>\n<hr data-start=\"2796\" data-end=\"2799\" \/>\n<h2 data-start=\"2801\" data-end=\"2820\">\u0130stifad\u0259 Qaydas\u0131<\/h2>\n<p data-start=\"2821\" data-end=\"2976\">Kremi ist\u0259nil\u0259n b\u0259d\u0259n nahiy\u0259sin\u0259 nazik qatla t\u0259tbiq edin v\u0259 yum\u015faq masaj h\u0259r\u0259k\u0259tl\u0259ri il\u0259 d\u0259rinin hopmas\u0131na k\u00f6m\u0259k edin. G\u00fcnd\u0259 1\u20132 d\u0259f\u0259 istifad\u0259 oluna bil\u0259r.<\/p>\n<hr data-start=\"2978\" data-end=\"2981\" \/>\n<h2 data-start=\"2983\" data-end=\"2990\">Qeyd<\/h2>\n<p data-start=\"2991\" data-end=\"3169\">Yaln\u0131z xarici istifad\u0259 \u00fc\u00e7\u00fcnd\u00fcr. A\u00e7\u0131q yaralara t\u0259tbiq etm\u0259yin. G\u00f6zl\u0259 t\u0259masdan qa\u00e7\u0131n\u0131n. H\u0259ssas d\u0259riy\u0259 sahibsinizs\u0259, ilk istifad\u0259d\u0259n \u0259vv\u0259l ki\u00e7ik sah\u0259d\u0259 test edilm\u0259si t\u00f6vsiy\u0259 olunur.<\/p>","protected":false},"excerpt":{"rendered":"<p>Hemani Blackseed Cream qara kimyon ya\u011f\u0131 \u0259sasl\u0131 formulu il\u0259 b\u0259d\u0259n v\u0259 \u0259z\u0259l\u0259l\u0259r\u0259 rahatlad\u0131c\u0131 qulluq g\u00f6st\u0259rm\u0259k \u00fc\u00e7\u00fcn haz\u0131rlanm\u0131\u015f kremdir. Masaj \u00fc\u00e7\u00fcn uy\u011fundur.<\/p>","protected":false},"featured_media":10000,"comment_status":"open","ping_status":"closed","template":"","meta":[],"pwb-brand":[165],"product_cat":[430,129],"product_tag":[],"class_list":{"0":"post-9999","1":"product","2":"type-product","3":"status-publish","4":"has-post-thumbnail","6":"pwb-brand-hemani","7":"product_cat-bdn-agri-ksici-mhsullar","8":"product_cat-beden-baximi","9":"pa_size-50grm","12":"instock","13":"sale","14":"shipping-taxable","15":"purchasable","16":"product-type-simple"},"brands":[{"id":165,"name":"Hemani","slug":"hemani"}],"_links":{"self":[{"href":"https:\/\/axtarstore.com\/ru\/wp-json\/wp\/v2\/product\/9999"}],"collection":[{"href":"https:\/\/axtarstore.com\/ru\/wp-json\/wp\/v2\/product"}],"about":[{"href":"https:\/\/axtarstore.com\/ru\/wp-json\/wp\/v2\/types\/product"}],"replies":[{"embeddable":true,"href":"https:\/\/axtarstore.com\/ru\/wp-json\/wp\/v2\/comments?post=9999"}],"version-history":[{"count":3,"href":"https:\/\/axtarstore.com\/ru\/wp-json\/wp\/v2\/product\/9999\/revisions"}],"predecessor-version":[{"id":11054,"href":"https:\/\/axtarstore.com\/ru\/wp-json\/wp\/v2\/product\/9999\/revisions\/11054"}],"wp:featuredmedia":[{"embeddable":true,"href":"https:\/\/axtarstore.com\/ru\/wp-json\/wp\/v2\/media\/10000"}],"wp:attachment":[{"href":"https:\/\/axtarstore.com\/ru\/wp-json\/wp\/v2\/media?parent=9999"}],"wp:term":[{"taxonomy":"pwb-brand","embeddable":true,"href":"https:\/\/axtarstore.com\/ru\/wp-json\/wp\/v2\/pwb-brand?post=9999"},{"taxonomy":"product_cat","embeddable":true,"href":"https:\/\/axtarstore.com\/ru\/wp-json\/wp\/v2\/product_cat?post=9999"},{"taxonomy":"product_tag","embeddable":true,"href":"https:\/\/axtarstore.com\/ru\/wp-json\/wp\/v2\/product_tag?post=9999"}],"curies":[{"name":"wp","href":"https:\/\/api.w.org\/{rel}","templated":true}]}}