{"id":9994,"date":"2025-04-28T00:44:40","date_gmt":"2025-04-27T20:44:40","guid":{"rendered":"https:\/\/axtarstore.com\/?post_type=product&#038;p=9994"},"modified":"2026-02-09T22:27:49","modified_gmt":"2026-02-09T18:27:49","slug":"ilham-romaska-yagi-tebii-yag","status":"publish","type":"product","link":"https:\/\/axtarstore.com\/ru\/product\/ilham-romaska-yagi-tebii-yag\/","title":{"rendered":"Ilham Chamomile Roma\u015fka T\u0259bii Ya\u011f\u0131 \u2013 T\u0259bii Rahatl\u0131q v\u0259 D\u0259riy\u0259 G\u00fcv\u0259nilir Qulluq"},"content":{"rendered":"<p data-start=\"902\" data-end=\"1199\">D\u0259ri v\u0259 sa\u00e7 g\u00fcnd\u0259lik olaraq \u0259traf m\u00fchit faktorlar\u0131, stress v\u0259 yanl\u0131\u015f bax\u0131m m\u0259hsullar\u0131 s\u0259b\u0259bind\u0259n h\u0259ssasla\u015fa bil\u0259r. Quruluq, g\u0259rginlik hissi v\u0259 bax\u0131ms\u0131z g\u00f6r\u00fcn\u00fc\u015f bu prosesin \u0259n \u00e7ox rast g\u0259lin\u0259n n\u0259tic\u0259l\u0259rind\u0259ndir. X\u00fcsusil\u0259 h\u0259ssas d\u0259riy\u0259 sahib olan \u015f\u0259xsl\u0259r \u00fc\u00e7\u00fcn uy\u011fun m\u0259hsul se\u00e7imi daha da \u00e7\u0259tinl\u0259\u015fir.<\/p>\n<p data-start=\"1201\" data-end=\"1443\">Bir \u00e7ox bax\u0131m m\u0259hsullar\u0131 sintetik t\u0259rkib\u0259 malik oldu\u011fu \u00fc\u00e7\u00fcn d\u0259rid\u0259 \u0259lav\u0259 narahatl\u0131q yarada bil\u0259r. Bu is\u0259 d\u0259ri v\u0259 sa\u00e7\u0131n t\u0259bii balans\u0131n\u0131 qoruma\u011f\u0131 \u00e7\u0259tinl\u0259\u015fdirir. Bel\u0259 hallarda daha sad\u0259 v\u0259 t\u0259bii t\u0259rkibli ya\u011flar\u0131n istifad\u0259si \u00fcst\u00fcnl\u00fck t\u0259\u015fkil edir.<\/p>\n<h3 data-start=\"1445\" data-end=\"1453\">H\u0259ll<\/h3>\n<p data-start=\"1454\" data-end=\"1754\"><strong data-start=\"1454\" data-end=\"1476\">\u0130lham Roma\u015fka Ya\u011f\u0131<\/strong> papatya bitkisind\u0259n \u0259ld\u0259 edil\u0259n t\u0259bii ya\u011f olaraq d\u0259ri v\u0259 sa\u00e7 bax\u0131m\u0131nda rahatlad\u0131c\u0131 qulluq t\u0259qdim edir. Roma\u015fka ya\u011f\u0131 uzun ill\u0259rdir yum\u015fald\u0131c\u0131 v\u0259 sakitl\u0259\u015fdirici x\u00fcsusiyy\u0259tl\u0259ri il\u0259 tan\u0131nan t\u0259bii ya\u011flardan biridir. Y\u00fcng\u00fcl teksturas\u0131 say\u0259sind\u0259 d\u0259riy\u0259 asanl\u0131qla yay\u0131l\u0131r v\u0259 tez hopur.<\/p>\n<p data-start=\"1756\" data-end=\"2034\">D\u0259riy\u0259 t\u0259tbiq edildikd\u0259 yum\u015faql\u0131q hissinin yaranmas\u0131na v\u0259 qurulu\u011fun azalmas\u0131na k\u00f6m\u0259k edir. Sa\u00e7 bax\u0131m\u0131nda is\u0259 sa\u00e7 tell\u0259rinin daha rahat daranmas\u0131na, yum\u015faq v\u0259 bax\u0131ml\u0131 g\u00f6r\u00fcnm\u0259sin\u0259 d\u0259st\u0259k verir. Roma\u015fka ya\u011f\u0131 h\u0259m t\u0259kba\u015f\u0131na, h\u0259m d\u0259 dig\u0259r t\u0259bii ya\u011flarla birlikd\u0259 istifad\u0259 oluna bil\u0259r.<\/p>\n<p data-start=\"2036\" data-end=\"2207\">\u0130lham roma\u015fka ya\u011f\u0131 g\u00fcnd\u0259lik bax\u0131m rutinin\u0259 rahatl\u0131qla daxil edil\u0259 bil\u0259n \u00e7oxfunksiyal\u0131 m\u0259hsuldur. Sad\u0259 v\u0259 t\u0259bii formul say\u0259sind\u0259 h\u0259m qad\u0131nlar, h\u0259m d\u0259 ki\u015fil\u0259r \u00fc\u00e7\u00fcn uy\u011fundur.<\/p>\n<h3 data-start=\"2209\" data-end=\"2219\">N\u0259tic\u0259<\/h3>\n<p data-start=\"2220\" data-end=\"2497\">M\u00fcnt\u0259z\u0259m istifad\u0259 zaman\u0131 d\u0259ri daha yum\u015faq v\u0259 rahat hiss olunur, sa\u00e7lar is\u0259 daha bax\u0131ml\u0131 g\u00f6r\u00fcn\u00fcr. Roma\u015fka ya\u011f\u0131 d\u0259rinin v\u0259 sa\u00e7\u0131n t\u0259bii balans\u0131n\u0131 qoruma\u011fa k\u00f6m\u0259k ed\u0259r\u0259k uzunm\u00fcdd\u0259tli qulluq \u00fc\u00e7\u00fcn uy\u011fun se\u00e7im t\u0259qdim edir. Y\u00fcng\u00fcl v\u0259 rahat istifad\u0259 formas\u0131 g\u00fcnd\u0259lik bax\u0131m\u0131 sad\u0259l\u0259\u015fdirir.<\/p>\n<hr data-start=\"2499\" data-end=\"2502\" \/>\n<h2 data-start=\"2504\" data-end=\"2533\">Niy\u0259 bu m\u0259hsulu almal\u0131yam?<\/h2>\n<ul data-start=\"2534\" data-end=\"2779\">\n<li data-start=\"2534\" data-end=\"2588\">\n<p data-start=\"2536\" data-end=\"2588\">Papatya bitkisind\u0259n \u0259ld\u0259 edil\u0259n t\u0259bii roma\u015fka ya\u011f\u0131<\/p>\n<\/li>\n<li data-start=\"2589\" data-end=\"2628\">\n<p data-start=\"2591\" data-end=\"2628\">D\u0259ri v\u0259 sa\u00e7 \u00fc\u00e7\u00fcn rahatlad\u0131c\u0131 qulluq<\/p>\n<\/li>\n<li data-start=\"2629\" data-end=\"2661\">\n<p data-start=\"2631\" data-end=\"2661\">Y\u00fcng\u00fcl v\u0259 tez hopan tekstura<\/p>\n<\/li>\n<li data-start=\"2662\" data-end=\"2694\">\n<p data-start=\"2664\" data-end=\"2694\">G\u00fcnd\u0259lik istifad\u0259 \u00fc\u00e7\u00fcn uy\u011fun<\/p>\n<\/li>\n<li data-start=\"2695\" data-end=\"2723\">\n<p data-start=\"2697\" data-end=\"2723\">\u00c7oxfunksiyal\u0131 bax\u0131m ya\u011f\u0131<\/p>\n<\/li>\n<li data-start=\"2724\" data-end=\"2779\">\n<p data-start=\"2726\" data-end=\"2779\">\u0130lham brendinin keyfiyy\u0259t standartlar\u0131na uy\u011fun m\u0259hsul<\/p>\n<\/li>\n<\/ul>\n<hr data-start=\"2781\" data-end=\"2784\" \/>\n<h2 data-start=\"2786\" data-end=\"2805\">\u0130stifad\u0259 Qaydas\u0131<\/h2>\n<p data-start=\"2806\" data-end=\"3010\">D\u0259ri bax\u0131m\u0131 \u00fc\u00e7\u00fcn t\u0259miz d\u0259riy\u0259 bir ne\u00e7\u0259 damc\u0131 roma\u015fka ya\u011f\u0131 masaj ed\u0259r\u0259k t\u0259tbiq edin. Sa\u00e7 bax\u0131m\u0131 \u00fc\u00e7\u00fcn sa\u00e7 uclar\u0131na v\u0259 ya sa\u00e7 d\u0259risin\u0259 az miqdarda s\u00fcrt\u00fcn. G\u00fcnd\u0259lik v\u0259 ya ehtiyac olduqda istifad\u0259 edil\u0259 bil\u0259r.<\/p>\n<hr data-start=\"3012\" data-end=\"3015\" \/>\n<h2 data-start=\"3017\" data-end=\"3024\">Qeyd<\/h2>\n<p data-start=\"3025\" data-end=\"3173\">Yaln\u0131z xarici istifad\u0259 \u00fc\u00e7\u00fcnd\u00fcr. G\u00f6zl\u0259 t\u0259masdan qa\u00e7\u0131n\u0131n. H\u0259ssas d\u0259riy\u0259 sahibsinizs\u0259, ilk istifad\u0259d\u0259n \u0259vv\u0259l ki\u00e7ik sah\u0259d\u0259 test edilm\u0259si t\u00f6vsiy\u0259 olunur.<\/p>","protected":false},"excerpt":{"rendered":"<p>\u0130lham roma\u015fka ya\u011f\u0131 papatya bitkisind\u0259n \u0259ld\u0259 edil\u0259n t\u0259bii ya\u011fd\u0131r. D\u0259ri v\u0259 sa\u00e7 bax\u0131m\u0131nda rahatlad\u0131c\u0131 v\u0259 yum\u015fald\u0131c\u0131 t\u0259siri il\u0259 g\u00fcnd\u0259lik istifad\u0259 \u00fc\u00e7\u00fcn uy\u011fundur.<\/p>","protected":false},"featured_media":9995,"comment_status":"open","ping_status":"closed","template":"","meta":[],"pwb-brand":[181],"product_cat":[129,126,135,427,127],"product_tag":[300,294,293,308,437,431],"class_list":{"0":"post-9994","1":"product","2":"type-product","3":"status-publish","4":"has-post-thumbnail","6":"pwb-brand-ilham","7":"product_cat-beden-baximi","8":"product_cat-haircare","9":"product_cat-oil","10":"product_cat-tbii-yaglar","11":"product_cat-face-care","12":"product_tag-bodycare","13":"product_tag-face","14":"product_tag-facecare","15":"product_tag-haircare","16":"product_tag-natural-oils","17":"product_tag-tbii-yaglar","18":"pa_size-30ml","21":"instock","22":"sale","23":"shipping-taxable","24":"purchasable","25":"product-type-simple"},"brands":[{"id":181,"name":"\u0130lham","slug":"ilham"}],"_links":{"self":[{"href":"https:\/\/axtarstore.com\/ru\/wp-json\/wp\/v2\/product\/9994"}],"collection":[{"href":"https:\/\/axtarstore.com\/ru\/wp-json\/wp\/v2\/product"}],"about":[{"href":"https:\/\/axtarstore.com\/ru\/wp-json\/wp\/v2\/types\/product"}],"replies":[{"embeddable":true,"href":"https:\/\/axtarstore.com\/ru\/wp-json\/wp\/v2\/comments?post=9994"}],"version-history":[{"count":3,"href":"https:\/\/axtarstore.com\/ru\/wp-json\/wp\/v2\/product\/9994\/revisions"}],"predecessor-version":[{"id":11056,"href":"https:\/\/axtarstore.com\/ru\/wp-json\/wp\/v2\/product\/9994\/revisions\/11056"}],"wp:featuredmedia":[{"embeddable":true,"href":"https:\/\/axtarstore.com\/ru\/wp-json\/wp\/v2\/media\/9995"}],"wp:attachment":[{"href":"https:\/\/axtarstore.com\/ru\/wp-json\/wp\/v2\/media?parent=9994"}],"wp:term":[{"taxonomy":"pwb-brand","embeddable":true,"href":"https:\/\/axtarstore.com\/ru\/wp-json\/wp\/v2\/pwb-brand?post=9994"},{"taxonomy":"product_cat","embeddable":true,"href":"https:\/\/axtarstore.com\/ru\/wp-json\/wp\/v2\/product_cat?post=9994"},{"taxonomy":"product_tag","embeddable":true,"href":"https:\/\/axtarstore.com\/ru\/wp-json\/wp\/v2\/product_tag?post=9994"}],"curies":[{"name":"wp","href":"https:\/\/api.w.org\/{rel}","templated":true}]}}