{"id":9974,"date":"2025-04-28T00:09:04","date_gmt":"2025-04-27T20:09:04","guid":{"rendered":"https:\/\/axtarstore.com\/?post_type=product&#038;p=9974"},"modified":"2026-02-09T22:42:28","modified_gmt":"2026-02-09T18:42:28","slug":"dr-laila-retinol-kabak-lifli-sabun-24k","status":"publish","type":"product","link":"https:\/\/axtarstore.com\/ru\/product\/dr-laila-retinol-kabak-lifli-sabun-24k\/","title":{"rendered":"Dr. Laila Do\u011fal Kabak Lifli Retinol 24K Sabun \u2013 Gen\u00e7le\u015ftirici ve Besleyici Cilt Bak\u0131m\u0131"},"content":{"rendered":"<p data-start=\"943\" data-end=\"1324\">D\u0259rinin s\u0259thind\u0259 y\u0131\u011f\u0131lan \u00f6l\u00fc h\u00fcceyr\u0259l\u0259r, m\u0259sam\u0259l\u0259rin \u00e7irkl\u0259nm\u0259si v\u0259 qeyri-b\u0259rab\u0259r tekstura d\u0259ri bax\u0131m\u0131nda \u0259n \u00e7ox rast g\u0259lin\u0259n probleml\u0259r s\u0131ras\u0131ndad\u0131r. Yanl\u0131\u015f t\u0259mizl\u0259yici m\u0259hsullar d\u0259rini ya kifay\u0259t q\u0259d\u0259r t\u0259mizl\u0259mir, ya da quruluq v\u0259 g\u0259rginlik hissi yarad\u0131r. X\u00fcsusil\u0259 aktiv t\u0259rkibli bax\u0131m m\u0259hsullar\u0131 istifad\u0259 ed\u0259n \u015f\u0259xsl\u0259r \u00fc\u00e7\u00fcn d\u00fczg\u00fcn t\u0259mizl\u0259yici se\u00e7imi daha b\u00f6y\u00fck \u0259h\u0259miyy\u0259t da\u015f\u0131y\u0131r.<\/p>\n<p data-start=\"1326\" data-end=\"1558\">T\u0259kc\u0259 s\u0259thi t\u0259mizl\u0259m\u0259 kifay\u0259t etmir. D\u0259rinin bax\u0131ml\u0131 g\u00f6r\u00fcnm\u0259si \u00fc\u00e7\u00fcn h\u0259m mexaniki, h\u0259m d\u0259 balansl\u0131 kosmetik t\u0259mizl\u0259m\u0259 t\u0259l\u0259b olunur. Bu n\u00f6qt\u0259d\u0259 t\u0259bii lifl\u0259r v\u0259 aktiv kosmetik t\u0259rkibl\u0259rin birlikd\u0259 istifad\u0259si daha effektiv n\u0259tic\u0259 verir.<\/p>\n<h3 data-start=\"1560\" data-end=\"1568\">H\u0259ll<\/h3>\n<p data-start=\"1569\" data-end=\"1906\"><strong data-start=\"1569\" data-end=\"1612\">Dr. Laila Retinol Kabak Lifli Sabun 24K<\/strong> d\u0259rinin g\u00fcnd\u0259lik t\u0259mizliyi \u00fc\u00e7\u00fcn haz\u0131rlanm\u0131\u015f x\u00fcsusi formul t\u0259qdim edir. Sabunun t\u0259rkibind\u0259 yer alan <strong data-start=\"1712\" data-end=\"1732\">t\u0259bii kabak lifi<\/strong> d\u0259rinin s\u0259thind\u0259ki \u00f6l\u00fc h\u00fcceyr\u0259l\u0259rin z\u0259rif \u015f\u0259kild\u0259 uzaqla\u015fd\u0131r\u0131lmas\u0131na k\u00f6m\u0259k edir. Bu mexaniki t\u0259mizl\u0259m\u0259 prosesi d\u0259rini z\u0259d\u0259l\u0259m\u0259d\u0259n, yum\u015faq masaj effekti il\u0259 h\u0259yata ke\u00e7irilir.<\/p>\n<p data-start=\"1908\" data-end=\"2263\">Formulda istifad\u0259 olunan <strong data-start=\"1933\" data-end=\"1944\">retinol<\/strong> is\u0259 kosmetik bax\u0131m m\u0259qs\u0259dil\u0259 d\u0259rinin daha bax\u0131ml\u0131 v\u0259 balansl\u0131 g\u00f6r\u00fcn\u00fc\u015f\u00fcn\u00fc d\u0259st\u0259kl\u0259m\u0259k \u00fc\u00e7\u00fcn n\u0259z\u0259rd\u0259 tutulmu\u015fdur. Retinol t\u0259rkibli m\u0259hsullar d\u00fczg\u00fcn v\u0259 n\u0259zar\u0259tli istifad\u0259 zaman\u0131 d\u0259ri bax\u0131m rutininin vacib hiss\u0259sin\u0259 \u00e7evril\u0259 bil\u0259r. Sabunun i\u00e7ind\u0259ki <strong data-start=\"2188\" data-end=\"2213\">24K q\u0131z\u0131l elementl\u0259ri<\/strong> is\u0259 m\u0259hsula estetik v\u0259 bax\u0131m y\u00f6n\u00fcml\u00fc d\u0259y\u0259r qat\u0131r.<\/p>\n<p data-start=\"2265\" data-end=\"2499\">Dr. Laila retinol kabak lifli sabun d\u0259rinin h\u0259m t\u0259mizl\u0259nm\u0259sini, h\u0259m d\u0259 bax\u0131ml\u0131 hiss olunmas\u0131n\u0131 h\u0259d\u0259fl\u0259yir. Sabun \u00fcz v\u0259 b\u0259d\u0259n \u00fc\u00e7\u00fcn istifad\u0259 oluna bil\u0259n \u00e7oxfunksiyal\u0131 m\u0259hsuldur v\u0259 g\u00fcnd\u0259lik t\u0259mizlik ehtiyac\u0131n\u0131 praktik \u015f\u0259kild\u0259 qar\u015f\u0131lay\u0131r.<\/p>\n<h3 data-start=\"2501\" data-end=\"2511\">N\u0259tic\u0259<\/h3>\n<p data-start=\"2512\" data-end=\"2800\">M\u00fcnt\u0259z\u0259m istifad\u0259 zaman\u0131 d\u0259ri daha t\u0259miz, hamar v\u0259 bax\u0131ml\u0131 g\u00f6r\u00fcn\u00fcr. Kabak lifinin z\u0259rif t\u0259mizl\u0259yici t\u0259siri il\u0259 d\u0259ri s\u0259thi rahatlay\u0131r, sabunun balansl\u0131 formulu is\u0259 d\u0259rinin t\u0259bii g\u00f6r\u00fcn\u00fc\u015f\u00fcn\u00fc qoruma\u011fa k\u00f6m\u0259k edir. Retinol kabak lifli sabun g\u00fcnd\u0259lik d\u0259ri bax\u0131m\u0131n\u0131 sad\u0259 v\u0259 effektiv hala g\u0259tirir.<\/p>\n<hr data-start=\"2802\" data-end=\"2805\" \/>\n<h2 data-start=\"2807\" data-end=\"2836\">Niy\u0259 bu m\u0259hsulu almal\u0131yam?<\/h2>\n<ul data-start=\"2837\" data-end=\"3106\">\n<li data-start=\"2837\" data-end=\"2872\">\n<p data-start=\"2839\" data-end=\"2872\">Retinol t\u0259rkibli kosmetik sabun<\/p>\n<\/li>\n<li data-start=\"2873\" data-end=\"2913\">\n<p data-start=\"2875\" data-end=\"2913\">T\u0259bii kabak lifi il\u0259 z\u0259rif t\u0259mizl\u0259m\u0259<\/p>\n<\/li>\n<li data-start=\"2914\" data-end=\"2971\">\n<p data-start=\"2916\" data-end=\"2971\">\u00d6l\u00fc d\u0259ri h\u00fcceyr\u0259l\u0259rinin uzaqla\u015fd\u0131r\u0131lmas\u0131na k\u00f6m\u0259k edir<\/p>\n<\/li>\n<li data-start=\"2972\" data-end=\"3029\">\n<p data-start=\"2974\" data-end=\"3029\">D\u0259rinin daha hamar v\u0259 bax\u0131ml\u0131 g\u00f6r\u00fcnm\u0259sini d\u0259st\u0259kl\u0259yir<\/p>\n<\/li>\n<li data-start=\"3030\" data-end=\"3056\">\n<p data-start=\"3032\" data-end=\"3056\">\u00dcz v\u0259 b\u0259d\u0259n \u00fc\u00e7\u00fcn uy\u011fun<\/p>\n<\/li>\n<li data-start=\"3057\" data-end=\"3106\">\n<p data-start=\"3059\" data-end=\"3106\">Dr. Laila keyfiyy\u0259t standartlar\u0131na uy\u011fun m\u0259hsul<\/p>\n<\/li>\n<\/ul>\n<hr data-start=\"3108\" data-end=\"3111\" \/>\n<h2 data-start=\"3113\" data-end=\"3132\">\u0130stifad\u0259 Qaydas\u0131<\/h2>\n<p data-start=\"3133\" data-end=\"3325\">Sabunu il\u0131q su il\u0259 k\u00f6p\u00fcrd\u00fcn v\u0259 d\u0259riniz\u0259 dair\u0259vi h\u0259r\u0259k\u0259tl\u0259rl\u0259 t\u0259tbiq edin. \u00dcz \u00fc\u00e7\u00fcn istifad\u0259 zaman\u0131 g\u00f6z \u0259traf\u0131ndan qa\u00e7\u0131n\u0131n. Daha sonra bol su il\u0259 yaxalay\u0131n. G\u00fcnd\u0259 1 d\u0259f\u0259 istifad\u0259 t\u00f6vsiy\u0259 olunur.<\/p>\n<hr data-start=\"3327\" data-end=\"3330\" \/>\n<h2 data-start=\"3332\" data-end=\"3339\">Qeyd<\/h2>\n<p data-start=\"3340\" data-end=\"3578\">Retinol t\u0259rkibli m\u0259hsullar istifad\u0259 edil\u0259rk\u0259n g\u00fcnd\u00fcz saatlar\u0131nda g\u00fcn\u0259\u015fd\u0259n qoruyucu vasit\u0259nin t\u0259tbiqi t\u00f6vsiy\u0259 olunur. H\u0259ssas d\u0259riy\u0259 sahibsinizs\u0259, ilk istifad\u0259d\u0259n \u0259vv\u0259l ki\u00e7ik sah\u0259d\u0259 test edilm\u0259si m\u0259sl\u0259h\u0259tdir. Yaln\u0131z xarici istifad\u0259 \u00fc\u00e7\u00fcnd\u00fcr.<\/p>","protected":false},"excerpt":{"rendered":"<p>Dr. Laila Retinol Kabak Lifli Sabun 24K, retinol v\u0259 t\u0259bii kabak lifi il\u0259 z\u0259nginl\u0259\u015fdirilmi\u015f sabundur. D\u0259rinin t\u0259mizl\u0259nm\u0259si v\u0259 daha bax\u0131ml\u0131 g\u00f6r\u00fcnm\u0259si \u00fc\u00e7\u00fcn n\u0259z\u0259rd\u0259 tutulmu\u015fdur.<\/p>","protected":false},"featured_media":9975,"comment_status":"open","ping_status":"closed","template":"","meta":[],"pwb-brand":[162],"product_cat":[127,148],"product_tag":[294,293,334,423,335,442,418],"class_list":{"0":"post-9974","1":"product","2":"type-product","3":"status-publish","4":"has-post-thumbnail","6":"pwb-brand-dr-laila","7":"product_cat-face-care","8":"product_cat-face-soaps","9":"product_tag-face","10":"product_tag-facecare","11":"product_tag-natural-soap","12":"product_tag-skincareroutine","13":"product_tag-tbii-sabun","14":"product_tag-uz","15":"product_tag-uzbaximi","16":"pa_size-120grm","19":"instock","20":"sale","21":"shipping-taxable","22":"purchasable","23":"product-type-simple"},"brands":[{"id":162,"name":"Dr Laila","slug":"dr-laila"}],"_links":{"self":[{"href":"https:\/\/axtarstore.com\/ru\/wp-json\/wp\/v2\/product\/9974"}],"collection":[{"href":"https:\/\/axtarstore.com\/ru\/wp-json\/wp\/v2\/product"}],"about":[{"href":"https:\/\/axtarstore.com\/ru\/wp-json\/wp\/v2\/types\/product"}],"replies":[{"embeddable":true,"href":"https:\/\/axtarstore.com\/ru\/wp-json\/wp\/v2\/comments?post=9974"}],"version-history":[{"count":3,"href":"https:\/\/axtarstore.com\/ru\/wp-json\/wp\/v2\/product\/9974\/revisions"}],"predecessor-version":[{"id":11066,"href":"https:\/\/axtarstore.com\/ru\/wp-json\/wp\/v2\/product\/9974\/revisions\/11066"}],"wp:featuredmedia":[{"embeddable":true,"href":"https:\/\/axtarstore.com\/ru\/wp-json\/wp\/v2\/media\/9975"}],"wp:attachment":[{"href":"https:\/\/axtarstore.com\/ru\/wp-json\/wp\/v2\/media?parent=9974"}],"wp:term":[{"taxonomy":"pwb-brand","embeddable":true,"href":"https:\/\/axtarstore.com\/ru\/wp-json\/wp\/v2\/pwb-brand?post=9974"},{"taxonomy":"product_cat","embeddable":true,"href":"https:\/\/axtarstore.com\/ru\/wp-json\/wp\/v2\/product_cat?post=9974"},{"taxonomy":"product_tag","embeddable":true,"href":"https:\/\/axtarstore.com\/ru\/wp-json\/wp\/v2\/product_tag?post=9974"}],"curies":[{"name":"wp","href":"https:\/\/api.w.org\/{rel}","templated":true}]}}