{"id":9969,"date":"2025-04-28T00:00:09","date_gmt":"2025-04-27T20:00:09","guid":{"rendered":"https:\/\/axtarstore.com\/?post_type=product&#038;p=9969"},"modified":"2026-02-09T22:44:40","modified_gmt":"2026-02-09T18:44:40","slug":"due-vitamin-c-face-wash-dogal","status":"publish","type":"product","link":"https:\/\/axtarstore.com\/ru\/product\/due-vitamin-c-face-wash-dogal\/","title":{"rendered":"Due Face Wash \u2013 Do\u011fal Vitamin C ile Cildinizi Canland\u0131r\u0131n"},"content":{"rendered":"<p data-start=\"982\" data-end=\"1296\">G\u00fcn \u0259rzind\u0259 d\u0259ri \u00fcz\u0259rind\u0259 toplanan ya\u011f, toz v\u0259 \u00e7irkl\u0259r d\u0259rinin sol\u011fun v\u0259 bax\u0131ms\u0131z g\u00f6r\u00fcnm\u0259sin\u0259 s\u0259b\u0259b olur. Yanl\u0131\u015f v\u0259 ya s\u0259rt t\u0259mizl\u0259yicil\u0259r d\u0259rinin t\u0259bii balans\u0131n\u0131 poza, quruluq v\u0259 g\u0259rginlik hissi yarada bil\u0259r. X\u00fcsusil\u0259 g\u00fcnd\u0259lik istifad\u0259 \u00fc\u00e7\u00fcn uy\u011fun olmayan m\u0259hsullar zamanla d\u0259rinin \u00fcmumi g\u00f6r\u00fcn\u00fc\u015f\u00fcn\u00fc z\u0259ifl\u0259d\u0259 bil\u0259r.<\/p>\n<p data-start=\"1298\" data-end=\"1456\">D\u0259rinin h\u0259m effektiv \u015f\u0259kild\u0259 t\u0259mizl\u0259nm\u0259si, h\u0259m d\u0259 canl\u0131 v\u0259 t\u0259rav\u0259tli g\u00f6r\u00fcn\u00fc\u015f\u00fcn\u00fcn qorunmas\u0131 \u00fc\u00e7\u00fcn balansl\u0131 formulaya sahib \u00fcz t\u0259mizl\u0259yicil\u0259rin\u0259 ehtiyac yaran\u0131r.<\/p>\n<h3 data-start=\"1458\" data-end=\"1466\">H\u0259ll<\/h3>\n<p data-start=\"1467\" data-end=\"1799\"><strong data-start=\"1467\" data-end=\"1494\">Due Vitamin C Face Wash<\/strong> g\u00fcnd\u0259lik \u00fcz t\u0259mizliyi \u00fc\u00e7\u00fcn n\u0259z\u0259rd\u0259 tutulmu\u015f balansl\u0131 formul t\u0259qdim edir. Vitamin C il\u0259 z\u0259nginl\u0259\u015fdirilmi\u015f kosmetik t\u0259rkib d\u0259rinin daha canl\u0131 v\u0259 enerjili g\u00f6r\u00fcnm\u0259sini d\u0259st\u0259kl\u0259m\u0259y\u0259 y\u00f6n\u0259lib. Face wash formas\u0131 d\u0259rinin s\u0259thind\u0259 yum\u015faq k\u00f6p\u00fck yaradaraq \u00e7irkl\u0259ri v\u0259 art\u0131q ya\u011f\u0131 z\u0259rif \u015f\u0259kild\u0259 t\u0259mizl\u0259m\u0259y\u0259 k\u00f6m\u0259k edir.<\/p>\n<p data-start=\"1801\" data-end=\"2035\">M\u0259hsul d\u0259rini s\u0259rt \u015f\u0259kild\u0259 qurutmadan t\u0259mizl\u0259yir v\u0259 yuyulma sonras\u0131 rahatl\u0131q hissinin qorunmas\u0131na d\u0259st\u0259k verir. Due vitamin c face wash g\u00fcnd\u0259lik istifad\u0259 \u00fc\u00e7\u00fcn uy\u011fun olub, s\u0259h\u0259r v\u0259 ax\u015fam bax\u0131m rutinind\u0259 rahatl\u0131qla istifad\u0259 edil\u0259 bil\u0259r.<\/p>\n<p data-start=\"2037\" data-end=\"2243\">Vitamin C t\u0259rkibli \u00fcz t\u0259mizl\u0259yicil\u0259r d\u0259rinin daha parlaq v\u0259 t\u0259rav\u0259tli g\u00f6r\u00fcnm\u0259sini d\u0259st\u0259kl\u0259y\u0259n kosmetik m\u0259hsullar aras\u0131nda yer al\u0131r. Due face wash bu bax\u0131mdan sad\u0259, amma effektiv t\u0259mizl\u0259m\u0259 m\u0259rh\u0259l\u0259si yarad\u0131r.<\/p>\n<h3 data-start=\"2245\" data-end=\"2255\">N\u0259tic\u0259<\/h3>\n<p data-start=\"2256\" data-end=\"2517\">M\u00fcnt\u0259z\u0259m istifad\u0259 zaman\u0131 d\u0259ri daha t\u0259miz, t\u0259rav\u0259tli v\u0259 bax\u0131ml\u0131 g\u00f6r\u00fcn\u00fcr. Vitamin c face wash d\u0259rinin g\u00fcnd\u0259lik t\u0259mizliyini t\u0259min etm\u0259kl\u0259 yana\u015f\u0131, sol\u011fun g\u00f6r\u00fcn\u00fc\u015f\u00fcn azalmas\u0131na k\u00f6m\u0259k edir. Y\u00fcng\u00fcl formulu \u00fcz d\u0259risind\u0259 xo\u015f hiss yarad\u0131r v\u0259 bax\u0131m prosesini rahatla\u015fd\u0131r\u0131r.<\/p>\n<hr data-start=\"2519\" data-end=\"2522\" \/>\n<h2 data-start=\"2524\" data-end=\"2553\">Niy\u0259 bu m\u0259hsulu almal\u0131yam?<\/h2>\n<ul data-start=\"2554\" data-end=\"2810\">\n<li data-start=\"2554\" data-end=\"2599\">\n<p data-start=\"2556\" data-end=\"2599\">Vitamin C il\u0259 z\u0259nginl\u0259\u015fdirilmi\u015f face wash<\/p>\n<\/li>\n<li data-start=\"2600\" data-end=\"2642\">\n<p data-start=\"2602\" data-end=\"2642\">D\u0259rinin z\u0259rif v\u0259 effektiv t\u0259mizl\u0259nm\u0259si<\/p>\n<\/li>\n<li data-start=\"2643\" data-end=\"2686\">\n<p data-start=\"2645\" data-end=\"2686\">Canl\u0131 v\u0259 t\u0259rav\u0259tli g\u00f6r\u00fcn\u00fc\u015f\u00fc d\u0259st\u0259kl\u0259yir<\/p>\n<\/li>\n<li data-start=\"2687\" data-end=\"2720\">\n<p data-start=\"2689\" data-end=\"2720\">G\u00fcnd\u0259lik \u00fcz bax\u0131m\u0131 \u00fc\u00e7\u00fcn uy\u011fun<\/p>\n<\/li>\n<li data-start=\"2721\" data-end=\"2756\">\n<p data-start=\"2723\" data-end=\"2756\">S\u0259h\u0259r v\u0259 ax\u015fam istifad\u0259y\u0259 rahat<\/p>\n<\/li>\n<li data-start=\"2757\" data-end=\"2810\">\n<p data-start=\"2759\" data-end=\"2810\">Due brendinin keyfiyy\u0259t standartlar\u0131na uy\u011fun m\u0259hsul<\/p>\n<\/li>\n<\/ul>\n<hr data-start=\"2812\" data-end=\"2815\" \/>\n<h2 data-start=\"2817\" data-end=\"2836\">\u0130stifad\u0259 Qaydas\u0131<\/h2>\n<p data-start=\"2837\" data-end=\"2992\">Az miqdarda vitamin c face wash-i n\u0259m \u00fcz d\u0259risin\u0259 t\u0259tbiq edin. Dair\u0259vi h\u0259r\u0259k\u0259tl\u0259rl\u0259 masaj edin v\u0259 il\u0131q su il\u0259 yaxalay\u0131n. G\u00fcnd\u0259 2 d\u0259f\u0259 istifad\u0259 oluna bil\u0259r.<\/p>\n<hr data-start=\"2994\" data-end=\"2997\" \/>\n<h2 data-start=\"2999\" data-end=\"3006\">Qeyd<\/h2>\n<p data-start=\"3007\" data-end=\"3155\">Yaln\u0131z xarici istifad\u0259 \u00fc\u00e7\u00fcnd\u00fcr. G\u00f6zl\u0259 t\u0259masdan qa\u00e7\u0131n\u0131n. H\u0259ssas d\u0259riy\u0259 sahibsinizs\u0259, ilk istifad\u0259d\u0259n \u0259vv\u0259l ki\u00e7ik sah\u0259d\u0259 test edilm\u0259si t\u00f6vsiy\u0259 olunur.<\/p>","protected":false},"excerpt":{"rendered":"<p>Due Vitamin C Face Wash d\u0259rini g\u00fcnd\u0259lik \u00e7irkl\u0259rd\u0259n t\u0259mizl\u0259m\u0259k v\u0259 daha canl\u0131 g\u00f6r\u00fcn\u00fc\u015f \u0259ld\u0259 etm\u0259k \u00fc\u00e7\u00fcn haz\u0131rlanm\u0131\u015f \u00fcz t\u0259mizl\u0259yicisidir. G\u00fcnd\u0259lik istifad\u0259 \u00fc\u00e7\u00fcn uy\u011fundur.<\/p>","protected":false},"featured_media":9970,"comment_status":"open","ping_status":"closed","template":"","meta":[],"pwb-brand":[169],"product_cat":[149,127,147],"product_tag":[294,323,293,423,324,418],"class_list":{"0":"post-9969","1":"product","2":"type-product","3":"status-publish","4":"has-post-thumbnail","6":"pwb-brand-due","7":"product_cat-makeup-remover","8":"product_cat-face-care","9":"product_cat-face-wash","10":"product_tag-face","11":"product_tag-face-wash","12":"product_tag-facecare","13":"product_tag-skincareroutine","14":"product_tag-uz-yuma-gell","15":"product_tag-uzbaximi","16":"pa_size-60ml","19":"instock","20":"sale","21":"shipping-taxable","22":"purchasable","23":"product-type-simple"},"brands":[{"id":169,"name":"Due","slug":"due"}],"_links":{"self":[{"href":"https:\/\/axtarstore.com\/ru\/wp-json\/wp\/v2\/product\/9969"}],"collection":[{"href":"https:\/\/axtarstore.com\/ru\/wp-json\/wp\/v2\/product"}],"about":[{"href":"https:\/\/axtarstore.com\/ru\/wp-json\/wp\/v2\/types\/product"}],"replies":[{"embeddable":true,"href":"https:\/\/axtarstore.com\/ru\/wp-json\/wp\/v2\/comments?post=9969"}],"version-history":[{"count":3,"href":"https:\/\/axtarstore.com\/ru\/wp-json\/wp\/v2\/product\/9969\/revisions"}],"predecessor-version":[{"id":11068,"href":"https:\/\/axtarstore.com\/ru\/wp-json\/wp\/v2\/product\/9969\/revisions\/11068"}],"wp:featuredmedia":[{"embeddable":true,"href":"https:\/\/axtarstore.com\/ru\/wp-json\/wp\/v2\/media\/9970"}],"wp:attachment":[{"href":"https:\/\/axtarstore.com\/ru\/wp-json\/wp\/v2\/media?parent=9969"}],"wp:term":[{"taxonomy":"pwb-brand","embeddable":true,"href":"https:\/\/axtarstore.com\/ru\/wp-json\/wp\/v2\/pwb-brand?post=9969"},{"taxonomy":"product_cat","embeddable":true,"href":"https:\/\/axtarstore.com\/ru\/wp-json\/wp\/v2\/product_cat?post=9969"},{"taxonomy":"product_tag","embeddable":true,"href":"https:\/\/axtarstore.com\/ru\/wp-json\/wp\/v2\/product_tag?post=9969"}],"curies":[{"name":"wp","href":"https:\/\/api.w.org\/{rel}","templated":true}]}}