{"id":9957,"date":"2025-04-27T23:47:37","date_gmt":"2025-04-27T19:47:37","guid":{"rendered":"https:\/\/axtarstore.com\/?post_type=product&#038;p=9957"},"modified":"2026-02-09T22:47:09","modified_gmt":"2026-02-09T18:47:09","slug":"ilham-mint-natural-oil-tebii-yag","status":"publish","type":"product","link":"https:\/\/axtarstore.com\/ru\/product\/ilham-mint-natural-oil-tebii-yag\/","title":{"rendered":"Ilham Mint Natural Oil \u2013 T\u0259bii T\u0259z\u0259lik v\u0259 Rahatlama"},"content":{"rendered":"<p data-start=\"979\" data-end=\"1295\">G\u00fcnd\u0259lik h\u0259yat\u0131n tempi, stress v\u0259 \u0259traf m\u00fchit faktorlar\u0131 b\u0259d\u0259nd\u0259 yor\u011funluq v\u0259 g\u0259rginlik hissinin yaranmas\u0131na s\u0259b\u0259b ola bil\u0259r. D\u0259ri d\u0259 bu prosesd\u0259n t\u0259sirl\u0259n\u0259r\u0259k canl\u0131l\u0131\u011f\u0131n\u0131 itir\u0259, bax\u0131ms\u0131z v\u0259 yor\u011fun g\u00f6r\u00fcn\u0259 bil\u0259r. X\u00fcsusil\u0259 isti hava \u015f\u0259raiti v\u0259 uzunm\u00fcdd\u0259tli fiziki aktivlik d\u0259rid\u0259 a\u011f\u0131rl\u0131q v\u0259 narahatl\u0131q hissini art\u0131r\u0131r.<\/p>\n<p data-start=\"1297\" data-end=\"1521\">Bir \u00e7ox bax\u0131m m\u0259hsullar\u0131 q\u0131sa m\u00fcdd\u0259tli rahatl\u0131q vers\u0259 d\u0259, t\u0259rav\u0259t v\u0259 y\u00fcng\u00fcll\u00fck hissini uzunm\u00fcdd\u0259tli qorumaqda \u00e7\u0259tinlik \u00e7\u0259kir. Bu m\u0259rh\u0259l\u0259d\u0259 t\u0259bii v\u0259 s\u0259rinl\u0259\u015fdirici x\u00fcsusiyy\u0259t\u0259 malik ya\u011flar daha m\u0259qs\u0259dy\u00f6nl\u00fc se\u00e7im hesab olunur.<\/p>\n<h3 data-start=\"1523\" data-end=\"1531\">H\u0259ll<\/h3>\n<p data-start=\"1532\" data-end=\"1846\"><strong data-start=\"1532\" data-end=\"1558\">\u0130lham Mint Natural Oil<\/strong> nan\u0259 bitkisind\u0259n \u0259ld\u0259 edil\u0259n t\u0259bii ya\u011f olaraq d\u0259ri v\u0259 b\u0259d\u0259n bax\u0131m\u0131nda t\u0259rav\u0259tl\u0259ndirici qulluq t\u0259qdim edir. Mint natural oil y\u00fcng\u00fcl teksturas\u0131 il\u0259 d\u0259rid\u0259 asanl\u0131qla yay\u0131l\u0131r v\u0259 istifad\u0259 zaman\u0131 s\u0259rinlik hissi yarad\u0131r. Bu x\u00fcsusiyy\u0259t b\u0259d\u0259nin rahatlamas\u0131na v\u0259 g\u0259rginliyin azalmas\u0131na k\u00f6m\u0259k edir.<\/p>\n<p data-start=\"1848\" data-end=\"2105\">Nan\u0259 ya\u011f\u0131 uzun ill\u0259rdir t\u0259rav\u0259tl\u0259ndirici v\u0259 rahatlad\u0131c\u0131 x\u00fcsusiyy\u0259tl\u0259ri il\u0259 tan\u0131n\u0131r. D\u0259riy\u0259 t\u0259tbiq edildikd\u0259 y\u00fcng\u00fcl s\u0259rinlik hissi yarad\u0131r v\u0259 d\u0259rinin daha canl\u0131 g\u00f6r\u00fcnm\u0259sini d\u0259st\u0259kl\u0259yir. Masaj zaman\u0131 istifad\u0259 edildikd\u0259 is\u0259 b\u0259d\u0259nin rahatlamas\u0131na yard\u0131m\u00e7\u0131 olur.<\/p>\n<p data-start=\"2107\" data-end=\"2306\">\u0130lham Mint Natural Oil h\u0259m t\u0259kba\u015f\u0131na, h\u0259m d\u0259 dig\u0259r t\u0259bii ya\u011flarla qar\u0131\u015fd\u0131r\u0131laraq istifad\u0259 oluna bil\u0259r. Sad\u0259 t\u0259rkibi v\u0259 \u00e7oxfunksiyal\u0131 istifad\u0259si onu g\u00fcnd\u0259lik bax\u0131m rutininin praktik hiss\u0259sin\u0259 \u00e7evirir.<\/p>\n<h3 data-start=\"2308\" data-end=\"2318\">N\u0259tic\u0259<\/h3>\n<p data-start=\"2319\" data-end=\"2576\">M\u00fcnt\u0259z\u0259m istifad\u0259 zaman\u0131 d\u0259ri daha t\u0259rav\u0259tli v\u0259 bax\u0131ml\u0131 hiss olunur. Mint natural oil b\u0259d\u0259n bax\u0131m\u0131n\u0131 rahat v\u0259 y\u00fcng\u00fcl hala g\u0259tir\u0259r\u0259k g\u00fcnd\u0259lik qulluq ehtiyaclar\u0131n\u0131 qar\u015f\u0131lay\u0131r. S\u0259rinl\u0259\u015fdirici t\u0259siri say\u0259sind\u0259 x\u00fcsusil\u0259 isti m\u00f6vs\u00fcml\u0259rd\u0259 ideal se\u00e7im hesab olunur.<\/p>\n<hr data-start=\"2578\" data-end=\"2581\" \/>\n<h2 data-start=\"2583\" data-end=\"2612\">Niy\u0259 bu m\u0259hsulu almal\u0131yam?<\/h2>\n<ul data-start=\"2613\" data-end=\"2871\">\n<li data-start=\"2613\" data-end=\"2662\">\n<p data-start=\"2615\" data-end=\"2662\">Nan\u0259 bitkisind\u0259n \u0259ld\u0259 edil\u0259n mint natural oil<\/p>\n<\/li>\n<li data-start=\"2663\" data-end=\"2709\">\n<p data-start=\"2665\" data-end=\"2709\">D\u0259ri v\u0259 b\u0259d\u0259n \u00fc\u00e7\u00fcn t\u0259rav\u0259tl\u0259ndirici qulluq<\/p>\n<\/li>\n<li data-start=\"2710\" data-end=\"2749\">\n<p data-start=\"2712\" data-end=\"2749\">S\u0259rinl\u0259\u015fdirici v\u0259 rahatlad\u0131c\u0131 t\u0259sir<\/p>\n<\/li>\n<li data-start=\"2750\" data-end=\"2782\">\n<p data-start=\"2752\" data-end=\"2782\">Y\u00fcng\u00fcl v\u0259 tez hopan tekstura<\/p>\n<\/li>\n<li data-start=\"2783\" data-end=\"2815\">\n<p data-start=\"2785\" data-end=\"2815\">G\u00fcnd\u0259lik istifad\u0259 \u00fc\u00e7\u00fcn uy\u011fun<\/p>\n<\/li>\n<li data-start=\"2816\" data-end=\"2871\">\n<p data-start=\"2818\" data-end=\"2871\">\u0130lham brendinin keyfiyy\u0259t standartlar\u0131na uy\u011fun m\u0259hsul<\/p>\n<\/li>\n<\/ul>\n<hr data-start=\"2873\" data-end=\"2876\" \/>\n<h2 data-start=\"2878\" data-end=\"2897\">\u0130stifad\u0259 Qaydas\u0131<\/h2>\n<p data-start=\"2898\" data-end=\"3079\">D\u0259ri v\u0259 b\u0259d\u0259n bax\u0131m\u0131 \u00fc\u00e7\u00fcn az miqdarda mint natural oil t\u0259tbiq edin v\u0259 yum\u015faq masaj h\u0259r\u0259k\u0259tl\u0259ri il\u0259 d\u0259rinin hopmas\u0131na k\u00f6m\u0259k edin. G\u00fcnd\u0259lik v\u0259 ya ehtiyac olduqda istifad\u0259 edil\u0259 bil\u0259r.<\/p>\n<hr data-start=\"3081\" data-end=\"3084\" \/>\n<h2 data-start=\"3086\" data-end=\"3093\">Qeyd<\/h2>\n<p data-start=\"3094\" data-end=\"3242\">Yaln\u0131z xarici istifad\u0259 \u00fc\u00e7\u00fcnd\u00fcr. G\u00f6zl\u0259 t\u0259masdan qa\u00e7\u0131n\u0131n. H\u0259ssas d\u0259riy\u0259 sahibsinizs\u0259, ilk istifad\u0259d\u0259n \u0259vv\u0259l ki\u00e7ik sah\u0259d\u0259 test edilm\u0259si t\u00f6vsiy\u0259 olunur.<\/p>","protected":false},"excerpt":{"rendered":"<p>\u0130lham Mint Natural Oil nan\u0259 bitkisind\u0259n \u0259ld\u0259 edil\u0259n t\u0259bii ya\u011fd\u0131r. D\u0259ri v\u0259 b\u0259d\u0259n bax\u0131m\u0131nda t\u0259rav\u0259tl\u0259ndirici v\u0259 rahatlad\u0131c\u0131 t\u0259siri il\u0259 g\u00fcnd\u0259lik istifad\u0259 \u00fc\u00e7\u00fcn uy\u011fundur.<\/p>","protected":false},"featured_media":9958,"comment_status":"open","ping_status":"closed","template":"","meta":[],"pwb-brand":[181],"product_cat":[126,135,427,127],"product_tag":[437,431],"class_list":{"0":"post-9957","1":"product","2":"type-product","3":"status-publish","4":"has-post-thumbnail","6":"pwb-brand-ilham","7":"product_cat-haircare","8":"product_cat-oil","9":"product_cat-tbii-yaglar","10":"product_cat-face-care","11":"product_tag-natural-oils","12":"product_tag-tbii-yaglar","13":"pa_size-30ml","16":"instock","17":"sale","18":"shipping-taxable","19":"purchasable","20":"product-type-simple"},"brands":[{"id":181,"name":"\u0130lham","slug":"ilham"}],"_links":{"self":[{"href":"https:\/\/axtarstore.com\/ru\/wp-json\/wp\/v2\/product\/9957"}],"collection":[{"href":"https:\/\/axtarstore.com\/ru\/wp-json\/wp\/v2\/product"}],"about":[{"href":"https:\/\/axtarstore.com\/ru\/wp-json\/wp\/v2\/types\/product"}],"replies":[{"embeddable":true,"href":"https:\/\/axtarstore.com\/ru\/wp-json\/wp\/v2\/comments?post=9957"}],"version-history":[{"count":3,"href":"https:\/\/axtarstore.com\/ru\/wp-json\/wp\/v2\/product\/9957\/revisions"}],"predecessor-version":[{"id":11070,"href":"https:\/\/axtarstore.com\/ru\/wp-json\/wp\/v2\/product\/9957\/revisions\/11070"}],"wp:featuredmedia":[{"embeddable":true,"href":"https:\/\/axtarstore.com\/ru\/wp-json\/wp\/v2\/media\/9958"}],"wp:attachment":[{"href":"https:\/\/axtarstore.com\/ru\/wp-json\/wp\/v2\/media?parent=9957"}],"wp:term":[{"taxonomy":"pwb-brand","embeddable":true,"href":"https:\/\/axtarstore.com\/ru\/wp-json\/wp\/v2\/pwb-brand?post=9957"},{"taxonomy":"product_cat","embeddable":true,"href":"https:\/\/axtarstore.com\/ru\/wp-json\/wp\/v2\/product_cat?post=9957"},{"taxonomy":"product_tag","embeddable":true,"href":"https:\/\/axtarstore.com\/ru\/wp-json\/wp\/v2\/product_tag?post=9957"}],"curies":[{"name":"wp","href":"https:\/\/api.w.org\/{rel}","templated":true}]}}