{"id":9954,"date":"2025-04-27T23:29:38","date_gmt":"2025-04-27T19:29:38","guid":{"rendered":"https:\/\/axtarstore.com\/?post_type=product&#038;p=9954"},"modified":"2026-02-09T22:52:27","modified_gmt":"2026-02-09T18:52:27","slug":"mark-30-spf-60-gunes-kremi-sun-bright","status":"publish","type":"product","link":"https:\/\/axtarstore.com\/ru\/product\/mark-30-spf-60-gunes-kremi-sun-bright\/","title":{"rendered":"Mark 30 Sun &#038; Bright SPF 60 \u2013 Y\u00fcks\u0259k Qoruma v\u0259 Parlaq D\u0259ri"},"content":{"rendered":"<p data-start=\"965\" data-end=\"1282\">G\u00fcn\u0259\u015f \u015f\u00fcalar\u0131 d\u0259rinin vaxt\u0131ndan \u0259vv\u0259l qocalmas\u0131na, sol\u011fun g\u00f6r\u00fcn\u00fc\u015f\u0259 v\u0259 qurulu\u011fa s\u0259b\u0259b ola bil\u0259r. X\u00fcsusil\u0259 uzun m\u00fcdd\u0259t a\u00e7\u0131q havada qalmaq, yay aylar\u0131nda intensiv g\u00fcn\u0259\u015f\u0259 m\u0259ruz qalmaq d\u0259rinin qoruyucu baryerini z\u0259ifl\u0259d\u0259 bil\u0259r. G\u00fcn\u0259\u015fd\u0259n qoruyucu vasit\u0259 istifad\u0259 edilm\u0259dikd\u0259 d\u0259ri daha h\u0259ssas hala g\u0259lir v\u0259 bax\u0131ms\u0131z g\u00f6r\u00fcn\u00fcr.<\/p>\n<p data-start=\"1284\" data-end=\"1514\">Bir \u00e7ox istifad\u0259\u00e7i g\u00fcn\u0259\u015f kremi se\u00e7\u0259rk\u0259n ya kifay\u0259t q\u0259d\u0259r qoruma s\u0259viyy\u0259si olmayan m\u0259hsullara \u00fcst\u00fcnl\u00fck verir, ya da a\u011f\u0131r tekstural\u0131 kreml\u0259r s\u0259b\u0259bind\u0259n m\u00fcnt\u0259z\u0259m istifad\u0259d\u0259n imtina edir. Bu is\u0259 g\u00fcn\u0259\u015fd\u0259n qorunman\u0131 qeyri-effektiv edir.<\/p>\n<h3 data-start=\"1516\" data-end=\"1524\">H\u0259ll<\/h3>\n<p data-start=\"1525\" data-end=\"1793\"><strong data-start=\"1525\" data-end=\"1570\">Mark 30 SPF 60 G\u00fcn\u0259\u015f Kremi (Sun &amp; Bright)<\/strong> y\u00fcks\u0259k qoruma s\u0259viyy\u0259si il\u0259 haz\u0131rlanm\u0131\u015f dermokosmetik m\u0259hsuldur. SPF 60 faktoru d\u0259rini g\u00fcn\u0259\u015fin z\u0259r\u0259rli <strong data-start=\"1674\" data-end=\"1709\">UVA v\u0259 UVB \u015f\u00fcalar\u0131ndan qoruma\u011fa<\/strong> y\u00f6n\u0259lib. M\u0259hsul g\u00fcnd\u0259lik istifad\u0259 \u00fc\u00e7\u00fcn n\u0259z\u0259rd\u0259 tutulmu\u015fdur v\u0259 d\u0259rid\u0259 rahat yay\u0131l\u0131r.<\/p>\n<p data-start=\"1795\" data-end=\"2015\">Krem formas\u0131 d\u0259rinin s\u0259thind\u0259 b\u0259rab\u0259r \u015f\u0259kild\u0259 paylan\u0131r v\u0259 istifad\u0259d\u0259n sonra a\u011f\u0131r, yap\u0131\u015fqan hiss yaratm\u0131r. Mark 30 SPF 60 g\u00fcn\u0259\u015f kremi h\u0259m g\u00fcnd\u0259lik \u015f\u0259h\u0259r h\u0259yat\u0131nda, h\u0259m d\u0259 a\u00e7\u0131q hava \u015f\u0259raitind\u0259 istifad\u0259 \u00fc\u00e7\u00fcn uy\u011fun se\u00e7imdir.<\/p>\n<p data-start=\"2017\" data-end=\"2178\">Sun &amp; Bright seriyas\u0131 d\u0259rinin daha bax\u0131ml\u0131 v\u0259 parlaq g\u00f6r\u00fcn\u00fc\u015f\u00fcn\u00fc d\u0259st\u0259kl\u0259m\u0259k m\u0259qs\u0259di da\u015f\u0131y\u0131r. M\u00fcnt\u0259z\u0259m istifad\u0259 zaman\u0131 d\u0259ri daha qorunmu\u015f v\u0259 balansl\u0131 hiss olunur.<\/p>\n<h3 data-start=\"2180\" data-end=\"2190\">N\u0259tic\u0259<\/h3>\n<p data-start=\"2191\" data-end=\"2478\">Mark 30 SPF 60 g\u00fcn\u0259\u015f kremi il\u0259 d\u0259ri g\u00fcn\u0259\u015fin m\u0259nfi t\u0259sirl\u0259rin\u0259 qar\u015f\u0131 daha g\u00fccl\u00fc m\u00fcdafi\u0259 \u0259ld\u0259 edir. M\u0259hsul d\u0259rinin qorunmas\u0131na k\u00f6m\u0259k etm\u0259kl\u0259 yana\u015f\u0131, g\u00fcnd\u0259lik bax\u0131m rutinind\u0259 rahatl\u0131q yarad\u0131r. Y\u00fcks\u0259k SPF s\u0259viyy\u0259si say\u0259sind\u0259 uzunm\u00fcdd\u0259tli a\u00e7\u0131q hava istifad\u0259si \u00fc\u00e7\u00fcn etibarl\u0131 se\u00e7im t\u0259qdim edir.<\/p>\n<hr data-start=\"2480\" data-end=\"2483\" \/>\n<h2 data-start=\"2485\" data-end=\"2514\">Niy\u0259 bu m\u0259hsulu almal\u0131yam?<\/h2>\n<ul data-start=\"2515\" data-end=\"2762\">\n<li data-start=\"2515\" data-end=\"2547\">\n<p data-start=\"2517\" data-end=\"2547\">SPF 60 y\u00fcks\u0259k g\u00fcn\u0259\u015f qorumas\u0131<\/p>\n<\/li>\n<li data-start=\"2548\" data-end=\"2586\">\n<p data-start=\"2550\" data-end=\"2586\">UVA v\u0259 UVB \u015f\u00fcalar\u0131na qar\u015f\u0131 m\u00fcdafi\u0259<\/p>\n<\/li>\n<li data-start=\"2587\" data-end=\"2628\">\n<p data-start=\"2589\" data-end=\"2628\">G\u00fcnd\u0259lik istifad\u0259 \u00fc\u00e7\u00fcn uy\u011fun tekstura<\/p>\n<\/li>\n<li data-start=\"2629\" data-end=\"2673\">\n<p data-start=\"2631\" data-end=\"2673\">D\u0259rid\u0259 a\u011f\u0131r hiss yaratmayan krem formas\u0131<\/p>\n<\/li>\n<li data-start=\"2674\" data-end=\"2714\">\n<p data-start=\"2676\" data-end=\"2714\">A\u00e7\u0131q hava v\u0259 \u015f\u0259h\u0259r h\u0259yat\u0131 \u00fc\u00e7\u00fcn ideal<\/p>\n<\/li>\n<li data-start=\"2715\" data-end=\"2762\">\n<p data-start=\"2717\" data-end=\"2762\">Mark 30 keyfiyy\u0259t standartlar\u0131na uy\u011fun m\u0259hsul<\/p>\n<\/li>\n<\/ul>\n<hr data-start=\"2764\" data-end=\"2767\" \/>\n<h2 data-start=\"2769\" data-end=\"2788\">\u0130stifad\u0259 Qaydas\u0131<\/h2>\n<p data-start=\"2789\" data-end=\"2988\">G\u00fcn\u0259\u015f\u0259 \u00e7\u0131xmazdan 15\u201320 d\u0259qiq\u0259 \u0259vv\u0259l SPF 60 g\u00fcn\u0259\u015f kremini \u00fcz v\u0259 b\u0259d\u0259n\u0259 b\u0259rab\u0259r \u015f\u0259kild\u0259 t\u0259tbiq edin. Uzunm\u00fcdd\u0259tli g\u00fcn\u0259\u015f\u0259 m\u0259ruz qalma zaman\u0131 v\u0259 ya t\u0259rl\u0259m\u0259 sonras\u0131 yenid\u0259n t\u0259tbiq edilm\u0259si t\u00f6vsiy\u0259 olunur.<\/p>\n<hr data-start=\"2990\" data-end=\"2993\" \/>\n<h2 data-start=\"2995\" data-end=\"3002\">Qeyd<\/h2>\n<p data-start=\"3003\" data-end=\"3180\">Yaln\u0131z xarici istifad\u0259 \u00fc\u00e7\u00fcnd\u00fcr. G\u00f6zl\u0259 t\u0259masdan qa\u00e7\u0131n\u0131n. G\u00fcn\u0259\u015fd\u0259n qoruyucu vasit\u0259l\u0259r tam m\u00fcdafi\u0259 t\u0259min etmir, uzun m\u00fcdd\u0259t birba\u015fa g\u00fcn\u0259\u015f alt\u0131nda qalmaqdan \u00e7\u0259kinm\u0259k t\u00f6vsiy\u0259 olunur.<\/p>","protected":false},"excerpt":{"rendered":"<p>Mark 30 SPF 60 G\u00fcn\u0259\u015f Kremi d\u0259rini UVA v\u0259 UVB \u015f\u00fcalar\u0131ndan qoruma\u011fa k\u00f6m\u0259k ed\u0259n y\u00fcks\u0259k qoruyuculu g\u00fcn\u0259\u015f bax\u0131m m\u0259hsuludur. G\u00fcnd\u0259lik istifad\u0259 \u00fc\u00e7\u00fcn uy\u011fundur.<\/p>","protected":false},"featured_media":9955,"comment_status":"open","ping_status":"closed","template":"","meta":[],"pwb-brand":[434],"product_cat":[151,127],"product_tag":[294,293,423,365,364],"class_list":{"0":"post-9954","1":"product","2":"type-product","3":"status-publish","4":"has-post-thumbnail","6":"pwb-brand-mark-30","7":"product_cat-sun-block-cream","8":"product_cat-face-care","9":"product_tag-face","10":"product_tag-facecare","11":"product_tag-skincareroutine","12":"product_tag-spf","13":"product_tag-sun-block","14":"pa_size-100grm","17":"instock","18":"sale","19":"shipping-taxable","20":"purchasable","21":"product-type-simple"},"brands":[{"id":434,"name":"mark 30","slug":"mark-30"}],"_links":{"self":[{"href":"https:\/\/axtarstore.com\/ru\/wp-json\/wp\/v2\/product\/9954"}],"collection":[{"href":"https:\/\/axtarstore.com\/ru\/wp-json\/wp\/v2\/product"}],"about":[{"href":"https:\/\/axtarstore.com\/ru\/wp-json\/wp\/v2\/types\/product"}],"replies":[{"embeddable":true,"href":"https:\/\/axtarstore.com\/ru\/wp-json\/wp\/v2\/comments?post=9954"}],"version-history":[{"count":3,"href":"https:\/\/axtarstore.com\/ru\/wp-json\/wp\/v2\/product\/9954\/revisions"}],"predecessor-version":[{"id":11072,"href":"https:\/\/axtarstore.com\/ru\/wp-json\/wp\/v2\/product\/9954\/revisions\/11072"}],"wp:featuredmedia":[{"embeddable":true,"href":"https:\/\/axtarstore.com\/ru\/wp-json\/wp\/v2\/media\/9955"}],"wp:attachment":[{"href":"https:\/\/axtarstore.com\/ru\/wp-json\/wp\/v2\/media?parent=9954"}],"wp:term":[{"taxonomy":"pwb-brand","embeddable":true,"href":"https:\/\/axtarstore.com\/ru\/wp-json\/wp\/v2\/pwb-brand?post=9954"},{"taxonomy":"product_cat","embeddable":true,"href":"https:\/\/axtarstore.com\/ru\/wp-json\/wp\/v2\/product_cat?post=9954"},{"taxonomy":"product_tag","embeddable":true,"href":"https:\/\/axtarstore.com\/ru\/wp-json\/wp\/v2\/product_tag?post=9954"}],"curies":[{"name":"wp","href":"https:\/\/api.w.org\/{rel}","templated":true}]}}