{"id":9951,"date":"2025-04-27T23:26:24","date_gmt":"2025-04-27T19:26:24","guid":{"rendered":"https:\/\/axtarstore.com\/?post_type=product&#038;p=9951"},"modified":"2026-02-09T22:57:32","modified_gmt":"2026-02-09T18:57:32","slug":"mark-30-sun-block-spf-60-gunes-kremi","status":"publish","type":"product","link":"https:\/\/axtarstore.com\/ru\/product\/mark-30-sun-block-spf-60-gunes-kremi\/","title":{"rendered":"Mark 30 Sun Block 60+ \u2013 G\u00fcne\u015fin Z\u0259r\u0259rli \u015e\u00fcalar\u0131ndan Qorunma"},"content":{"rendered":"<p data-start=\"995\" data-end=\"1319\">G\u00fcn\u0259\u015fin z\u0259r\u0259rli UVA v\u0259 UVB \u015f\u00fcalar\u0131 d\u0259rinin vaxt\u0131ndan \u0259vv\u0259l qocalmas\u0131na, qurulu\u011fa v\u0259 r\u0259ng b\u0259rab\u0259rsizliyin\u0259 s\u0259b\u0259b ola bil\u0259r. X\u00fcsusil\u0259 yay aylar\u0131nda v\u0259 a\u00e7\u0131q havada uzun m\u00fcdd\u0259t qal\u0131nd\u0131qda d\u0259ri g\u00fcn\u0259\u015f\u0259 daha \u00e7ox m\u0259ruz qal\u0131r. G\u00fcn\u0259\u015fd\u0259n qoruyucu vasit\u0259 istifad\u0259 edilm\u0259dikd\u0259 d\u0259rinin t\u0259bii qoruyucu baryeri z\u0259ifl\u0259yir v\u0259 h\u0259ssasl\u0131q art\u0131r.<\/p>\n<p data-start=\"1321\" data-end=\"1569\">Bir \u00e7ox istifad\u0259\u00e7i g\u00fcn\u0259\u015f kremi se\u00e7\u0259rk\u0259n ya kifay\u0259t q\u0259d\u0259r y\u00fcks\u0259k SPF s\u0259viyy\u0259si olmayan m\u0259hsullara \u00fcst\u00fcnl\u00fck verir, ya da a\u011f\u0131r v\u0259 yap\u0131\u015fqan tekstural\u0131 kreml\u0259r s\u0259b\u0259bind\u0259n m\u00fcnt\u0259z\u0259m istifad\u0259ni davam etdirmir. Bu is\u0259 g\u00fcn\u0259\u015fd\u0259n qorunman\u0131 qeyri-effektiv edir.<\/p>\n<h3 data-start=\"1571\" data-end=\"1579\">H\u0259ll<\/h3>\n<p data-start=\"1580\" data-end=\"1853\"><strong data-start=\"1580\" data-end=\"1609\">Mark 30 Sun Block SPF 60+<\/strong> y\u00fcks\u0259k SPF d\u0259r\u0259c\u0259si il\u0259 haz\u0131rlanm\u0131\u015f g\u00fcn\u0259\u015f qoruyucu kremdir. SPF 60+ faktoru d\u0259rinin g\u00fcn\u0259\u015fin z\u0259r\u0259rli \u015f\u00fcalar\u0131na qar\u015f\u0131 qorunmas\u0131na k\u00f6m\u0259k etm\u0259k m\u0259qs\u0259di da\u015f\u0131y\u0131r. M\u0259hsul geni\u015f spektrli qoruma yana\u015fmas\u0131 il\u0259 g\u00fcnd\u0259lik istifad\u0259 \u00fc\u00e7\u00fcn n\u0259z\u0259rd\u0259 tutulmu\u015fdur.<\/p>\n<p data-start=\"1855\" data-end=\"2120\">Krem formas\u0131 d\u0259rinin \u00fcz\u0259rind\u0259 asan yay\u0131l\u0131r v\u0259 istifad\u0259 zaman\u0131 a\u011f\u0131r, ya\u011fl\u0131 hiss yaratm\u0131r. Mark 30 sun block SPF 60 h\u0259m \u015f\u0259h\u0259r h\u0259yat\u0131nda, h\u0259m d\u0259 a\u00e7\u0131q hava \u015f\u0259raitind\u0259 istifad\u0259 \u00fc\u00e7\u00fcn uy\u011fun se\u00e7imdir. D\u0259ri \u00fcz\u0259rind\u0259 b\u0259rab\u0259r qat yaradaraq g\u00fcn\u0259\u015f bax\u0131m\u0131n\u0131 praktik hala g\u0259tirir.<\/p>\n<p data-start=\"2122\" data-end=\"2320\">M\u00fcnt\u0259z\u0259m istifad\u0259 zaman\u0131 g\u00fcn\u0259\u015f\u0259 m\u0259ruz qalman\u0131n d\u0259ri \u00fcz\u0259rind\u0259 yaratd\u0131\u011f\u0131 m\u0259nfi t\u0259sirl\u0259rin azalmas\u0131na k\u00f6m\u0259k edir. Sun block SPF 60 g\u00fcnd\u0259lik d\u0259ri bax\u0131m rutininin vacib hiss\u0259si kimi istifad\u0259 oluna bil\u0259r.<\/p>\n<h3 data-start=\"2322\" data-end=\"2332\">N\u0259tic\u0259<\/h3>\n<p data-start=\"2333\" data-end=\"2579\">Mark 30 Sun Block SPF 60+ il\u0259 d\u0259ri g\u00fcn\u0259\u015f \u015f\u00fcalar\u0131na qar\u015f\u0131 daha yax\u015f\u0131 qorunur v\u0259 bax\u0131ml\u0131 g\u00f6r\u00fcn\u00fc\u015f\u00fcn\u00fc saxlay\u0131r. Y\u00fcng\u00fcl teksturas\u0131 v\u0259 y\u00fcks\u0259k SPF d\u0259r\u0259c\u0259si say\u0259sind\u0259 m\u0259hsul g\u00fcnd\u0259lik v\u0259 intensiv g\u00fcn\u0259\u015f\u0259 m\u0259ruz qalma hallar\u0131 \u00fc\u00e7\u00fcn etibarl\u0131 se\u00e7im t\u0259qdim edir.<\/p>\n<hr data-start=\"2581\" data-end=\"2584\" \/>\n<h2 data-start=\"2586\" data-end=\"2615\">Niy\u0259 bu m\u0259hsulu almal\u0131yam?<\/h2>\n<ul data-start=\"2616\" data-end=\"2875\">\n<li data-start=\"2616\" data-end=\"2661\">\n<p data-start=\"2618\" data-end=\"2661\">Sun block SPF 60+ y\u00fcks\u0259k qoruma s\u0259viyy\u0259si<\/p>\n<\/li>\n<li data-start=\"2662\" data-end=\"2699\">\n<p data-start=\"2664\" data-end=\"2699\">UVA v\u0259 UVB \u015f\u00fcalar\u0131na qar\u015f\u0131 d\u0259st\u0259k<\/p>\n<\/li>\n<li data-start=\"2700\" data-end=\"2747\">\n<p data-start=\"2702\" data-end=\"2747\">G\u00fcnd\u0259lik v\u0259 a\u00e7\u0131q hava istifad\u0259si \u00fc\u00e7\u00fcn uy\u011fun<\/p>\n<\/li>\n<li data-start=\"2748\" data-end=\"2792\">\n<p data-start=\"2750\" data-end=\"2792\">D\u0259rid\u0259 a\u011f\u0131r hiss yaratmayan krem formas\u0131<\/p>\n<\/li>\n<li data-start=\"2793\" data-end=\"2827\">\n<p data-start=\"2795\" data-end=\"2827\">Asan t\u0259tbiq v\u0259 b\u0259rab\u0259r yay\u0131lma<\/p>\n<\/li>\n<li data-start=\"2828\" data-end=\"2875\">\n<p data-start=\"2830\" data-end=\"2875\">Mark 30 keyfiyy\u0259t standartlar\u0131na uy\u011fun m\u0259hsul<\/p>\n<\/li>\n<\/ul>\n<hr data-start=\"2877\" data-end=\"2880\" \/>\n<h2 data-start=\"2882\" data-end=\"2901\">\u0130stifad\u0259 Qaydas\u0131<\/h2>\n<p data-start=\"2902\" data-end=\"3102\">G\u00fcn\u0259\u015f\u0259 \u00e7\u0131xmazdan 15\u201320 d\u0259qiq\u0259 \u0259vv\u0259l sun block SPF 60 kremi \u00fcz v\u0259 b\u0259d\u0259n\u0259 b\u0259rab\u0259r \u015f\u0259kild\u0259 t\u0259tbiq edin. Uzunm\u00fcdd\u0259tli g\u00fcn\u0259\u015f\u0259 m\u0259ruz qalma, t\u0259rl\u0259m\u0259 v\u0259 ya \u00fczm\u0259 sonras\u0131 yenid\u0259n t\u0259tbiq edilm\u0259si t\u00f6vsiy\u0259 olunur.<\/p>\n<hr data-start=\"3104\" data-end=\"3107\" \/>\n<h2 data-start=\"3109\" data-end=\"3116\">Qeyd<\/h2>\n<p data-start=\"3117\" data-end=\"3286\">Yaln\u0131z xarici istifad\u0259 \u00fc\u00e7\u00fcnd\u00fcr. G\u00f6zl\u0259 t\u0259masdan qa\u00e7\u0131n\u0131n. G\u00fcn\u0259\u015fd\u0259n qoruyucu m\u0259hsullar tam m\u00fcdafi\u0259 t\u0259min etmir, g\u00fcn\u0259\u015f alt\u0131nda uzun m\u00fcdd\u0259t qalmaqdan \u00e7\u0259kinm\u0259k t\u00f6vsiy\u0259 olunur.<\/p>","protected":false},"excerpt":{"rendered":"<p data-start=\"769\" data-end=\"930\">Mark 30 Sun Block SPF 60+ g\u00fcn\u0259\u015f \u015f\u00fcalar\u0131n\u0131n d\u0259riy\u0259 t\u0259sirini azaltma\u011fa k\u00f6m\u0259k ed\u0259n y\u00fcks\u0259k qoruyuculu g\u00fcn\u0259\u015f kremidir. G\u00fcnd\u0259lik v\u0259 a\u00e7\u0131q hava istifad\u0259si \u00fc\u00e7\u00fcn uy\u011fundur.<\/p>","protected":false},"featured_media":9952,"comment_status":"open","ping_status":"closed","template":"","meta":[],"pwb-brand":[434],"product_cat":[151,127],"product_tag":[294,293,423,365,364],"class_list":{"0":"post-9951","1":"product","2":"type-product","3":"status-publish","4":"has-post-thumbnail","6":"pwb-brand-mark-30","7":"product_cat-sun-block-cream","8":"product_cat-face-care","9":"product_tag-face","10":"product_tag-facecare","11":"product_tag-skincareroutine","12":"product_tag-spf","13":"product_tag-sun-block","14":"pa_size-150ml","17":"instock","18":"sale","19":"shipping-taxable","20":"purchasable","21":"product-type-simple"},"brands":[{"id":434,"name":"mark 30","slug":"mark-30"}],"_links":{"self":[{"href":"https:\/\/axtarstore.com\/ru\/wp-json\/wp\/v2\/product\/9951"}],"collection":[{"href":"https:\/\/axtarstore.com\/ru\/wp-json\/wp\/v2\/product"}],"about":[{"href":"https:\/\/axtarstore.com\/ru\/wp-json\/wp\/v2\/types\/product"}],"replies":[{"embeddable":true,"href":"https:\/\/axtarstore.com\/ru\/wp-json\/wp\/v2\/comments?post=9951"}],"version-history":[{"count":3,"href":"https:\/\/axtarstore.com\/ru\/wp-json\/wp\/v2\/product\/9951\/revisions"}],"predecessor-version":[{"id":11074,"href":"https:\/\/axtarstore.com\/ru\/wp-json\/wp\/v2\/product\/9951\/revisions\/11074"}],"wp:featuredmedia":[{"embeddable":true,"href":"https:\/\/axtarstore.com\/ru\/wp-json\/wp\/v2\/media\/9952"}],"wp:attachment":[{"href":"https:\/\/axtarstore.com\/ru\/wp-json\/wp\/v2\/media?parent=9951"}],"wp:term":[{"taxonomy":"pwb-brand","embeddable":true,"href":"https:\/\/axtarstore.com\/ru\/wp-json\/wp\/v2\/pwb-brand?post=9951"},{"taxonomy":"product_cat","embeddable":true,"href":"https:\/\/axtarstore.com\/ru\/wp-json\/wp\/v2\/product_cat?post=9951"},{"taxonomy":"product_tag","embeddable":true,"href":"https:\/\/axtarstore.com\/ru\/wp-json\/wp\/v2\/product_tag?post=9951"}],"curies":[{"name":"wp","href":"https:\/\/api.w.org\/{rel}","templated":true}]}}