{"id":9943,"date":"2025-04-27T23:16:02","date_gmt":"2025-04-27T19:16:02","guid":{"rendered":"https:\/\/axtarstore.com\/?post_type=product&#038;p=9943"},"modified":"2026-02-09T23:08:00","modified_gmt":"2026-02-09T19:08:00","slug":"sac-clove-herbal-toothpaste-tebii-dis-baxim","status":"publish","type":"product","link":"https:\/\/axtarstore.com\/ru\/product\/sac-clove-herbal-toothpaste-tebii-dis-baxim\/","title":{"rendered":"SAC Clove Herbal Toothpaste \u2013 T\u0259bii v\u0259 Sa\u011flam Di\u015f Bax\u0131m\u0131"},"content":{"rendered":"<p data-start=\"971\" data-end=\"1346\">Di\u015fl\u0259rin \u00fcz\u0259rind\u0259 g\u00fcn \u0259rzind\u0259 toplanan qida qal\u0131qlar\u0131 v\u0259 bakteriyalar a\u011f\u0131z bo\u015flu\u011funda xo\u015fag\u0259lm\u0259z qoxuya v\u0259 bax\u0131ms\u0131z hiss\u0259 s\u0259b\u0259b ola bil\u0259r. Uy\u011fun olmayan di\u015f m\u0259cunlar\u0131 di\u015f minas\u0131n\u0131 h\u0259ddind\u0259n art\u0131q a\u015f\u0131nd\u0131ra, di\u015f \u0259tind\u0259 h\u0259ssasl\u0131q yarada v\u0259 a\u011f\u0131z bo\u015flu\u011funun t\u0259bii balans\u0131n\u0131 poza bil\u0259r. Bu s\u0259b\u0259bd\u0259n g\u00fcnd\u0259lik istifad\u0259 \u00fc\u00e7\u00fcn daha balansl\u0131 v\u0259 bitki t\u0259rkibli m\u0259hsullara ehtiyac yaran\u0131r.<\/p>\n<p data-start=\"1348\" data-end=\"1563\">Bir \u00e7ox istifad\u0259\u00e7i kimy\u0259vi t\u0259rkibli m\u0259hsullara alternativ olaraq daha t\u0259bii a\u011f\u0131z bax\u0131m\u0131 h\u0259ll\u0259ri axtar\u0131r. Bitki ekstraktlar\u0131 il\u0259 z\u0259nginl\u0259\u015fdirilmi\u015f di\u015f m\u0259cunlar\u0131 bu bax\u0131mdan daha rahat v\u0259 yum\u015faq t\u0259mizl\u0259m\u0259 t\u0259qdim edir.<\/p>\n<h3 data-start=\"1565\" data-end=\"1573\">H\u0259ll<\/h3>\n<p data-start=\"1574\" data-end=\"1909\"><strong data-start=\"1574\" data-end=\"1605\">SAC Clove Herbal Toothpaste<\/strong> bitki t\u0259rkibli formul \u0259sas\u0131nda haz\u0131rlanm\u0131\u015f di\u015f m\u0259cunudur. T\u0259rkibind\u0259 yer alan <strong data-start=\"1684\" data-end=\"1714\">q\u0259r\u0259nfil (clove) ekstrakt\u0131<\/strong> a\u011f\u0131z bo\u015flu\u011funda t\u0259rav\u0259t hissinin qorunmas\u0131na v\u0259 g\u00fcnd\u0259lik t\u0259mizliy\u0259 d\u0259st\u0259k verir. Clove herbal toothpaste di\u015fl\u0259rin s\u0259thini z\u0259rif \u015f\u0259kild\u0259 t\u0259mizl\u0259y\u0259r\u0259k a\u011f\u0131z bax\u0131m\u0131n\u0131 rahat v\u0259 balansl\u0131 hala g\u0259tirir.<\/p>\n<p data-start=\"1911\" data-end=\"2226\">Q\u0259r\u0259nfil uzun ill\u0259rdir a\u011f\u0131z bax\u0131m\u0131 m\u0259hsullar\u0131nda istifad\u0259 edil\u0259n bitki komponentl\u0259rind\u0259n biridir. SAC clove herbal toothpaste g\u00fcnd\u0259lik di\u015f f\u0131r\u00e7alama rutinin\u0259 uy\u011fun haz\u0131rlanm\u0131\u015fd\u0131r v\u0259 s\u0259h\u0259r\u2013ax\u015fam istifad\u0259y\u0259 uy\u011fundur. M\u0259hsul di\u015f minas\u0131n\u0131 z\u0259d\u0259l\u0259m\u0259d\u0259n t\u0259mizl\u0259m\u0259y\u0259 k\u00f6m\u0259k edir v\u0259 a\u011f\u0131z bo\u015flu\u011funda xo\u015f t\u0259rav\u0259t hissi yarad\u0131r.<\/p>\n<p data-start=\"2228\" data-end=\"2425\">Bitki \u0259sasl\u0131 formul say\u0259sind\u0259 di\u015f f\u0131r\u00e7alama prosesi daha yum\u015faq v\u0259 komfortlu olur. Clove herbal toothpaste h\u0259m b\u00f6y\u00fckl\u0259r, h\u0259m d\u0259 g\u00fcnd\u0259lik a\u011f\u0131z bax\u0131m\u0131na diqq\u0259t ed\u0259n istifad\u0259\u00e7il\u0259r \u00fc\u00e7\u00fcn uy\u011fun se\u00e7imdir.<\/p>\n<h3 data-start=\"2427\" data-end=\"2437\">N\u0259tic\u0259<\/h3>\n<p data-start=\"2438\" data-end=\"2637\">M\u00fcnt\u0259z\u0259m istifad\u0259 zaman\u0131 di\u015fl\u0259r daha t\u0259miz v\u0259 bax\u0131ml\u0131 hiss olunur. A\u011f\u0131z bo\u015flu\u011funda t\u0259rav\u0259t uzun m\u00fcdd\u0259t qorunur. SAC clove herbal toothpaste g\u00fcnd\u0259lik a\u011f\u0131z bax\u0131m\u0131n\u0131 sad\u0259, praktik v\u0259 t\u0259bii hala g\u0259tirir.<\/p>\n<hr data-start=\"2639\" data-end=\"2642\" \/>\n<h2 data-start=\"2644\" data-end=\"2673\">Niy\u0259 bu m\u0259hsulu almal\u0131yam?<\/h2>\n<ul data-start=\"2674\" data-end=\"2953\">\n<li data-start=\"2674\" data-end=\"2729\">\n<p data-start=\"2676\" data-end=\"2729\">Clove herbal toothpaste \u2013 bitki t\u0259rkibli di\u015f m\u0259cunu<\/p>\n<\/li>\n<li data-start=\"2730\" data-end=\"2781\">\n<p data-start=\"2732\" data-end=\"2781\">Q\u0259r\u0259nfil ekstrakt\u0131 il\u0259 z\u0259nginl\u0259\u015fdirilmi\u015f formul<\/p>\n<\/li>\n<li data-start=\"2782\" data-end=\"2827\">\n<p data-start=\"2784\" data-end=\"2827\">G\u00fcnd\u0259lik a\u011f\u0131z v\u0259 di\u015f t\u0259mizliyi \u00fc\u00e7\u00fcn uy\u011fun<\/p>\n<\/li>\n<li data-start=\"2828\" data-end=\"2867\">\n<p data-start=\"2830\" data-end=\"2867\">T\u0259rav\u0259tli n\u0259f\u0259s hissini d\u0259st\u0259kl\u0259yir<\/p>\n<\/li>\n<li data-start=\"2868\" data-end=\"2899\">\n<p data-start=\"2870\" data-end=\"2899\">Z\u0259rif v\u0259 balansl\u0131 t\u0259mizl\u0259m\u0259<\/p>\n<\/li>\n<li data-start=\"2900\" data-end=\"2953\">\n<p data-start=\"2902\" data-end=\"2953\">SAC brendinin keyfiyy\u0259t standartlar\u0131na uy\u011fun m\u0259hsul<\/p>\n<\/li>\n<\/ul>\n<hr data-start=\"2955\" data-end=\"2958\" \/>\n<h2 data-start=\"2960\" data-end=\"2979\">\u0130stifad\u0259 Qaydas\u0131<\/h2>\n<p data-start=\"2980\" data-end=\"3134\">Di\u015f f\u0131r\u00e7as\u0131na kifay\u0259t q\u0259d\u0259r clove herbal toothpaste \u00e7\u0259kin. Di\u015fl\u0259rinizi g\u00fcnd\u0259 2 d\u0259f\u0259, \u0259n az\u0131 2 d\u0259qiq\u0259 f\u0131r\u00e7alay\u0131n. Daha sonra a\u011fz\u0131n\u0131z\u0131 bol su il\u0259 yaxalay\u0131n.<\/p>\n<hr data-start=\"3136\" data-end=\"3139\" \/>\n<h2 data-start=\"3141\" data-end=\"3148\">Qeyd<\/h2>\n<p data-start=\"3149\" data-end=\"3340\">Yaln\u0131z xarici istifad\u0259 \u00fc\u00e7\u00fcnd\u00fcr. Udulmas\u0131 t\u00f6vsiy\u0259 edilmir. U\u015faqlar\u0131n istifad\u0259si b\u00f6y\u00fckl\u0259rin n\u0259zar\u0259ti alt\u0131nda olmal\u0131d\u0131r. H\u0259ssas di\u015f \u0259tiniz varsa, istifad\u0259ni dayand\u0131r\u0131b m\u00fct\u0259x\u0259ssis\u0259 m\u00fcraci\u0259t edin.<\/p>","protected":false},"excerpt":{"rendered":"<p>SAC Clove Herbal Toothpaste q\u0259r\u0259nfil ekstrakt\u0131 il\u0259 z\u0259nginl\u0259\u015fdirilmi\u015f bitki t\u0259rkibli di\u015f m\u0259cunudur. G\u00fcnd\u0259lik a\u011f\u0131z v\u0259 di\u015f bax\u0131m\u0131 \u00fc\u00e7\u00fcn uy\u011fundur.<\/p>","protected":false},"featured_media":9944,"comment_status":"open","ping_status":"closed","template":"","meta":[],"pwb-brand":[180],"product_cat":[382],"product_tag":[432],"class_list":{"0":"post-9943","1":"product","2":"type-product","3":"status-publish","4":"has-post-thumbnail","6":"pwb-brand-sac-s-amden","7":"product_cat-agiz-baximi","8":"product_tag-agiz-baximi","9":"pa_size-120grm","12":"instock","13":"sale","14":"shipping-taxable","15":"purchasable","16":"product-type-simple"},"brands":[{"id":180,"name":"Sac S-Amden","slug":"sac-s-amden"}],"_links":{"self":[{"href":"https:\/\/axtarstore.com\/ru\/wp-json\/wp\/v2\/product\/9943"}],"collection":[{"href":"https:\/\/axtarstore.com\/ru\/wp-json\/wp\/v2\/product"}],"about":[{"href":"https:\/\/axtarstore.com\/ru\/wp-json\/wp\/v2\/types\/product"}],"replies":[{"embeddable":true,"href":"https:\/\/axtarstore.com\/ru\/wp-json\/wp\/v2\/comments?post=9943"}],"version-history":[{"count":3,"href":"https:\/\/axtarstore.com\/ru\/wp-json\/wp\/v2\/product\/9943\/revisions"}],"predecessor-version":[{"id":11078,"href":"https:\/\/axtarstore.com\/ru\/wp-json\/wp\/v2\/product\/9943\/revisions\/11078"}],"wp:featuredmedia":[{"embeddable":true,"href":"https:\/\/axtarstore.com\/ru\/wp-json\/wp\/v2\/media\/9944"}],"wp:attachment":[{"href":"https:\/\/axtarstore.com\/ru\/wp-json\/wp\/v2\/media?parent=9943"}],"wp:term":[{"taxonomy":"pwb-brand","embeddable":true,"href":"https:\/\/axtarstore.com\/ru\/wp-json\/wp\/v2\/pwb-brand?post=9943"},{"taxonomy":"product_cat","embeddable":true,"href":"https:\/\/axtarstore.com\/ru\/wp-json\/wp\/v2\/product_cat?post=9943"},{"taxonomy":"product_tag","embeddable":true,"href":"https:\/\/axtarstore.com\/ru\/wp-json\/wp\/v2\/product_tag?post=9943"}],"curies":[{"name":"wp","href":"https:\/\/api.w.org\/{rel}","templated":true}]}}