{"id":9934,"date":"2025-04-27T23:04:20","date_gmt":"2025-04-27T19:04:20","guid":{"rendered":"https:\/\/axtarstore.com\/?post_type=product&#038;p=9934"},"modified":"2026-02-09T23:13:17","modified_gmt":"2026-02-09T19:13:17","slug":"aichun-beauty-caviar-collagen-eye-mask","status":"publish","type":"product","link":"https:\/\/axtarstore.com\/ru\/product\/aichun-beauty-caviar-collagen-eye-mask\/","title":{"rendered":"Aichun Beauty Caviar &#038; Collagen Eye Mask \u2013 G\u00f6zl\u0259rinizd\u0259 Parlaq v\u0259 Gen\u00e7 Bir G\u00f6r\u00fcn\u00fc\u015f"},"content":{"rendered":"<p data-start=\"1051\" data-end=\"1379\">G\u00f6z alt\u0131 d\u0259risi \u00fcz\u00fcn \u0259n nazik v\u0259 h\u0259ssas b\u00f6lg\u0259l\u0259rind\u0259n biridir. G\u00fcn \u0259rzind\u0259 stress, yuxusuzluq, ekran qar\u015f\u0131s\u0131nda uzun m\u00fcdd\u0259t qalmaq v\u0259 \u0259traf m\u00fchit faktorlar\u0131 bu nahiy\u0259d\u0259 yor\u011fun g\u00f6r\u00fcn\u00fc\u015f, quruluq v\u0259 elastiklik itkisin\u0259 s\u0259b\u0259b ola bil\u0259r. Adi \u00fcz kreml\u0259ri \u00e7ox zaman g\u00f6z alt\u0131 d\u0259risinin x\u00fcsusi ehtiyaclar\u0131n\u0131 tam \u015f\u0259kild\u0259 qar\u015f\u0131laya bilmir.<\/p>\n<p data-start=\"1381\" data-end=\"1621\">Zamanla g\u00f6z alt\u0131 nahiy\u0259si daha sol\u011fun v\u0259 bax\u0131ms\u0131z g\u00f6r\u00fcn\u0259 bil\u0259r. Bu is\u0259 \u00fcz ifad\u0259sin\u0259 yor\u011fun t\u0259sir ba\u011f\u0131\u015flay\u0131r v\u0259 \u00fcmumi bax\u0131ml\u0131 g\u00f6r\u00fcn\u00fc\u015f\u00fc z\u0259ifl\u0259dir. Bu s\u0259b\u0259bd\u0259n g\u00f6z alt\u0131 \u00fc\u00e7\u00fcn x\u00fcsusi haz\u0131rlanm\u0131\u015f bax\u0131m m\u0259hsullar\u0131n\u0131n istifad\u0259si vacib hesab olunur.<\/p>\n<h3 data-start=\"1623\" data-end=\"1631\">H\u0259ll<\/h3>\n<p data-start=\"1632\" data-end=\"1915\"><strong data-start=\"1632\" data-end=\"1676\">Aichun Beauty Caviar &amp; Collagen Eye Mask<\/strong> g\u00f6z alt\u0131 d\u0259risinin ehtiyaclar\u0131na uy\u011fun olaraq haz\u0131rlanm\u0131\u015f kosmetik bax\u0131m m\u0259hsuludur. Maskan\u0131n t\u0259rkibind\u0259 yer alan <strong data-start=\"1791\" data-end=\"1813\">kaviar v\u0259 kollagen<\/strong> komponentl\u0259ri d\u0259rinin n\u0259ml\u0259ndirilm\u0259sin\u0259 v\u0259 daha dol\u011fun hiss olunmas\u0131na d\u0259st\u0259k verm\u0259k m\u0259qs\u0259di da\u015f\u0131y\u0131r.<\/p>\n<p data-start=\"1917\" data-end=\"2150\">Caviar collagen eye mask gel \u0259sasl\u0131 strukturu say\u0259sind\u0259 d\u0259rid\u0259 rahat \u015f\u0259kild\u0259 yerl\u0259\u015fir v\u0259 istifad\u0259 zaman\u0131 xo\u015f s\u0259rinlik hissi yarad\u0131r. Maskan\u0131n x\u00fcsusi formas\u0131 g\u00f6z alt\u0131 nahiy\u0259sin\u0259 tam uy\u011funla\u015faraq bax\u0131m prosesini effektiv v\u0259 rahat edir.<\/p>\n<p data-start=\"2152\" data-end=\"2442\">M\u00fcnt\u0259z\u0259m istifad\u0259 zaman\u0131 g\u00f6z alt\u0131 d\u0259risi daha t\u0259rav\u0259tli v\u0259 bax\u0131ml\u0131 g\u00f6r\u00fcn\u00fcr. M\u0259hsul yor\u011funluq \u0259lam\u0259tl\u0259rinin azalmas\u0131na v\u0259 g\u00f6z \u0259traf\u0131nda daha canl\u0131 ifad\u0259nin yaranmas\u0131na k\u00f6m\u0259k edir. Aichun Beauty eye mask h\u0259m ev \u015f\u0259raitind\u0259, h\u0259m d\u0259 pe\u015f\u0259kar bax\u0131m rutininin bir hiss\u0259si kimi istifad\u0259 oluna bil\u0259r.<\/p>\n<h3 data-start=\"2444\" data-end=\"2454\">N\u0259tic\u0259<\/h3>\n<p data-start=\"2455\" data-end=\"2715\">Caviar collagen eye mask il\u0259 g\u00f6z alt\u0131 d\u0259risi daha n\u0259ml\u0259nmi\u015f, rahat v\u0259 bax\u0131ml\u0131 hiss olunur. M\u0259hsul \u00fcz ifad\u0259sini canland\u0131raraq \u00fcmumi g\u00f6r\u00fcn\u00fc\u015f\u00fcn daha t\u0259rav\u0259tli olmas\u0131na d\u0259st\u0259k verir. Y\u00fcng\u00fcl v\u0259 rahat istifad\u0259si say\u0259sind\u0259 g\u00f6z alt\u0131 bax\u0131m\u0131 sad\u0259 v\u0259 effektiv hala g\u0259lir.<\/p>\n<hr data-start=\"2717\" data-end=\"2720\" \/>\n<h2 data-start=\"2722\" data-end=\"2751\">Niy\u0259 bu m\u0259hsulu almal\u0131yam?<\/h2>\n<ul data-start=\"2752\" data-end=\"3035\">\n<li data-start=\"2752\" data-end=\"2809\">\n<p data-start=\"2754\" data-end=\"2809\">Caviar collagen eye mask \u2013 g\u00f6z alt\u0131 \u00fc\u00e7\u00fcn x\u00fcsusi bax\u0131m<\/p>\n<\/li>\n<li data-start=\"2810\" data-end=\"2847\">\n<p data-start=\"2812\" data-end=\"2847\">N\u0259ml\u0259ndirici v\u0259 rahatlad\u0131c\u0131 t\u0259sir<\/p>\n<\/li>\n<li data-start=\"2848\" data-end=\"2901\">\n<p data-start=\"2850\" data-end=\"2901\">G\u00f6z alt\u0131 d\u0259risinin bax\u0131ml\u0131 g\u00f6r\u00fcn\u00fc\u015f\u00fcn\u00fc d\u0259st\u0259kl\u0259yir<\/p>\n<\/li>\n<li data-start=\"2902\" data-end=\"2945\">\n<p data-start=\"2904\" data-end=\"2945\">Gel \u0259sasl\u0131, rahat istifad\u0259 olunan maska<\/p>\n<\/li>\n<li data-start=\"2946\" data-end=\"2981\">\n<p data-start=\"2948\" data-end=\"2981\">Ev v\u0259 g\u00fcnd\u0259lik bax\u0131m \u00fc\u00e7\u00fcn uy\u011fun<\/p>\n<\/li>\n<li data-start=\"2982\" data-end=\"3035\">\n<p data-start=\"2984\" data-end=\"3035\">Aichun Beauty keyfiyy\u0259t standartlar\u0131na uy\u011fun m\u0259hsul<\/p>\n<\/li>\n<\/ul>\n<hr data-start=\"3037\" data-end=\"3040\" \/>\n<h2 data-start=\"3042\" data-end=\"3061\">\u0130stifad\u0259 Qaydas\u0131<\/h2>\n<p data-start=\"3062\" data-end=\"3270\">T\u0259mizl\u0259nmi\u015f v\u0259 quru g\u00f6z alt\u0131 nahiy\u0259sin\u0259 maskan\u0131 yerl\u0259\u015fdirin. 15\u201320 d\u0259qiq\u0259 saxlad\u0131qdan sonra maskan\u0131 \u00e7\u0131xar\u0131n. Qalan serumu y\u00fcng\u00fcl masajla d\u0259rinin hopmas\u0131na k\u00f6m\u0259k edin. H\u0259ft\u0259d\u0259 2\u20133 d\u0259f\u0259 istifad\u0259 t\u00f6vsiy\u0259 olunur.<\/p>\n<hr data-start=\"3272\" data-end=\"3275\" \/>\n<h2 data-start=\"3277\" data-end=\"3284\">Qeyd<\/h2>\n<p data-start=\"3285\" data-end=\"3441\">Yaln\u0131z xarici istifad\u0259 \u00fc\u00e7\u00fcnd\u00fcr. G\u00f6zl\u0259 birba\u015fa t\u0259masdan qa\u00e7\u0131n\u0131n. H\u0259ssas d\u0259riy\u0259 sahibsinizs\u0259, ilk istifad\u0259d\u0259n \u0259vv\u0259l ki\u00e7ik sah\u0259d\u0259 test edilm\u0259si t\u00f6vsiy\u0259 olunur.<\/p>","protected":false},"excerpt":{"rendered":"<p>Aichun Beauty Caviar &amp; Collagen Eye Mask g\u00f6z alt\u0131 d\u0259risinin bax\u0131m\u0131 \u00fc\u00e7\u00fcn haz\u0131rlanm\u0131\u015f x\u00fcsusi maskad\u0131r. N\u0259ml\u0259ndirici v\u0259 rahatlad\u0131c\u0131 t\u0259siri il\u0259 g\u00fcnd\u0259lik v\u0259 h\u0259ft\u0259lik istifad\u0259 \u00fc\u00e7\u00fcn uy\u011fundur.<\/p>","protected":false},"featured_media":9935,"comment_status":"open","ping_status":"closed","template":"","meta":[],"pwb-brand":[],"product_cat":[153,127],"product_tag":[341,342,340],"class_list":{"0":"post-9934","1":"product","2":"type-product","3":"status-publish","4":"has-post-thumbnail","6":"product_cat-goz-baximi","7":"product_cat-face-care","8":"product_tag-eye-anti-puffiness","9":"product_tag-eye-care","10":"product_tag-eye-patches","13":"instock","14":"sale","15":"shipping-taxable","16":"purchasable","17":"product-type-simple"},"brands":[],"_links":{"self":[{"href":"https:\/\/axtarstore.com\/ru\/wp-json\/wp\/v2\/product\/9934"}],"collection":[{"href":"https:\/\/axtarstore.com\/ru\/wp-json\/wp\/v2\/product"}],"about":[{"href":"https:\/\/axtarstore.com\/ru\/wp-json\/wp\/v2\/types\/product"}],"replies":[{"embeddable":true,"href":"https:\/\/axtarstore.com\/ru\/wp-json\/wp\/v2\/comments?post=9934"}],"version-history":[{"count":3,"href":"https:\/\/axtarstore.com\/ru\/wp-json\/wp\/v2\/product\/9934\/revisions"}],"predecessor-version":[{"id":11082,"href":"https:\/\/axtarstore.com\/ru\/wp-json\/wp\/v2\/product\/9934\/revisions\/11082"}],"wp:featuredmedia":[{"embeddable":true,"href":"https:\/\/axtarstore.com\/ru\/wp-json\/wp\/v2\/media\/9935"}],"wp:attachment":[{"href":"https:\/\/axtarstore.com\/ru\/wp-json\/wp\/v2\/media?parent=9934"}],"wp:term":[{"taxonomy":"pwb-brand","embeddable":true,"href":"https:\/\/axtarstore.com\/ru\/wp-json\/wp\/v2\/pwb-brand?post=9934"},{"taxonomy":"product_cat","embeddable":true,"href":"https:\/\/axtarstore.com\/ru\/wp-json\/wp\/v2\/product_cat?post=9934"},{"taxonomy":"product_tag","embeddable":true,"href":"https:\/\/axtarstore.com\/ru\/wp-json\/wp\/v2\/product_tag?post=9934"}],"curies":[{"name":"wp","href":"https:\/\/api.w.org\/{rel}","templated":true}]}}