{"id":9916,"date":"2025-04-27T22:41:24","date_gmt":"2025-04-27T18:41:24","guid":{"rendered":"https:\/\/axtarstore.com\/?post_type=product&#038;p=9916"},"modified":"2026-02-09T23:20:39","modified_gmt":"2026-02-09T19:20:39","slug":"dexe-total-dis-macunu","status":"publish","type":"product","link":"https:\/\/axtarstore.com\/ru\/product\/dexe-total-dis-macunu\/","title":{"rendered":"Dexe Total Di\u015f M\u0259cunu \u2013 \u00dc\u00e7 N\u00f6v Effektivlik il\u0259 Tam A\u011f\u0131z Sa\u011flaml\u0131\u011f\u0131"},"content":{"rendered":"<h3 data-start=\"795\" data-end=\"833\">G\u00fcnd\u0259lik a\u011f\u0131z bax\u0131m\u0131n\u0131n \u0259h\u0259miyy\u0259ti<\/h3>\n<p data-start=\"834\" data-end=\"1020\">Di\u015f v\u0259 a\u011f\u0131z gigiyenas\u0131 \u00fcmumi \u015f\u0259xsi bax\u0131m\u0131n \u0259n vacib hiss\u0259l\u0259rind\u0259n biridir. G\u00fcnd\u0259lik istifad\u0259 \u00fc\u00e7\u00fcn uy\u011fun di\u015f macunu di\u015fl\u0259rin t\u0259miz g\u00f6r\u00fcnm\u0259sin\u0259 v\u0259 a\u011f\u0131zda xo\u015f hissin qorunmas\u0131na k\u00f6m\u0259k edir.<\/p>\n<p data-start=\"1022\" data-end=\"1116\"><strong data-start=\"1022\" data-end=\"1047\">Dexe Total di\u015f macunu<\/strong> g\u00fcnd\u0259lik a\u011f\u0131z bax\u0131m rutinin\u0259 rahatl\u0131qla daxil edil\u0259 bil\u0259n m\u0259hsuldur.<\/p>\n<h3 data-start=\"1118\" data-end=\"1150\">Dexe Total Di\u015f Macunu n\u0259dir?<\/h3>\n<p data-start=\"1151\" data-end=\"1356\">Dexe Total di\u015f macunu di\u015fl\u0259rin g\u00fcnd\u0259lik t\u0259mizl\u0259nm\u0259si \u00fc\u00e7\u00fcn n\u0259z\u0259rd\u0259 tutulmu\u015f a\u011f\u0131z bax\u0131m\u0131 m\u0259hsuludur. Y\u00fcng\u00fcl teksturas\u0131 v\u0259 xo\u015f dad\u0131 il\u0259 istifad\u0259 zaman\u0131 rahatl\u0131q yarad\u0131r. S\u0259h\u0259r v\u0259 ax\u015fam istifad\u0259 \u00fc\u00e7\u00fcn uy\u011fundur.<\/p>\n<p data-start=\"1358\" data-end=\"1459\">Daimi istifad\u0259 zaman\u0131 a\u011f\u0131zda t\u0259rav\u0259t hissinin qorunmas\u0131na v\u0259 di\u015fl\u0259rin bax\u0131ml\u0131 g\u00f6r\u00fcnm\u0259sin\u0259 k\u00f6m\u0259k edir.<\/p>\n<h3 data-start=\"1461\" data-end=\"1504\">\u0130stifad\u0259 zaman\u0131 hiss olunan \u00fcst\u00fcnl\u00fckl\u0259r<\/h3>\n<ul data-start=\"1505\" data-end=\"1617\">\n<li data-start=\"1505\" data-end=\"1530\">\n<p data-start=\"1507\" data-end=\"1530\">A\u011f\u0131zda t\u0259mizlik hissi<\/p>\n<\/li>\n<li data-start=\"1531\" data-end=\"1550\">\n<p data-start=\"1533\" data-end=\"1550\">T\u0259rav\u0259tli n\u0259f\u0259s<\/p>\n<\/li>\n<li data-start=\"1551\" data-end=\"1587\">\n<p data-start=\"1553\" data-end=\"1587\">G\u00fcnd\u0259lik istifad\u0259y\u0259 uy\u011fun formul<\/p>\n<\/li>\n<li data-start=\"1588\" data-end=\"1617\">\n<p data-start=\"1590\" data-end=\"1617\">Rahat v\u0259 praktik istifad\u0259<\/p>\n<\/li>\n<\/ul>\n<hr data-start=\"1619\" data-end=\"1622\" \/>\n<h2 data-start=\"1624\" data-end=\"1654\">Niy\u0259 Dexe Total Di\u015f Macunu?<\/h2>\n<ul data-start=\"1655\" data-end=\"1833\">\n<li data-start=\"1655\" data-end=\"1693\">\n<p data-start=\"1657\" data-end=\"1693\">G\u00fcnd\u0259lik a\u011f\u0131z bax\u0131m\u0131 \u00fc\u00e7\u00fcn uy\u011fundur<\/p>\n<\/li>\n<li data-start=\"1694\" data-end=\"1746\">\n<p data-start=\"1696\" data-end=\"1746\">Rahat istifad\u0259 edil\u0259n klassik di\u015f macunu formas\u0131<\/p>\n<\/li>\n<li data-start=\"1747\" data-end=\"1779\">\n<p data-start=\"1749\" data-end=\"1779\">A\u011f\u0131zda t\u0259rav\u0259t hissi yarad\u0131r<\/p>\n<\/li>\n<li data-start=\"1780\" data-end=\"1833\">\n<p data-start=\"1782\" data-end=\"1833\">Evd\u0259 b\u00fct\u00fcn ail\u0259 \u00fczvl\u0259ri \u00fc\u00e7\u00fcn istifad\u0259 oluna bil\u0259r<\/p>\n<\/li>\n<\/ul>\n<hr data-start=\"1835\" data-end=\"1838\" \/>\n<h2 data-start=\"1840\" data-end=\"1859\">\u0130stifad\u0259 Qaydas\u0131<\/h2>\n<p data-start=\"1860\" data-end=\"1986\">Di\u015fl\u0259rinizi g\u00fcnd\u0259 \u0259n az\u0131 2 d\u0259f\u0259 (s\u0259h\u0259r v\u0259 ax\u015fam) di\u015f macunu il\u0259 f\u0131r\u00e7alay\u0131n. F\u0131r\u00e7alama m\u00fcdd\u0259ti minimum 2 d\u0259qiq\u0259 t\u00f6vsiy\u0259 olunur.<\/p>\n<hr data-start=\"1988\" data-end=\"1991\" \/>\n<h2 data-start=\"1993\" data-end=\"2000\">Qeyd<\/h2>\n<p data-start=\"2001\" data-end=\"2077\">Yaln\u0131z xarici istifad\u0259 \u00fc\u00e7\u00fcnd\u00fcr. U\u015faqlar\u0131n n\u0259zar\u0259tsiz istifad\u0259sind\u0259n qa\u00e7\u0131n\u0131n.<\/p>","protected":false},"excerpt":{"rendered":"<p>Dexe Total Di\u015f Macunu g\u00fcnd\u0259lik a\u011f\u0131z v\u0259 di\u015f bax\u0131m\u0131 \u00fc\u00e7\u00fcn haz\u0131rlanm\u0131\u015f praktik v\u0259 istifad\u0259si rahat m\u0259hsuldur. A\u011f\u0131zda t\u0259mizlik v\u0259 t\u0259rav\u0259t hissi yarad\u0131r.<\/p>","protected":false},"featured_media":9917,"comment_status":"open","ping_status":"closed","template":"","meta":[],"pwb-brand":[171],"product_cat":[382],"product_tag":[432],"class_list":{"0":"post-9916","1":"product","2":"type-product","3":"status-publish","4":"has-post-thumbnail","6":"pwb-brand-dexe","7":"product_cat-agiz-baximi","8":"product_tag-agiz-baximi","9":"pa_size-100ml","12":"instock","13":"sale","14":"shipping-taxable","15":"purchasable","16":"product-type-simple"},"brands":[{"id":171,"name":"Dexe","slug":"dexe"}],"_links":{"self":[{"href":"https:\/\/axtarstore.com\/ru\/wp-json\/wp\/v2\/product\/9916"}],"collection":[{"href":"https:\/\/axtarstore.com\/ru\/wp-json\/wp\/v2\/product"}],"about":[{"href":"https:\/\/axtarstore.com\/ru\/wp-json\/wp\/v2\/types\/product"}],"replies":[{"embeddable":true,"href":"https:\/\/axtarstore.com\/ru\/wp-json\/wp\/v2\/comments?post=9916"}],"version-history":[{"count":3,"href":"https:\/\/axtarstore.com\/ru\/wp-json\/wp\/v2\/product\/9916\/revisions"}],"predecessor-version":[{"id":11089,"href":"https:\/\/axtarstore.com\/ru\/wp-json\/wp\/v2\/product\/9916\/revisions\/11089"}],"wp:featuredmedia":[{"embeddable":true,"href":"https:\/\/axtarstore.com\/ru\/wp-json\/wp\/v2\/media\/9917"}],"wp:attachment":[{"href":"https:\/\/axtarstore.com\/ru\/wp-json\/wp\/v2\/media?parent=9916"}],"wp:term":[{"taxonomy":"pwb-brand","embeddable":true,"href":"https:\/\/axtarstore.com\/ru\/wp-json\/wp\/v2\/pwb-brand?post=9916"},{"taxonomy":"product_cat","embeddable":true,"href":"https:\/\/axtarstore.com\/ru\/wp-json\/wp\/v2\/product_cat?post=9916"},{"taxonomy":"product_tag","embeddable":true,"href":"https:\/\/axtarstore.com\/ru\/wp-json\/wp\/v2\/product_tag?post=9916"}],"curies":[{"name":"wp","href":"https:\/\/api.w.org\/{rel}","templated":true}]}}