{"id":9910,"date":"2025-04-27T22:27:22","date_gmt":"2025-04-27T18:27:22","guid":{"rendered":"https:\/\/axtarstore.com\/?post_type=product&#038;p=9910"},"modified":"2026-02-09T23:25:55","modified_gmt":"2026-02-09T19:25:55","slug":"due-pink-beden-spreyi","status":"publish","type":"product","link":"https:\/\/axtarstore.com\/ru\/product\/due-pink-beden-spreyi\/","title":{"rendered":"Due Pink Qoxulu B\u0259d\u0259n Spreyi \u2013 \u00c7i\u00e7\u0259kli Z\u0259riflikl\u0259 T\u0259z\u0259l\u0259nin"},"content":{"rendered":"<h3 data-start=\"779\" data-end=\"809\">Z\u0259rif \u0259tir, t\u0259rav\u0259tli hiss<\/h3>\n<p data-start=\"810\" data-end=\"986\">G\u00fcn \u0259rzind\u0259 \u00f6z\u00fcn\u00fcz\u00fc t\u0259rav\u0259tli v\u0259 bax\u0131ml\u0131 hiss etm\u0259k \u00fc\u00e7\u00fcn do\u011fru b\u0259d\u0259n spreyi se\u00e7imi vacibdir. <strong data-start=\"903\" data-end=\"928\">Due Pink b\u0259d\u0259n spreyi<\/strong> y\u00fcng\u00fcl v\u0259 \u00e7i\u00e7\u0259kli \u0259tri il\u0259 rahat istifad\u0259 imkan\u0131 yarad\u0131r.<\/p>\n<h3 data-start=\"988\" data-end=\"1020\">Due Pink B\u0259d\u0259n Spreyi n\u0259dir?<\/h3>\n<p data-start=\"1021\" data-end=\"1171\">Due Pink Qoxulu B\u0259d\u0259n Spreyi g\u00fcnd\u0259lik istifad\u0259 \u00fc\u00e7\u00fcn haz\u0131rlanm\u0131\u015f \u0259tirli b\u0259d\u0259n spreyidir. Z\u0259rif aromas\u0131 say\u0259sind\u0259 b\u0259d\u0259ni a\u011f\u0131rla\u015fd\u0131rmadan xo\u015f qoxu verir.<\/p>\n<p data-start=\"1173\" data-end=\"1237\">\u0130st\u0259r g\u00fcnd\u0259lik istifad\u0259, ist\u0259rs\u0259 d\u0259 x\u00fcsusi g\u00fcnl\u0259r \u00fc\u00e7\u00fcn uy\u011fundur.<\/p>\n<h3 data-start=\"1239\" data-end=\"1255\">\u00dcst\u00fcnl\u00fckl\u0259ri<\/h3>\n<ul data-start=\"1256\" data-end=\"1400\">\n<li data-start=\"1256\" data-end=\"1281\">\n<p data-start=\"1258\" data-end=\"1281\">Z\u0259rif v\u0259 \u00e7i\u00e7\u0259kli \u0259tir<\/p>\n<\/li>\n<li data-start=\"1282\" data-end=\"1308\">\n<p data-start=\"1284\" data-end=\"1308\">G\u00fcn boyu t\u0259rav\u0259t hissi<\/p>\n<\/li>\n<li data-start=\"1309\" data-end=\"1326\">\n<p data-start=\"1311\" data-end=\"1326\">Y\u00fcng\u00fcl formul<\/p>\n<\/li>\n<li data-start=\"1327\" data-end=\"1362\">\n<p data-start=\"1329\" data-end=\"1362\">G\u00fcnd\u0259lik istifad\u0259 \u00fc\u00e7\u00fcn uy\u011fundur<\/p>\n<\/li>\n<li data-start=\"1363\" data-end=\"1400\">\n<p data-start=\"1365\" data-end=\"1400\">Qad\u0131nlar \u00fc\u00e7\u00fcn n\u0259z\u0259rd\u0259 tutulmu\u015fdur<\/p>\n<\/li>\n<\/ul>\n<hr data-start=\"1402\" data-end=\"1405\" \/>\n<h2 data-start=\"1407\" data-end=\"1437\">Niy\u0259 Due Pink B\u0259d\u0259n Spreyi?<\/h2>\n<ul data-start=\"1438\" data-end=\"1550\">\n<li data-start=\"1438\" data-end=\"1459\">\n<p data-start=\"1440\" data-end=\"1459\">Z\u0259rif v\u0259 xo\u015f qoxu<\/p>\n<\/li>\n<li data-start=\"1460\" data-end=\"1489\">\n<p data-start=\"1462\" data-end=\"1489\">Rahat v\u0259 praktik istifad\u0259<\/p>\n<\/li>\n<li data-start=\"1490\" data-end=\"1519\">\n<p data-start=\"1492\" data-end=\"1519\">G\u00fcn \u0259rzind\u0259 t\u0259rav\u0259t hissi<\/p>\n<\/li>\n<li data-start=\"1520\" data-end=\"1550\">\n<p data-start=\"1522\" data-end=\"1550\">\u00c7antada da\u015f\u0131maq \u00fc\u00e7\u00fcn ideal<\/p>\n<\/li>\n<\/ul>\n<hr data-start=\"1552\" data-end=\"1555\" \/>\n<h2 data-start=\"1557\" data-end=\"1576\">\u0130stifad\u0259 Qaydas\u0131<\/h2>\n<p data-start=\"1577\" data-end=\"1688\">T\u0259miz v\u0259 quru d\u0259riy\u0259 ist\u0259diyiniz m\u0259saf\u0259d\u0259n sprey edin. G\u00fcn \u0259rzind\u0259 ehtiyac olduqda t\u0259krar istifad\u0259 edil\u0259 bil\u0259r.<\/p>\n<hr data-start=\"1690\" data-end=\"1693\" \/>\n<h2 data-start=\"1695\" data-end=\"1702\">Qeyd<\/h2>\n<p data-start=\"1703\" data-end=\"1758\">Yaln\u0131z xarici istifad\u0259 \u00fc\u00e7\u00fcnd\u00fcr. G\u00f6zl\u0259 t\u0259masdan qa\u00e7\u0131n\u0131n.<\/p>","protected":false},"excerpt":{"rendered":"<p>Due Pink Qoxulu B\u0259d\u0259n Spreyi z\u0259rif \u00e7i\u00e7\u0259k notlar\u0131 il\u0259 b\u0259d\u0259niniz\u0259 xo\u015f \u0259tir v\u0259 t\u0259rav\u0259t qat\u0131r. G\u00fcnd\u0259lik istifad\u0259 \u00fc\u00e7\u00fcn uy\u011fundur.<\/p>","protected":false},"featured_media":9911,"comment_status":"open","ping_status":"closed","template":"","meta":[],"pwb-brand":[169],"product_cat":[129,404],"product_tag":[300],"class_list":{"0":"post-9910","1":"product","2":"type-product","3":"status-publish","4":"has-post-thumbnail","6":"pwb-brand-due","7":"product_cat-beden-baximi","8":"product_cat-bdn-spreyi","9":"product_tag-bodycare","10":"pa_size-200ml","13":"instock","14":"sale","15":"shipping-taxable","16":"purchasable","17":"product-type-simple"},"brands":[{"id":169,"name":"Due","slug":"due"}],"_links":{"self":[{"href":"https:\/\/axtarstore.com\/ru\/wp-json\/wp\/v2\/product\/9910"}],"collection":[{"href":"https:\/\/axtarstore.com\/ru\/wp-json\/wp\/v2\/product"}],"about":[{"href":"https:\/\/axtarstore.com\/ru\/wp-json\/wp\/v2\/types\/product"}],"replies":[{"embeddable":true,"href":"https:\/\/axtarstore.com\/ru\/wp-json\/wp\/v2\/comments?post=9910"}],"version-history":[{"count":3,"href":"https:\/\/axtarstore.com\/ru\/wp-json\/wp\/v2\/product\/9910\/revisions"}],"predecessor-version":[{"id":11093,"href":"https:\/\/axtarstore.com\/ru\/wp-json\/wp\/v2\/product\/9910\/revisions\/11093"}],"wp:featuredmedia":[{"embeddable":true,"href":"https:\/\/axtarstore.com\/ru\/wp-json\/wp\/v2\/media\/9911"}],"wp:attachment":[{"href":"https:\/\/axtarstore.com\/ru\/wp-json\/wp\/v2\/media?parent=9910"}],"wp:term":[{"taxonomy":"pwb-brand","embeddable":true,"href":"https:\/\/axtarstore.com\/ru\/wp-json\/wp\/v2\/pwb-brand?post=9910"},{"taxonomy":"product_cat","embeddable":true,"href":"https:\/\/axtarstore.com\/ru\/wp-json\/wp\/v2\/product_cat?post=9910"},{"taxonomy":"product_tag","embeddable":true,"href":"https:\/\/axtarstore.com\/ru\/wp-json\/wp\/v2\/product_tag?post=9910"}],"curies":[{"name":"wp","href":"https:\/\/api.w.org\/{rel}","templated":true}]}}