{"id":9906,"date":"2025-04-23T02:27:09","date_gmt":"2025-04-22T22:27:09","guid":{"rendered":"https:\/\/axtarstore.com\/?post_type=product&#038;p=9906"},"modified":"2026-02-09T23:37:01","modified_gmt":"2026-02-09T19:37:01","slug":"maxman-kisiler-ucun-beden-spreyi","status":"publish","type":"product","link":"https:\/\/axtarstore.com\/ru\/product\/maxman-kisiler-ucun-beden-spreyi\/","title":{"rendered":"MaxMan Men Enlarging B\u00f6y\u00fcd\u00fcc\u00fc Sprey"},"content":{"rendered":"<h3 data-start=\"437\" data-end=\"476\">G\u00fcnl\u00fck \u015f\u0259xsi bax\u0131m \u00fc\u00e7\u00fcn ideal se\u00e7im<\/h3>\n<p data-start=\"478\" data-end=\"649\"><strong data-start=\"478\" data-end=\"507\">MaxMan ki\u015fil\u0259r \u00fc\u00e7\u00fcn sprey<\/strong>, intim bax\u0131m\u0131na \u00f6n\u0259m ver\u0259n ki\u015fil\u0259r \u00fc\u00e7\u00fcn haz\u0131rlanm\u0131\u015fd\u0131r. X\u00fcsusi formulu say\u0259sind\u0259 \u0259laq\u0259 zaman\u0131 rahatl\u0131q v\u0259 n\u0259zar\u0259t hissi yaratma\u011fa k\u00f6m\u0259k edir.<\/p>\n<hr data-start=\"651\" data-end=\"654\" \/>\n<h3 data-start=\"656\" data-end=\"692\">MaxMan Ki\u015fil\u0259r \u00fc\u00e7\u00fcn Sprey n\u0259dir?<\/h3>\n<p data-start=\"694\" data-end=\"883\">Bu m\u0259hsul <strong data-start=\"704\" data-end=\"783\">ki\u015fil\u0259r \u00fc\u00e7\u00fcn n\u0259z\u0259rd\u0259 tutulmu\u015f, xarici istifad\u0259 olunan intim bax\u0131m spreyidir<\/strong>. \u018flaq\u0259 zaman\u0131 h\u0259ssasl\u0131\u011f\u0131n idar\u0259 olunmas\u0131na k\u00f6m\u0259k ed\u0259r\u0259k daha rahat t\u0259cr\u00fcb\u0259 ya\u015fama\u011fa \u015f\u0259rait yarad\u0131r.<\/p>\n<hr data-start=\"885\" data-end=\"888\" \/>\n<h3 data-start=\"890\" data-end=\"906\">\u00dcst\u00fcnl\u00fckl\u0259ri<\/h3>\n<ul data-start=\"907\" data-end=\"1096\">\n<li data-start=\"907\" data-end=\"960\">\n<p data-start=\"909\" data-end=\"960\">\u018flaq\u0259 zaman\u0131 n\u0259zar\u0259t hissini art\u0131rma\u011fa k\u00f6m\u0259k edir<\/p>\n<\/li>\n<li data-start=\"961\" data-end=\"1009\">\n<p data-start=\"963\" data-end=\"1009\">H\u0259ssasl\u0131q balans\u0131n\u0131n qorunmas\u0131na d\u0259st\u0259k olur<\/p>\n<\/li>\n<li data-start=\"1010\" data-end=\"1039\">\n<p data-start=\"1012\" data-end=\"1039\">Rahat v\u0259 praktik istifad\u0259<\/p>\n<\/li>\n<li data-start=\"1040\" data-end=\"1057\">\n<p data-start=\"1042\" data-end=\"1057\">Y\u00fcng\u00fcl formul<\/p>\n<\/li>\n<li data-start=\"1058\" data-end=\"1096\">\n<p data-start=\"1060\" data-end=\"1096\">Ki\u015fil\u0259r \u00fc\u00e7\u00fcn x\u00fcsusi haz\u0131rlanm\u0131\u015fd\u0131r<\/p>\n<\/li>\n<\/ul>\n<hr data-start=\"1098\" data-end=\"1101\" \/>\n<h3 data-start=\"1103\" data-end=\"1123\">\u0130stifad\u0259 Qaydas\u0131<\/h3>\n<p data-start=\"1124\" data-end=\"1261\">\u018flaq\u0259d\u0259n \u0259vv\u0259l t\u0259miz v\u0259 quru d\u0259riy\u0259 az miqdarda t\u0259tbiq edin. Xarici istifad\u0259 \u00fc\u00e7\u00fcnd\u00fcr. \u0130stifad\u0259d\u0259n sonra \u0259ll\u0259rin yuyulmas\u0131 t\u00f6vsiy\u0259 olunur.<\/p>\n<hr data-start=\"1263\" data-end=\"1266\" \/>\n<h3 data-start=\"1268\" data-end=\"1282\">Vacib Qeyd<\/h3>\n<p data-start=\"1283\" data-end=\"1387\">Bu m\u0259hsul <strong data-start=\"1293\" data-end=\"1309\">d\u0259rman deyil<\/strong> v\u0259 <strong data-start=\"1313\" data-end=\"1346\">tibbi m\u00fcalic\u0259 m\u0259qs\u0259di da\u015f\u0131m\u0131r<\/strong>. T\u0259siri \u015f\u0259xsd\u0259n \u015f\u0259x\u00ads\u0259 f\u0259rqli ola bil\u0259r.<\/p>","protected":false},"excerpt":{"rendered":"<p>MaxMan ki\u015fil\u0259r \u00fc\u00e7\u00fcn b\u0259d\u0259n spreyi, g\u00fcnd\u0259lik bax\u0131m v\u0259 t\u0259rav\u0259t hissi \u00fc\u00e7\u00fcn istifad\u0259 olunur. Rahat v\u0259 praktik t\u0259tbiq imkan\u0131 t\u0259qdim edir.<\/p>","protected":false},"featured_media":9907,"comment_status":"open","ping_status":"closed","template":"","meta":[],"pwb-brand":[],"product_cat":[218,217,222],"product_tag":[],"class_list":{"0":"post-9906","1":"product","2":"type-product","3":"status-publish","4":"has-post-thumbnail","6":"product_cat-gecikdirici-sprey","7":"product_cat-kisi-mhsullari","8":"product_cat-penis-kremi-v-geli","9":"pa_size-30ml","12":"instock","13":"sale","14":"shipping-taxable","15":"purchasable","16":"product-type-simple"},"brands":[],"_links":{"self":[{"href":"https:\/\/axtarstore.com\/ru\/wp-json\/wp\/v2\/product\/9906"}],"collection":[{"href":"https:\/\/axtarstore.com\/ru\/wp-json\/wp\/v2\/product"}],"about":[{"href":"https:\/\/axtarstore.com\/ru\/wp-json\/wp\/v2\/types\/product"}],"replies":[{"embeddable":true,"href":"https:\/\/axtarstore.com\/ru\/wp-json\/wp\/v2\/comments?post=9906"}],"version-history":[{"count":3,"href":"https:\/\/axtarstore.com\/ru\/wp-json\/wp\/v2\/product\/9906\/revisions"}],"predecessor-version":[{"id":11095,"href":"https:\/\/axtarstore.com\/ru\/wp-json\/wp\/v2\/product\/9906\/revisions\/11095"}],"wp:featuredmedia":[{"embeddable":true,"href":"https:\/\/axtarstore.com\/ru\/wp-json\/wp\/v2\/media\/9907"}],"wp:attachment":[{"href":"https:\/\/axtarstore.com\/ru\/wp-json\/wp\/v2\/media?parent=9906"}],"wp:term":[{"taxonomy":"pwb-brand","embeddable":true,"href":"https:\/\/axtarstore.com\/ru\/wp-json\/wp\/v2\/pwb-brand?post=9906"},{"taxonomy":"product_cat","embeddable":true,"href":"https:\/\/axtarstore.com\/ru\/wp-json\/wp\/v2\/product_cat?post=9906"},{"taxonomy":"product_tag","embeddable":true,"href":"https:\/\/axtarstore.com\/ru\/wp-json\/wp\/v2\/product_tag?post=9906"}],"curies":[{"name":"wp","href":"https:\/\/api.w.org\/{rel}","templated":true}]}}