{"id":9899,"date":"2025-04-23T02:04:45","date_gmt":"2025-04-22T22:04:45","guid":{"rendered":"https:\/\/axtarstore.com\/?post_type=product&#038;p=9899"},"modified":"2026-02-09T23:49:17","modified_gmt":"2026-02-09T19:49:17","slug":"due-anti-freckle-soap-lekesiz-ve-parlaq-der","status":"publish","type":"product","link":"https:\/\/axtarstore.com\/ru\/product\/due-anti-freckle-soap-lekesiz-ve-parlaq-der\/","title":{"rendered":"Due Anti Freckle Soap \u2013 L\u0259k\u0259siz v\u0259 Parlaq D\u0259ri"},"content":{"rendered":"<p data-start=\"1783\" data-end=\"2003\">Bir \u00e7ox insan \u00fcz v\u0259 b\u0259d\u0259n d\u0259risind\u0259 l\u0259k\u0259 g\u00f6r\u00fcn\u00fc\u015f\u00fc, r\u0259ng tonunun qeyri-b\u0259rab\u0259rliyi v\u0259 sol\u011funluqdan narahatd\u0131r. Adi sabunlar d\u0259rini yaln\u0131z s\u0259thi t\u0259mizl\u0259yir v\u0259 bu probleml\u0259rin qar\u015f\u0131s\u0131n\u0131 almaqda kifay\u0259t q\u0259d\u0259r effektiv olmur.<\/p>\n<h4 data-start=\"2005\" data-end=\"2014\">H\u0259ll<\/h4>\n<p data-start=\"2015\" data-end=\"2244\"><strong data-start=\"2015\" data-end=\"2040\">Due Anti Freckle Soap<\/strong>, g\u00fcnd\u0259lik d\u0259ri bax\u0131m\u0131 \u00fc\u00e7\u00fcn n\u0259z\u0259rd\u0259 tutulmu\u015f kosmetik formul il\u0259 haz\u0131rlanm\u0131\u015fd\u0131r. D\u0259rini yum\u015faq \u015f\u0259kild\u0259 t\u0259mizl\u0259y\u0259r\u0259k, l\u0259k\u0259 g\u00f6r\u00fcn\u00fc\u015f\u00fcn\u00fcn azalmas\u0131na k\u00f6m\u0259k edir v\u0259 d\u0259rinin t\u0259bii balans\u0131n\u0131 qoruma\u011fa d\u0259st\u0259k olur.<\/p>\n<h4 data-start=\"2246\" data-end=\"2257\">N\u0259tic\u0259<\/h4>\n<p data-start=\"2258\" data-end=\"2449\">M\u00fcnt\u0259z\u0259m istifad\u0259 n\u0259tic\u0259sind\u0259 daha t\u0259miz, t\u0259rav\u0259tli v\u0259 bax\u0131ml\u0131 d\u0259ri g\u00f6r\u00fcn\u00fc\u015f\u00fc \u0259ld\u0259 etm\u0259y\u0259 k\u00f6m\u0259k edir. D\u0259ri tonu daha balansl\u0131 g\u00f6r\u00fcn\u0259 bil\u0259r v\u0259 \u00fcmumi d\u0259ri bax\u0131m\u0131 rutini daha effektiv hala g\u0259lir.<\/p>\n<hr data-start=\"2451\" data-end=\"2454\" \/>\n<h3 data-start=\"2456\" data-end=\"2488\">Due Anti Freckle Soap n\u0259dir?<\/h3>\n<p data-start=\"2490\" data-end=\"2707\">Due Anti Freckle Soap xarici istifad\u0259 \u00fc\u00e7\u00fcn n\u0259z\u0259rd\u0259 tutulmu\u015f <strong data-start=\"2550\" data-end=\"2571\">kosmetik sabundur<\/strong>. Bu m\u0259hsul d\u0259rinin t\u0259mizliyini t\u0259min etm\u0259k v\u0259 l\u0259k\u0259 g\u00f6r\u00fcn\u00fc\u015f\u00fcn\u00fcn azalmas\u0131na k\u00f6m\u0259k etm\u0259k m\u0259qs\u0259di da\u015f\u0131y\u0131r. Tibbi v\u0259 m\u00fcalic\u0259vi m\u0259hsul deyil.<\/p>\n<hr data-start=\"2709\" data-end=\"2712\" \/>\n<h3 data-start=\"2714\" data-end=\"2734\">\u018fsas \u00dcst\u00fcnl\u00fckl\u0259r<\/h3>\n<ul data-start=\"2735\" data-end=\"2966\">\n<li data-start=\"2735\" data-end=\"2779\">\n<p data-start=\"2737\" data-end=\"2779\">D\u0259rinin g\u00fcnd\u0259lik t\u0259mizliyi \u00fc\u00e7\u00fcn uy\u011fundur<\/p>\n<\/li>\n<li data-start=\"2780\" data-end=\"2822\">\n<p data-start=\"2782\" data-end=\"2822\">L\u0259k\u0259 g\u00f6r\u00fcn\u00fc\u015f\u00fcn\u00fcn azalmas\u0131na k\u00f6m\u0259k edir<\/p>\n<\/li>\n<li data-start=\"2823\" data-end=\"2881\">\n<p data-start=\"2825\" data-end=\"2881\">D\u0259rinin daha parlaq v\u0259 bax\u0131ml\u0131 g\u00f6r\u00fcnm\u0259sini d\u0259st\u0259kl\u0259yir<\/p>\n<\/li>\n<li data-start=\"2882\" data-end=\"2923\">\n<p data-start=\"2884\" data-end=\"2923\">\u00dcz v\u0259 b\u0259d\u0259n \u00fc\u00e7\u00fcn istifad\u0259 oluna bil\u0259r<\/p>\n<\/li>\n<li data-start=\"2924\" data-end=\"2966\">\n<p data-start=\"2926\" data-end=\"2966\">G\u00fcnd\u0259lik istifad\u0259y\u0259 uy\u011fun yum\u015faq t\u0259sir<\/p>\n<\/li>\n<\/ul>\n<hr data-start=\"2968\" data-end=\"2971\" \/>\n<h3 data-start=\"2973\" data-end=\"3003\">Niy\u0259 bu m\u0259hsulu almal\u0131yam?<\/h3>\n<ul data-start=\"3004\" data-end=\"3235\">\n<li data-start=\"3004\" data-end=\"3051\">\n<p data-start=\"3006\" data-end=\"3051\">D\u0259rinizd\u0259 l\u0259k\u0259 g\u00f6r\u00fcn\u00fc\u015f\u00fc sizi narahat edirs\u0259<\/p>\n<\/li>\n<li data-start=\"3052\" data-end=\"3115\">\n<p data-start=\"3054\" data-end=\"3115\">G\u00fcnd\u0259lik istifad\u0259 \u00fc\u00e7\u00fcn x\u00fcsusi kosmetik sabun axtar\u0131rs\u0131n\u0131zsa<\/p>\n<\/li>\n<li data-start=\"3116\" data-end=\"3169\">\n<p data-start=\"3118\" data-end=\"3169\">D\u0259rinin t\u0259miz v\u0259 bax\u0131ml\u0131 qalmas\u0131n\u0131 ist\u0259yirsinizs\u0259<\/p>\n<\/li>\n<li data-start=\"3170\" data-end=\"3235\">\n<p data-start=\"3172\" data-end=\"3235\">Parlaq v\u0259 balansl\u0131 d\u0259ri g\u00f6r\u00fcn\u00fc\u015f\u00fc \u0259ld\u0259 etm\u0259k niyy\u0259tind\u0259sinizs\u0259<\/p>\n<\/li>\n<\/ul>\n<p data-start=\"3237\" data-end=\"3321\"><strong data-start=\"3237\" data-end=\"3262\">Due Anti Freckle Soap<\/strong> bu ehtiyaclara cavab ver\u0259n praktik v\u0259 funksional se\u00e7imdir.<\/p>\n<hr data-start=\"3323\" data-end=\"3326\" \/>\n<h3 data-start=\"3328\" data-end=\"3348\">\u0130stifad\u0259 Qaydas\u0131<\/h3>\n<p data-start=\"3349\" data-end=\"3486\">Sabunu il\u0131q su il\u0259 k\u00f6p\u00fcrd\u00fcn v\u0259 \u00fcz\u0259 v\u0259 ya b\u0259d\u0259n\u0259 y\u00fcng\u00fcl masajla t\u0259tbiq edin. Daha sonra bol su il\u0259 yuyun. G\u00fcnd\u0259lik istifad\u0259 \u00fc\u00e7\u00fcn uy\u011fundur.<\/p>\n<hr data-start=\"3488\" data-end=\"3491\" \/>\n<h3 data-start=\"3493\" data-end=\"3501\">Qeyd<\/h3>\n<p data-start=\"3502\" data-end=\"3699\">Bu m\u0259hsul <strong data-start=\"3512\" data-end=\"3528\">d\u0259rman deyil<\/strong> v\u0259 <strong data-start=\"3532\" data-end=\"3565\">tibbi m\u00fcalic\u0259 m\u0259qs\u0259di da\u015f\u0131m\u0131r<\/strong>. Xarici istifad\u0259 \u00fc\u00e7\u00fcnd\u00fcr. G\u00f6zl\u0259 t\u0259masdan \u00e7\u0259kinin. H\u0259ssas d\u0259riy\u0259 sahib \u015f\u0259xsl\u0259r istifad\u0259 etm\u0259zd\u0259n \u0259vv\u0259l ki\u00e7ik sah\u0259d\u0259 test etm\u0259lidirl\u0259r.<\/p>\n<hr data-start=\"3701\" data-end=\"3704\" \/>\n<h3 data-start=\"3706\" data-end=\"3715\">Yekun<\/h3>\n<p data-start=\"3716\" data-end=\"3972\"><strong data-start=\"3716\" data-end=\"3741\">Due Anti Freckle Soap<\/strong>, g\u00fcnd\u0259lik d\u0259ri bax\u0131m\u0131 \u00fc\u00e7\u00fcn haz\u0131rlanm\u0131\u015f, l\u0259k\u0259 g\u00f6r\u00fcn\u00fc\u015f\u00fcn\u00fcn azalmas\u0131na v\u0259 d\u0259rinin daha t\u0259miz v\u0259 parlaq g\u00f6r\u00fcnm\u0259sin\u0259 k\u00f6m\u0259k ed\u0259n kosmetik m\u0259hsuldur. Sad\u0259 istifad\u0259si v\u0259 funksional t\u0259siri il\u0259 bax\u0131m rutinini tamamlamaq \u00fc\u00e7\u00fcn ideal se\u00e7imdir.<\/p>\n<p data-start=\"1572\" data-end=\"1734\">","protected":false},"excerpt":{"rendered":"<p><strong data-start=\"868\" data-end=\"893\">Due Anti Freckle Soap<\/strong>, d\u0259rinin t\u0259mizl\u0259nm\u0259si v\u0259 l\u0259k\u0259 g\u00f6r\u00fcn\u00fc\u015f\u00fcn\u00fcn azalmas\u0131na k\u00f6m\u0259k etm\u0259k m\u0259qs\u0259dil\u0259 haz\u0131rlanm\u0131\u015f kosmetik sabundur. G\u00fcnd\u0259lik \u00fcz v\u0259 b\u0259d\u0259n bax\u0131m\u0131 \u00fc\u00e7\u00fcn uy\u011fundur.<\/p>","protected":false},"featured_media":9900,"comment_status":"open","ping_status":"closed","template":"","meta":[],"pwb-brand":[169],"product_cat":[127,148],"product_tag":[294,293,334,423,335,418],"class_list":{"0":"post-9899","1":"product","2":"type-product","3":"status-publish","4":"has-post-thumbnail","6":"pwb-brand-due","7":"product_cat-face-care","8":"product_cat-face-soaps","9":"product_tag-face","10":"product_tag-facecare","11":"product_tag-natural-soap","12":"product_tag-skincareroutine","13":"product_tag-tbii-sabun","14":"product_tag-uzbaximi","15":"pa_size-100grm","18":"instock","19":"shipping-taxable","20":"purchasable","21":"product-type-simple"},"brands":[{"id":169,"name":"Due","slug":"due"}],"_links":{"self":[{"href":"https:\/\/axtarstore.com\/ru\/wp-json\/wp\/v2\/product\/9899"}],"collection":[{"href":"https:\/\/axtarstore.com\/ru\/wp-json\/wp\/v2\/product"}],"about":[{"href":"https:\/\/axtarstore.com\/ru\/wp-json\/wp\/v2\/types\/product"}],"replies":[{"embeddable":true,"href":"https:\/\/axtarstore.com\/ru\/wp-json\/wp\/v2\/comments?post=9899"}],"version-history":[{"count":3,"href":"https:\/\/axtarstore.com\/ru\/wp-json\/wp\/v2\/product\/9899\/revisions"}],"predecessor-version":[{"id":11099,"href":"https:\/\/axtarstore.com\/ru\/wp-json\/wp\/v2\/product\/9899\/revisions\/11099"}],"wp:featuredmedia":[{"embeddable":true,"href":"https:\/\/axtarstore.com\/ru\/wp-json\/wp\/v2\/media\/9900"}],"wp:attachment":[{"href":"https:\/\/axtarstore.com\/ru\/wp-json\/wp\/v2\/media?parent=9899"}],"wp:term":[{"taxonomy":"pwb-brand","embeddable":true,"href":"https:\/\/axtarstore.com\/ru\/wp-json\/wp\/v2\/pwb-brand?post=9899"},{"taxonomy":"product_cat","embeddable":true,"href":"https:\/\/axtarstore.com\/ru\/wp-json\/wp\/v2\/product_cat?post=9899"},{"taxonomy":"product_tag","embeddable":true,"href":"https:\/\/axtarstore.com\/ru\/wp-json\/wp\/v2\/product_tag?post=9899"}],"curies":[{"name":"wp","href":"https:\/\/api.w.org\/{rel}","templated":true}]}}