{"id":9886,"date":"2025-04-23T01:42:50","date_gmt":"2025-04-22T21:42:50","guid":{"rendered":"https:\/\/axtarstore.com\/?post_type=product&#038;p=9886"},"modified":"2026-02-17T22:22:57","modified_gmt":"2026-02-17T18:22:57","slug":"dr-laila-pirinc-sabunu-tebii-deri-qullugu","status":"publish","type":"product","link":"https:\/\/axtarstore.com\/ru\/product\/dr-laila-pirinc-sabunu-tebii-deri-qullugu\/","title":{"rendered":"Dr. Laila Pirin\u00e7 Sabunu \u2013 D\u0259riniz\u0259 T\u0259bii Qulluq"},"content":{"rendered":"<p data-start=\"738\" data-end=\"1046\">D\u0259ri g\u00fcn \u0259rzind\u0259 toz, ya\u011f, makiyaj qal\u0131qlar\u0131 v\u0259 \u0259traf m\u00fchit faktorlar\u0131n\u0131n t\u0259sirin\u0259 m\u0259ruz qal\u0131r. Bu is\u0259 m\u0259sam\u0259l\u0259rin tutulmas\u0131na, sol\u011fun g\u00f6r\u00fcn\u00fc\u015f\u0259, ton b\u0259rab\u0259rsizliyin\u0259 v\u0259 kobud teksturaya s\u0259b\u0259b olur. X\u00fcsusil\u0259 h\u0259ssas v\u0259 problemli d\u0259ril\u0259rd\u0259 d\u00fczg\u00fcn t\u0259mizl\u0259yici se\u00e7ilm\u0259dikd\u0259 quruluq v\u0259 dart\u0131lma hissi yarana bil\u0259r.<\/p>\n<p data-start=\"1048\" data-end=\"1162\">Kimy\u0259vi t\u0259rkibli sabun v\u0259 t\u0259mizl\u0259yicil\u0259r d\u0259rinin t\u0259bii baryerini z\u0259ifl\u0259d\u0259 v\u0259 uzunm\u00fcdd\u0259tli narahatl\u0131q yarada bil\u0259r.<\/p>\n<hr data-start=\"1164\" data-end=\"1167\" \/>\n<h2 data-start=\"1169\" data-end=\"1176\">H\u0259ll<\/h2>\n<p data-start=\"1178\" data-end=\"1328\"><strong data-start=\"1178\" data-end=\"1205\">Dr. Laila Pirin\u00e7 Sabunu<\/strong> t\u0259bii pirin\u00e7 ekstrakt\u0131 v\u0259 lifl\u0259ri il\u0259 z\u0259ngin formulaya malikdir. Bu sabun d\u0259rini z\u0259rif \u015f\u0259kild\u0259 t\u0259mizl\u0259yir v\u0259 eyni zamanda:<\/p>\n<ul data-start=\"1330\" data-end=\"1539\">\n<li data-start=\"1330\" data-end=\"1387\">\n<p data-start=\"1332\" data-end=\"1387\">\u00d6l\u00fc d\u0259ri h\u00fcceyr\u0259l\u0259rinin uzaqla\u015fd\u0131r\u0131lmas\u0131na k\u00f6m\u0259k edir<\/p>\n<\/li>\n<li data-start=\"1388\" data-end=\"1444\">\n<p data-start=\"1390\" data-end=\"1444\">D\u0259rinin daha parlaq v\u0259 canl\u0131 g\u00f6r\u00fcnm\u0259sini d\u0259st\u0259kl\u0259yir<\/p>\n<\/li>\n<li data-start=\"1445\" data-end=\"1489\">\n<p data-start=\"1447\" data-end=\"1489\">Ton f\u0259rqinin balansla\u015fmas\u0131na yard\u0131m edir<\/p>\n<\/li>\n<li data-start=\"1490\" data-end=\"1539\">\n<p data-start=\"1492\" data-end=\"1539\">M\u0259sam\u0259l\u0259rin daha t\u0259miz g\u00f6r\u00fcnm\u0259sin\u0259 k\u00f6m\u0259k edir<\/p>\n<\/li>\n<\/ul>\n<p data-start=\"1541\" data-end=\"1661\">Pirin\u00e7 t\u0259rkibi d\u0259riy\u0259 yum\u015faql\u0131q hissi verir v\u0259 m\u00fcnt\u0259z\u0259m istifad\u0259 zaman\u0131 daha hamar tekstura formala\u015fd\u0131rma\u011fa d\u0259st\u0259k olur.<\/p>\n<hr data-start=\"1663\" data-end=\"1666\" \/>\n<h2 data-start=\"1668\" data-end=\"1677\">N\u0259tic\u0259<\/h2>\n<p data-start=\"1679\" data-end=\"1730\">Dr. Laila Pirin\u00e7 Sabunu davaml\u0131 istifad\u0259 edildikd\u0259:<\/p>\n<ul data-start=\"1732\" data-end=\"1862\">\n<li data-start=\"1732\" data-end=\"1772\">\n<p data-start=\"1734\" data-end=\"1772\">D\u0259ri daha t\u0259miz v\u0259 t\u0259rav\u0259tli g\u00f6r\u00fcn\u00fcr<\/p>\n<\/li>\n<li data-start=\"1773\" data-end=\"1798\">\n<p data-start=\"1775\" data-end=\"1798\">Ton daha b\u0259rab\u0259r olur<\/p>\n<\/li>\n<li data-start=\"1799\" data-end=\"1836\">\n<p data-start=\"1801\" data-end=\"1836\">D\u0259ri s\u0259thi daha hamar hiss edilir<\/p>\n<\/li>\n<li data-start=\"1837\" data-end=\"1862\">\n<p data-start=\"1839\" data-end=\"1862\">Sol\u011fun g\u00f6r\u00fcn\u00fc\u015f azal\u0131r<\/p>\n<\/li>\n<\/ul>\n<p data-start=\"1864\" data-end=\"1951\">Bu m\u0259hsul g\u00fcnd\u0259lik t\u0259mizl\u0259m\u0259 m\u0259rh\u0259l\u0259sind\u0259 h\u0259m effektiv, h\u0259m d\u0259 z\u0259rif qulluq t\u0259min edir.<\/p>\n<hr data-start=\"1953\" data-end=\"1956\" \/>\n<h2 data-start=\"1958\" data-end=\"1987\">Niy\u0259 bu m\u0259hsulu almal\u0131yam?<\/h2>\n<ul data-start=\"1989\" data-end=\"2203\">\n<li data-start=\"1989\" data-end=\"2021\">\n<p data-start=\"1991\" data-end=\"2021\">T\u0259bii pirin\u00e7 t\u0259rkibli formul<\/p>\n<\/li>\n<li data-start=\"2022\" data-end=\"2057\">\n<p data-start=\"2024\" data-end=\"2057\">G\u00fcnd\u0259lik istifad\u0259 \u00fc\u00e7\u00fcn uy\u011fundur<\/p>\n<\/li>\n<li data-start=\"2058\" data-end=\"2090\">\n<p data-start=\"2060\" data-end=\"2090\">D\u0259rini qurutmadan t\u0259mizl\u0259yir<\/p>\n<\/li>\n<li data-start=\"2091\" data-end=\"2120\">\n<p data-start=\"2093\" data-end=\"2120\">Ton balans\u0131n\u0131 d\u0259st\u0259kl\u0259yir<\/p>\n<\/li>\n<li data-start=\"2121\" data-end=\"2156\">\n<p data-start=\"2123\" data-end=\"2156\">Daha parlaq g\u00f6r\u00fcn\u00fc\u015f\u0259 k\u00f6m\u0259k edir<\/p>\n<\/li>\n<li data-start=\"2157\" data-end=\"2203\">\n<p data-start=\"2159\" data-end=\"2203\">H\u0259m qad\u0131nlar, h\u0259m d\u0259 ki\u015fil\u0259r \u00fc\u00e7\u00fcn uy\u011fundur<\/p>\n<\/li>\n<\/ul>\n<p data-start=\"2205\" data-end=\"2344\">\u018fg\u0259r d\u0259riniz \u00fc\u00e7\u00fcn h\u0259m t\u0259mizl\u0259yici, h\u0259m d\u0259 teksturan\u0131 yax\u015f\u0131la\u015fd\u0131ran praktik m\u0259hsul axtar\u0131rs\u0131n\u0131zsa, Dr. Laila Pirin\u00e7 Sabunu optimal se\u00e7imdir.<\/p>\n<hr data-start=\"2346\" data-end=\"2349\" \/>\n<h2 data-start=\"2351\" data-end=\"2370\">\u0130stifad\u0259 qaydas\u0131<\/h2>\n<p data-start=\"2372\" data-end=\"2502\">Sabunu su il\u0259 k\u00f6p\u00fcrd\u00fcn v\u0259 n\u0259m \u00fcz d\u0259risin\u0259 dair\u0259vi h\u0259r\u0259k\u0259tl\u0259rl\u0259 t\u0259tbiq edin. 30\u201360 saniy\u0259 masaj etdikd\u0259n sonra il\u0131q su il\u0259 yuyun.<\/p>\n<p data-start=\"2504\" data-end=\"2540\">G\u00fcnd\u0259 1\u20132 d\u0259f\u0259 istifad\u0259 edil\u0259 bil\u0259r.<\/p>\n<hr data-start=\"2542\" data-end=\"2545\" \/>\n<h2 data-start=\"2547\" data-end=\"2554\">Qeyd<\/h2>\n<ul data-start=\"2556\" data-end=\"2663\">\n<li data-start=\"2556\" data-end=\"2581\">\n<p data-start=\"2558\" data-end=\"2581\">G\u00f6zl\u0259 t\u0259masdan qa\u00e7\u0131n.<\/p>\n<\/li>\n<li data-start=\"2582\" data-end=\"2629\">\n<p data-start=\"2584\" data-end=\"2629\">Q\u0131c\u0131qlanma yaranarsa istifad\u0259ni dayand\u0131r\u0131n.<\/p>\n<\/li>\n<li data-start=\"2630\" data-end=\"2663\">\n<p data-start=\"2632\" data-end=\"2663\">Quru v\u0259 s\u0259rin yerd\u0259 saxlay\u0131n.<\/p>\n<\/li>\n<\/ul>","protected":false},"excerpt":{"rendered":"<p>Dr. Laila Pirin\u00e7 Sabunu d\u0259rini z\u0259rif \u015f\u0259kild\u0259 t\u0259mizl\u0259yir, ton balans\u0131n\u0131 d\u0259st\u0259kl\u0259yir v\u0259 daha hamar g\u00f6r\u00fcn\u00fc\u015f yarad\u0131r. T\u0259bii t\u0259rkibli g\u00fcnd\u0259lik qulluq \u00fc\u00e7\u00fcn uy\u011fundur.<\/p>","protected":false},"featured_media":9888,"comment_status":"open","ping_status":"closed","template":"","meta":[],"pwb-brand":[162],"product_cat":[127,148],"product_tag":[293,334,418],"class_list":{"0":"post-9886","1":"product","2":"type-product","3":"status-publish","4":"has-post-thumbnail","6":"pwb-brand-dr-laila","7":"product_cat-face-care","8":"product_cat-face-soaps","9":"product_tag-facecare","10":"product_tag-natural-soap","11":"product_tag-uzbaximi","12":"pa_size-120grm","15":"instock","16":"shipping-taxable","17":"purchasable","18":"product-type-simple"},"brands":[{"id":162,"name":"Dr Laila","slug":"dr-laila"}],"_links":{"self":[{"href":"https:\/\/axtarstore.com\/ru\/wp-json\/wp\/v2\/product\/9886"}],"collection":[{"href":"https:\/\/axtarstore.com\/ru\/wp-json\/wp\/v2\/product"}],"about":[{"href":"https:\/\/axtarstore.com\/ru\/wp-json\/wp\/v2\/types\/product"}],"replies":[{"embeddable":true,"href":"https:\/\/axtarstore.com\/ru\/wp-json\/wp\/v2\/comments?post=9886"}],"version-history":[{"count":3,"href":"https:\/\/axtarstore.com\/ru\/wp-json\/wp\/v2\/product\/9886\/revisions"}],"predecessor-version":[{"id":11106,"href":"https:\/\/axtarstore.com\/ru\/wp-json\/wp\/v2\/product\/9886\/revisions\/11106"}],"wp:featuredmedia":[{"embeddable":true,"href":"https:\/\/axtarstore.com\/ru\/wp-json\/wp\/v2\/media\/9888"}],"wp:attachment":[{"href":"https:\/\/axtarstore.com\/ru\/wp-json\/wp\/v2\/media?parent=9886"}],"wp:term":[{"taxonomy":"pwb-brand","embeddable":true,"href":"https:\/\/axtarstore.com\/ru\/wp-json\/wp\/v2\/pwb-brand?post=9886"},{"taxonomy":"product_cat","embeddable":true,"href":"https:\/\/axtarstore.com\/ru\/wp-json\/wp\/v2\/product_cat?post=9886"},{"taxonomy":"product_tag","embeddable":true,"href":"https:\/\/axtarstore.com\/ru\/wp-json\/wp\/v2\/product_tag?post=9886"}],"curies":[{"name":"wp","href":"https:\/\/api.w.org\/{rel}","templated":true}]}}