{"id":9866,"date":"2025-04-23T01:06:45","date_gmt":"2025-04-22T21:06:45","guid":{"rendered":"https:\/\/axtarstore.com\/?post_type=product&#038;p=9866"},"modified":"2026-02-17T22:32:17","modified_gmt":"2026-02-17T18:32:17","slug":"ilham-lavender-natural-oil-lavanda-yagi","status":"publish","type":"product","link":"https:\/\/axtarstore.com\/ru\/product\/ilham-lavender-natural-oil-lavanda-yagi\/","title":{"rendered":"Ilham Lavender Natural Oil \u2013 T\u0259bii Qulluq v\u0259 Sa\u011flaml\u0131q"},"content":{"rendered":"<h1 data-start=\"641\" data-end=\"669\">Ilham Lavender Natural Oil<\/h1>\n<h2 data-start=\"671\" data-end=\"681\">Problem<\/h2>\n<p data-start=\"683\" data-end=\"919\">G\u00fcnd\u0259lik stress, yuxu pozuntular\u0131, d\u0259ri qurulu\u011fu v\u0259 sa\u00e7\u0131n z\u0259ifl\u0259m\u0259si bir \u00e7ox insan\u0131n qar\u015f\u0131la\u015fd\u0131\u011f\u0131 probleml\u0259r s\u0131ras\u0131ndad\u0131r. Kimy\u0259vi t\u0259rkibli m\u0259hsullar is\u0259 uzunm\u00fcdd\u0259tli istifad\u0259d\u0259 ist\u0259nil\u0259n effekti verm\u0259y\u0259 v\u0259 ya d\u0259riy\u0259 uy\u011funla\u015fmaya bil\u0259r.<\/p>\n<p data-start=\"921\" data-end=\"1007\">H\u0259m b\u0259d\u0259n, h\u0259m d\u0259 zehni rahatlama \u00fc\u00e7\u00fcn t\u0259bii v\u0259 \u00e7oxfunksiyal\u0131 m\u0259hsula ehtiyac yaran\u0131r.<\/p>\n<hr data-start=\"1009\" data-end=\"1012\" \/>\n<h2 data-start=\"1014\" data-end=\"1021\">H\u0259ll<\/h2>\n<p data-start=\"1023\" data-end=\"1259\"><strong data-start=\"1023\" data-end=\"1053\">Ilham Lavender Natural Oil<\/strong> t\u0259bii lavanda ya\u011f\u0131 \u0259sas\u0131nda haz\u0131rlanm\u0131\u015f \u00e7oxistiqam\u0259tli qulluq m\u0259hsuludur. Lavanda ya\u011f\u0131 aromaterapiyada sakitl\u0259\u015fdirici x\u00fcsusiyy\u0259tl\u0259ri il\u0259 tan\u0131n\u0131r v\u0259 eyni zamanda d\u0259ri v\u0259 sa\u00e7 bax\u0131m\u0131nda geni\u015f istifad\u0259 olunur.<\/p>\n<p data-start=\"1261\" data-end=\"1334\">Ilham Lavender Natural Oil a\u015fa\u011f\u0131dak\u0131 istiqam\u0259tl\u0259rd\u0259 istifad\u0259 edil\u0259 bil\u0259r:<\/p>\n<ul data-start=\"1336\" data-end=\"1460\">\n<li data-start=\"1336\" data-end=\"1376\">\n<p data-start=\"1338\" data-end=\"1376\">Rahatlama v\u0259 aromaterapiya m\u0259qs\u0259dil\u0259<\/p>\n<\/li>\n<li data-start=\"1377\" data-end=\"1396\">\n<p data-start=\"1379\" data-end=\"1396\">Masaj ya\u011f\u0131 kimi<\/p>\n<\/li>\n<li data-start=\"1397\" data-end=\"1419\">\n<p data-start=\"1399\" data-end=\"1419\">D\u0259riy\u0259 qulluq \u00fc\u00e7\u00fcn<\/p>\n<\/li>\n<li data-start=\"1420\" data-end=\"1460\">\n<p data-start=\"1422\" data-end=\"1460\">Sa\u00e7 v\u0259 sa\u00e7 d\u0259risin\u0259 \u0259lav\u0259 bax\u0131m kimi<\/p>\n<\/li>\n<\/ul>\n<p data-start=\"1462\" data-end=\"1595\">T\u0259rkibind\u0259ki lavanda ekstrakt\u0131 d\u0259rini sakitl\u0259\u015fdirm\u0259y\u0259 v\u0259 balansla\u015fd\u0131rma\u011fa k\u00f6m\u0259k edir. Eyni zamanda xo\u015f v\u0259 y\u00fcng\u00fcl \u0259tir t\u0259siri yarad\u0131r.<\/p>\n<hr data-start=\"1597\" data-end=\"1600\" \/>\n<h2 data-start=\"1602\" data-end=\"1611\">N\u0259tic\u0259<\/h2>\n<p data-start=\"1613\" data-end=\"1648\">M\u00fcnt\u0259z\u0259m v\u0259 d\u00fczg\u00fcn istifad\u0259 zaman\u0131:<\/p>\n<ul data-start=\"1650\" data-end=\"1802\">\n<li data-start=\"1650\" data-end=\"1680\">\n<p data-start=\"1652\" data-end=\"1680\">Stress v\u0259 g\u0259rginlik azal\u0131r<\/p>\n<\/li>\n<li data-start=\"1681\" data-end=\"1716\">\n<p data-start=\"1683\" data-end=\"1716\">Yuxu keyfiyy\u0259ti yax\u015f\u0131la\u015fa bil\u0259r<\/p>\n<\/li>\n<li data-start=\"1717\" data-end=\"1756\">\n<p data-start=\"1719\" data-end=\"1756\">D\u0259ri daha sakit v\u0259 balansl\u0131 g\u00f6r\u00fcn\u00fcr<\/p>\n<\/li>\n<li data-start=\"1757\" data-end=\"1802\">\n<p data-start=\"1759\" data-end=\"1802\">Sa\u00e7lar daha bax\u0131ml\u0131 v\u0259 yum\u015faq hiss olunur<\/p>\n<\/li>\n<\/ul>\n<p data-start=\"1804\" data-end=\"1906\">Ilham Lavender Natural Oil h\u0259m \u015f\u0259xsi qulluq, h\u0259m d\u0259 ev \u015f\u0259raitind\u0259 aromaterapiya \u00fc\u00e7\u00fcn praktik se\u00e7imdir.<\/p>\n<hr data-start=\"1908\" data-end=\"1911\" \/>\n<h2 data-start=\"1913\" data-end=\"1942\">Niy\u0259 bu m\u0259hsulu almal\u0131yam?<\/h2>\n<ul data-start=\"1944\" data-end=\"2143\">\n<li data-start=\"1944\" data-end=\"1975\">\n<p data-start=\"1946\" data-end=\"1975\">T\u0259bii lavanda \u0259sasl\u0131 formul<\/p>\n<\/li>\n<li data-start=\"1976\" data-end=\"2009\">\n<p data-start=\"1978\" data-end=\"2009\">\u00c7oxfunksiyal\u0131 istifad\u0259 imkan\u0131<\/p>\n<\/li>\n<li data-start=\"2010\" data-end=\"2038\">\n<p data-start=\"2012\" data-end=\"2038\">Aromaterapiya \u00fc\u00e7\u00fcn uy\u011fun<\/p>\n<\/li>\n<li data-start=\"2039\" data-end=\"2085\">\n<p data-start=\"2041\" data-end=\"2085\">D\u0259ri v\u0259 sa\u00e7 bax\u0131m\u0131nda istifad\u0259 edil\u0259 bil\u0259r<\/p>\n<\/li>\n<li data-start=\"2086\" data-end=\"2110\">\n<p data-start=\"2088\" data-end=\"2110\">Rahatla\u015fd\u0131r\u0131c\u0131 t\u0259sir<\/p>\n<\/li>\n<li data-start=\"2111\" data-end=\"2143\">\n<p data-start=\"2113\" data-end=\"2143\">Ev \u015f\u0259raitind\u0259 praktik t\u0259tbiq<\/p>\n<\/li>\n<\/ul>\n<p data-start=\"2145\" data-end=\"2279\">\u018fg\u0259r h\u0259m fiziki, h\u0259m d\u0259 zehni rahatlama \u00fc\u00e7\u00fcn t\u0259bii h\u0259ll axtar\u0131rs\u0131n\u0131zsa, Ilham Lavender Natural Oil g\u00fcnd\u0259lik rutininiz\u0259 uy\u011fun se\u00e7imdir.<\/p>\n<hr data-start=\"2281\" data-end=\"2284\" \/>\n<h2 data-start=\"2286\" data-end=\"2305\">\u0130stifad\u0259 qaydas\u0131<\/h2>\n<p data-start=\"2307\" data-end=\"2368\">Aromaterapiya \u00fc\u00e7\u00fcn bir ne\u00e7\u0259 damc\u0131 ya\u011f\u0131 difuzora \u0259lav\u0259 edin.<\/p>\n<p data-start=\"2370\" data-end=\"2434\">Masaj m\u0259qs\u0259dil\u0259 baza ya\u011f\u0131 il\u0259 qar\u0131\u015fd\u0131raraq d\u0259riy\u0259 t\u0259tbiq edin.<\/p>\n<p data-start=\"2436\" data-end=\"2511\">Sa\u00e7 bax\u0131m\u0131 \u00fc\u00e7\u00fcn \u015fampuna v\u0259 ya maskaya bir ne\u00e7\u0259 damc\u0131 \u0259lav\u0259 etm\u0259k m\u00fcmk\u00fcnd\u00fcr.<\/p>\n<hr data-start=\"2513\" data-end=\"2516\" \/>\n<h2 data-start=\"2518\" data-end=\"2525\">Qeyd<\/h2>\n<ul data-start=\"2527\" data-end=\"2753\">\n<li data-start=\"2527\" data-end=\"2600\">\n<p data-start=\"2529\" data-end=\"2600\">Birba\u015fa h\u0259ssas d\u0259riy\u0259 t\u0259tbiq etm\u0259zd\u0259n \u0259vv\u0259l ki\u00e7ik nahiy\u0259d\u0259 test edin.<\/p>\n<\/li>\n<li data-start=\"2601\" data-end=\"2626\">\n<p data-start=\"2603\" data-end=\"2626\">G\u00f6zl\u0259 t\u0259masdan qa\u00e7\u0131n.<\/p>\n<\/li>\n<li data-start=\"2627\" data-end=\"2669\">\n<p data-start=\"2629\" data-end=\"2669\">U\u015faqlar\u0131n \u0259li \u00e7atmayan yerd\u0259 saxlay\u0131n.<\/p>\n<\/li>\n<li data-start=\"2670\" data-end=\"2753\">\n<p data-start=\"2672\" data-end=\"2753\">Hamil\u0259lik v\u0259 x\u00fcsusi h\u0259ssasl\u0131q hallar\u0131nda h\u0259kiml\u0259 m\u0259sl\u0259h\u0259tl\u0259\u015fm\u0259k t\u00f6vsiy\u0259 olunur.<\/p>\n<\/li>\n<\/ul>","protected":false},"excerpt":{"rendered":"<p>Ilham Lavender Natural Oil t\u0259bii lavanda ya\u011f\u0131d\u0131r. Aromaterapiya, d\u0259ri v\u0259 sa\u00e7 bax\u0131m\u0131 \u00fc\u00e7\u00fcn \u00e7oxfunksiyal\u0131 v\u0259 rahatla\u015fd\u0131r\u0131c\u0131 qulluq m\u0259hsuludur.<\/p>","protected":false},"featured_media":9867,"comment_status":"open","ping_status":"closed","template":"","meta":[],"pwb-brand":[181],"product_cat":[126,135,427,127,144],"product_tag":[437,431],"class_list":{"0":"post-9866","1":"product","2":"type-product","3":"status-publish","4":"has-post-thumbnail","6":"pwb-brand-ilham","7":"product_cat-haircare","8":"product_cat-oil","9":"product_cat-tbii-yaglar","10":"product_cat-face-care","11":"product_cat-face-vitamins","12":"product_tag-natural-oils","13":"product_tag-tbii-yaglar","14":"pa_size-30ml","17":"instock","18":"shipping-taxable","19":"purchasable","20":"product-type-simple"},"brands":[{"id":181,"name":"\u0130lham","slug":"ilham"}],"_links":{"self":[{"href":"https:\/\/axtarstore.com\/ru\/wp-json\/wp\/v2\/product\/9866"}],"collection":[{"href":"https:\/\/axtarstore.com\/ru\/wp-json\/wp\/v2\/product"}],"about":[{"href":"https:\/\/axtarstore.com\/ru\/wp-json\/wp\/v2\/types\/product"}],"replies":[{"embeddable":true,"href":"https:\/\/axtarstore.com\/ru\/wp-json\/wp\/v2\/comments?post=9866"}],"version-history":[{"count":3,"href":"https:\/\/axtarstore.com\/ru\/wp-json\/wp\/v2\/product\/9866\/revisions"}],"predecessor-version":[{"id":11114,"href":"https:\/\/axtarstore.com\/ru\/wp-json\/wp\/v2\/product\/9866\/revisions\/11114"}],"wp:featuredmedia":[{"embeddable":true,"href":"https:\/\/axtarstore.com\/ru\/wp-json\/wp\/v2\/media\/9867"}],"wp:attachment":[{"href":"https:\/\/axtarstore.com\/ru\/wp-json\/wp\/v2\/media?parent=9866"}],"wp:term":[{"taxonomy":"pwb-brand","embeddable":true,"href":"https:\/\/axtarstore.com\/ru\/wp-json\/wp\/v2\/pwb-brand?post=9866"},{"taxonomy":"product_cat","embeddable":true,"href":"https:\/\/axtarstore.com\/ru\/wp-json\/wp\/v2\/product_cat?post=9866"},{"taxonomy":"product_tag","embeddable":true,"href":"https:\/\/axtarstore.com\/ru\/wp-json\/wp\/v2\/product_tag?post=9866"}],"curies":[{"name":"wp","href":"https:\/\/api.w.org\/{rel}","templated":true}]}}