{"id":9862,"date":"2025-04-23T00:59:51","date_gmt":"2025-04-22T20:59:51","guid":{"rendered":"https:\/\/axtarstore.com\/?post_type=product&#038;p=9862"},"modified":"2026-02-17T22:34:09","modified_gmt":"2026-02-17T18:34:09","slug":"dr-laila-aloe-vera-collagen-sampunu","status":"publish","type":"product","link":"https:\/\/axtarstore.com\/ru\/product\/dr-laila-aloe-vera-collagen-sampunu\/","title":{"rendered":"Dr. Laila Aloe Vera Collagen \u015eampunu \u2013 Sa\u00e7lar\u0131n\u0131z \u00dc\u00e7\u00fcn T\u0259bii Qulluq"},"content":{"rendered":"<h1 data-start=\"735\" data-end=\"773\">Dr. Laila Aloe Vera Collagen \u015eampunu<\/h1>\n<h2 data-start=\"775\" data-end=\"785\">Problem<\/h2>\n<p data-start=\"787\" data-end=\"999\">Sa\u00e7lar g\u00fcnd\u0259lik olaraq istilikl\u0259 formala\u015fd\u0131rma, boya, \u0259traf m\u00fchit \u00e7irkliliyi v\u0259 qeyri-d\u00fczg\u00fcn qulluq s\u0259b\u0259bil\u0259 z\u0259ifl\u0259y\u0259 bil\u0259r. Bu zaman sa\u00e7larda quruluq, cans\u0131zl\u0131q, elastikliyin azalmas\u0131 v\u0259 q\u0131r\u0131lma m\u00fc\u015fahid\u0259 olunur.<\/p>\n<p data-start=\"1001\" data-end=\"1210\">Standart \u015fampunlar yaln\u0131z s\u0259thi t\u0259mizl\u0259m\u0259 t\u0259min edir v\u0259 sa\u00e7\u0131n strukturunu g\u00fccl\u0259ndirm\u0259k \u00fc\u00e7\u00fcn kifay\u0259t etmir. X\u00fcsusil\u0259 z\u0259d\u0259l\u0259nmi\u015f v\u0259 quruma\u011fa meylli sa\u00e7lar \u00fc\u00e7\u00fcn daha balansl\u0131 v\u0259 qidaland\u0131r\u0131c\u0131 formul t\u0259l\u0259b olunur.<\/p>\n<hr data-start=\"1212\" data-end=\"1215\" \/>\n<h2 data-start=\"1217\" data-end=\"1224\">H\u0259ll<\/h2>\n<p data-start=\"1226\" data-end=\"1356\"><strong data-start=\"1226\" data-end=\"1266\">Dr. Laila Aloe Vera Collagen \u015eampunu<\/strong> aloe vera v\u0259 kollagen t\u0259rkibi il\u0259 sa\u00e7lara h\u0259m t\u0259mizl\u0259m\u0259, h\u0259m d\u0259 \u0259lav\u0259 qulluq t\u0259qdim edir.<\/p>\n<p data-start=\"1358\" data-end=\"1368\">Aloe vera:<\/p>\n<ul data-start=\"1370\" data-end=\"1491\">\n<li data-start=\"1370\" data-end=\"1413\">\n<p data-start=\"1372\" data-end=\"1413\">Sa\u00e7 d\u0259risini sakitl\u0259\u015fdirm\u0259y\u0259 k\u00f6m\u0259k edir<\/p>\n<\/li>\n<li data-start=\"1414\" data-end=\"1455\">\n<p data-start=\"1416\" data-end=\"1455\">N\u0259mlik balans\u0131n\u0131 qoruma\u011fa d\u0259st\u0259k olur<\/p>\n<\/li>\n<li data-start=\"1456\" data-end=\"1491\">\n<p data-start=\"1458\" data-end=\"1491\">Qurulu\u011fun azalmas\u0131na k\u00f6m\u0259k edir<\/p>\n<\/li>\n<\/ul>\n<p data-start=\"1493\" data-end=\"1506\">Kollagen is\u0259:<\/p>\n<ul data-start=\"1508\" data-end=\"1637\">\n<li data-start=\"1508\" data-end=\"1543\">\n<p data-start=\"1510\" data-end=\"1543\">Sa\u00e7\u0131n elastikliyini d\u0259st\u0259kl\u0259yir<\/p>\n<\/li>\n<li data-start=\"1544\" data-end=\"1584\">\n<p data-start=\"1546\" data-end=\"1584\">Daha dol\u011fun v\u0259 canl\u0131 g\u00f6r\u00fcn\u00fc\u015f yarad\u0131r<\/p>\n<\/li>\n<li data-start=\"1585\" data-end=\"1637\">\n<p data-start=\"1587\" data-end=\"1637\">Z\u0259d\u0259l\u0259nmi\u015f sa\u00e7 strukturunun b\u0259rpas\u0131na k\u00f6m\u0259k edir<\/p>\n<\/li>\n<\/ul>\n<p data-start=\"1639\" data-end=\"1773\">Dr. Laila Aloe Vera Collagen \u015eampunu sa\u00e7lar\u0131 z\u0259rif \u015f\u0259kild\u0259 t\u0259mizl\u0259yir, eyni zamanda onlar\u0131 a\u011f\u0131rla\u015fd\u0131rmadan bax\u0131ml\u0131 g\u00f6r\u00fcn\u00fc\u015f qazand\u0131r\u0131r.<\/p>\n<hr data-start=\"1775\" data-end=\"1778\" \/>\n<h2 data-start=\"1780\" data-end=\"1789\">N\u0259tic\u0259<\/h2>\n<p data-start=\"1791\" data-end=\"1816\">M\u00fcnt\u0259z\u0259m istifad\u0259 zaman\u0131:<\/p>\n<ul data-start=\"1818\" data-end=\"1966\">\n<li data-start=\"1818\" data-end=\"1858\">\n<p data-start=\"1820\" data-end=\"1858\">Sa\u00e7lar daha yum\u015faq v\u0259 parlaq g\u00f6r\u00fcn\u00fcr<\/p>\n<\/li>\n<li data-start=\"1859\" data-end=\"1892\">\n<p data-start=\"1861\" data-end=\"1892\">Quru v\u0259 sol\u011fun g\u00f6r\u00fcnt\u00fc azal\u0131r<\/p>\n<\/li>\n<li data-start=\"1893\" data-end=\"1921\">\n<p data-start=\"1895\" data-end=\"1921\">Sa\u00e7lar daha asan daran\u0131r<\/p>\n<\/li>\n<li data-start=\"1922\" data-end=\"1966\">\n<p data-start=\"1924\" data-end=\"1966\">Sa\u00e7 d\u0259risi daha balansl\u0131 v\u0259ziyy\u0259t\u0259 g\u0259lir<\/p>\n<\/li>\n<\/ul>\n<p data-start=\"1968\" data-end=\"2071\">Dr. Laila Aloe Vera Collagen \u015eampunu h\u0259m qad\u0131nlar, h\u0259m d\u0259 ki\u015fil\u0259r \u00fc\u00e7\u00fcn g\u00fcnd\u0259lik istifad\u0259 \u00fc\u00e7\u00fcn uy\u011fundur.<\/p>\n<hr data-start=\"2073\" data-end=\"2076\" \/>\n<h2 data-start=\"2078\" data-end=\"2107\">Niy\u0259 bu m\u0259hsulu almal\u0131yam?<\/h2>\n<ul data-start=\"2109\" data-end=\"2334\">\n<li data-start=\"2109\" data-end=\"2150\">\n<p data-start=\"2111\" data-end=\"2150\">Aloe vera v\u0259 kollagen t\u0259rkibli formul<\/p>\n<\/li>\n<li data-start=\"2151\" data-end=\"2184\">\n<p data-start=\"2153\" data-end=\"2184\">Sa\u00e7lar\u0131 qurutmadan t\u0259mizl\u0259yir<\/p>\n<\/li>\n<li data-start=\"2185\" data-end=\"2223\">\n<p data-start=\"2187\" data-end=\"2223\">N\u0259ml\u0259ndirici v\u0259 g\u00fccl\u0259ndirici t\u0259sir<\/p>\n<\/li>\n<li data-start=\"2224\" data-end=\"2256\">\n<p data-start=\"2226\" data-end=\"2256\">G\u00fcnd\u0259lik istifad\u0259 \u00fc\u00e7\u00fcn uy\u011fun<\/p>\n<\/li>\n<li data-start=\"2257\" data-end=\"2286\">\n<p data-start=\"2259\" data-end=\"2286\">Z\u0259d\u0259l\u0259nmi\u015f sa\u00e7lara d\u0259st\u0259k<\/p>\n<\/li>\n<li data-start=\"2287\" data-end=\"2334\">\n<p data-start=\"2289\" data-end=\"2334\">Professional sa\u00e7 bax\u0131m rutinin\u0259 uy\u011fun se\u00e7im<\/p>\n<\/li>\n<\/ul>\n<p data-start=\"2336\" data-end=\"2482\">\u018fg\u0259r sa\u00e7lar\u0131n\u0131z\u0131n daha sa\u011flam, parlaq v\u0259 elastik g\u00f6r\u00fcnm\u0259sini ist\u0259yirsinizs\u0259, Dr. Laila Aloe Vera Collagen \u015eampunu funksional v\u0259 etibarl\u0131 se\u00e7imdir.<\/p>\n<hr data-start=\"2484\" data-end=\"2487\" \/>\n<h2 data-start=\"2489\" data-end=\"2508\">\u0130stifad\u0259 qaydas\u0131<\/h2>\n<p data-start=\"2510\" data-end=\"2669\">N\u0259m sa\u00e7lara kifay\u0259t q\u0259d\u0259r miqdarda \u015fampun t\u0259tbiq edin v\u0259 sa\u00e7 d\u0259risin\u0259 y\u00fcng\u00fcl masaj edin. K\u00f6p\u00fcrd\u00fckd\u0259n sonra bol su il\u0259 yuyun. Laz\u0131m g\u0259l\u0259rs\u0259 prosesi t\u0259krarlay\u0131n.<\/p>\n<p data-start=\"2671\" data-end=\"2767\">Daha effektiv n\u0259tic\u0259 \u00fc\u00e7\u00fcn uy\u011fun sa\u00e7 maskas\u0131 v\u0259 ya kondisioner il\u0259 birlikd\u0259 istifad\u0259 edil\u0259 bil\u0259r.<\/p>\n<hr data-start=\"2769\" data-end=\"2772\" \/>\n<h2 data-start=\"2774\" data-end=\"2781\">Qeyd<\/h2>\n<ul data-start=\"2783\" data-end=\"2931\">\n<li data-start=\"2783\" data-end=\"2808\">\n<p data-start=\"2785\" data-end=\"2808\">G\u00f6zl\u0259 t\u0259masdan qa\u00e7\u0131n.<\/p>\n<\/li>\n<li data-start=\"2809\" data-end=\"2855\">\n<p data-start=\"2811\" data-end=\"2855\">H\u0259ssasl\u0131q yaranarsa istifad\u0259ni dayand\u0131r\u0131n.<\/p>\n<\/li>\n<li data-start=\"2856\" data-end=\"2898\">\n<p data-start=\"2858\" data-end=\"2898\">U\u015faqlar\u0131n \u0259li \u00e7atmayan yerd\u0259 saxlay\u0131n.<\/p>\n<\/li>\n<li data-start=\"2899\" data-end=\"2931\">\n<p data-start=\"2901\" data-end=\"2931\">S\u0259rin v\u0259 quru yerd\u0259 qoruyun.<\/p>\n<\/li>\n<\/ul>","protected":false},"excerpt":{"rendered":"<p>Dr. Laila Aloe Vera Collagen \u015eampunu aloe vera v\u0259 kollagen t\u0259rkibi il\u0259 sa\u00e7lar\u0131 z\u0259rif t\u0259mizl\u0259yir, n\u0259ml\u0259ndirir v\u0259 daha sa\u011flam g\u00f6r\u00fcn\u00fc\u015f qazand\u0131r\u0131r. G\u00fcnd\u0259lik istifad\u0259 \u00fc\u00e7\u00fcn uy\u011fundur.<\/p>","protected":false},"featured_media":9863,"comment_status":"open","ping_status":"closed","template":"","meta":[],"pwb-brand":[162],"product_cat":[126,133],"product_tag":[308,417,421],"class_list":{"0":"post-9862","1":"product","2":"type-product","3":"status-publish","4":"has-post-thumbnail","6":"pwb-brand-dr-laila","7":"product_cat-haircare","8":"product_cat-shampoo","9":"product_tag-haircare","10":"product_tag-sacbaximi","11":"product_tag-sacqullugu","12":"pa_size-400ml","15":"instock","16":"shipping-taxable","17":"purchasable","18":"product-type-simple"},"brands":[{"id":162,"name":"Dr Laila","slug":"dr-laila"}],"_links":{"self":[{"href":"https:\/\/axtarstore.com\/ru\/wp-json\/wp\/v2\/product\/9862"}],"collection":[{"href":"https:\/\/axtarstore.com\/ru\/wp-json\/wp\/v2\/product"}],"about":[{"href":"https:\/\/axtarstore.com\/ru\/wp-json\/wp\/v2\/types\/product"}],"replies":[{"embeddable":true,"href":"https:\/\/axtarstore.com\/ru\/wp-json\/wp\/v2\/comments?post=9862"}],"version-history":[{"count":3,"href":"https:\/\/axtarstore.com\/ru\/wp-json\/wp\/v2\/product\/9862\/revisions"}],"predecessor-version":[{"id":11116,"href":"https:\/\/axtarstore.com\/ru\/wp-json\/wp\/v2\/product\/9862\/revisions\/11116"}],"wp:featuredmedia":[{"embeddable":true,"href":"https:\/\/axtarstore.com\/ru\/wp-json\/wp\/v2\/media\/9863"}],"wp:attachment":[{"href":"https:\/\/axtarstore.com\/ru\/wp-json\/wp\/v2\/media?parent=9862"}],"wp:term":[{"taxonomy":"pwb-brand","embeddable":true,"href":"https:\/\/axtarstore.com\/ru\/wp-json\/wp\/v2\/pwb-brand?post=9862"},{"taxonomy":"product_cat","embeddable":true,"href":"https:\/\/axtarstore.com\/ru\/wp-json\/wp\/v2\/product_cat?post=9862"},{"taxonomy":"product_tag","embeddable":true,"href":"https:\/\/axtarstore.com\/ru\/wp-json\/wp\/v2\/product_tag?post=9862"}],"curies":[{"name":"wp","href":"https:\/\/api.w.org\/{rel}","templated":true}]}}