{"id":9854,"date":"2025-04-23T00:39:55","date_gmt":"2025-04-22T20:39:55","guid":{"rendered":"https:\/\/axtarstore.com\/?post_type=product&#038;p=9854"},"modified":"2026-02-17T22:38:39","modified_gmt":"2026-02-17T18:38:39","slug":"dr-laila-rosemary-kabak-lifli-sabun","status":"publish","type":"product","link":"https:\/\/axtarstore.com\/ru\/product\/dr-laila-rosemary-kabak-lifli-sabun\/","title":{"rendered":"Dr. Laila Rosemary Kabak Lifli Sabun | D\u0259riy\u0259 T\u0259bii Qulluq"},"content":{"rendered":"<h1 data-start=\"888\" data-end=\"926\">Dr. Laila Rosemary Kabak Lifli Sabun<\/h1>\n<h2 data-start=\"928\" data-end=\"938\">Problem<\/h2>\n<p data-start=\"940\" data-end=\"1206\">D\u0259ri s\u0259thind\u0259 toplanan \u00f6l\u00fc h\u00fcceyr\u0259l\u0259r, kir v\u0259 art\u0131q ya\u011f zamanla m\u0259sam\u0259l\u0259rin tutulmas\u0131na, kobud teksturaya v\u0259 sol\u011fun g\u00f6r\u00fcn\u00fc\u015f\u0259 s\u0259b\u0259b ola bil\u0259r. Adi sabunlar is\u0259 h\u0259r zaman d\u0259rini d\u0259rin t\u0259mizl\u0259m\u0259k v\u0259 eyni zamanda yum\u015faq pilinq effekti yaratmaq qabiliyy\u0259tin\u0259 malik olmur.<\/p>\n<p data-start=\"1208\" data-end=\"1278\">D\u0259ri h\u0259m t\u0259mizl\u0259nm\u0259y\u0259, h\u0259m d\u0259 z\u0259rif \u015f\u0259kild\u0259 yenil\u0259nm\u0259y\u0259 ehtiyac duyur.<\/p>\n<hr data-start=\"1280\" data-end=\"1283\" \/>\n<h2 data-start=\"1285\" data-end=\"1292\">H\u0259ll<\/h2>\n<p data-start=\"1294\" data-end=\"1521\"><strong data-start=\"1294\" data-end=\"1334\">Dr. Laila Rosemary Kabak Lifli Sabun<\/strong> t\u0259bii kabak lifl\u0259ri v\u0259 rozmarin ekstrakt\u0131 il\u0259 z\u0259nginl\u0259\u015fdirilmi\u015f x\u00fcsusi formulaya malikdir. Kabak lifl\u0259ri mexaniki pilinq effekti yaradaraq \u00f6l\u00fc h\u00fcceyr\u0259l\u0259rin uzaqla\u015fd\u0131r\u0131lmas\u0131na k\u00f6m\u0259k edir.<\/p>\n<p data-start=\"1523\" data-end=\"1546\">Rozmarin ekstrakt\u0131 is\u0259:<\/p>\n<ul data-start=\"1548\" data-end=\"1658\">\n<li data-start=\"1548\" data-end=\"1578\">\n<p data-start=\"1550\" data-end=\"1578\">D\u0259riy\u0259 t\u0259rav\u0259t hissi verir<\/p>\n<\/li>\n<li data-start=\"1579\" data-end=\"1625\">\n<p data-start=\"1581\" data-end=\"1625\">D\u0259rinin daha canl\u0131 g\u00f6r\u00fcnm\u0259sin\u0259 d\u0259st\u0259k olur<\/p>\n<\/li>\n<li data-start=\"1626\" data-end=\"1658\">\n<p data-start=\"1628\" data-end=\"1658\">T\u0259mizlik hissini g\u00fccl\u0259ndirir<\/p>\n<\/li>\n<\/ul>\n<p data-start=\"1660\" data-end=\"1818\">Dr. Laila Rosemary Kabak Lifli Sabun d\u0259rini h\u0259m t\u0259mizl\u0259yir, h\u0259m d\u0259 z\u0259rif \u015f\u0259kild\u0259 yenil\u0259yir. M\u00fcnt\u0259z\u0259m istifad\u0259 zaman\u0131 d\u0259ri s\u0259thi daha hamar v\u0259 bax\u0131ml\u0131 g\u00f6r\u00fcn\u00fcr.<\/p>\n<hr data-start=\"1820\" data-end=\"1823\" \/>\n<h2 data-start=\"1825\" data-end=\"1834\">N\u0259tic\u0259<\/h2>\n<p data-start=\"1836\" data-end=\"1865\">Davaml\u0131 istifad\u0259 n\u0259tic\u0259sind\u0259:<\/p>\n<ul data-start=\"1867\" data-end=\"2001\">\n<li data-start=\"1867\" data-end=\"1904\">\n<p data-start=\"1869\" data-end=\"1904\">D\u0259ri daha t\u0259miz v\u0259 parlaq g\u00f6r\u00fcn\u00fcr<\/p>\n<\/li>\n<li data-start=\"1905\" data-end=\"1930\">\n<p data-start=\"1907\" data-end=\"1930\">Kobud tekstura azal\u0131r<\/p>\n<\/li>\n<li data-start=\"1931\" data-end=\"1963\">\n<p data-start=\"1933\" data-end=\"1963\">M\u0259sam\u0259l\u0259r daha t\u0259miz g\u00f6r\u00fcn\u00fcr<\/p>\n<\/li>\n<li data-start=\"1964\" data-end=\"2001\">\n<p data-start=\"1966\" data-end=\"2001\">D\u0259ri s\u0259thi daha hamar hiss olunur<\/p>\n<\/li>\n<\/ul>\n<p data-start=\"2003\" data-end=\"2085\">Bu sabun g\u00fcnd\u0259lik qulluq rutinin\u0259 \u0259lav\u0259 edil\u0259 bil\u0259n praktik v\u0259 effektiv m\u0259hsuldur.<\/p>\n<hr data-start=\"2087\" data-end=\"2090\" \/>\n<h2 data-start=\"2092\" data-end=\"2121\">Niy\u0259 bu m\u0259hsulu almal\u0131yam?<\/h2>\n<ul data-start=\"2123\" data-end=\"2296\">\n<li data-start=\"2123\" data-end=\"2153\">\n<p data-start=\"2125\" data-end=\"2153\">T\u0259bii kabak lifli struktur<\/p>\n<\/li>\n<li data-start=\"2154\" data-end=\"2178\">\n<p data-start=\"2156\" data-end=\"2178\">Z\u0259rif pilinq effekti<\/p>\n<\/li>\n<li data-start=\"2179\" data-end=\"2213\">\n<p data-start=\"2181\" data-end=\"2213\">Rozmarin ekstrakt\u0131 il\u0259 t\u0259rav\u0259t<\/p>\n<\/li>\n<li data-start=\"2214\" data-end=\"2233\">\n<p data-start=\"2216\" data-end=\"2233\">D\u0259rin t\u0259mizl\u0259m\u0259<\/p>\n<\/li>\n<li data-start=\"2234\" data-end=\"2266\">\n<p data-start=\"2236\" data-end=\"2266\">G\u00fcnd\u0259lik istifad\u0259 \u00fc\u00e7\u00fcn uy\u011fun<\/p>\n<\/li>\n<li data-start=\"2267\" data-end=\"2296\">\n<p data-start=\"2269\" data-end=\"2296\">T\u0259bii v\u0259 funksional se\u00e7im<\/p>\n<\/li>\n<\/ul>\n<p data-start=\"2298\" data-end=\"2430\">\u018fg\u0259r h\u0259m t\u0259mizl\u0259yici, h\u0259m d\u0259 z\u0259rif pilinq t\u0259siri olan m\u0259hsul axtar\u0131rs\u0131n\u0131zsa, Dr. Laila Rosemary Kabak Lifli Sabun balansl\u0131 se\u00e7imdir.<\/p>\n<hr data-start=\"2432\" data-end=\"2435\" \/>\n<h2 data-start=\"2437\" data-end=\"2456\">\u0130stifad\u0259 qaydas\u0131<\/h2>\n<p data-start=\"2458\" data-end=\"2613\">Sabunu su il\u0259 k\u00f6p\u00fcrd\u0259r\u0259k n\u0259m d\u0259riy\u0259 dair\u0259vi h\u0259r\u0259k\u0259tl\u0259rl\u0259 t\u0259tbiq edin. X\u00fcsusil\u0259 dirs\u0259k, diz v\u0259 kobud nahiy\u0259l\u0259rd\u0259 y\u00fcng\u00fcl masaj edin. Sonra il\u0131q su il\u0259 yuyun.<\/p>\n<p data-start=\"2615\" data-end=\"2662\">H\u0259ft\u0259d\u0259 2\u20134 d\u0259f\u0259 istifad\u0259 etm\u0259k t\u00f6vsiy\u0259 olunur.<\/p>\n<hr data-start=\"2664\" data-end=\"2667\" \/>\n<h2 data-start=\"2669\" data-end=\"2676\">Qeyd<\/h2>\n<ul data-start=\"2678\" data-end=\"2834\">\n<li data-start=\"2678\" data-end=\"2720\">\n<p data-start=\"2680\" data-end=\"2720\">H\u0259ddind\u0259n art\u0131q t\u0259zyiq t\u0259tbiq etm\u0259yin.<\/p>\n<\/li>\n<li data-start=\"2721\" data-end=\"2774\">\n<p data-start=\"2723\" data-end=\"2774\">H\u0259ssas d\u0259ri \u00fc\u00e7\u00fcn istifad\u0259 tezliyi azald\u0131la bil\u0259r.<\/p>\n<\/li>\n<li data-start=\"2775\" data-end=\"2800\">\n<p data-start=\"2777\" data-end=\"2800\">G\u00f6zl\u0259 t\u0259masdan qa\u00e7\u0131n.<\/p>\n<\/li>\n<li data-start=\"2801\" data-end=\"2834\">\n<p data-start=\"2803\" data-end=\"2834\">Quru v\u0259 s\u0259rin yerd\u0259 saxlay\u0131n.<\/p>\n<\/li>\n<\/ul>","protected":false},"excerpt":{"rendered":"<p data-start=\"2882\" data-end=\"3025\">Dr. Laila Rosemary Kabak Lifli Sabun d\u0259rini d\u0259rin t\u0259mizl\u0259yir, \u00f6l\u00fc h\u00fcceyr\u0259l\u0259ri uzaqla\u015fd\u0131r\u0131r v\u0259 rozmarin ekstrakt\u0131 il\u0259 t\u0259rav\u0259tli g\u00f6r\u00fcn\u00fc\u015f yarad\u0131r.<\/p>","protected":false},"featured_media":9855,"comment_status":"open","ping_status":"closed","template":"","meta":[],"pwb-brand":[162],"product_cat":[127,148,147],"product_tag":[293,334,418],"class_list":{"0":"post-9854","1":"product","2":"type-product","3":"status-publish","4":"has-post-thumbnail","6":"pwb-brand-dr-laila","7":"product_cat-face-care","8":"product_cat-face-soaps","9":"product_cat-face-wash","10":"product_tag-facecare","11":"product_tag-natural-soap","12":"product_tag-uzbaximi","13":"pa_size-120grm","16":"instock","17":"shipping-taxable","18":"purchasable","19":"product-type-simple"},"brands":[{"id":162,"name":"Dr Laila","slug":"dr-laila"}],"_links":{"self":[{"href":"https:\/\/axtarstore.com\/ru\/wp-json\/wp\/v2\/product\/9854"}],"collection":[{"href":"https:\/\/axtarstore.com\/ru\/wp-json\/wp\/v2\/product"}],"about":[{"href":"https:\/\/axtarstore.com\/ru\/wp-json\/wp\/v2\/types\/product"}],"replies":[{"embeddable":true,"href":"https:\/\/axtarstore.com\/ru\/wp-json\/wp\/v2\/comments?post=9854"}],"version-history":[{"count":3,"href":"https:\/\/axtarstore.com\/ru\/wp-json\/wp\/v2\/product\/9854\/revisions"}],"predecessor-version":[{"id":11120,"href":"https:\/\/axtarstore.com\/ru\/wp-json\/wp\/v2\/product\/9854\/revisions\/11120"}],"wp:featuredmedia":[{"embeddable":true,"href":"https:\/\/axtarstore.com\/ru\/wp-json\/wp\/v2\/media\/9855"}],"wp:attachment":[{"href":"https:\/\/axtarstore.com\/ru\/wp-json\/wp\/v2\/media?parent=9854"}],"wp:term":[{"taxonomy":"pwb-brand","embeddable":true,"href":"https:\/\/axtarstore.com\/ru\/wp-json\/wp\/v2\/pwb-brand?post=9854"},{"taxonomy":"product_cat","embeddable":true,"href":"https:\/\/axtarstore.com\/ru\/wp-json\/wp\/v2\/product_cat?post=9854"},{"taxonomy":"product_tag","embeddable":true,"href":"https:\/\/axtarstore.com\/ru\/wp-json\/wp\/v2\/product_tag?post=9854"}],"curies":[{"name":"wp","href":"https:\/\/api.w.org\/{rel}","templated":true}]}}