{"id":9832,"date":"2025-04-22T01:53:41","date_gmt":"2025-04-21T21:53:41","guid":{"rendered":"https:\/\/axtarstore.com\/?post_type=product&#038;p=9832"},"modified":"2026-02-17T22:55:25","modified_gmt":"2026-02-17T18:55:25","slug":"due-anti-acne-soap-with-avocado","status":"publish","type":"product","link":"https:\/\/axtarstore.com\/ru\/product\/due-anti-acne-soap-with-avocado\/","title":{"rendered":"Due Anti Acne Soap with Avocado &#8211; T\u0259bii v\u0259 Sa\u011flam D\u0259riy\u0259 Qay\u011f\u0131! \ud83c\udf43\ud83e\uddfc"},"content":{"rendered":"<h1 data-start=\"654\" data-end=\"687\">Due Anti Acne Soap with Avocado<\/h1>\n<h2 data-start=\"689\" data-end=\"699\">Problem<\/h2>\n<p data-start=\"701\" data-end=\"917\">S\u0131zanaq v\u0259 art\u0131q ya\u011flanma problemli d\u0259ri \u00fc\u00e7\u00fcn \u0259n \u00e7ox rast g\u0259lin\u0259n narahatl\u0131qlardand\u0131r. M\u0259sam\u0259l\u0259rin tutulmas\u0131, bakterial faktorlar v\u0259 qeyri-d\u00fczg\u00fcn t\u0259mizl\u0259m\u0259 n\u0259tic\u0259sind\u0259 d\u0259ri s\u0259thind\u0259 iltihabl\u0131 elementl\u0259r yarana bil\u0259r.<\/p>\n<p data-start=\"919\" data-end=\"1142\">Aqressiv t\u0259rkibli m\u0259hsullar is\u0259 d\u0259rini h\u0259ddind\u0259n art\u0131q qurudaraq m\u00fcdafi\u0259 baryerini z\u0259ifl\u0259dir v\u0259 v\u0259ziyy\u0259ti daha da a\u011f\u0131rla\u015fd\u0131ra bil\u0259r. Problemli d\u0259ri \u00fc\u00e7\u00fcn balansl\u0131, h\u0259m t\u0259mizl\u0259yici, h\u0259m d\u0259 d\u0259st\u0259kl\u0259yici m\u0259hsul se\u00e7imi vacibdir.<\/p>\n<hr data-start=\"1144\" data-end=\"1147\" \/>\n<h2 data-start=\"1149\" data-end=\"1156\">H\u0259ll<\/h2>\n<p data-start=\"1158\" data-end=\"1282\"><strong data-start=\"1158\" data-end=\"1193\">Due Anti Acne Soap with Avocado<\/strong> x\u00fcsusi formul il\u0259 haz\u0131rlanm\u0131\u015f v\u0259 problemli d\u0259riy\u0259 uy\u011funla\u015fd\u0131r\u0131lm\u0131\u015f t\u0259mizl\u0259yici sabundur.<\/p>\n<p data-start=\"1284\" data-end=\"1313\">M\u0259hsulun \u0259sas x\u00fcsusiyy\u0259tl\u0259ri:<\/p>\n<ul data-start=\"1315\" data-end=\"1520\">\n<li data-start=\"1315\" data-end=\"1384\">\n<p data-start=\"1317\" data-end=\"1384\">S\u0131zanaq \u0259m\u0259l\u0259g\u0259lm\u0259sin\u0259 s\u0259b\u0259b olan art\u0131q ya\u011f\u0131 azaltma\u011fa k\u00f6m\u0259k edir<\/p>\n<\/li>\n<li data-start=\"1385\" data-end=\"1412\">\n<p data-start=\"1387\" data-end=\"1412\">D\u0259rini d\u0259rin t\u0259mizl\u0259yir<\/p>\n<\/li>\n<li data-start=\"1413\" data-end=\"1463\">\n<p data-start=\"1415\" data-end=\"1463\">M\u0259sam\u0259l\u0259rin daha t\u0259miz g\u00f6r\u00fcnm\u0259sin\u0259 d\u0259st\u0259k olur<\/p>\n<\/li>\n<li data-start=\"1464\" data-end=\"1520\">\n<p data-start=\"1466\" data-end=\"1520\">Avokado t\u0259rkibi il\u0259 d\u0259rinin n\u0259mlik balans\u0131n\u0131 qoruyur<\/p>\n<\/li>\n<\/ul>\n<p data-start=\"1522\" data-end=\"1702\">Avokado ekstrakt\u0131 d\u0259rini qidaland\u0131rma\u011fa v\u0259 qurulu\u011fun qar\u015f\u0131s\u0131n\u0131 alma\u011fa k\u00f6m\u0259k edir. Bel\u0259likl\u0259, Due Anti Acne Soap with Avocado h\u0259m t\u0259mizl\u0259yici, h\u0259m d\u0259 balansla\u015fd\u0131r\u0131c\u0131 t\u0259sir g\u00f6st\u0259rir.<\/p>\n<hr data-start=\"1704\" data-end=\"1707\" \/>\n<h2 data-start=\"1709\" data-end=\"1718\">N\u0259tic\u0259<\/h2>\n<p data-start=\"1720\" data-end=\"1745\">M\u00fcnt\u0259z\u0259m istifad\u0259 zaman\u0131:<\/p>\n<ul data-start=\"1747\" data-end=\"1875\">\n<li data-start=\"1747\" data-end=\"1781\">\n<p data-start=\"1749\" data-end=\"1781\">D\u0259ri daha t\u0259miz v\u0259 mat g\u00f6r\u00fcn\u00fcr<\/p>\n<\/li>\n<li data-start=\"1782\" data-end=\"1801\">\n<p data-start=\"1784\" data-end=\"1801\">Ya\u011flanma azal\u0131r<\/p>\n<\/li>\n<li data-start=\"1802\" data-end=\"1837\">\n<p data-start=\"1804\" data-end=\"1837\">S\u0131zanaq g\u00f6r\u00fcn\u00fcm\u00fc z\u0259ifl\u0259y\u0259 bil\u0259r<\/p>\n<\/li>\n<li data-start=\"1838\" data-end=\"1875\">\n<p data-start=\"1840\" data-end=\"1875\">D\u0259ri s\u0259thi daha hamar hiss olunur<\/p>\n<\/li>\n<\/ul>\n<p data-start=\"1877\" data-end=\"1975\">Due Anti Acne Soap with Avocado g\u00fcnd\u0259lik qulluq m\u0259rh\u0259l\u0259sind\u0259 problemli d\u0259ri \u00fc\u00e7\u00fcn praktik se\u00e7imdir.<\/p>\n<hr data-start=\"1977\" data-end=\"1980\" \/>\n<h2 data-start=\"1982\" data-end=\"2011\">Niy\u0259 bu m\u0259hsulu almal\u0131yam?<\/h2>\n<ul data-start=\"2013\" data-end=\"2194\">\n<li data-start=\"2013\" data-end=\"2050\">\n<p data-start=\"2015\" data-end=\"2050\">S\u0131zana\u011fa qar\u015f\u0131 d\u0259st\u0259kl\u0259yici t\u0259sir<\/p>\n<\/li>\n<li data-start=\"2051\" data-end=\"2070\">\n<p data-start=\"2053\" data-end=\"2070\">D\u0259rin t\u0259mizl\u0259m\u0259<\/p>\n<\/li>\n<li data-start=\"2071\" data-end=\"2106\">\n<p data-start=\"2073\" data-end=\"2106\">Avokado il\u0259 n\u0259ml\u0259ndirici effekt<\/p>\n<\/li>\n<li data-start=\"2107\" data-end=\"2145\">\n<p data-start=\"2109\" data-end=\"2145\">Problemli v\u0259 ya\u011fl\u0131 d\u0259ri \u00fc\u00e7\u00fcn uy\u011fun<\/p>\n<\/li>\n<li data-start=\"2146\" data-end=\"2174\">\n<p data-start=\"2148\" data-end=\"2174\">G\u00fcnd\u0259lik istifad\u0259 imkan\u0131<\/p>\n<\/li>\n<li data-start=\"2175\" data-end=\"2194\">\n<p data-start=\"2177\" data-end=\"2194\">Balansl\u0131 formul<\/p>\n<\/li>\n<\/ul>\n<p data-start=\"2196\" data-end=\"2365\">\u018fg\u0259r s\u0131zanaq v\u0259 ya\u011flanma probleminiz varsa v\u0259 d\u0259riniz \u00fc\u00e7\u00fcn h\u0259m t\u0259mizl\u0259yici, h\u0259m d\u0259 balansla\u015fd\u0131r\u0131c\u0131 m\u0259hsul axtar\u0131rs\u0131n\u0131zsa, Due Anti Acne Soap with Avocado uy\u011fun se\u00e7imdir.<\/p>\n<hr data-start=\"2367\" data-end=\"2370\" \/>\n<h2 data-start=\"2372\" data-end=\"2391\">\u0130stifad\u0259 qaydas\u0131<\/h2>\n<p data-start=\"2393\" data-end=\"2516\">Sabunu su il\u0259 k\u00f6p\u00fcrd\u00fcn v\u0259 n\u0259m d\u0259riy\u0259 dair\u0259vi h\u0259r\u0259k\u0259tl\u0259rl\u0259 t\u0259tbiq edin. 30\u201360 saniy\u0259 masaj etdikd\u0259n sonra il\u0131q su il\u0259 yuyun.<\/p>\n<p data-start=\"2518\" data-end=\"2563\">G\u00fcnd\u0259 1\u20132 d\u0259f\u0259 istifad\u0259 etm\u0259k t\u00f6vsiy\u0259 olunur.<\/p>\n<hr data-start=\"2565\" data-end=\"2568\" \/>\n<h2 data-start=\"2570\" data-end=\"2577\">Qeyd<\/h2>\n<ul data-start=\"2579\" data-end=\"2768\">\n<li data-start=\"2579\" data-end=\"2604\">\n<p data-start=\"2581\" data-end=\"2604\">G\u00f6zl\u0259 t\u0259masdan qa\u00e7\u0131n.<\/p>\n<\/li>\n<li data-start=\"2605\" data-end=\"2651\">\n<p data-start=\"2607\" data-end=\"2651\">H\u0259ssasl\u0131q yaranarsa istifad\u0259ni dayand\u0131r\u0131n.<\/p>\n<\/li>\n<li data-start=\"2652\" data-end=\"2725\">\n<p data-start=\"2654\" data-end=\"2725\">H\u0259ddind\u0259n art\u0131q quruluq m\u00fc\u015fahid\u0259 olunarsa istifad\u0259 tezliyini azald\u0131n.<\/p>\n<\/li>\n<li data-start=\"2726\" data-end=\"2768\">\n<p data-start=\"2728\" data-end=\"2768\">U\u015faqlar\u0131n \u0259li \u00e7atmayan yerd\u0259 saxlay\u0131n.<\/p>\n<\/li>\n<\/ul>","protected":false},"excerpt":{"rendered":"<p>Due Anti Acne Soap with Avocado s\u0131zanaqlara qar\u015f\u0131 t\u0259sir g\u00f6st\u0259rir, d\u0259rini d\u0259rin t\u0259mizl\u0259yir v\u0259 avokado t\u0259rkibi il\u0259 n\u0259mlik balans\u0131n\u0131 qoruma\u011fa k\u00f6m\u0259k edir. Problemli d\u0259ri \u00fc\u00e7\u00fcn uy\u011fundur.<\/p>","protected":false},"featured_media":9833,"comment_status":"open","ping_status":"closed","template":"","meta":[],"pwb-brand":[169],"product_cat":[127,148,147],"product_tag":[299,294,293,334,418],"class_list":{"0":"post-9832","1":"product","2":"type-product","3":"status-publish","4":"has-post-thumbnail","6":"pwb-brand-due","7":"product_cat-face-care","8":"product_cat-face-soaps","9":"product_cat-face-wash","10":"product_tag-acnetreatment","11":"product_tag-face","12":"product_tag-facecare","13":"product_tag-natural-soap","14":"product_tag-uzbaximi","15":"pa_size-100grm","18":"instock","19":"shipping-taxable","20":"purchasable","21":"product-type-simple"},"brands":[{"id":169,"name":"Due","slug":"due"}],"_links":{"self":[{"href":"https:\/\/axtarstore.com\/ru\/wp-json\/wp\/v2\/product\/9832"}],"collection":[{"href":"https:\/\/axtarstore.com\/ru\/wp-json\/wp\/v2\/product"}],"about":[{"href":"https:\/\/axtarstore.com\/ru\/wp-json\/wp\/v2\/types\/product"}],"replies":[{"embeddable":true,"href":"https:\/\/axtarstore.com\/ru\/wp-json\/wp\/v2\/comments?post=9832"}],"version-history":[{"count":3,"href":"https:\/\/axtarstore.com\/ru\/wp-json\/wp\/v2\/product\/9832\/revisions"}],"predecessor-version":[{"id":11128,"href":"https:\/\/axtarstore.com\/ru\/wp-json\/wp\/v2\/product\/9832\/revisions\/11128"}],"wp:featuredmedia":[{"embeddable":true,"href":"https:\/\/axtarstore.com\/ru\/wp-json\/wp\/v2\/media\/9833"}],"wp:attachment":[{"href":"https:\/\/axtarstore.com\/ru\/wp-json\/wp\/v2\/media?parent=9832"}],"wp:term":[{"taxonomy":"pwb-brand","embeddable":true,"href":"https:\/\/axtarstore.com\/ru\/wp-json\/wp\/v2\/pwb-brand?post=9832"},{"taxonomy":"product_cat","embeddable":true,"href":"https:\/\/axtarstore.com\/ru\/wp-json\/wp\/v2\/product_cat?post=9832"},{"taxonomy":"product_tag","embeddable":true,"href":"https:\/\/axtarstore.com\/ru\/wp-json\/wp\/v2\/product_tag?post=9832"}],"curies":[{"name":"wp","href":"https:\/\/api.w.org\/{rel}","templated":true}]}}