{"id":9807,"date":"2025-04-22T00:59:12","date_gmt":"2025-04-21T20:59:12","guid":{"rendered":"https:\/\/axtarstore.com\/?post_type=product&#038;p=9807"},"modified":"2026-02-17T23:08:53","modified_gmt":"2026-02-17T19:08:53","slug":"mark-30-vitamin-c-hyaluronic-acid-bar-soap","status":"publish","type":"product","link":"https:\/\/axtarstore.com\/ru\/product\/mark-30-vitamin-c-hyaluronic-acid-bar-soap\/","title":{"rendered":"MARK 30 Vitamin C &#038; Hyaluronic Acid Premium Bar Soap &#8211; Parlaq v\u0259 Sa\u011flam D\u0259ri! \u2728\ud83e\uddfc"},"content":{"rendered":"<h1 data-start=\"701\" data-end=\"755\">MARK 30 Vitamin C &amp; Hyaluronic Acid Premium Bar Soap<\/h1>\n<h2 data-start=\"757\" data-end=\"767\">Problem<\/h2>\n<p data-start=\"769\" data-end=\"997\">D\u0259rinin sol\u011fun g\u00f6r\u00fcnm\u0259si, ton f\u0259rqi, quruluq v\u0259 elastikliyin azalmas\u0131 g\u00fcnd\u0259lik qulluqda \u0259n \u00e7ox rast g\u0259lin\u0259n probleml\u0259rd\u0259ndir. \u018ftraf m\u00fchit faktorlar\u0131, g\u00fcn\u0259\u015f \u015f\u00fcalar\u0131 v\u0259 yanl\u0131\u015f t\u0259mizl\u0259m\u0259 \u00fcsullar\u0131 d\u0259rinin t\u0259bii balans\u0131n\u0131 poza bil\u0259r.<\/p>\n<p data-start=\"999\" data-end=\"1174\">Adi sabunlar b\u0259z\u0259n d\u0259rini h\u0259ddind\u0259n art\u0131q qurudur v\u0259 dart\u0131lma hissi yarad\u0131r. D\u0259ri h\u0259m effektiv t\u0259mizl\u0259nm\u0259y\u0259, h\u0259m d\u0259 aktiv t\u0259rkibli d\u0259st\u0259kl\u0259yici qulluq m\u0259hsuluna ehtiyac duyur.<\/p>\n<hr data-start=\"1176\" data-end=\"1179\" \/>\n<h2 data-start=\"1181\" data-end=\"1188\">H\u0259ll<\/h2>\n<p data-start=\"1190\" data-end=\"1325\"><strong data-start=\"1190\" data-end=\"1246\">MARK 30 Vitamin C &amp; Hyaluronic Acid Premium Bar Soap<\/strong> aktiv t\u0259rkibli premium formul il\u0259 haz\u0131rlanm\u0131\u015f \u00fcz v\u0259 b\u0259d\u0259n \u00fc\u00e7\u00fcn uy\u011fun sabundur.<\/p>\n<p data-start=\"1327\" data-end=\"1337\">Vitamin C:<\/p>\n<ul data-start=\"1339\" data-end=\"1493\">\n<li data-start=\"1339\" data-end=\"1385\">\n<p data-start=\"1341\" data-end=\"1385\">D\u0259rinin daha parlaq g\u00f6r\u00fcnm\u0259sin\u0259 k\u00f6m\u0259k edir<\/p>\n<\/li>\n<li data-start=\"1386\" data-end=\"1430\">\n<p data-start=\"1388\" data-end=\"1430\">Ton f\u0259rqinin balansla\u015fmas\u0131na d\u0259st\u0259k olur<\/p>\n<\/li>\n<li data-start=\"1431\" data-end=\"1493\">\n<p data-start=\"1433\" data-end=\"1493\">Antioksidant x\u00fcsusiyy\u0259tl\u0259ri il\u0259 d\u0259rini qoruma\u011fa k\u00f6m\u0259k edir<\/p>\n<\/li>\n<\/ul>\n<p data-start=\"1495\" data-end=\"1515\">Hyaluronic Acid is\u0259:<\/p>\n<ul data-start=\"1517\" data-end=\"1641\">\n<li data-start=\"1517\" data-end=\"1557\">\n<p data-start=\"1519\" data-end=\"1557\">D\u0259rinin n\u0259mlik balans\u0131n\u0131 d\u0259st\u0259kl\u0259yir<\/p>\n<\/li>\n<li data-start=\"1558\" data-end=\"1599\">\n<p data-start=\"1560\" data-end=\"1599\">Qurulu\u011fun qar\u015f\u0131s\u0131n\u0131 alma\u011fa k\u00f6m\u0259k edir<\/p>\n<\/li>\n<li data-start=\"1600\" data-end=\"1641\">\n<p data-start=\"1602\" data-end=\"1641\">Daha elastik v\u0259 hamar g\u00f6r\u00fcn\u00fc\u015f yarad\u0131r<\/p>\n<\/li>\n<\/ul>\n<p data-start=\"1643\" data-end=\"1788\">MARK 30 Vitamin C &amp; Hyaluronic Acid Premium Bar Soap d\u0259rini h\u0259m t\u0259mizl\u0259yir, h\u0259m d\u0259 aktiv t\u0259rkibi il\u0259 g\u00fcnd\u0259lik qulluq rutinin\u0259 \u0259lav\u0259 d\u0259st\u0259k verir.<\/p>\n<hr data-start=\"1790\" data-end=\"1793\" \/>\n<h2 data-start=\"1795\" data-end=\"1804\">N\u0259tic\u0259<\/h2>\n<p data-start=\"1806\" data-end=\"1831\">M\u00fcnt\u0259z\u0259m istifad\u0259 zaman\u0131:<\/p>\n<ul data-start=\"1833\" data-end=\"1956\">\n<li data-start=\"1833\" data-end=\"1873\">\n<p data-start=\"1835\" data-end=\"1873\">D\u0259ri daha t\u0259miz v\u0259 t\u0259rav\u0259tli g\u00f6r\u00fcn\u00fcr<\/p>\n<\/li>\n<li data-start=\"1874\" data-end=\"1893\">\n<p data-start=\"1876\" data-end=\"1893\">Parlaql\u0131q art\u0131r<\/p>\n<\/li>\n<li data-start=\"1894\" data-end=\"1918\">\n<p data-start=\"1896\" data-end=\"1918\">Quruluq hissi azal\u0131r<\/p>\n<\/li>\n<li data-start=\"1919\" data-end=\"1956\">\n<p data-start=\"1921\" data-end=\"1956\">D\u0259ri s\u0259thi daha hamar hiss olunur<\/p>\n<\/li>\n<\/ul>\n<p data-start=\"1958\" data-end=\"2028\">Bu premium sabun g\u00fcnd\u0259lik qulluq \u00fc\u00e7\u00fcn balansl\u0131 v\u0259 funksional se\u00e7imdir.<\/p>\n<hr data-start=\"2030\" data-end=\"2033\" \/>\n<h2 data-start=\"2035\" data-end=\"2064\">Niy\u0259 bu m\u0259hsulu almal\u0131yam?<\/h2>\n<ul data-start=\"2066\" data-end=\"2264\">\n<li data-start=\"2066\" data-end=\"2105\">\n<p data-start=\"2068\" data-end=\"2105\">Vitamin C il\u0259 parlaqla\u015fd\u0131r\u0131c\u0131 t\u0259sir<\/p>\n<\/li>\n<li data-start=\"2106\" data-end=\"2141\">\n<p data-start=\"2108\" data-end=\"2141\">Hyaluronic Acid il\u0259 n\u0259ml\u0259ndirm\u0259<\/p>\n<\/li>\n<li data-start=\"2142\" data-end=\"2174\">\n<p data-start=\"2144\" data-end=\"2174\">D\u0259rin, lakin z\u0259rif t\u0259mizl\u0259m\u0259<\/p>\n<\/li>\n<li data-start=\"2175\" data-end=\"2201\">\n<p data-start=\"2177\" data-end=\"2201\">\u00dcz v\u0259 b\u0259d\u0259n \u00fc\u00e7\u00fcn uy\u011fun<\/p>\n<\/li>\n<li data-start=\"2202\" data-end=\"2230\">\n<p data-start=\"2204\" data-end=\"2230\">G\u00fcnd\u0259lik istifad\u0259 imkan\u0131<\/p>\n<\/li>\n<li data-start=\"2231\" data-end=\"2264\">\n<p data-start=\"2233\" data-end=\"2264\">Aktiv t\u0259rkibli premium formul<\/p>\n<\/li>\n<\/ul>\n<p data-start=\"2266\" data-end=\"2410\">\u018fg\u0259r h\u0259m t\u0259mizl\u0259yici, h\u0259m d\u0259 d\u0259st\u0259kl\u0259yici qulluq m\u0259hsulu axtar\u0131rs\u0131n\u0131zsa, MARK 30 Vitamin C &amp; Hyaluronic Acid Premium Bar Soap effektiv se\u00e7imdir.<\/p>\n<hr data-start=\"2412\" data-end=\"2415\" \/>\n<h2 data-start=\"2417\" data-end=\"2436\">\u0130stifad\u0259 qaydas\u0131<\/h2>\n<p data-start=\"2438\" data-end=\"2547\">Sabunu su il\u0259 k\u00f6p\u00fcrd\u0259r\u0259k n\u0259m d\u0259riy\u0259 t\u0259tbiq edin. Dair\u0259vi h\u0259r\u0259k\u0259tl\u0259rl\u0259 masaj etdikd\u0259n sonra il\u0131q su il\u0259 yuyun.<\/p>\n<p data-start=\"2549\" data-end=\"2589\">G\u00fcnd\u0259 1\u20132 d\u0259f\u0259 istifad\u0259 etm\u0259k m\u00fcmk\u00fcnd\u00fcr.<\/p>\n<hr data-start=\"2591\" data-end=\"2594\" \/>\n<h2 data-start=\"2596\" data-end=\"2603\">Qeyd<\/h2>\n<ul data-start=\"2605\" data-end=\"2775\">\n<li data-start=\"2605\" data-end=\"2638\">\n<p data-start=\"2607\" data-end=\"2638\">G\u00f6zl\u0259 birba\u015fa t\u0259masdan qa\u00e7\u0131n.<\/p>\n<\/li>\n<li data-start=\"2639\" data-end=\"2693\">\n<p data-start=\"2641\" data-end=\"2693\">H\u0259ssas d\u0259ri \u00fc\u00e7\u00fcn \u0259vv\u0259lc\u0259 ki\u00e7ik nahiy\u0259d\u0259 test edin.<\/p>\n<\/li>\n<li data-start=\"2694\" data-end=\"2741\">\n<p data-start=\"2696\" data-end=\"2741\">Q\u0131c\u0131qlanma yaranarsa istifad\u0259ni dayand\u0131r\u0131n.<\/p>\n<\/li>\n<li data-start=\"2742\" data-end=\"2775\">\n<p data-start=\"2744\" data-end=\"2775\">S\u0259rin v\u0259 quru yerd\u0259 saxlay\u0131n.<\/p>\n<\/li>\n<\/ul>","protected":false},"excerpt":{"rendered":"<p>MARK 30 Vitamin C &amp; Hyaluronic Acid Premium Bar Soap d\u0259rini t\u0259mizl\u0259yir, parlaqla\u015fd\u0131r\u0131r v\u0259 n\u0259mlik balans\u0131n\u0131 qoruyaraq daha hamar g\u00f6r\u00fcn\u00fc\u015f yarad\u0131r.<\/p>","protected":false},"featured_media":9808,"comment_status":"open","ping_status":"closed","template":"","meta":[],"pwb-brand":[434],"product_cat":[127,148],"product_tag":[334,319,418],"class_list":{"0":"post-9807","1":"product","2":"type-product","3":"status-publish","4":"has-post-thumbnail","6":"pwb-brand-mark-30","7":"product_cat-face-care","8":"product_cat-face-soaps","9":"product_tag-natural-soap","10":"product_tag-uz-lklri","11":"product_tag-uzbaximi","12":"pa_size-120grm","15":"instock","16":"shipping-taxable","17":"purchasable","18":"product-type-simple"},"brands":[{"id":434,"name":"mark 30","slug":"mark-30"}],"_links":{"self":[{"href":"https:\/\/axtarstore.com\/ru\/wp-json\/wp\/v2\/product\/9807"}],"collection":[{"href":"https:\/\/axtarstore.com\/ru\/wp-json\/wp\/v2\/product"}],"about":[{"href":"https:\/\/axtarstore.com\/ru\/wp-json\/wp\/v2\/types\/product"}],"replies":[{"embeddable":true,"href":"https:\/\/axtarstore.com\/ru\/wp-json\/wp\/v2\/comments?post=9807"}],"version-history":[{"count":3,"href":"https:\/\/axtarstore.com\/ru\/wp-json\/wp\/v2\/product\/9807\/revisions"}],"predecessor-version":[{"id":11140,"href":"https:\/\/axtarstore.com\/ru\/wp-json\/wp\/v2\/product\/9807\/revisions\/11140"}],"wp:featuredmedia":[{"embeddable":true,"href":"https:\/\/axtarstore.com\/ru\/wp-json\/wp\/v2\/media\/9808"}],"wp:attachment":[{"href":"https:\/\/axtarstore.com\/ru\/wp-json\/wp\/v2\/media?parent=9807"}],"wp:term":[{"taxonomy":"pwb-brand","embeddable":true,"href":"https:\/\/axtarstore.com\/ru\/wp-json\/wp\/v2\/pwb-brand?post=9807"},{"taxonomy":"product_cat","embeddable":true,"href":"https:\/\/axtarstore.com\/ru\/wp-json\/wp\/v2\/product_cat?post=9807"},{"taxonomy":"product_tag","embeddable":true,"href":"https:\/\/axtarstore.com\/ru\/wp-json\/wp\/v2\/product_tag?post=9807"}],"curies":[{"name":"wp","href":"https:\/\/api.w.org\/{rel}","templated":true}]}}