{"id":9798,"date":"2025-04-22T00:42:10","date_gmt":"2025-04-21T20:42:10","guid":{"rendered":"https:\/\/axtarstore.com\/?post_type=product&#038;p=9798"},"modified":"2026-02-17T23:13:44","modified_gmt":"2026-02-17T19:13:44","slug":"keci-sudlu-kabak-lifli-sabun","status":"publish","type":"product","link":"https:\/\/axtarstore.com\/ru\/product\/keci-sudlu-kabak-lifli-sabun\/","title":{"rendered":"Ke\u00e7i S\u00fctl\u00fc Kabak Lifli Sabun T\u0259bii G\u00f6z\u0259llik \u0130\u00e7in !"},"content":{"rendered":"<h1 data-start=\"625\" data-end=\"655\">Ke\u00e7i S\u00fcdl\u00fc Kabak Lifli Sabun<\/h1>\n<h2 data-start=\"657\" data-end=\"667\">Problem<\/h2>\n<p data-start=\"669\" data-end=\"883\">D\u0259rinin s\u0259thind\u0259 toplanan \u00f6l\u00fc h\u00fcceyr\u0259l\u0259r, art\u0131q ya\u011f v\u0259 \u00e7irk zamanla m\u0259sam\u0259l\u0259rin tutulmas\u0131na v\u0259 sol\u011fun g\u00f6r\u00fcn\u00fc\u015f\u0259 s\u0259b\u0259b ola bil\u0259r. D\u00fczg\u00fcn eksfoliasiya edilm\u0259dikd\u0259 d\u0259ri kobudla\u015f\u0131r v\u0259 qulluq m\u0259hsullar\u0131n\u0131n t\u0259siri azal\u0131r.<\/p>\n<p data-start=\"885\" data-end=\"1042\">Eyni zamanda b\u0259zi sabunlar d\u0259rini h\u0259ddind\u0259n art\u0131q qurudur v\u0259 dart\u0131lma hissi yarad\u0131r. D\u0259ri h\u0259m d\u0259rin t\u0259mizl\u0259nm\u0259y\u0259, h\u0259m d\u0259 qidaland\u0131r\u0131c\u0131 d\u0259st\u0259y\u0259 ehtiyac duyur.<\/p>\n<hr data-start=\"1044\" data-end=\"1047\" \/>\n<h2 data-start=\"1049\" data-end=\"1056\">H\u0259ll<\/h2>\n<p data-start=\"1058\" data-end=\"1248\"><strong data-start=\"1058\" data-end=\"1090\">Ke\u00e7i S\u00fcdl\u00fc Kabak Lifli Sabun<\/strong> t\u0259bii kabak lifl\u0259ri v\u0259 ke\u00e7i s\u00fcd\u00fc il\u0259 z\u0259nginl\u0259\u015fdirilmi\u015f x\u00fcsusi formulaya malikdir. Bu kombinasiya h\u0259m mexaniki eksfoliasiya, h\u0259m d\u0259 yum\u015faq qulluq t\u0259qdim edir.<\/p>\n<p data-start=\"1250\" data-end=\"1272\">M\u0259hsulun \u00fcst\u00fcnl\u00fckl\u0259ri:<\/p>\n<ul data-start=\"1274\" data-end=\"1512\">\n<li data-start=\"1274\" data-end=\"1301\">\n<p data-start=\"1276\" data-end=\"1301\">D\u0259rini d\u0259rin t\u0259mizl\u0259yir<\/p>\n<\/li>\n<li data-start=\"1302\" data-end=\"1352\">\n<p data-start=\"1304\" data-end=\"1352\">\u00d6l\u00fc h\u00fcceyr\u0259l\u0259rin uzaqla\u015fd\u0131r\u0131lmas\u0131na k\u00f6m\u0259k edir<\/p>\n<\/li>\n<li data-start=\"1353\" data-end=\"1403\">\n<p data-start=\"1355\" data-end=\"1403\">Kabak lifl\u0259ri il\u0259 t\u0259bii pilinq effekti yarad\u0131r<\/p>\n<\/li>\n<li data-start=\"1404\" data-end=\"1454\">\n<p data-start=\"1406\" data-end=\"1454\">Ke\u00e7i s\u00fcd\u00fc il\u0259 d\u0259rini yum\u015fald\u0131r v\u0259 qidaland\u0131r\u0131r<\/p>\n<\/li>\n<li data-start=\"1455\" data-end=\"1512\">\n<p data-start=\"1457\" data-end=\"1512\">D\u0259ri teksturas\u0131n\u0131n daha hamar g\u00f6r\u00fcnm\u0259sin\u0259 d\u0259st\u0259k olur<\/p>\n<\/li>\n<\/ul>\n<p data-start=\"1514\" data-end=\"1590\">Ke\u00e7i S\u00fcdl\u00fc Kabak Lifli Sabun h\u0259m \u00fcz, h\u0259m d\u0259 b\u0259d\u0259n \u00fc\u00e7\u00fcn istifad\u0259 edil\u0259 bil\u0259r.<\/p>\n<hr data-start=\"1592\" data-end=\"1595\" \/>\n<h2 data-start=\"1597\" data-end=\"1606\">N\u0259tic\u0259<\/h2>\n<p data-start=\"1608\" data-end=\"1633\">M\u00fcnt\u0259z\u0259m istifad\u0259 zaman\u0131:<\/p>\n<ul data-start=\"1635\" data-end=\"1799\">\n<li data-start=\"1635\" data-end=\"1675\">\n<p data-start=\"1637\" data-end=\"1675\">D\u0259ri daha t\u0259miz v\u0259 t\u0259rav\u0259tli g\u00f6r\u00fcn\u00fcr<\/p>\n<\/li>\n<li data-start=\"1676\" data-end=\"1695\">\n<p data-start=\"1678\" data-end=\"1695\">Kobudluq azal\u0131r<\/p>\n<\/li>\n<li data-start=\"1696\" data-end=\"1727\">\n<p data-start=\"1698\" data-end=\"1727\">D\u0259ri daha hamar hiss olunur<\/p>\n<\/li>\n<li data-start=\"1728\" data-end=\"1747\">\n<p data-start=\"1730\" data-end=\"1747\">Parlaql\u0131q art\u0131r<\/p>\n<\/li>\n<li data-start=\"1748\" data-end=\"1799\">\n<p data-start=\"1750\" data-end=\"1799\">Sonrak\u0131 qulluq m\u0259hsullar\u0131n\u0131n hopmas\u0131 yax\u015f\u0131la\u015f\u0131r<\/p>\n<\/li>\n<\/ul>\n<p data-start=\"1801\" data-end=\"1899\">Ke\u00e7i S\u00fcdl\u00fc Kabak Lifli Sabun g\u00fcnd\u0259lik v\u0259 ya h\u0259ft\u0259lik eksfoliasiya rutinin\u0259 uy\u011fun praktik se\u00e7imdir.<\/p>\n<hr data-start=\"1901\" data-end=\"1904\" \/>\n<h2 data-start=\"1906\" data-end=\"1935\">Niy\u0259 bu m\u0259hsulu almal\u0131yam?<\/h2>\n<ul data-start=\"1937\" data-end=\"2125\">\n<li data-start=\"1937\" data-end=\"1971\">\n<p data-start=\"1939\" data-end=\"1971\">T\u0259bii kabak lifli eksfoliasiya<\/p>\n<\/li>\n<li data-start=\"1972\" data-end=\"2003\">\n<p data-start=\"1974\" data-end=\"2003\">Ke\u00e7i s\u00fcd\u00fc il\u0259 yum\u015faq qulluq<\/p>\n<\/li>\n<li data-start=\"2004\" data-end=\"2023\">\n<p data-start=\"2006\" data-end=\"2023\">D\u0259rin t\u0259mizl\u0259m\u0259<\/p>\n<\/li>\n<li data-start=\"2024\" data-end=\"2051\">\n<p data-start=\"2026\" data-end=\"2051\">Parlaq v\u0259 hamar g\u00f6r\u00fcn\u00fc\u015f<\/p>\n<\/li>\n<li data-start=\"2052\" data-end=\"2078\">\n<p data-start=\"2054\" data-end=\"2078\">\u00dcz v\u0259 b\u0259d\u0259n \u00fc\u00e7\u00fcn uy\u011fun<\/p>\n<\/li>\n<li data-start=\"2079\" data-end=\"2125\">\n<p data-start=\"2081\" data-end=\"2125\">T\u0259bii t\u0259rkib\u0259 \u00fcst\u00fcnl\u00fck ver\u0259nl\u0259r \u00fc\u00e7\u00fcn ideal<\/p>\n<\/li>\n<\/ul>\n<p data-start=\"2127\" data-end=\"2261\">\u018fg\u0259r d\u0259rinizd\u0259 h\u0259m t\u0259mizlik, h\u0259m d\u0259 yum\u015faql\u0131q \u0259ld\u0259 etm\u0259k ist\u0259yirsinizs\u0259, Ke\u00e7i S\u00fcdl\u00fc Kabak Lifli Sabun balansl\u0131 v\u0259 funksional se\u00e7imdir.<\/p>\n<hr data-start=\"2263\" data-end=\"2266\" \/>\n<h2 data-start=\"2268\" data-end=\"2287\">\u0130stifad\u0259 qaydas\u0131<\/h2>\n<p data-start=\"2289\" data-end=\"2431\">Sabunu su il\u0259 k\u00f6p\u00fcrd\u0259r\u0259k n\u0259m d\u0259riy\u0259 t\u0259tbiq edin. Kabak lifli hiss\u0259 il\u0259 d\u0259rini y\u00fcng\u00fcl dair\u0259vi h\u0259r\u0259k\u0259tl\u0259rl\u0259 masaj edin. Sonra il\u0131q su il\u0259 yuyun.<\/p>\n<p data-start=\"2433\" data-end=\"2497\">H\u0259ssas d\u0259ri \u00fc\u00e7\u00fcn h\u0259ft\u0259d\u0259 2\u20133 d\u0259f\u0259 istifad\u0259 etm\u0259k t\u00f6vsiy\u0259 olunur.<\/p>\n<hr data-start=\"2499\" data-end=\"2502\" \/>\n<h2 data-start=\"2504\" data-end=\"2511\">Qeyd<\/h2>\n<ul data-start=\"2513\" data-end=\"2678\">\n<li data-start=\"2513\" data-end=\"2546\">\n<p data-start=\"2515\" data-end=\"2546\">G\u00f6zl\u0259 birba\u015fa t\u0259masdan qa\u00e7\u0131n.<\/p>\n<\/li>\n<li data-start=\"2547\" data-end=\"2589\">\n<p data-start=\"2549\" data-end=\"2589\">H\u0259ddind\u0259n art\u0131q t\u0259zyiq t\u0259tbiq etm\u0259yin.<\/p>\n<\/li>\n<li data-start=\"2590\" data-end=\"2644\">\n<p data-start=\"2592\" data-end=\"2644\">H\u0259ssas d\u0259ri \u00fc\u00e7\u00fcn \u0259vv\u0259lc\u0259 ki\u00e7ik nahiy\u0259d\u0259 test edin.<\/p>\n<\/li>\n<li data-start=\"2645\" data-end=\"2678\">\n<p data-start=\"2647\" data-end=\"2678\">S\u0259rin v\u0259 quru yerd\u0259 saxlay\u0131n.<\/p>\n<\/li>\n<\/ul>","protected":false},"excerpt":{"rendered":"<p data-start=\"2726\" data-end=\"2867\">Ke\u00e7i S\u00fcdl\u00fc Kabak Lifli Sabun d\u0259rini d\u0259rin t\u0259mizl\u0259yir, \u00f6l\u00fc h\u00fcceyr\u0259l\u0259ri uzaqla\u015fd\u0131r\u0131r v\u0259 ke\u00e7i s\u00fcd\u00fc il\u0259 yum\u015faq, hamar v\u0259 bax\u0131ml\u0131 g\u00f6r\u00fcn\u00fc\u015f yarad\u0131r.<\/p>","protected":false},"featured_media":9799,"comment_status":"open","ping_status":"closed","template":"","meta":[],"pwb-brand":[162],"product_cat":[127,148],"product_tag":[294,293,334,418],"class_list":{"0":"post-9798","1":"product","2":"type-product","3":"status-publish","4":"has-post-thumbnail","6":"pwb-brand-dr-laila","7":"product_cat-face-care","8":"product_cat-face-soaps","9":"product_tag-face","10":"product_tag-facecare","11":"product_tag-natural-soap","12":"product_tag-uzbaximi","13":"pa_size-120grm","16":"instock","17":"shipping-taxable","18":"purchasable","19":"product-type-simple"},"brands":[{"id":162,"name":"Dr Laila","slug":"dr-laila"}],"_links":{"self":[{"href":"https:\/\/axtarstore.com\/ru\/wp-json\/wp\/v2\/product\/9798"}],"collection":[{"href":"https:\/\/axtarstore.com\/ru\/wp-json\/wp\/v2\/product"}],"about":[{"href":"https:\/\/axtarstore.com\/ru\/wp-json\/wp\/v2\/types\/product"}],"replies":[{"embeddable":true,"href":"https:\/\/axtarstore.com\/ru\/wp-json\/wp\/v2\/comments?post=9798"}],"version-history":[{"count":3,"href":"https:\/\/axtarstore.com\/ru\/wp-json\/wp\/v2\/product\/9798\/revisions"}],"predecessor-version":[{"id":11146,"href":"https:\/\/axtarstore.com\/ru\/wp-json\/wp\/v2\/product\/9798\/revisions\/11146"}],"wp:featuredmedia":[{"embeddable":true,"href":"https:\/\/axtarstore.com\/ru\/wp-json\/wp\/v2\/media\/9799"}],"wp:attachment":[{"href":"https:\/\/axtarstore.com\/ru\/wp-json\/wp\/v2\/media?parent=9798"}],"wp:term":[{"taxonomy":"pwb-brand","embeddable":true,"href":"https:\/\/axtarstore.com\/ru\/wp-json\/wp\/v2\/pwb-brand?post=9798"},{"taxonomy":"product_cat","embeddable":true,"href":"https:\/\/axtarstore.com\/ru\/wp-json\/wp\/v2\/product_cat?post=9798"},{"taxonomy":"product_tag","embeddable":true,"href":"https:\/\/axtarstore.com\/ru\/wp-json\/wp\/v2\/product_tag?post=9798"}],"curies":[{"name":"wp","href":"https:\/\/api.w.org\/{rel}","templated":true}]}}