{"id":9775,"date":"2025-04-22T00:03:32","date_gmt":"2025-04-21T20:03:32","guid":{"rendered":"https:\/\/axtarstore.com\/?post_type=product&#038;p=9775"},"modified":"2026-02-17T23:29:54","modified_gmt":"2026-02-17T19:29:54","slug":"biocos-noorjahan-gold-whitening-beauty","status":"publish","type":"product","link":"https:\/\/axtarstore.com\/ru\/product\/biocos-noorjahan-gold-whitening-beauty\/","title":{"rendered":"Biocos Noorjahan Gold Whitening Beauty Cream"},"content":{"rendered":"<h2 data-start=\"909\" data-end=\"996\">Biocos Noorjahan Gold Whitening Beauty Cream \u2013 D\u0259rinin Tonunu B\u0259rab\u0259rl\u0259\u015fdir\u0259n Qulluq<\/h2>\n<h3 data-start=\"998\" data-end=\"1009\">Problem<\/h3>\n<p data-start=\"1011\" data-end=\"1182\">D\u0259ri tonunun qeyri-b\u0259rab\u0259r olmas\u0131, piqment l\u0259k\u0259l\u0259ri, sol\u011fun g\u00f6r\u00fcn\u00fc\u015f v\u0259 g\u00fcn\u0259\u015f t\u0259siri n\u0259tic\u0259sind\u0259 yaranan qaralmalar bir \u00e7ox insan\u0131n qar\u015f\u0131la\u015fd\u0131\u011f\u0131 estetik probleml\u0259rd\u0259ndir.<\/p>\n<p data-start=\"1184\" data-end=\"1431\">X\u00fcsusil\u0259 \u015f\u0259h\u0259r m\u00fchiti, UV \u015f\u00fcalar\u0131, stres v\u0259 d\u00fczg\u00fcn olmayan qulluq m\u0259hsullar\u0131 d\u0259rinin t\u0259bii parlaql\u0131\u011f\u0131n\u0131 azalda v\u0259 onu yor\u011fun g\u00f6st\u0259r\u0259 bil\u0259r. Ton f\u0259rql\u0259ri makiyajla m\u00fcv\u0259qq\u0259ti \u00f6rt\u00fcls\u0259 d\u0259, problemin \u0259sas h\u0259lli d\u00fczg\u00fcn se\u00e7ilmi\u015f d\u0259riy\u0259 qulluq m\u0259hsuludur.<\/p>\n<p data-start=\"1433\" data-end=\"1533\">D\u0259riy\u0259 h\u0259m qidaland\u0131r\u0131c\u0131, h\u0259m balansla\u015fd\u0131r\u0131c\u0131, h\u0259m d\u0259 parlaql\u0131q ver\u0259n kompleks yana\u015fma t\u0259l\u0259b olunur.<\/p>\n<hr data-start=\"1535\" data-end=\"1538\" \/>\n<h3 data-start=\"1540\" data-end=\"1548\">H\u0259ll<\/h3>\n<p data-start=\"1550\" data-end=\"1691\"><strong data-start=\"1550\" data-end=\"1598\">Biocos Noorjahan Gold Whitening Beauty Cream<\/strong> d\u0259rinin daha parlaq v\u0259 b\u0259rab\u0259r tonlu g\u00f6r\u00fcnm\u0259si \u00fc\u00e7\u00fcn haz\u0131rlanm\u0131\u015f x\u00fcsusi formulaya malikdir.<\/p>\n<p data-start=\"1693\" data-end=\"1725\">T\u0259rkibind\u0259ki aktiv komponentl\u0259r:<\/p>\n<ul data-start=\"1727\" data-end=\"1949\">\n<li data-start=\"1727\" data-end=\"1774\">\n<p data-start=\"1729\" data-end=\"1774\">D\u0259ri tonunu vizual olaraq a\u00e7ma\u011fa k\u00f6m\u0259k edir<\/p>\n<\/li>\n<li data-start=\"1775\" data-end=\"1824\">\n<p data-start=\"1777\" data-end=\"1824\">Piqmentasiya g\u00f6r\u00fcn\u00fc\u015f\u00fcn\u00fc azaltma\u011fa d\u0259st\u0259k olur<\/p>\n<\/li>\n<li data-start=\"1825\" data-end=\"1873\">\n<p data-start=\"1827\" data-end=\"1873\">D\u0259rini qidaland\u0131r\u0131r v\u0259 elastikliyini qoruyur<\/p>\n<\/li>\n<li data-start=\"1874\" data-end=\"1913\">\n<p data-start=\"1876\" data-end=\"1913\">Daha hamar v\u0259 canl\u0131 g\u00f6r\u00fcn\u00fc\u015f yarad\u0131r<\/p>\n<\/li>\n<li data-start=\"1914\" data-end=\"1949\">\n<p data-start=\"1916\" data-end=\"1949\">G\u00fcnd\u0259lik istifad\u0259 \u00fc\u00e7\u00fcn uy\u011fundur<\/p>\n<\/li>\n<\/ul>\n<p data-start=\"1951\" data-end=\"2102\">M\u0259hsul d\u0259rini a\u011f\u0131rla\u015fd\u0131rmadan hopur v\u0259 ya\u011fl\u0131 hiss buraxm\u0131r. M\u00fcnt\u0259z\u0259m istifad\u0259 zaman\u0131 d\u0259rinin \u00fcmumi g\u00f6r\u00fcn\u00fc\u015f\u00fcnd\u0259 ayd\u0131nla\u015fma v\u0259 parlaql\u0131q m\u00fc\u015fahid\u0259 edilir.<\/p>\n<hr data-start=\"2104\" data-end=\"2107\" \/>\n<h3 data-start=\"2109\" data-end=\"2119\">N\u0259tic\u0259<\/h3>\n<p data-start=\"2121\" data-end=\"2148\">Daimi istifad\u0259 n\u0259tic\u0259sind\u0259:<\/p>\n<ul data-start=\"2150\" data-end=\"2305\">\n<li data-start=\"2150\" data-end=\"2184\">\n<p data-start=\"2152\" data-end=\"2184\">D\u0259ri tonu daha b\u0259rab\u0259r g\u00f6r\u00fcn\u00fcr<\/p>\n<\/li>\n<li data-start=\"2185\" data-end=\"2219\">\n<p data-start=\"2187\" data-end=\"2219\">Sol\u011fun v\u0259 yor\u011fun effekt azal\u0131r<\/p>\n<\/li>\n<li data-start=\"2220\" data-end=\"2268\">\n<p data-start=\"2222\" data-end=\"2268\">D\u0259ri daha parlaq v\u0259 bax\u0131ml\u0131 t\u0259sir ba\u011f\u0131\u015flay\u0131r<\/p>\n<\/li>\n<li data-start=\"2269\" data-end=\"2305\">\n<p data-start=\"2271\" data-end=\"2305\">\u00dcmumi estetik g\u00f6r\u00fcn\u00fc\u015f yax\u015f\u0131la\u015f\u0131r<\/p>\n<\/li>\n<\/ul>\n<p data-start=\"2307\" data-end=\"2424\">Biocos Noorjahan Gold Whitening Beauty Cream g\u00fcnd\u0259lik qulluq rutinin\u0259 rahat inteqrasiya oluna bil\u0259n praktik se\u00e7imdir.<\/p>\n<hr data-start=\"2426\" data-end=\"2429\" \/>\n<h2 data-start=\"2431\" data-end=\"2460\">Niy\u0259 bu m\u0259hsulu almal\u0131yam?<\/h2>\n<ul data-start=\"2462\" data-end=\"2633\">\n<li data-start=\"2462\" data-end=\"2493\">\n<p data-start=\"2464\" data-end=\"2493\">Ton b\u0259rab\u0259rl\u0259\u015fdirici effekt<\/p>\n<\/li>\n<li data-start=\"2494\" data-end=\"2520\">\n<p data-start=\"2496\" data-end=\"2520\">Parlaql\u0131q ver\u0259n formul<\/p>\n<\/li>\n<li data-start=\"2521\" data-end=\"2558\">\n<p data-start=\"2523\" data-end=\"2558\">Qidaland\u0131r\u0131c\u0131 v\u0259 yum\u015fald\u0131c\u0131 t\u0259sir<\/p>\n<\/li>\n<li data-start=\"2559\" data-end=\"2600\">\n<p data-start=\"2561\" data-end=\"2600\">G\u00fcnd\u0259lik istifad\u0259 \u00fc\u00e7\u00fcn uy\u011fun tekstura<\/p>\n<\/li>\n<li data-start=\"2601\" data-end=\"2633\">\n<p data-start=\"2603\" data-end=\"2633\">Qiym\u0259t v\u0259 performans balans\u0131<\/p>\n<\/li>\n<\/ul>\n<p data-start=\"2635\" data-end=\"2747\">\u018fg\u0259r m\u0259qs\u0259diniz d\u0259riniz\u0259 daha canl\u0131, t\u0259rav\u0259tli v\u0259 b\u0259rab\u0259r g\u00f6r\u00fcn\u00fc\u015f qazand\u0131rmaqd\u0131rsa, bu m\u0259hsul rasional se\u00e7imdir.<\/p>\n<hr data-start=\"2749\" data-end=\"2752\" \/>\n<h2 data-start=\"2754\" data-end=\"2773\">\u0130stifad\u0259 qaydas\u0131<\/h2>\n<ol data-start=\"2775\" data-end=\"2989\">\n<li data-start=\"2775\" data-end=\"2818\">\n<p data-start=\"2778\" data-end=\"2818\">\u00dcz nahiy\u0259sini t\u0259mizl\u0259yin v\u0259 qurulay\u0131n.<\/p>\n<\/li>\n<li data-start=\"2819\" data-end=\"2900\">\n<p data-start=\"2822\" data-end=\"2900\">Kremd\u0259n kifay\u0259t q\u0259d\u0259r miqdarda g\u00f6t\u00fcr\u0259r\u0259k \u00fcz v\u0259 boyun nahiy\u0259sin\u0259 t\u0259tbiq edin.<\/p>\n<\/li>\n<li data-start=\"2901\" data-end=\"2944\">\n<p data-start=\"2904\" data-end=\"2944\">Y\u00fcng\u00fcl masaj h\u0259r\u0259k\u0259tl\u0259ri il\u0259 hopdurun.<\/p>\n<\/li>\n<li data-start=\"2945\" data-end=\"2989\">\n<p data-start=\"2948\" data-end=\"2989\">G\u00fcnd\u0259 1\u20132 d\u0259f\u0259 istifad\u0259 t\u00f6vsiy\u0259 olunur.<\/p>\n<\/li>\n<\/ol>\n<p data-start=\"2991\" data-end=\"3074\">G\u00fcn \u0259rzind\u0259 istifad\u0259 edil\u0259rs\u0259, \u0259lav\u0259 olaraq SPF m\u0259hsul t\u0259tbiq edilm\u0259si m\u0259sl\u0259h\u0259tdir.<\/p>\n<hr data-start=\"3076\" data-end=\"3079\" \/>\n<h2 data-start=\"3081\" data-end=\"3088\">Qeyd<\/h2>\n<ul data-start=\"3090\" data-end=\"3276\">\n<li data-start=\"3090\" data-end=\"3125\">\n<p data-start=\"3092\" data-end=\"3125\">G\u00f6zl\u0259 birba\u015fa t\u0259masdan qa\u00e7\u0131n\u0131n.<\/p>\n<\/li>\n<li data-start=\"3126\" data-end=\"3179\">\n<p data-start=\"3128\" data-end=\"3179\">H\u0259ssas d\u0259riy\u0259 sahib \u015f\u0259xsl\u0259r ilkin test etm\u0259lidir.<\/p>\n<\/li>\n<li data-start=\"3180\" data-end=\"3242\">\n<p data-start=\"3182\" data-end=\"3242\">Allergik reaksiya m\u00fc\u015fahid\u0259 olunarsa istifad\u0259ni dayand\u0131r\u0131n.<\/p>\n<\/li>\n<li data-start=\"3243\" data-end=\"3276\">\n<p data-start=\"3245\" data-end=\"3276\">S\u0259rin v\u0259 quru yerd\u0259 saxlay\u0131n.<\/p>\n<\/li>\n<\/ul>","protected":false},"excerpt":{"rendered":"<p>Biocos Noorjahan Gold Whitening Beauty Cream d\u0259rini qidaland\u0131r\u0131r, ton f\u0259rql\u0259rini azald\u0131r v\u0259 daha parlaq g\u00f6r\u00fcn\u00fc\u015f yarad\u0131r. G\u00fcnd\u0259lik qulluq \u00fc\u00e7\u00fcn uy\u011fun teksturaya malikdir v\u0259 d\u0259rini a\u011f\u0131rla\u015fd\u0131rmadan hopur. Daha b\u0259rab\u0259r v\u0259 bax\u0131ml\u0131 d\u0259ri \u00fc\u00e7\u00fcn effektiv se\u00e7imdir.<\/p>","protected":false},"featured_media":9776,"comment_status":"open","ping_status":"closed","template":"","meta":[],"pwb-brand":[161],"product_cat":[127,142],"product_tag":[294,293,428,319,418],"class_list":{"0":"post-9775","1":"product","2":"type-product","3":"status-publish","4":"has-post-thumbnail","6":"pwb-brand-biocos","7":"product_cat-face-care","8":"product_cat-face-creams","9":"product_tag-face","10":"product_tag-facecare","11":"product_tag-uz-kremi","12":"product_tag-uz-lklri","13":"product_tag-uzbaximi","14":"pa_size-15grm","17":"instock","18":"shipping-taxable","19":"purchasable","20":"product-type-simple"},"brands":[{"id":161,"name":"Biocos","slug":"biocos"}],"_links":{"self":[{"href":"https:\/\/axtarstore.com\/ru\/wp-json\/wp\/v2\/product\/9775"}],"collection":[{"href":"https:\/\/axtarstore.com\/ru\/wp-json\/wp\/v2\/product"}],"about":[{"href":"https:\/\/axtarstore.com\/ru\/wp-json\/wp\/v2\/types\/product"}],"replies":[{"embeddable":true,"href":"https:\/\/axtarstore.com\/ru\/wp-json\/wp\/v2\/comments?post=9775"}],"version-history":[{"count":3,"href":"https:\/\/axtarstore.com\/ru\/wp-json\/wp\/v2\/product\/9775\/revisions"}],"predecessor-version":[{"id":11156,"href":"https:\/\/axtarstore.com\/ru\/wp-json\/wp\/v2\/product\/9775\/revisions\/11156"}],"wp:featuredmedia":[{"embeddable":true,"href":"https:\/\/axtarstore.com\/ru\/wp-json\/wp\/v2\/media\/9776"}],"wp:attachment":[{"href":"https:\/\/axtarstore.com\/ru\/wp-json\/wp\/v2\/media?parent=9775"}],"wp:term":[{"taxonomy":"pwb-brand","embeddable":true,"href":"https:\/\/axtarstore.com\/ru\/wp-json\/wp\/v2\/pwb-brand?post=9775"},{"taxonomy":"product_cat","embeddable":true,"href":"https:\/\/axtarstore.com\/ru\/wp-json\/wp\/v2\/product_cat?post=9775"},{"taxonomy":"product_tag","embeddable":true,"href":"https:\/\/axtarstore.com\/ru\/wp-json\/wp\/v2\/product_tag?post=9775"}],"curies":[{"name":"wp","href":"https:\/\/api.w.org\/{rel}","templated":true}]}}