{"id":9759,"date":"2025-04-21T23:40:56","date_gmt":"2025-04-21T19:40:56","guid":{"rendered":"https:\/\/axtarstore.com\/?post_type=product&#038;p=9759"},"modified":"2026-02-17T23:37:06","modified_gmt":"2026-02-17T19:37:06","slug":"malika-whitening-serum-tebii-parlaqliq","status":"publish","type":"product","link":"https:\/\/axtarstore.com\/ru\/product\/malika-whitening-serum-tebii-parlaqliq\/","title":{"rendered":"Malika Whitening Serum \u2013 T\u0259bii Par\u0131lt\u0131 v\u0259 L\u0259k\u0259siz D\u0259ri"},"content":{"rendered":"<h2 data-start=\"817\" data-end=\"881\">Malika Whitening Serum \u2013 T\u0259bii Parlaql\u0131q v\u0259 B\u0259rab\u0259r D\u0259ri Tonu<\/h2>\n<h3 data-start=\"883\" data-end=\"894\">Problem<\/h3>\n<p data-start=\"896\" data-end=\"1161\">D\u0259ri tonunun qeyri-b\u0259rab\u0259r olmas\u0131, piqment l\u0259k\u0259l\u0259ri, sol\u011fun g\u00f6r\u00fcn\u00fc\u015f v\u0259 g\u00fcn\u0259\u015f t\u0259siri n\u0259tic\u0259sind\u0259 yaranan qaralmalar bir \u00e7ox insan\u0131n qar\u015f\u0131la\u015fd\u0131\u011f\u0131 \u00fcmumi probleml\u0259rd\u0259ndir. Bu hallar d\u0259rinin estetik g\u00f6r\u00fcn\u00fc\u015f\u00fcn\u0259 m\u0259nfi t\u0259sir g\u00f6st\u0259r\u0259r\u0259k onu yor\u011fun v\u0259 bax\u0131ms\u0131z g\u00f6st\u0259r\u0259 bil\u0259r.<\/p>\n<p data-start=\"1163\" data-end=\"1300\">\u018fn\u0259n\u0259vi kreml\u0259r \u00e7ox zaman d\u0259rinin s\u0259thi qat\u0131nda qal\u0131r v\u0259 d\u0259rin t\u0259sir g\u00f6st\u0259rmir. N\u0259tic\u0259d\u0259 l\u0259k\u0259 v\u0259 ton f\u0259rql\u0259ri uzun m\u00fcdd\u0259t aradan qalxm\u0131r.<\/p>\n<p data-start=\"1302\" data-end=\"1364\">Daha effektiv v\u0259 konsentrat qulluq vasit\u0259sin\u0259 ehtiyac yaran\u0131r.<\/p>\n<hr data-start=\"1366\" data-end=\"1369\" \/>\n<h3 data-start=\"1371\" data-end=\"1379\">H\u0259ll<\/h3>\n<p data-start=\"1381\" data-end=\"1499\"><strong data-start=\"1381\" data-end=\"1407\">Malika Whitening Serum<\/strong> d\u0259ri tonunu b\u0259rab\u0259rl\u0259\u015fdirm\u0259y\u0259 v\u0259 t\u0259bii parlaql\u0131q qazand\u0131rma\u011fa y\u00f6n\u0259lik haz\u0131rlanm\u0131\u015f serumdur.<\/p>\n<p data-start=\"1501\" data-end=\"1523\">M\u0259hsulun \u00fcst\u00fcnl\u00fckl\u0259ri:<\/p>\n<ul data-start=\"1525\" data-end=\"1724\">\n<li data-start=\"1525\" data-end=\"1568\">\n<p data-start=\"1527\" data-end=\"1568\">L\u0259k\u0259 g\u00f6r\u00fcn\u00fc\u015f\u00fcn\u00fcn azalmas\u0131na d\u0259st\u0259k olur<\/p>\n<\/li>\n<li data-start=\"1569\" data-end=\"1614\">\n<p data-start=\"1571\" data-end=\"1614\">D\u0259ri tonunu vizual olaraq b\u0259rab\u0259rl\u0259\u015fdirir<\/p>\n<\/li>\n<li data-start=\"1615\" data-end=\"1656\">\n<p data-start=\"1617\" data-end=\"1656\">Parlaql\u0131q v\u0259 canl\u0131l\u0131q effekti yarad\u0131r<\/p>\n<\/li>\n<li data-start=\"1657\" data-end=\"1687\">\n<p data-start=\"1659\" data-end=\"1687\">Y\u00fcng\u00fcl teksturaya malikdir<\/p>\n<\/li>\n<li data-start=\"1688\" data-end=\"1724\">\n<p data-start=\"1690\" data-end=\"1724\">Tez hopur v\u0259 ya\u011fl\u0131 hiss buraxm\u0131r<\/p>\n<\/li>\n<\/ul>\n<p data-start=\"1726\" data-end=\"1928\">Serum formas\u0131 say\u0259sind\u0259 aktiv komponentl\u0259r d\u0259rinin daha d\u0259rin qatlar\u0131na n\u00fcfuz edir v\u0259 kompleks t\u0259sir g\u00f6st\u0259rir. G\u00fcnd\u0259lik istifad\u0259 \u00fc\u00e7\u00fcn uy\u011fundur v\u0259 dig\u0259r qulluq m\u0259hsullar\u0131 il\u0259 birlikd\u0259 t\u0259tbiq edil\u0259 bil\u0259r.<\/p>\n<hr data-start=\"1930\" data-end=\"1933\" \/>\n<h3 data-start=\"1935\" data-end=\"1945\">N\u0259tic\u0259<\/h3>\n<p data-start=\"1947\" data-end=\"1977\">M\u00fcnt\u0259z\u0259m istifad\u0259 n\u0259tic\u0259sind\u0259:<\/p>\n<ul data-start=\"1979\" data-end=\"2118\">\n<li data-start=\"1979\" data-end=\"2014\">\n<p data-start=\"1981\" data-end=\"2014\">D\u0259ri daha b\u0259rab\u0259r tonlu g\u00f6r\u00fcn\u00fcr<\/p>\n<\/li>\n<li data-start=\"2015\" data-end=\"2049\">\n<p data-start=\"2017\" data-end=\"2049\">Sol\u011fun v\u0259 yor\u011fun effekt azal\u0131r<\/p>\n<\/li>\n<li data-start=\"2050\" data-end=\"2081\">\n<p data-start=\"2052\" data-end=\"2081\">Parlaql\u0131q v\u0259 canl\u0131l\u0131q art\u0131r<\/p>\n<\/li>\n<li data-start=\"2082\" data-end=\"2118\">\n<p data-start=\"2084\" data-end=\"2118\">\u00dcmumi d\u0259ri keyfiyy\u0259ti yax\u015f\u0131la\u015f\u0131r<\/p>\n<\/li>\n<\/ul>\n<p data-start=\"2120\" data-end=\"2174\">Daimi t\u0259tbiq uzunm\u00fcdd\u0259tli v\u0259 daha stabil n\u0259tic\u0259 verir.<\/p>\n<hr data-start=\"2176\" data-end=\"2179\" \/>\n<h2 data-start=\"2181\" data-end=\"2210\">Niy\u0259 bu m\u0259hsulu almal\u0131yam?<\/h2>\n<ul data-start=\"2212\" data-end=\"2390\">\n<li data-start=\"2212\" data-end=\"2248\">\n<p data-start=\"2214\" data-end=\"2248\">Serum format\u0131nda intensiv qulluq<\/p>\n<\/li>\n<li data-start=\"2249\" data-end=\"2295\">\n<p data-start=\"2251\" data-end=\"2295\">L\u0259k\u0259 v\u0259 ton f\u0259rql\u0259rin\u0259 qar\u015f\u0131 y\u00f6n\u0259lik t\u0259sir<\/p>\n<\/li>\n<li data-start=\"2296\" data-end=\"2328\">\n<p data-start=\"2298\" data-end=\"2328\">G\u00fcnd\u0259lik istifad\u0259 \u00fc\u00e7\u00fcn uy\u011fun<\/p>\n<\/li>\n<li data-start=\"2329\" data-end=\"2357\">\n<p data-start=\"2331\" data-end=\"2357\">Y\u00fcng\u00fcl v\u0259 rahat tekstura<\/p>\n<\/li>\n<li data-start=\"2358\" data-end=\"2390\">\n<p data-start=\"2360\" data-end=\"2390\">Qiym\u0259t v\u0259 performans balans\u0131<\/p>\n<\/li>\n<\/ul>\n<p data-start=\"2392\" data-end=\"2495\">\u018fg\u0259r m\u0259qs\u0259diniz d\u0259rinizin daha parlaq v\u0259 b\u0259rab\u0259r g\u00f6r\u00fcnm\u0259sidirs\u0259, Malika Whitening Serum uy\u011fun se\u00e7imdir.<\/p>\n<hr data-start=\"2497\" data-end=\"2500\" \/>\n<h2 data-start=\"2502\" data-end=\"2521\">\u0130stifad\u0259 qaydas\u0131<\/h2>\n<ol data-start=\"2523\" data-end=\"2742\">\n<li data-start=\"2523\" data-end=\"2551\">\n<p data-start=\"2526\" data-end=\"2551\">\u00dcz d\u0259risini t\u0259mizl\u0259yin.<\/p>\n<\/li>\n<li data-start=\"2552\" data-end=\"2609\">\n<p data-start=\"2555\" data-end=\"2609\">2\u20133 damc\u0131 serumu \u00fcz v\u0259 boyun nahiy\u0259sin\u0259 t\u0259tbiq edin.<\/p>\n<\/li>\n<li data-start=\"2610\" data-end=\"2653\">\n<p data-start=\"2613\" data-end=\"2653\">Y\u00fcng\u00fcl masaj h\u0259r\u0259k\u0259tl\u0259ri il\u0259 hopdurun.<\/p>\n<\/li>\n<li data-start=\"2654\" data-end=\"2702\">\n<p data-start=\"2657\" data-end=\"2702\">Daha sonra n\u0259ml\u0259ndirici krem istifad\u0259 edin.<\/p>\n<\/li>\n<li data-start=\"2703\" data-end=\"2742\">\n<p data-start=\"2706\" data-end=\"2742\">G\u00fcnd\u0259 1\u20132 d\u0259f\u0259 t\u0259tbiq edil\u0259 bil\u0259r.<\/p>\n<\/li>\n<\/ol>\n<p data-start=\"2744\" data-end=\"2784\">G\u00fcnd\u00fcz istifad\u0259sind\u0259 SPF t\u00f6vsiy\u0259 olunur.<\/p>\n<hr data-start=\"2786\" data-end=\"2789\" \/>\n<h2 data-start=\"2791\" data-end=\"2798\">Qeyd<\/h2>\n<ul data-start=\"2800\" data-end=\"2981\">\n<li data-start=\"2800\" data-end=\"2827\">\n<p data-start=\"2802\" data-end=\"2827\">G\u00f6zl\u0259 t\u0259masdan qa\u00e7\u0131n\u0131n.<\/p>\n<\/li>\n<li data-start=\"2828\" data-end=\"2881\">\n<p data-start=\"2830\" data-end=\"2881\">H\u0259ssas d\u0259riy\u0259 sahib \u015f\u0259xsl\u0259r ilkin test etm\u0259lidir.<\/p>\n<\/li>\n<li data-start=\"2882\" data-end=\"2947\">\n<p data-start=\"2884\" data-end=\"2947\">Q\u0131zart\u0131 v\u0259 ya allergik reaksiya olarsa istifad\u0259ni dayand\u0131r\u0131n.<\/p>\n<\/li>\n<li data-start=\"2948\" data-end=\"2981\">\n<p data-start=\"2950\" data-end=\"2981\">S\u0259rin v\u0259 quru yerd\u0259 saxlay\u0131n.<\/p>\n<\/li>\n<\/ul>","protected":false},"excerpt":{"rendered":"<p>Malika Whitening Serum d\u0259ri tonunu b\u0259rab\u0259rl\u0259\u015fdirir, l\u0259k\u0259 g\u00f6r\u00fcn\u00fc\u015f\u00fcn\u00fc azaltma\u011fa k\u00f6m\u0259k edir v\u0259 t\u0259bii parlaql\u0131q yarad\u0131r. Y\u00fcng\u00fcl tekstura v\u0259 g\u00fcnd\u0259lik istifad\u0259 \u00fc\u00e7\u00fcn uy\u011fundur.<\/p>","protected":false},"featured_media":9760,"comment_status":"open","ping_status":"closed","template":"","meta":[],"pwb-brand":[182],"product_cat":[127,143,144],"product_tag":[294,353,293,319,418],"class_list":{"0":"post-9759","1":"product","2":"type-product","3":"status-publish","4":"has-post-thumbnail","6":"pwb-brand-kass-cosmetics","7":"product_cat-face-care","8":"product_cat-face-serum","9":"product_cat-face-vitamins","10":"product_tag-face","11":"product_tag-face-serum","12":"product_tag-facecare","13":"product_tag-uz-lklri","14":"product_tag-uzbaximi","15":"pa_size-5ml","18":"instock","19":"shipping-taxable","20":"purchasable","21":"product-type-simple"},"brands":[{"id":182,"name":"Kass Cosmetics","slug":"kass-cosmetics"}],"_links":{"self":[{"href":"https:\/\/axtarstore.com\/ru\/wp-json\/wp\/v2\/product\/9759"}],"collection":[{"href":"https:\/\/axtarstore.com\/ru\/wp-json\/wp\/v2\/product"}],"about":[{"href":"https:\/\/axtarstore.com\/ru\/wp-json\/wp\/v2\/types\/product"}],"replies":[{"embeddable":true,"href":"https:\/\/axtarstore.com\/ru\/wp-json\/wp\/v2\/comments?post=9759"}],"version-history":[{"count":3,"href":"https:\/\/axtarstore.com\/ru\/wp-json\/wp\/v2\/product\/9759\/revisions"}],"predecessor-version":[{"id":11162,"href":"https:\/\/axtarstore.com\/ru\/wp-json\/wp\/v2\/product\/9759\/revisions\/11162"}],"wp:featuredmedia":[{"embeddable":true,"href":"https:\/\/axtarstore.com\/ru\/wp-json\/wp\/v2\/media\/9760"}],"wp:attachment":[{"href":"https:\/\/axtarstore.com\/ru\/wp-json\/wp\/v2\/media?parent=9759"}],"wp:term":[{"taxonomy":"pwb-brand","embeddable":true,"href":"https:\/\/axtarstore.com\/ru\/wp-json\/wp\/v2\/pwb-brand?post=9759"},{"taxonomy":"product_cat","embeddable":true,"href":"https:\/\/axtarstore.com\/ru\/wp-json\/wp\/v2\/product_cat?post=9759"},{"taxonomy":"product_tag","embeddable":true,"href":"https:\/\/axtarstore.com\/ru\/wp-json\/wp\/v2\/product_tag?post=9759"}],"curies":[{"name":"wp","href":"https:\/\/api.w.org\/{rel}","templated":true}]}}