{"id":9750,"date":"2025-04-21T23:17:56","date_gmt":"2025-04-21T19:17:56","guid":{"rendered":"https:\/\/axtarstore.com\/?post_type=product&#038;p=9750"},"modified":"2026-02-17T23:44:43","modified_gmt":"2026-02-17T19:44:43","slug":"dr-laila-kabak-lifli-corek-otu-ozlu-sabun","status":"publish","type":"product","link":"https:\/\/axtarstore.com\/ru\/product\/dr-laila-kabak-lifli-corek-otu-ozlu-sabun\/","title":{"rendered":"Dr. Laila Do\u011fal Kabak Lifli \u00c7\u00f6rek Otu \u00d6zl\u00fc Sabun"},"content":{"rendered":"<h2 data-start=\"842\" data-end=\"893\">Dr. Laila Do\u011fal Kabak Lifli \u00c7\u00f6r\u0259k Otu \u00d6zl\u00fc Sabun<\/h2>\n<h3 data-start=\"895\" data-end=\"906\">Problem<\/h3>\n<p data-start=\"908\" data-end=\"1122\">D\u0259rinin s\u0259thind\u0259 y\u0131\u011f\u0131lan \u00f6l\u00fc h\u00fcceyr\u0259l\u0259r, art\u0131q ya\u011f v\u0259 \u00e7irkl\u0259r zamanla m\u0259sam\u0259l\u0259rin tutulmas\u0131na v\u0259 d\u0259rinin kobud g\u00f6r\u00fcnm\u0259sin\u0259 s\u0259b\u0259b olur. X\u00fcsusil\u0259 ya\u011fl\u0131 v\u0259 qar\u0131\u015f\u0131q d\u0259ri tipind\u0259 bu problem daha tez-tez m\u00fc\u015fahid\u0259 edilir.<\/p>\n<p data-start=\"1124\" data-end=\"1283\">Adi sabunlar d\u0259rini yaln\u0131z s\u0259thi t\u0259mizl\u0259yir v\u0259 d\u0259rin t\u0259mizl\u0259m\u0259 effekti vermir. N\u0259tic\u0259d\u0259 d\u0259ri hamar g\u00f6r\u00fcnm\u00fcr, m\u0259sam\u0259l\u0259r geni\u015f qal\u0131r v\u0259 s\u0131zanaq riski arta bil\u0259r.<\/p>\n<p data-start=\"1285\" data-end=\"1388\">D\u0259riy\u0259 h\u0259m mexaniki, h\u0259m d\u0259 qidaland\u0131r\u0131c\u0131 t\u0259sir g\u00f6st\u0259r\u0259n balansl\u0131 t\u0259mizl\u0259yici vasit\u0259y\u0259 ehtiyac yaran\u0131r.<\/p>\n<hr data-start=\"1390\" data-end=\"1393\" \/>\n<h3 data-start=\"1395\" data-end=\"1403\">H\u0259ll<\/h3>\n<p data-start=\"1405\" data-end=\"1540\"><strong data-start=\"1405\" data-end=\"1451\">Dr. Laila Kabak Lifli \u00c7\u00f6r\u0259k Otu \u00d6zl\u00fc Sabun<\/strong> t\u0259bii kabak lifi v\u0259 \u00e7\u00f6r\u0259k otu ekstrakt\u0131 il\u0259 z\u0259nginl\u0259\u015fdirilmi\u015f x\u00fcsusi formulaya malikdir.<\/p>\n<p data-start=\"1542\" data-end=\"1553\">Kabak lifi:<\/p>\n<ul data-start=\"1555\" data-end=\"1689\">\n<li data-start=\"1555\" data-end=\"1620\">\n<p data-start=\"1557\" data-end=\"1620\">D\u0259rinin s\u0259thind\u0259ki \u00f6l\u00fc h\u00fcceyr\u0259l\u0259ri mexaniki olaraq t\u0259mizl\u0259yir<\/p>\n<\/li>\n<li data-start=\"1621\" data-end=\"1654\">\n<p data-start=\"1623\" data-end=\"1654\">Y\u00fcng\u00fcl pilinq effekti yarad\u0131r<\/p>\n<\/li>\n<li data-start=\"1655\" data-end=\"1689\">\n<p data-start=\"1657\" data-end=\"1689\">D\u0259rini daha hamar hiss etdirir<\/p>\n<\/li>\n<\/ul>\n<p data-start=\"1691\" data-end=\"1715\">\u00c7\u00f6r\u0259k otu ekstrakt\u0131 is\u0259:<\/p>\n<ul data-start=\"1717\" data-end=\"1833\">\n<li data-start=\"1717\" data-end=\"1758\">\n<p data-start=\"1719\" data-end=\"1758\">D\u0259rinin balans\u0131n\u0131 qoruma\u011fa k\u00f6m\u0259k edir<\/p>\n<\/li>\n<li data-start=\"1759\" data-end=\"1800\">\n<p data-start=\"1761\" data-end=\"1800\">Ya\u011f ifraz\u0131n\u0131 t\u0259nziml\u0259m\u0259y\u0259 d\u0259st\u0259k olur<\/p>\n<\/li>\n<li data-start=\"1801\" data-end=\"1833\">\n<p data-start=\"1803\" data-end=\"1833\">T\u0259bii qulluq effekti yarad\u0131r<\/p>\n<\/li>\n<\/ul>\n<p data-start=\"1835\" data-end=\"1975\">Sabun h\u0259m \u00fcz, h\u0259m d\u0259 b\u0259d\u0259n \u00fc\u00e7\u00fcn istifad\u0259 oluna bil\u0259r. G\u00fcnd\u0259lik istifad\u0259 zaman\u0131 d\u0259rini s\u0259rt \u015f\u0259kild\u0259 qurutmadan effektiv t\u0259mizl\u0259m\u0259 t\u0259min edir.<\/p>\n<hr data-start=\"1977\" data-end=\"1980\" \/>\n<h3 data-start=\"1982\" data-end=\"1992\">N\u0259tic\u0259<\/h3>\n<p data-start=\"1994\" data-end=\"2024\">M\u00fcnt\u0259z\u0259m istifad\u0259 n\u0259tic\u0259sind\u0259:<\/p>\n<ul data-start=\"2026\" data-end=\"2172\">\n<li data-start=\"2026\" data-end=\"2062\">\n<p data-start=\"2028\" data-end=\"2062\">D\u0259ri daha hamar v\u0259 t\u0259miz g\u00f6r\u00fcn\u00fcr<\/p>\n<\/li>\n<li data-start=\"2063\" data-end=\"2095\">\n<p data-start=\"2065\" data-end=\"2095\">\u00d6l\u00fc h\u00fcceyr\u0259 y\u0131\u011f\u0131lmas\u0131 azal\u0131r<\/p>\n<\/li>\n<li data-start=\"2096\" data-end=\"2126\">\n<p data-start=\"2098\" data-end=\"2126\">M\u0259sam\u0259l\u0259r daha t\u0259miz qal\u0131r<\/p>\n<\/li>\n<li data-start=\"2127\" data-end=\"2172\">\n<p data-start=\"2129\" data-end=\"2172\">Daha bax\u0131ml\u0131 v\u0259 canl\u0131 g\u00f6r\u00fcn\u00fc\u015f \u0259ld\u0259 olunur<\/p>\n<\/li>\n<\/ul>\n<p data-start=\"2174\" data-end=\"2243\">Davaml\u0131 t\u0259tbiq d\u0259rinin \u00fcmumi keyfiyy\u0259tini yax\u015f\u0131la\u015fd\u0131rma\u011fa k\u00f6m\u0259k edir.<\/p>\n<hr data-start=\"2245\" data-end=\"2248\" \/>\n<h2 data-start=\"2250\" data-end=\"2279\">Niy\u0259 bu m\u0259hsulu almal\u0131yam?<\/h2>\n<ul data-start=\"2281\" data-end=\"2464\">\n<li data-start=\"2281\" data-end=\"2317\">\n<p data-start=\"2283\" data-end=\"2317\">Kabak lifli t\u0259bii pilinq effekti<\/p>\n<\/li>\n<li data-start=\"2318\" data-end=\"2360\">\n<p data-start=\"2320\" data-end=\"2360\">\u00c7\u00f6r\u0259k otu il\u0259 z\u0259nginl\u0259\u015fdirilmi\u015f formul<\/p>\n<\/li>\n<li data-start=\"2361\" data-end=\"2387\">\n<p data-start=\"2363\" data-end=\"2387\">\u00dcz v\u0259 b\u0259d\u0259n \u00fc\u00e7\u00fcn uy\u011fun<\/p>\n<\/li>\n<li data-start=\"2388\" data-end=\"2423\">\n<p data-start=\"2390\" data-end=\"2423\">D\u0259rin, lakin balansl\u0131 t\u0259mizl\u0259m\u0259<\/p>\n<\/li>\n<li data-start=\"2424\" data-end=\"2464\">\n<p data-start=\"2426\" data-end=\"2464\">G\u00fcnd\u0259lik istifad\u0259 \u00fc\u00e7\u00fcn praktik se\u00e7im<\/p>\n<\/li>\n<\/ul>\n<p data-start=\"2466\" data-end=\"2573\">\u018fg\u0259r h\u0259m t\u0259mizl\u0259yici, h\u0259m d\u0259 y\u00fcng\u00fcl pilinq effekti ver\u0259n sabun axtar\u0131rs\u0131n\u0131zsa, bu m\u0259hsul rasional se\u00e7imdir.<\/p>\n<hr data-start=\"2575\" data-end=\"2578\" \/>\n<h2 data-start=\"2580\" data-end=\"2599\">\u0130stifad\u0259 qaydas\u0131<\/h2>\n<ol data-start=\"2601\" data-end=\"2777\">\n<li data-start=\"2601\" data-end=\"2633\">\n<p data-start=\"2604\" data-end=\"2633\">D\u0259rini il\u0131q su il\u0259 islad\u0131n.<\/p>\n<\/li>\n<li data-start=\"2634\" data-end=\"2695\">\n<p data-start=\"2637\" data-end=\"2695\">Sabunu k\u00f6p\u00fckl\u0259ndir\u0259r\u0259k dair\u0259vi h\u0259r\u0259k\u0259tl\u0259rl\u0259 t\u0259tbiq edin.<\/p>\n<\/li>\n<li data-start=\"2696\" data-end=\"2750\">\n<p data-start=\"2699\" data-end=\"2750\">X\u00fcsusil\u0259 problemli nahiy\u0259l\u0259rd\u0259 y\u00fcng\u00fcl masaj edin.<\/p>\n<\/li>\n<li data-start=\"2751\" data-end=\"2777\">\n<p data-start=\"2754\" data-end=\"2777\">Bol su il\u0259 yaxalay\u0131n.<\/p>\n<\/li>\n<\/ol>\n<p data-start=\"2779\" data-end=\"2846\">H\u0259ft\u0259d\u0259 3\u20134 d\u0259f\u0259 intensiv pilinq effekti \u00fc\u00e7\u00fcn istifad\u0259 oluna bil\u0259r.<\/p>\n<hr data-start=\"2848\" data-end=\"2851\" \/>\n<h2 data-start=\"2853\" data-end=\"2860\">Qeyd<\/h2>\n<ul data-start=\"2862\" data-end=\"3040\">\n<li data-start=\"2862\" data-end=\"2908\">\n<p data-start=\"2864\" data-end=\"2908\">H\u0259ddind\u0259n art\u0131q s\u00fcrtm\u0259k m\u0259sl\u0259h\u0259t g\u00f6r\u00fclm\u00fcr.<\/p>\n<\/li>\n<li data-start=\"2909\" data-end=\"2970\">\n<p data-start=\"2911\" data-end=\"2970\">H\u0259ssas d\u0259riy\u0259 sahib \u015f\u0259xsl\u0259r ehtiyatla istifad\u0259 etm\u0259lidir.<\/p>\n<\/li>\n<li data-start=\"2971\" data-end=\"3006\">\n<p data-start=\"2973\" data-end=\"3006\">G\u00f6zl\u0259 birba\u015fa t\u0259masdan qa\u00e7\u0131n\u0131n.<\/p>\n<\/li>\n<li data-start=\"3007\" data-end=\"3040\">\n<p data-start=\"3009\" data-end=\"3040\">Quru v\u0259 s\u0259rin yerd\u0259 saxlay\u0131n.<\/p>\n<\/li>\n<\/ul>","protected":false},"excerpt":{"rendered":"<p>Dr Laila Kabak Lifli \u00c7\u00f6r\u0259k Otu \u00d6zl\u00fc Sabun d\u0259rini d\u0259rin t\u0259mizl\u0259yir, y\u00fcng\u00fcl pilinq effekti yarad\u0131r v\u0259 daha hamar g\u00f6r\u00fcn\u00fc\u015f qazand\u0131r\u0131r. \u00dcz v\u0259 b\u0259d\u0259n \u00fc\u00e7\u00fcn uy\u011fundur.<\/p>","protected":false},"featured_media":9751,"comment_status":"open","ping_status":"closed","template":"","meta":[],"pwb-brand":[162],"product_cat":[127,148,147],"product_tag":[299,294,293,418],"class_list":{"0":"post-9750","1":"product","2":"type-product","3":"status-publish","4":"has-post-thumbnail","6":"pwb-brand-dr-laila","7":"product_cat-face-care","8":"product_cat-face-soaps","9":"product_cat-face-wash","10":"product_tag-acnetreatment","11":"product_tag-face","12":"product_tag-facecare","13":"product_tag-uzbaximi","14":"pa_size-120grm","17":"instock","18":"sale","19":"shipping-taxable","20":"purchasable","21":"product-type-simple"},"brands":[{"id":162,"name":"Dr Laila","slug":"dr-laila"}],"_links":{"self":[{"href":"https:\/\/axtarstore.com\/ru\/wp-json\/wp\/v2\/product\/9750"}],"collection":[{"href":"https:\/\/axtarstore.com\/ru\/wp-json\/wp\/v2\/product"}],"about":[{"href":"https:\/\/axtarstore.com\/ru\/wp-json\/wp\/v2\/types\/product"}],"replies":[{"embeddable":true,"href":"https:\/\/axtarstore.com\/ru\/wp-json\/wp\/v2\/comments?post=9750"}],"version-history":[{"count":3,"href":"https:\/\/axtarstore.com\/ru\/wp-json\/wp\/v2\/product\/9750\/revisions"}],"predecessor-version":[{"id":11166,"href":"https:\/\/axtarstore.com\/ru\/wp-json\/wp\/v2\/product\/9750\/revisions\/11166"}],"wp:featuredmedia":[{"embeddable":true,"href":"https:\/\/axtarstore.com\/ru\/wp-json\/wp\/v2\/media\/9751"}],"wp:attachment":[{"href":"https:\/\/axtarstore.com\/ru\/wp-json\/wp\/v2\/media?parent=9750"}],"wp:term":[{"taxonomy":"pwb-brand","embeddable":true,"href":"https:\/\/axtarstore.com\/ru\/wp-json\/wp\/v2\/pwb-brand?post=9750"},{"taxonomy":"product_cat","embeddable":true,"href":"https:\/\/axtarstore.com\/ru\/wp-json\/wp\/v2\/product_cat?post=9750"},{"taxonomy":"product_tag","embeddable":true,"href":"https:\/\/axtarstore.com\/ru\/wp-json\/wp\/v2\/product_tag?post=9750"}],"curies":[{"name":"wp","href":"https:\/\/api.w.org\/{rel}","templated":true}]}}