{"id":9735,"date":"2025-04-21T22:49:48","date_gmt":"2025-04-21T18:49:48","guid":{"rendered":"https:\/\/axtarstore.com\/?post_type=product&#038;p=9735"},"modified":"2026-02-19T20:27:06","modified_gmt":"2026-02-19T16:27:06","slug":"arenagold-beauty-cream-lekelere-qarsi","status":"publish","type":"product","link":"https:\/\/axtarstore.com\/ru\/product\/arenagold-beauty-cream-lekelere-qarsi\/","title":{"rendered":"ArenaGold Beauty Cream \u2013 L\u0259k\u0259l\u0259r\u0259 Qar\u015f\u0131 \u0130deal Bax\u0131m"},"content":{"rendered":"<h1 data-section-id=\"6weomx\" data-start=\"410\" data-end=\"434\">ArenaGold Beauty Cream<\/h1>\n<h2 data-section-id=\"6xzsz2\" data-start=\"436\" data-end=\"446\">Problem<\/h2>\n<p data-start=\"448\" data-end=\"759\">D\u0259ri l\u0259k\u0259l\u0259ri, ton f\u0259rql\u0259ri v\u0259 sol\u011fun g\u00f6r\u00fcn\u00fc\u015f bir \u00e7ox insan \u00fc\u00e7\u00fcn estetik narahatl\u0131q yarad\u0131r. G\u00fcn\u0259\u015f \u015f\u00fcalar\u0131, hormonal d\u0259yi\u015fiklikl\u0259r, ya\u015flanma prosesi v\u0259 s\u0131zanaq izl\u0259ri n\u0259tic\u0259sind\u0259 d\u0259rid\u0259 qeyri-b\u0259rab\u0259r r\u0259ng f\u0259rql\u0259ri meydana \u00e7\u0131xa bil\u0259r. Bu is\u0259 \u00fcmumi g\u00f6r\u00fcn\u00fc\u015f\u0259 m\u0259nfi t\u0259sir g\u00f6st\u0259rir v\u0259 d\u0259ri bax\u0131ms\u0131z t\u0259sir ba\u011f\u0131\u015flay\u0131r.<\/p>\n<p data-start=\"761\" data-end=\"994\">Bir \u00e7ox krem yaln\u0131z s\u0259thi n\u0259ml\u0259ndirm\u0259 t\u0259qdim edir v\u0259 l\u0259k\u0259l\u0259rin vizual g\u00f6r\u00fcn\u00fcm\u00fcn\u0259 ciddi t\u0259sir g\u00f6st\u0259rmir. D\u0259rinin h\u0259m qidalanmaya, h\u0259m d\u0259 ton balans\u0131n\u0131n b\u0259rpas\u0131na ehtiyac\u0131 var. Effektiv n\u0259tic\u0259 \u00fc\u00e7\u00fcn kompleks v\u0259 m\u00fcnt\u0259z\u0259m qulluq vacibdir.<\/p>\n<h2 data-section-id=\"1xwjg8k\" data-start=\"996\" data-end=\"1003\">H\u0259ll<\/h2>\n<p data-start=\"1005\" data-end=\"1228\">ArenaGold Beauty Cream d\u0259ri tonunun daha balansl\u0131 g\u00f6r\u00fcnm\u0259si v\u0259 l\u0259k\u0259 g\u00f6r\u00fcn\u00fcm\u00fcn\u00fcn azald\u0131lmas\u0131 m\u0259qs\u0259dil\u0259 haz\u0131rlanm\u0131\u015f g\u00fcnd\u0259lik \u00fcz kremidir. Formulas\u0131 d\u0259rini n\u0259ml\u0259ndirm\u0259y\u0259, qidaland\u0131rma\u011fa v\u0259 daha parlaq effekt yaratma\u011fa y\u00f6n\u0259lib.<\/p>\n<p data-start=\"1230\" data-end=\"1264\">Kremin m\u00fcnt\u0259z\u0259m istifad\u0259si zaman\u0131:<\/p>\n<ul data-start=\"1266\" data-end=\"1451\">\n<li data-section-id=\"oe5jsf\" data-start=\"1266\" data-end=\"1298\">\n<p data-start=\"1268\" data-end=\"1298\">D\u0259ri tonu daha vahid g\u00f6r\u00fcn\u00fcr<\/p>\n<\/li>\n<li data-section-id=\"1q16hxm\" data-start=\"1299\" data-end=\"1334\">\n<p data-start=\"1301\" data-end=\"1334\">L\u0259k\u0259 v\u0259 qaralma g\u00f6r\u00fcn\u00fcm\u00fc azal\u0131r<\/p>\n<\/li>\n<li data-section-id=\"1udfnay\" data-start=\"1335\" data-end=\"1372\">\n<p data-start=\"1337\" data-end=\"1372\">Sol\u011funluq azal\u0131r, parlaql\u0131q art\u0131r<\/p>\n<\/li>\n<li data-section-id=\"fkvs16\" data-start=\"1373\" data-end=\"1414\">\n<p data-start=\"1375\" data-end=\"1414\">D\u0259ri daha hamar v\u0259 yum\u015faq hiss olunur<\/p>\n<\/li>\n<li data-section-id=\"1nkng6e\" data-start=\"1415\" data-end=\"1451\">\n<p data-start=\"1417\" data-end=\"1451\">\u00dcmumi bax\u0131ml\u0131 g\u00f6r\u00fcn\u00fc\u015f formala\u015f\u0131r<\/p>\n<\/li>\n<\/ul>\n<p data-start=\"1453\" data-end=\"1589\">Y\u00fcng\u00fcl tekstura d\u0259rid\u0259 a\u011f\u0131rl\u0131q yaratm\u0131r v\u0259 tez hopur. Bu x\u00fcsusiyy\u0259t onu h\u0259m g\u00fcnd\u0259lik istifad\u0259, h\u0259m d\u0259 makiyaj alt\u0131 baza kimi uy\u011fun edir.<\/p>\n<h2 data-section-id=\"1bfdbjp\" data-start=\"1591\" data-end=\"1600\">N\u0259tic\u0259<\/h2>\n<p data-start=\"1602\" data-end=\"1802\">ArenaGold Beauty Cream m\u00fcnt\u0259z\u0259m istifad\u0259 zaman\u0131 d\u0259rinin daha t\u0259miz v\u0259 balansl\u0131 g\u00f6r\u00fcnm\u0259sin\u0259 d\u0259st\u0259k verir. Ton f\u0259rql\u0259ri vizual olaraq z\u0259ifl\u0259yir, s\u0259th daha hamar olur v\u0259 d\u0259ri daha canl\u0131 t\u0259sir ba\u011f\u0131\u015flay\u0131r.<\/p>\n<p data-start=\"1804\" data-end=\"1925\">M\u0259hsul sistemli istifad\u0259 \u00fc\u00e7\u00fcn n\u0259z\u0259rd\u0259 tutulub. Q\u0131sa m\u00fcdd\u0259tli maskalama deyil, m\u0259rh\u0259l\u0259li v\u0259 davaml\u0131 bax\u0131m m\u0259qs\u0259di da\u015f\u0131y\u0131r.<\/p>\n<hr data-start=\"1927\" data-end=\"1930\" \/>\n<h2 data-section-id=\"1u1lujk\" data-start=\"1932\" data-end=\"1961\">Niy\u0259 bu m\u0259hsulu almal\u0131yam?<\/h2>\n<ul data-start=\"1963\" data-end=\"2320\">\n<li data-section-id=\"1k3a4we\" data-start=\"1963\" data-end=\"2050\">\n<p data-start=\"1965\" data-end=\"2050\">\u00c7\u00fcnki d\u0259ri tonunuzda b\u0259rab\u0259rsizlik v\u0259 l\u0259k\u0259 problemi varsa, h\u0259d\u0259fli qulluq laz\u0131md\u0131r.<\/p>\n<\/li>\n<li data-section-id=\"hbq1st\" data-start=\"2051\" data-end=\"2115\">\n<p data-start=\"2053\" data-end=\"2115\">\u00c7\u00fcnki h\u0259m n\u0259ml\u0259ndirm\u0259, h\u0259m d\u0259 vizual ton balans\u0131 t\u0259min edir.<\/p>\n<\/li>\n<li data-section-id=\"bh1bik\" data-start=\"2116\" data-end=\"2176\">\n<p data-start=\"2118\" data-end=\"2176\">\u00c7\u00fcnki g\u00fcnd\u0259lik istifad\u0259y\u0259 uy\u011fun y\u00fcng\u00fcl formaya malikdir.<\/p>\n<\/li>\n<li data-section-id=\"1daspem\" data-start=\"2177\" data-end=\"2249\">\n<p data-start=\"2179\" data-end=\"2249\">\u00c7\u00fcnki m\u00fcnt\u0259z\u0259m t\u0259tbiq zaman\u0131 daha parlaq v\u0259 bax\u0131ml\u0131 g\u00f6r\u00fcn\u00fc\u015f yarad\u0131r.<\/p>\n<\/li>\n<li data-section-id=\"taix3v\" data-start=\"2250\" data-end=\"2320\">\n<p data-start=\"2252\" data-end=\"2320\">\u00c7\u00fcnki praktik v\u0259 funksional \u00fcz kremi axtaranlar \u00fc\u00e7\u00fcn uy\u011fun se\u00e7imdir.<\/p>\n<\/li>\n<\/ul>\n<p data-start=\"2322\" data-end=\"2434\">ArenaGold Beauty Cream d\u0259risin\u0259 sistemli v\u0259 m\u0259qs\u0259dy\u00f6nl\u00fc qulluq etm\u0259k ist\u0259y\u0259n istifad\u0259\u00e7il\u0259r \u00fc\u00e7\u00fcn n\u0259z\u0259rd\u0259 tutulub.<\/p>\n<hr data-start=\"2436\" data-end=\"2439\" \/>\n<h2 data-section-id=\"1exkxu7\" data-start=\"2441\" data-end=\"2460\">\u0130stifad\u0259 qaydas\u0131<\/h2>\n<ol data-start=\"2462\" data-end=\"2627\">\n<li data-section-id=\"mbnabp\" data-start=\"2462\" data-end=\"2499\">\n<p data-start=\"2465\" data-end=\"2499\">\u00dcz\u00fcn\u00fcz\u00fc t\u0259mizl\u0259yin v\u0259 qurulay\u0131n.<\/p>\n<\/li>\n<li data-section-id=\"1isim9q\" data-start=\"2500\" data-end=\"2569\">\n<p data-start=\"2503\" data-end=\"2569\">Kifay\u0259t q\u0259d\u0259r miqdarda kremi \u00fcz v\u0259 boyun nahiy\u0259sin\u0259 t\u0259tbiq edin.<\/p>\n<\/li>\n<li data-section-id=\"hxnbc8\" data-start=\"2570\" data-end=\"2627\">\n<p data-start=\"2573\" data-end=\"2627\">Y\u00fcng\u00fcl masaj h\u0259r\u0259k\u0259tl\u0259ri il\u0259 tam hopana q\u0259d\u0259r yay\u0131n.<\/p>\n<\/li>\n<\/ol>\n<p data-start=\"2629\" data-end=\"2740\">G\u00fcnd\u0259 1\u20132 d\u0259f\u0259 istifad\u0259 etm\u0259k t\u00f6vsiy\u0259 olunur. S\u0259h\u0259r istifad\u0259sind\u0259 g\u00fcn\u0259\u015fd\u0259n qoruyucu vasit\u0259 t\u0259tbiqi m\u0259sl\u0259h\u0259tdir.<\/p>\n<hr data-start=\"2742\" data-end=\"2745\" \/>\n<h2 data-section-id=\"1xwdj0s\" data-start=\"2747\" data-end=\"2754\">Qeyd<\/h2>\n<ul data-start=\"2756\" data-end=\"2939\">\n<li data-section-id=\"11ilav5\" data-start=\"2756\" data-end=\"2791\">\n<p data-start=\"2758\" data-end=\"2791\">Yaln\u0131z xarici istifad\u0259 \u00fc\u00e7\u00fcnd\u00fcr.<\/p>\n<\/li>\n<li data-section-id=\"15ym5wp\" data-start=\"2792\" data-end=\"2817\">\n<p data-start=\"2794\" data-end=\"2817\">G\u00f6zl\u0259 t\u0259masdan qa\u00e7\u0131n.<\/p>\n<\/li>\n<li data-section-id=\"1y6zhqk\" data-start=\"2818\" data-end=\"2881\">\n<p data-start=\"2820\" data-end=\"2881\">H\u0259ssas d\u0259riy\u0259 sahibsinizs\u0259, \u0259vv\u0259lc\u0259 ki\u00e7ik sah\u0259d\u0259 test edin.<\/p>\n<\/li>\n<li data-section-id=\"n2ztwg\" data-start=\"2882\" data-end=\"2939\">\n<p data-start=\"2884\" data-end=\"2939\">G\u00fcn\u0259\u015f\u0259 \u00e7\u0131xmazdan \u0259vv\u0259l SPF istifad\u0259si t\u00f6vsiy\u0259 olunur.<\/p>\n<\/li>\n<\/ul>","protected":false},"excerpt":{"rendered":"<p>ArenaGold Beauty Cream d\u0259ri tonunu b\u0259rab\u0259rl\u0259\u015fdir\u0259n, l\u0259k\u0259 g\u00f6r\u00fcn\u00fcm\u00fcn\u00fc azaldan v\u0259 daha parlaq effekt yaradan g\u00fcnd\u0259lik \u00fcz kremidir. D\u0259rini n\u0259ml\u0259ndirir, hamarla\u015fd\u0131r\u0131r v\u0259 bax\u0131ml\u0131 g\u00f6r\u00fcn\u00fc\u015f t\u0259min edir.<\/p>","protected":false},"featured_media":9736,"comment_status":"open","ping_status":"closed","template":"","meta":[],"pwb-brand":[163],"product_cat":[127,142],"product_tag":[428,319,418],"class_list":{"0":"post-9735","1":"product","2":"type-product","3":"status-publish","4":"has-post-thumbnail","6":"pwb-brand-arena-gold","7":"product_cat-face-care","8":"product_cat-face-creams","9":"product_tag-uz-kremi","10":"product_tag-uz-lklri","11":"product_tag-uzbaximi","12":"pa_size-20grm","15":"instock","16":"shipping-taxable","17":"purchasable","18":"product-type-simple"},"brands":[{"id":163,"name":"Arena Gold","slug":"arena-gold"}],"_links":{"self":[{"href":"https:\/\/axtarstore.com\/ru\/wp-json\/wp\/v2\/product\/9735"}],"collection":[{"href":"https:\/\/axtarstore.com\/ru\/wp-json\/wp\/v2\/product"}],"about":[{"href":"https:\/\/axtarstore.com\/ru\/wp-json\/wp\/v2\/types\/product"}],"replies":[{"embeddable":true,"href":"https:\/\/axtarstore.com\/ru\/wp-json\/wp\/v2\/comments?post=9735"}],"version-history":[{"count":3,"href":"https:\/\/axtarstore.com\/ru\/wp-json\/wp\/v2\/product\/9735\/revisions"}],"predecessor-version":[{"id":11177,"href":"https:\/\/axtarstore.com\/ru\/wp-json\/wp\/v2\/product\/9735\/revisions\/11177"}],"wp:featuredmedia":[{"embeddable":true,"href":"https:\/\/axtarstore.com\/ru\/wp-json\/wp\/v2\/media\/9736"}],"wp:attachment":[{"href":"https:\/\/axtarstore.com\/ru\/wp-json\/wp\/v2\/media?parent=9735"}],"wp:term":[{"taxonomy":"pwb-brand","embeddable":true,"href":"https:\/\/axtarstore.com\/ru\/wp-json\/wp\/v2\/pwb-brand?post=9735"},{"taxonomy":"product_cat","embeddable":true,"href":"https:\/\/axtarstore.com\/ru\/wp-json\/wp\/v2\/product_cat?post=9735"},{"taxonomy":"product_tag","embeddable":true,"href":"https:\/\/axtarstore.com\/ru\/wp-json\/wp\/v2\/product_tag?post=9735"}],"curies":[{"name":"wp","href":"https:\/\/api.w.org\/{rel}","templated":true}]}}