{"id":9730,"date":"2025-04-21T22:43:16","date_gmt":"2025-04-21T18:43:16","guid":{"rendered":"https:\/\/axtarstore.com\/?post_type=product&#038;p=9730"},"modified":"2026-02-19T20:28:57","modified_gmt":"2026-02-19T16:28:57","slug":"arenagold-hdpro-24k-qizil-gozellik-desti","status":"publish","type":"product","link":"https:\/\/axtarstore.com\/ru\/product\/arenagold-hdpro-24k-qizil-gozellik-desti\/","title":{"rendered":"ArenaGold Premium HD+PRO G\u00f6z\u0259llik D\u0259sti 24K Q\u0131z\u0131l Ekstraktlar\u0131 il\u0259"},"content":{"rendered":"<h1 data-section-id=\"1xg942v\" data-start=\"408\" data-end=\"459\">ArenaGold Premium HD+PRO G\u00f6z\u0259llik D\u0259sti 24K Q\u0131z\u0131l<\/h1>\n<h2 data-section-id=\"6xzsz2\" data-start=\"461\" data-end=\"471\">Problem<\/h2>\n<p data-start=\"473\" data-end=\"739\">D\u0259riy\u0259 qulluq zaman\u0131 \u0259n b\u00f6y\u00fck \u00e7\u0259tinlik d\u00fczg\u00fcn kombinasiyan\u0131 tapmaqd\u0131r. Ayr\u0131-ayr\u0131 m\u0259hsullar istifad\u0259 edildikd\u0259 effekt b\u0259z\u0259n z\u0259if olur v\u0259 ya n\u0259tic\u0259 sistemli g\u00f6r\u00fcnm\u00fcr. Ton f\u0259rql\u0259ri, sol\u011funluq, l\u0259k\u0259 izl\u0259ri v\u0259 elastiklik itkisi is\u0259 paralel \u015f\u0259kild\u0259 aradan qald\u0131r\u0131lmal\u0131d\u0131r.<\/p>\n<p data-start=\"741\" data-end=\"972\">T\u0259k bir krem v\u0259 ya serum h\u0259r zaman kifay\u0259t etmir. D\u0259rinin h\u0259m t\u0259mizl\u0259nm\u0259si, h\u0259m qidalanmas\u0131, h\u0259m d\u0259 qorunmas\u0131 \u00fc\u00e7\u00fcn uy\u011funla\u015fd\u0131r\u0131lm\u0131\u015f kompleks yana\u015fma t\u0259l\u0259b olunur. \u018fks halda n\u0259tic\u0259 ya q\u0131sa m\u00fcdd\u0259tli olur, ya da qeyri-b\u0259rab\u0259r g\u00f6r\u00fcn\u00fcr.<\/p>\n<h2 data-section-id=\"1xwjg8k\" data-start=\"974\" data-end=\"981\">H\u0259ll<\/h2>\n<p data-start=\"983\" data-end=\"1189\">ArenaGold Premium HD+PRO G\u00f6z\u0259llik D\u0259sti 24K Q\u0131z\u0131l ekstrakt\u0131 il\u0259 z\u0259nginl\u0259\u015fdirilmi\u015f kompleks qulluq sistemidir. D\u0259st \u015f\u0259klind\u0259 t\u0259qdim olundu\u011fu \u00fc\u00e7\u00fcn m\u0259hsullar bir-birini tamamlayaraq daha effektiv n\u0259tic\u0259 verir.<\/p>\n<p data-start=\"1191\" data-end=\"1215\">HD+PRO konsepti d\u0259rinin:<\/p>\n<ul data-start=\"1217\" data-end=\"1378\">\n<li data-section-id=\"tbugtv\" data-start=\"1217\" data-end=\"1249\">\n<p data-start=\"1219\" data-end=\"1249\">Ton balans\u0131n\u0131n d\u0259st\u0259kl\u0259nm\u0259si<\/p>\n<\/li>\n<li data-section-id=\"2f09b6\" data-start=\"1250\" data-end=\"1279\">\n<p data-start=\"1252\" data-end=\"1279\">Parlaql\u0131\u011f\u0131n\u0131n art\u0131r\u0131lmas\u0131<\/p>\n<\/li>\n<li data-section-id=\"1r1ugjh\" data-start=\"1280\" data-end=\"1299\">\n<p data-start=\"1282\" data-end=\"1299\">N\u0259ml\u0259ndirilm\u0259si<\/p>\n<\/li>\n<li data-section-id=\"ta3pnj\" data-start=\"1300\" data-end=\"1335\">\n<p data-start=\"1302\" data-end=\"1335\">Daha hamar tekstura \u0259ld\u0259 etm\u0259si<\/p>\n<\/li>\n<li data-section-id=\"jmepe3\" data-start=\"1336\" data-end=\"1378\">\n<p data-start=\"1338\" data-end=\"1378\">\u00dcmumi bax\u0131ml\u0131 g\u00f6r\u00fcn\u00fc\u015f\u00fcn\u00fcn formala\u015fmas\u0131<\/p>\n<\/li>\n<\/ul>\n<p data-start=\"1380\" data-end=\"1397\">\u00fcz\u0259rind\u0259 i\u015fl\u0259yir.<\/p>\n<p data-start=\"1399\" data-end=\"1600\">24K q\u0131z\u0131l ekstrakt\u0131 il\u0259 z\u0259nginl\u0259\u015fdirilmi\u015f formul d\u0259riy\u0259 daha canl\u0131 v\u0259 i\u015f\u0131ql\u0131 effekt qazand\u0131rma\u011fa y\u00f6n\u0259lib. M\u00fcnt\u0259z\u0259m v\u0259 sistemli istifad\u0259 zaman\u0131 d\u0259ri daha dol\u011fun, daha parlaq v\u0259 daha vahid tonlu g\u00f6r\u00fcn\u00fcr.<\/p>\n<p data-start=\"1602\" data-end=\"1737\">D\u0259stin \u00fcst\u00fcnl\u00fcy\u00fc ondad\u0131r ki, m\u0259hsullar birlikd\u0259 istifad\u0259 edildikd\u0259 bir-birinin t\u0259sirini g\u00fccl\u0259ndirir v\u0259 balansl\u0131 qulluq sistemi yarad\u0131r.<\/p>\n<h2 data-section-id=\"1bfdbjp\" data-start=\"1739\" data-end=\"1748\">N\u0259tic\u0259<\/h2>\n<p data-start=\"1750\" data-end=\"1780\">M\u00fcnt\u0259z\u0259m istifad\u0259 n\u0259tic\u0259sind\u0259:<\/p>\n<ul data-start=\"1782\" data-end=\"1932\">\n<li data-section-id=\"1xzt7j0\" data-start=\"1782\" data-end=\"1816\">\n<p data-start=\"1784\" data-end=\"1816\">D\u0259ri tonu daha b\u0259rab\u0259r g\u00f6r\u00fcn\u00fcr<\/p>\n<\/li>\n<li data-section-id=\"558tsx\" data-start=\"1817\" data-end=\"1837\">\n<p data-start=\"1819\" data-end=\"1837\">Sol\u011funluq azal\u0131r<\/p>\n<\/li>\n<li data-section-id=\"17h1sqn\" data-start=\"1838\" data-end=\"1857\">\n<p data-start=\"1840\" data-end=\"1857\">Parlaql\u0131q art\u0131r<\/p>\n<\/li>\n<li data-section-id=\"dcvjmc\" data-start=\"1858\" data-end=\"1895\">\n<p data-start=\"1860\" data-end=\"1895\">D\u0259ri s\u0259thi daha hamar hiss olunur<\/p>\n<\/li>\n<li data-section-id=\"11x4it0\" data-start=\"1896\" data-end=\"1932\">\n<p data-start=\"1898\" data-end=\"1932\">\u00dcmumi estetik g\u00f6r\u00fcn\u00fc\u015f yax\u015f\u0131la\u015f\u0131r<\/p>\n<\/li>\n<\/ul>\n<p data-start=\"1934\" data-end=\"2112\">ArenaGold Premium HD+PRO G\u00f6z\u0259llik D\u0259sti g\u00fcnd\u0259lik sistemli qulluq axtaran istifad\u0259\u00e7il\u0259r \u00fc\u00e7\u00fcn n\u0259z\u0259rd\u0259 tutulub. Q\u0131sa m\u00fcdd\u0259tli effekt deyil, davaml\u0131 v\u0259 stabil n\u0259tic\u0259 m\u0259qs\u0259di da\u015f\u0131y\u0131r.<\/p>\n<hr data-start=\"2114\" data-end=\"2117\" \/>\n<h2 data-section-id=\"1u1lujk\" data-start=\"2119\" data-end=\"2148\">Niy\u0259 bu m\u0259hsulu almal\u0131yam?<\/h2>\n<ul data-start=\"2150\" data-end=\"2489\">\n<li data-section-id=\"kvx5ug\" data-start=\"2150\" data-end=\"2214\">\n<p data-start=\"2152\" data-end=\"2214\">\u00c7\u00fcnki ayr\u0131-ayr\u0131 m\u0259hsullar \u0259v\u0259zin\u0259 kompleks h\u0259ll t\u0259qdim edir.<\/p>\n<\/li>\n<li data-section-id=\"19te2xr\" data-start=\"2215\" data-end=\"2294\">\n<p data-start=\"2217\" data-end=\"2294\">\u00c7\u00fcnki 24K q\u0131z\u0131l ekstraktl\u0131 formula daha parlaq v\u0259 bax\u0131ml\u0131 g\u00f6r\u00fcn\u00fc\u015f\u0259 y\u00f6n\u0259lib.<\/p>\n<\/li>\n<li data-section-id=\"1t2591w\" data-start=\"2295\" data-end=\"2363\">\n<p data-start=\"2297\" data-end=\"2363\">\u00c7\u00fcnki m\u0259hsullar bir-birini tamamlayaraq sistemli n\u0259tic\u0259 yarad\u0131r.<\/p>\n<\/li>\n<li data-section-id=\"2zj4kl\" data-start=\"2364\" data-end=\"2417\">\n<p data-start=\"2366\" data-end=\"2417\">\u00c7\u00fcnki g\u00fcnd\u0259lik istifad\u0259 \u00fc\u00e7\u00fcn uy\u011fun v\u0259 praktikdir.<\/p>\n<\/li>\n<li data-section-id=\"79uv38\" data-start=\"2418\" data-end=\"2489\">\n<p data-start=\"2420\" data-end=\"2489\">\u00c7\u00fcnki vahid v\u0259 balansl\u0131 d\u0259ri tonu \u00fc\u00e7\u00fcn kompleks yana\u015fma t\u0259l\u0259b olunur.<\/p>\n<\/li>\n<\/ul>\n<p data-start=\"2491\" data-end=\"2599\">Bu d\u0259st f\u0259rdi qulluq m\u0259rh\u0259l\u0259l\u0259rini bir sistem daxilind\u0259 birl\u0259\u015fdir\u0259r\u0259k daha pe\u015f\u0259kar bax\u0131m modeli t\u0259qdim edir.<\/p>\n<hr data-start=\"2601\" data-end=\"2604\" \/>\n<h2 data-section-id=\"1exkxu7\" data-start=\"2606\" data-end=\"2625\">\u0130stifad\u0259 qaydas\u0131<\/h2>\n<ol data-start=\"2627\" data-end=\"2811\">\n<li data-section-id=\"1pxv165\" data-start=\"2627\" data-end=\"2650\">\n<p data-start=\"2630\" data-end=\"2650\">D\u0259rini t\u0259mizl\u0259yin.<\/p>\n<\/li>\n<li data-section-id=\"aqbwf8\" data-start=\"2651\" data-end=\"2748\">\n<p data-start=\"2654\" data-end=\"2748\">D\u0259std\u0259 olan m\u0259hsullar\u0131 ard\u0131c\u0131ll\u0131qla t\u0259tbiq edin (serum v\u0259 ya krem m\u0259rh\u0259l\u0259sin\u0259 uy\u011fun olaraq).<\/p>\n<\/li>\n<li data-section-id=\"1udsri9\" data-start=\"2749\" data-end=\"2811\">\n<p data-start=\"2752\" data-end=\"2811\">H\u0259r m\u0259rh\u0259l\u0259d\u0259 m\u0259hsulu tam hopana q\u0259d\u0259r y\u00fcng\u00fcl masaj edin.<\/p>\n<\/li>\n<\/ol>\n<p data-start=\"2813\" data-end=\"2889\">G\u00fcnd\u0259lik istifad\u0259 t\u00f6vsiy\u0259 olunur. S\u0259h\u0259r saatlar\u0131nda SPF t\u0259tbiqi m\u0259sl\u0259h\u0259tdir.<\/p>\n<hr data-start=\"2891\" data-end=\"2894\" \/>\n<h2 data-section-id=\"1xwdj0s\" data-start=\"2896\" data-end=\"2903\">Qeyd<\/h2>\n<ul data-start=\"2905\" data-end=\"3115\">\n<li data-section-id=\"11ilav5\" data-start=\"2905\" data-end=\"2940\">\n<p data-start=\"2907\" data-end=\"2940\">Yaln\u0131z xarici istifad\u0259 \u00fc\u00e7\u00fcnd\u00fcr.<\/p>\n<\/li>\n<li data-section-id=\"6iso0d\" data-start=\"2941\" data-end=\"2974\">\n<p data-start=\"2943\" data-end=\"2974\">G\u00f6zl\u0259 birba\u015fa t\u0259masdan qa\u00e7\u0131n.<\/p>\n<\/li>\n<li data-section-id=\"1m68q98\" data-start=\"2975\" data-end=\"3044\">\n<p data-start=\"2977\" data-end=\"3044\">H\u0259ssas d\u0259riy\u0259 sahibsinizs\u0259, ilkin test apar\u0131lmas\u0131 t\u00f6vsiy\u0259 olunur.<\/p>\n<\/li>\n<li data-section-id=\"g3ahws\" data-start=\"3045\" data-end=\"3115\">\n<p data-start=\"3047\" data-end=\"3115\">G\u00fcn\u0259\u015fd\u0259n qoruyucu vasit\u0259 il\u0259 birlikd\u0259 istifad\u0259 edilm\u0259si m\u0259sl\u0259h\u0259tdir.<\/p>\n<\/li>\n<\/ul>","protected":false},"excerpt":{"rendered":"<p>ArenaGold Premium HD+PRO 24K Q\u0131z\u0131l G\u00f6z\u0259llik D\u0259sti kompleks d\u0259riy\u0259 qulluq sistemidir. D\u0259ri tonunu b\u0259rab\u0259rl\u0259\u015fdirir, parlaql\u0131q verir v\u0259 daha bax\u0131ml\u0131 g\u00f6r\u00fcn\u00fc\u015f yarad\u0131r. G\u00fcnd\u0259lik sistemli istifad\u0259 \u00fc\u00e7\u00fcn uy\u011fundur.<\/p>","protected":false},"featured_media":9731,"comment_status":"open","ping_status":"closed","template":"","meta":[],"pwb-brand":[163],"product_cat":[127,142],"product_tag":[428,319,418],"class_list":{"0":"post-9730","1":"product","2":"type-product","3":"status-publish","4":"has-post-thumbnail","6":"pwb-brand-arena-gold","7":"product_cat-face-care","8":"product_cat-face-creams","9":"product_tag-uz-kremi","10":"product_tag-uz-lklri","11":"product_tag-uzbaximi","12":"pa_size-20grm","15":"instock","16":"shipping-taxable","17":"purchasable","18":"product-type-simple"},"brands":[{"id":163,"name":"Arena Gold","slug":"arena-gold"}],"_links":{"self":[{"href":"https:\/\/axtarstore.com\/ru\/wp-json\/wp\/v2\/product\/9730"}],"collection":[{"href":"https:\/\/axtarstore.com\/ru\/wp-json\/wp\/v2\/product"}],"about":[{"href":"https:\/\/axtarstore.com\/ru\/wp-json\/wp\/v2\/types\/product"}],"replies":[{"embeddable":true,"href":"https:\/\/axtarstore.com\/ru\/wp-json\/wp\/v2\/comments?post=9730"}],"version-history":[{"count":3,"href":"https:\/\/axtarstore.com\/ru\/wp-json\/wp\/v2\/product\/9730\/revisions"}],"predecessor-version":[{"id":11179,"href":"https:\/\/axtarstore.com\/ru\/wp-json\/wp\/v2\/product\/9730\/revisions\/11179"}],"wp:featuredmedia":[{"embeddable":true,"href":"https:\/\/axtarstore.com\/ru\/wp-json\/wp\/v2\/media\/9731"}],"wp:attachment":[{"href":"https:\/\/axtarstore.com\/ru\/wp-json\/wp\/v2\/media?parent=9730"}],"wp:term":[{"taxonomy":"pwb-brand","embeddable":true,"href":"https:\/\/axtarstore.com\/ru\/wp-json\/wp\/v2\/pwb-brand?post=9730"},{"taxonomy":"product_cat","embeddable":true,"href":"https:\/\/axtarstore.com\/ru\/wp-json\/wp\/v2\/product_cat?post=9730"},{"taxonomy":"product_tag","embeddable":true,"href":"https:\/\/axtarstore.com\/ru\/wp-json\/wp\/v2\/product_tag?post=9730"}],"curies":[{"name":"wp","href":"https:\/\/api.w.org\/{rel}","templated":true}]}}