{"id":9707,"date":"2025-04-21T00:40:10","date_gmt":"2025-04-20T20:40:10","guid":{"rendered":"https:\/\/axtarstore.com\/?post_type=product&#038;p=9707"},"modified":"2026-02-19T20:38:32","modified_gmt":"2026-02-19T16:38:32","slug":"arenagold-hdpro-24k-qizil-serum","status":"publish","type":"product","link":"https:\/\/axtarstore.com\/ru\/product\/arenagold-hdpro-24k-qizil-serum\/","title":{"rendered":"ArenaGold HD+Pro Beauty Serum \u2013 24K Q\u0131z\u0131l Ekstrakt\u0131 il\u0259 T\u0259bii v\u0259 Parlaq D\u0259ri"},"content":{"rendered":"<h1 data-section-id=\"bh2zti\" data-start=\"394\" data-end=\"448\">ArenaGold HD+Pro Beauty Serum \u2013 24K Q\u0131z\u0131l Ekstraktl\u0131<\/h1>\n<h2 data-section-id=\"6xzsz2\" data-start=\"450\" data-end=\"460\">Problem<\/h2>\n<p data-start=\"462\" data-end=\"719\">D\u0259rinin sol\u011fun g\u00f6r\u00fcnm\u0259si, elastiklik itkisi v\u0259 ton f\u0259rql\u0259ri estetik bax\u0131mdan narahatl\u0131q yaradan \u0259sas probleml\u0259rd\u0259ndir. G\u00fcn\u0259\u015f \u015f\u00fcalar\u0131, hava \u00e7irkliliyi v\u0259 ya\u015flanma prosesi d\u0259rinin t\u0259bii parlaql\u0131\u011f\u0131n\u0131 azalda bil\u0259r. N\u0259tic\u0259d\u0259 d\u0259ri daha yor\u011fun v\u0259 bax\u0131ms\u0131z g\u00f6r\u00fcn\u00fcr.<\/p>\n<p data-start=\"721\" data-end=\"912\">Standart kreml\u0259r h\u0259r zaman d\u0259rinin d\u0259rin qatlar\u0131na t\u0259sir etmir. D\u0259rinin intensiv qidalanmaya v\u0259 daha g\u00fccl\u00fc aktiv komponentl\u0259r\u0259 ehtiyac\u0131 olduqda serum format\u0131 daha effektiv se\u00e7im hesab olunur.<\/p>\n<h2 data-section-id=\"1xwjg8k\" data-start=\"914\" data-end=\"921\">H\u0259ll<\/h2>\n<p data-start=\"923\" data-end=\"1141\">ArenaGold HD+Pro Beauty Serum 24K q\u0131z\u0131l ekstrakt\u0131 il\u0259 z\u0259nginl\u0259\u015fdirilmi\u015f formulaya malikdir. Y\u00fcng\u00fcl v\u0259 tez hopan teksturas\u0131 say\u0259sind\u0259 aktiv madd\u0259l\u0259r d\u0259rinin d\u0259rin qatlar\u0131na n\u00fcfuz ed\u0259r\u0259k daha intensiv qulluq t\u0259qdim edir.<\/p>\n<p data-start=\"1143\" data-end=\"1168\">M\u00fcnt\u0259z\u0259m istifad\u0259 zaman\u0131:<\/p>\n<ul data-start=\"1170\" data-end=\"1338\">\n<li data-section-id=\"e25hjn\" data-start=\"1170\" data-end=\"1205\">\n<p data-start=\"1172\" data-end=\"1205\">D\u0259ri tonu daha balansl\u0131 g\u00f6r\u00fcn\u00fcr<\/p>\n<\/li>\n<li data-section-id=\"17h1sqn\" data-start=\"1206\" data-end=\"1225\">\n<p data-start=\"1208\" data-end=\"1225\">Parlaql\u0131q art\u0131r<\/p>\n<\/li>\n<li data-section-id=\"8o1azf\" data-start=\"1226\" data-end=\"1251\">\n<p data-start=\"1228\" data-end=\"1251\">Sol\u011fun g\u00f6r\u00fcn\u00fc\u015f azal\u0131r<\/p>\n<\/li>\n<li data-section-id=\"fkvs16\" data-start=\"1252\" data-end=\"1293\">\n<p data-start=\"1254\" data-end=\"1293\">D\u0259ri daha hamar v\u0259 yum\u015faq hiss olunur<\/p>\n<\/li>\n<li data-section-id=\"mk5zcl\" data-start=\"1294\" data-end=\"1338\">\n<p data-start=\"1296\" data-end=\"1338\">\u00dcmumi bax\u0131ml\u0131 v\u0259 canl\u0131 effekt formala\u015f\u0131r<\/p>\n<\/li>\n<\/ul>\n<p data-start=\"1340\" data-end=\"1444\">Serum g\u00fcnd\u0259lik qulluq rutinin\u0259 asanl\u0131qla inteqrasiya olunur v\u0259 n\u0259ml\u0259ndirici kremd\u0259n \u0259vv\u0259l t\u0259tbiq edilir.<\/p>\n<h2 data-section-id=\"1bfdbjp\" data-start=\"1446\" data-end=\"1455\">N\u0259tic\u0259<\/h2>\n<p data-start=\"1457\" data-end=\"1629\">ArenaGold HD+Pro 24K Q\u0131z\u0131l Serum sistemli istifad\u0259 zaman\u0131 d\u0259rinin \u00fcmumi g\u00f6r\u00fcn\u00fc\u015f\u00fcn\u00fc yax\u015f\u0131la\u015fd\u0131rma\u011fa d\u0259st\u0259k verir. D\u0259ri daha i\u015f\u0131ql\u0131, daha elastik v\u0259 daha vahid tonlu g\u00f6r\u00fcn\u00fcr.<\/p>\n<p data-start=\"1631\" data-end=\"1732\">Y\u00fcng\u00fcl qurulu\u015fu say\u0259sind\u0259 ya\u011fl\u0131 hiss yaratm\u0131r v\u0259 m\u00fcxt\u0259lif d\u0259ri tipl\u0259ri \u00fc\u00e7\u00fcn uy\u011fun se\u00e7im hesab olunur.<\/p>\n<hr data-start=\"1734\" data-end=\"1737\" \/>\n<h2 data-section-id=\"1u1lujk\" data-start=\"1739\" data-end=\"1768\">Niy\u0259 bu m\u0259hsulu almal\u0131yam?<\/h2>\n<ul data-start=\"1770\" data-end=\"2083\">\n<li data-section-id=\"irop0h\" data-start=\"1770\" data-end=\"1827\">\n<p data-start=\"1772\" data-end=\"1827\">\u00c7\u00fcnki serum format\u0131 daha intensiv qulluq t\u0259qdim edir.<\/p>\n<\/li>\n<li data-section-id=\"6bngqy\" data-start=\"1828\" data-end=\"1896\">\n<p data-start=\"1830\" data-end=\"1896\">\u00c7\u00fcnki 24K q\u0131z\u0131l ekstraktl\u0131 formula daha parlaq g\u00f6r\u00fcn\u00fc\u015f\u0259 y\u00f6n\u0259lib.<\/p>\n<\/li>\n<li data-section-id=\"fhn48h\" data-start=\"1897\" data-end=\"1951\">\n<p data-start=\"1899\" data-end=\"1951\">\u00c7\u00fcnki g\u00fcnd\u0259lik istifad\u0259 \u00fc\u00e7\u00fcn y\u00fcng\u00fcl v\u0259 praktikdir.<\/p>\n<\/li>\n<li data-section-id=\"3ir23f\" data-start=\"1952\" data-end=\"2011\">\n<p data-start=\"1954\" data-end=\"2011\">\u00c7\u00fcnki ton balans\u0131 v\u0259 hamar s\u0259th \u00fc\u00e7\u00fcn h\u0259d\u0259fli m\u0259hsuldur.<\/p>\n<\/li>\n<li data-section-id=\"1ioz6vv\" data-start=\"2012\" data-end=\"2083\">\n<p data-start=\"2014\" data-end=\"2083\">\u00c7\u00fcnki kompleks qulluq sisteminin \u0259sas m\u0259rh\u0259l\u0259l\u0259rind\u0259n biri ola bil\u0259r.<\/p>\n<\/li>\n<\/ul>\n<p data-start=\"2085\" data-end=\"2202\">ArenaGold HD+Pro Beauty Serum y\u00fcks\u0259k keyfiyy\u0259tli v\u0259 sistemli d\u0259riy\u0259 qulluq axtaran istifad\u0259\u00e7il\u0259r \u00fc\u00e7\u00fcn uy\u011fun se\u00e7imdir.<\/p>\n<hr data-start=\"2204\" data-end=\"2207\" \/>\n<h2 data-section-id=\"1exkxu7\" data-start=\"2209\" data-end=\"2228\">\u0130stifad\u0259 qaydas\u0131<\/h2>\n<ol data-start=\"2230\" data-end=\"2429\">\n<li data-section-id=\"mbnabp\" data-start=\"2230\" data-end=\"2267\">\n<p data-start=\"2233\" data-end=\"2267\">\u00dcz\u00fcn\u00fcz\u00fc t\u0259mizl\u0259yin v\u0259 qurulay\u0131n.<\/p>\n<\/li>\n<li data-section-id=\"trvc7q\" data-start=\"2268\" data-end=\"2325\">\n<p data-start=\"2271\" data-end=\"2325\">2\u20133 damc\u0131 serumu \u00fcz v\u0259 boyun nahiy\u0259sin\u0259 t\u0259tbiq edin.<\/p>\n<\/li>\n<li data-section-id=\"hxnbc8\" data-start=\"2326\" data-end=\"2383\">\n<p data-start=\"2329\" data-end=\"2383\">Y\u00fcng\u00fcl masaj h\u0259r\u0259k\u0259tl\u0259ri il\u0259 tam hopana q\u0259d\u0259r yay\u0131n.<\/p>\n<\/li>\n<li data-section-id=\"3x15gs\" data-start=\"2384\" data-end=\"2429\">\n<p data-start=\"2387\" data-end=\"2429\">Ard\u0131nca n\u0259ml\u0259ndirici krem istifad\u0259 edin.<\/p>\n<\/li>\n<\/ol>\n<p data-start=\"2431\" data-end=\"2541\">G\u00fcnd\u0259 1\u20132 d\u0259f\u0259 istifad\u0259 t\u00f6vsiy\u0259 olunur. S\u0259h\u0259r istifad\u0259sind\u0259 g\u00fcn\u0259\u015fd\u0259n qoruyucu vasit\u0259 t\u0259tbiq etm\u0259k m\u0259sl\u0259h\u0259tdir.<\/p>\n<hr data-start=\"2543\" data-end=\"2546\" \/>\n<h2 data-section-id=\"1xwdj0s\" data-start=\"2548\" data-end=\"2555\">Qeyd<\/h2>\n<ul data-start=\"2557\" data-end=\"2755\">\n<li data-section-id=\"11ilav5\" data-start=\"2557\" data-end=\"2592\">\n<p data-start=\"2559\" data-end=\"2592\">Yaln\u0131z xarici istifad\u0259 \u00fc\u00e7\u00fcnd\u00fcr.<\/p>\n<\/li>\n<li data-section-id=\"6iso0d\" data-start=\"2593\" data-end=\"2626\">\n<p data-start=\"2595\" data-end=\"2626\">G\u00f6zl\u0259 birba\u015fa t\u0259masdan qa\u00e7\u0131n.<\/p>\n<\/li>\n<li data-section-id=\"1y6zhqk\" data-start=\"2627\" data-end=\"2690\">\n<p data-start=\"2629\" data-end=\"2690\">H\u0259ssas d\u0259riy\u0259 sahibsinizs\u0259, \u0259vv\u0259lc\u0259 ki\u00e7ik sah\u0259d\u0259 test edin.<\/p>\n<\/li>\n<li data-section-id=\"117x71b\" data-start=\"2691\" data-end=\"2755\">\n<p data-start=\"2693\" data-end=\"2755\">G\u00fcn\u0259\u015fd\u0259n qoruyucu vasit\u0259 il\u0259 birlikd\u0259 istifad\u0259 t\u00f6vsiy\u0259 olunur.<\/p>\n<\/li>\n<\/ul>","protected":false},"excerpt":{"rendered":"<p>ArenaGold HD+Pro 24K Q\u0131z\u0131l Serum d\u0259rini qidaland\u0131ran v\u0259 daha parlaq g\u00f6r\u00fcn\u00fc\u015f yaradan y\u00fcng\u00fcl tekstural\u0131 \u00fcz serumudur. Tonu b\u0259rab\u0259rl\u0259\u015fdirir v\u0259 g\u00fcnd\u0259lik qulluq \u00fc\u00e7\u00fcn uy\u011fundur.<\/p>","protected":false},"featured_media":9708,"comment_status":"open","ping_status":"closed","template":"","meta":[],"pwb-brand":[163],"product_cat":[127,143,144],"product_tag":[294,293,418],"class_list":{"0":"post-9707","1":"product","2":"type-product","3":"status-publish","4":"has-post-thumbnail","6":"pwb-brand-arena-gold","7":"product_cat-face-care","8":"product_cat-face-serum","9":"product_cat-face-vitamins","10":"product_tag-face","11":"product_tag-facecare","12":"product_tag-uzbaximi","13":"pa_size-5ml","16":"instock","17":"shipping-taxable","18":"purchasable","19":"product-type-simple"},"brands":[{"id":163,"name":"Arena Gold","slug":"arena-gold"}],"_links":{"self":[{"href":"https:\/\/axtarstore.com\/ru\/wp-json\/wp\/v2\/product\/9707"}],"collection":[{"href":"https:\/\/axtarstore.com\/ru\/wp-json\/wp\/v2\/product"}],"about":[{"href":"https:\/\/axtarstore.com\/ru\/wp-json\/wp\/v2\/types\/product"}],"replies":[{"embeddable":true,"href":"https:\/\/axtarstore.com\/ru\/wp-json\/wp\/v2\/comments?post=9707"}],"version-history":[{"count":3,"href":"https:\/\/axtarstore.com\/ru\/wp-json\/wp\/v2\/product\/9707\/revisions"}],"predecessor-version":[{"id":11189,"href":"https:\/\/axtarstore.com\/ru\/wp-json\/wp\/v2\/product\/9707\/revisions\/11189"}],"wp:featuredmedia":[{"embeddable":true,"href":"https:\/\/axtarstore.com\/ru\/wp-json\/wp\/v2\/media\/9708"}],"wp:attachment":[{"href":"https:\/\/axtarstore.com\/ru\/wp-json\/wp\/v2\/media?parent=9707"}],"wp:term":[{"taxonomy":"pwb-brand","embeddable":true,"href":"https:\/\/axtarstore.com\/ru\/wp-json\/wp\/v2\/pwb-brand?post=9707"},{"taxonomy":"product_cat","embeddable":true,"href":"https:\/\/axtarstore.com\/ru\/wp-json\/wp\/v2\/product_cat?post=9707"},{"taxonomy":"product_tag","embeddable":true,"href":"https:\/\/axtarstore.com\/ru\/wp-json\/wp\/v2\/product_tag?post=9707"}],"curies":[{"name":"wp","href":"https:\/\/api.w.org\/{rel}","templated":true}]}}