{"id":9704,"date":"2025-04-21T00:36:13","date_gmt":"2025-04-20T20:36:13","guid":{"rendered":"https:\/\/axtarstore.com\/?post_type=product&#038;p=9704"},"modified":"2026-02-19T20:40:39","modified_gmt":"2026-02-19T16:40:39","slug":"dexe-black-hair-shampoo-qara-sac","status":"publish","type":"product","link":"https:\/\/axtarstore.com\/ru\/product\/dexe-black-hair-shampoo-qara-sac\/","title":{"rendered":"DeXe Black Hair Shampoo \u2013 G\u00fcnd\u0259lik Qara Sa\u00e7 \u00dc\u00e7\u00fcn Asan v\u0259 S\u00fcr\u0259tli H\u0259ll"},"content":{"rendered":"<h1 data-section-id=\"1l4lpsp\" data-start=\"386\" data-end=\"441\">DeXe Black Hair Shampoo \u2013 Qara Sa\u00e7 \u00fc\u00e7\u00fcn 2-in-1 \u015eampun<\/h1>\n<h2 data-section-id=\"6xzsz2\" data-start=\"443\" data-end=\"453\">Problem<\/h2>\n<p data-start=\"455\" data-end=\"706\">A\u011farm\u0131\u015f sa\u00e7lar v\u0259 ya r\u0259ngini itirmi\u015f qara sa\u00e7lar bir \u00e7ox insan \u00fc\u00e7\u00fcn estetik narahatl\u0131q yarad\u0131r. Klassik sa\u00e7 boyalar\u0131 is\u0259 vaxt apar\u0131r, t\u0259tbiqi \u00e7\u0259tin olur v\u0259 b\u0259z\u0259n sa\u00e7da s\u0259rtlik yarad\u0131r. Ev \u015f\u0259raitind\u0259 rahat v\u0259 s\u00fcr\u0259tli h\u0259ll tapmaq h\u0259r zaman m\u00fcmk\u00fcn olmur.<\/p>\n<p data-start=\"708\" data-end=\"859\">Eyni zamanda tez-tez boya istifad\u0259si sa\u00e7\u0131n qurumas\u0131na v\u0259 z\u0259ifl\u0259m\u0259sin\u0259 s\u0259b\u0259b ola bil\u0259r. Praktik, s\u00fcr\u0259tli v\u0259 istifad\u0259si asan alternativ\u0259 ehtiyac yaran\u0131r.<\/p>\n<h2 data-section-id=\"1xwjg8k\" data-start=\"861\" data-end=\"868\">H\u0259ll<\/h2>\n<p data-start=\"870\" data-end=\"1023\">DeXe Black Hair Shampoo \u015fampun v\u0259 sa\u00e7 boyas\u0131n\u0131 birl\u0259\u015fdir\u0259n 2-in-1 formul t\u0259qdim edir. M\u0259hsul sa\u00e7lar\u0131 yuyark\u0259n eyni zamanda onlara qara r\u0259ng tonunu verir.<\/p>\n<p data-start=\"1025\" data-end=\"1038\">\u041f\u0440\u0435\u0438\u043c\u0443\u0449\u0435\u0441\u0442\u0432\u0430:<\/p>\n<ul data-start=\"1040\" data-end=\"1258\">\n<li data-section-id=\"b67050\" data-start=\"1040\" data-end=\"1087\">\n<p data-start=\"1042\" data-end=\"1087\">Sa\u00e7a intensiv qara r\u0259ng g\u00f6r\u00fcn\u00fcm\u00fc qazand\u0131r\u0131r<\/p>\n<\/li>\n<li data-section-id=\"ehduie\" data-start=\"1088\" data-end=\"1135\">\n<p data-start=\"1090\" data-end=\"1135\">\u0130stifad\u0259si klassik boyalardan daha rahatd\u0131r<\/p>\n<\/li>\n<li data-section-id=\"1r59ah4\" data-start=\"1136\" data-end=\"1174\">\n<p data-start=\"1138\" data-end=\"1174\">Ev \u015f\u0259raitind\u0259 t\u0259tbiq \u00fc\u00e7\u00fcn uy\u011fundur<\/p>\n<\/li>\n<li data-section-id=\"11uf3mv\" data-start=\"1175\" data-end=\"1210\">\n<p data-start=\"1177\" data-end=\"1210\">Vaxta q\u0259na\u0259t etm\u0259y\u0259 imkan verir<\/p>\n<\/li>\n<li data-section-id=\"1olhk6p\" data-start=\"1211\" data-end=\"1258\">\n<p data-start=\"1213\" data-end=\"1258\">Sa\u00e7\u0131 yuma v\u0259 r\u0259ngl\u0259m\u0259 prosesini birl\u0259\u015fdirir<\/p>\n<\/li>\n<\/ul>\n<p data-start=\"1260\" data-end=\"1352\">M\u0259hsul adi \u015fampun kimi t\u0259tbiq olunur v\u0259 \u0259lav\u0259 qar\u0131\u015fd\u0131rma v\u0259 ya x\u00fcsusi avadanl\u0131q t\u0259l\u0259b etmir.<\/p>\n<h2 data-section-id=\"1bfdbjp\" data-start=\"1354\" data-end=\"1363\">N\u0259tic\u0259<\/h2>\n<p data-start=\"1365\" data-end=\"1520\">M\u00fcnt\u0259z\u0259m istifad\u0259 zaman\u0131 sa\u00e7 daha t\u00fcnd v\u0259 vahid qara ton al\u0131r. A\u011f sa\u00e7lar\u0131n g\u00f6r\u00fcn\u00fcm\u00fc azal\u0131r v\u0259 \u00fcmumi sa\u00e7 g\u00f6r\u00fcn\u00fc\u015f\u00fc daha s\u0259liq\u0259li v\u0259 bax\u0131ml\u0131 t\u0259sir ba\u011f\u0131\u015flay\u0131r.<\/p>\n<p data-start=\"1522\" data-end=\"1619\">DeXe Black Hair Shampoo praktik v\u0259 s\u00fcr\u0259tli n\u0259tic\u0259 axtaran istifad\u0259\u00e7il\u0259r \u00fc\u00e7\u00fcn n\u0259z\u0259rd\u0259 tutulmu\u015fdur.<\/p>\n<hr data-start=\"1621\" data-end=\"1624\" \/>\n<h2 data-section-id=\"1u1lujk\" data-start=\"1626\" data-end=\"1655\">Niy\u0259 bu m\u0259hsulu almal\u0131yam?<\/h2>\n<ul data-start=\"1657\" data-end=\"1907\">\n<li data-section-id=\"e9lk5i\" data-start=\"1657\" data-end=\"1715\">\n<p data-start=\"1659\" data-end=\"1715\">\u00c7\u00fcnki \u015fampun v\u0259 sa\u00e7 boyas\u0131n\u0131 bir m\u0259hsulda birl\u0259\u015fdirir.<\/p>\n<\/li>\n<li data-section-id=\"mxf85r\" data-start=\"1716\" data-end=\"1759\">\n<p data-start=\"1718\" data-end=\"1759\">\u00c7\u00fcnki evd\u0259 rahat t\u0259tbiq imkan\u0131 yarad\u0131r.<\/p>\n<\/li>\n<li data-section-id=\"eai5f7\" data-start=\"1760\" data-end=\"1801\">\n<p data-start=\"1762\" data-end=\"1801\">\u00c7\u00fcnki vaxt v\u0259 \u0259lav\u0259 x\u0259rc t\u0259l\u0259b etmir.<\/p>\n<\/li>\n<li data-section-id=\"1f2dvmq\" data-start=\"1802\" data-end=\"1851\">\n<p data-start=\"1804\" data-end=\"1851\">\u00c7\u00fcnki qara sa\u00e7 tonunu daha intensiv g\u00f6st\u0259rir.<\/p>\n<\/li>\n<li data-section-id=\"rxy1nc\" data-start=\"1852\" data-end=\"1907\">\n<p data-start=\"1854\" data-end=\"1907\">\u00c7\u00fcnki g\u00fcnd\u0259lik v\u0259 ya periodik istifad\u0259 \u00fc\u00e7\u00fcn uy\u011fundur.<\/p>\n<\/li>\n<\/ul>\n<p data-start=\"1909\" data-end=\"1990\">Bu m\u0259hsul x\u00fcsusil\u0259 tez v\u0259 praktik h\u0259ll axtaran istifad\u0259\u00e7il\u0259r \u00fc\u00e7\u00fcn uy\u011fun se\u00e7imdir.<\/p>\n<hr data-start=\"1992\" data-end=\"1995\" \/>\n<h2 data-section-id=\"1exkxu7\" data-start=\"1997\" data-end=\"2016\">\u0130stifad\u0259 qaydas\u0131<\/h2>\n<ol data-start=\"2018\" data-end=\"2192\">\n<li data-section-id=\"1unv0lg\" data-start=\"2018\" data-end=\"2059\">\n<p data-start=\"2021\" data-end=\"2059\">\u018flc\u0259k istifad\u0259 etm\u0259k t\u00f6vsiy\u0259 olunur.<\/p>\n<\/li>\n<li data-section-id=\"1ncc4in\" data-start=\"2060\" data-end=\"2078\">\n<p data-start=\"2063\" data-end=\"2078\">Sa\u00e7\u0131 islad\u0131n.<\/p>\n<\/li>\n<li data-section-id=\"1mp8i37\" data-start=\"2079\" data-end=\"2129\">\n<p data-start=\"2082\" data-end=\"2129\">Kifay\u0259t q\u0259d\u0259r miqdarda \u015fampunu sa\u00e7lara \u00e7\u0259kin.<\/p>\n<\/li>\n<li data-section-id=\"95pg1i\" data-start=\"2130\" data-end=\"2169\">\n<p data-start=\"2133\" data-end=\"2169\">5\u201310 d\u0259qiq\u0259 masaj ed\u0259r\u0259k saxlay\u0131n.<\/p>\n<\/li>\n<li data-section-id=\"1wprv6t\" data-start=\"2170\" data-end=\"2192\">\n<p data-start=\"2173\" data-end=\"2192\">Bol su il\u0259 yuyun.<\/p>\n<\/li>\n<\/ol>\n<p data-start=\"2194\" data-end=\"2274\">\u0130st\u0259nil\u0259n ton \u0259ld\u0259 olunana q\u0259d\u0259r istifad\u0259 tezliyi f\u0259rdi olaraq t\u0259nziml\u0259n\u0259 bil\u0259r.<\/p>\n<hr data-start=\"2276\" data-end=\"2279\" \/>\n<h2 data-section-id=\"1xwdj0s\" data-start=\"2281\" data-end=\"2288\">Qeyd<\/h2>\n<ul data-start=\"2290\" data-end=\"2455\">\n<li data-section-id=\"11ilav5\" data-start=\"2290\" data-end=\"2325\">\n<p data-start=\"2292\" data-end=\"2325\">Yaln\u0131z xarici istifad\u0259 \u00fc\u00e7\u00fcnd\u00fcr.<\/p>\n<\/li>\n<li data-section-id=\"udhhfe\" data-start=\"2326\" data-end=\"2386\">\n<p data-start=\"2328\" data-end=\"2386\">H\u0259ssasl\u0131q testinin \u0259vv\u0259lc\u0259d\u0259n apar\u0131lmas\u0131 t\u00f6vsiy\u0259 olunur.<\/p>\n<\/li>\n<li data-section-id=\"15ym5wp\" data-start=\"2387\" data-end=\"2412\">\n<p data-start=\"2389\" data-end=\"2412\">G\u00f6zl\u0259 t\u0259masdan qa\u00e7\u0131n.<\/p>\n<\/li>\n<li data-section-id=\"2ufj0a\" data-start=\"2413\" data-end=\"2455\">\n<p data-start=\"2415\" data-end=\"2455\">U\u015faqlar\u0131n \u0259li \u00e7atmayan yerd\u0259 saxlay\u0131n.<\/p>\n<\/li>\n<\/ul>","protected":false},"excerpt":{"rendered":"<p>DeXe Black Hair Shampoo qara sa\u00e7 tonunu intensivl\u0259\u015fdir\u0259n 2-in-1 \u015fampundur. Sa\u00e7\u0131 yuyark\u0259n eyni zamanda r\u0259ng verir v\u0259 praktik ev istifad\u0259si \u00fc\u00e7\u00fcn uy\u011fundur.<\/p>","protected":false},"featured_media":9705,"comment_status":"open","ping_status":"closed","template":"","meta":[],"pwb-brand":[171],"product_cat":[225,126,130,209],"product_tag":[417,421],"class_list":{"0":"post-9704","1":"product","2":"type-product","3":"status-publish","4":"has-post-thumbnail","6":"pwb-brand-dexe","7":"product_cat-rng-sampunu","8":"product_cat-haircare","9":"product_cat-salonbaxim","10":"product_cat-salon-rng-sampunu","11":"product_tag-sacbaximi","12":"product_tag-sacqullugu","13":"pa_size-400ml","16":"instock","17":"sale","18":"shipping-taxable","19":"purchasable","20":"product-type-simple"},"brands":[{"id":171,"name":"Dexe","slug":"dexe"}],"_links":{"self":[{"href":"https:\/\/axtarstore.com\/ru\/wp-json\/wp\/v2\/product\/9704"}],"collection":[{"href":"https:\/\/axtarstore.com\/ru\/wp-json\/wp\/v2\/product"}],"about":[{"href":"https:\/\/axtarstore.com\/ru\/wp-json\/wp\/v2\/types\/product"}],"replies":[{"embeddable":true,"href":"https:\/\/axtarstore.com\/ru\/wp-json\/wp\/v2\/comments?post=9704"}],"version-history":[{"count":3,"href":"https:\/\/axtarstore.com\/ru\/wp-json\/wp\/v2\/product\/9704\/revisions"}],"predecessor-version":[{"id":11191,"href":"https:\/\/axtarstore.com\/ru\/wp-json\/wp\/v2\/product\/9704\/revisions\/11191"}],"wp:featuredmedia":[{"embeddable":true,"href":"https:\/\/axtarstore.com\/ru\/wp-json\/wp\/v2\/media\/9705"}],"wp:attachment":[{"href":"https:\/\/axtarstore.com\/ru\/wp-json\/wp\/v2\/media?parent=9704"}],"wp:term":[{"taxonomy":"pwb-brand","embeddable":true,"href":"https:\/\/axtarstore.com\/ru\/wp-json\/wp\/v2\/pwb-brand?post=9704"},{"taxonomy":"product_cat","embeddable":true,"href":"https:\/\/axtarstore.com\/ru\/wp-json\/wp\/v2\/product_cat?post=9704"},{"taxonomy":"product_tag","embeddable":true,"href":"https:\/\/axtarstore.com\/ru\/wp-json\/wp\/v2\/product_tag?post=9704"}],"curies":[{"name":"wp","href":"https:\/\/api.w.org\/{rel}","templated":true}]}}