{"id":9701,"date":"2025-04-21T00:30:15","date_gmt":"2025-04-20T20:30:15","guid":{"rendered":"https:\/\/axtarstore.com\/?post_type=product&#038;p=9701"},"modified":"2026-02-19T20:42:23","modified_gmt":"2026-02-19T16:42:23","slug":"hemani-lemon-oil-tebii-limon-yagi","status":"publish","type":"product","link":"https:\/\/axtarstore.com\/ru\/product\/hemani-lemon-oil-tebii-limon-yagi\/","title":{"rendered":"Hemani Lemon Oil \u2013 T\u0259bii D\u0259ri Bax\u0131m\u0131 v\u0259 Sa\u00e7 Qullu\u011fu \u00dc\u00e7\u00fcn M\u00fck\u0259mm\u0259l Se\u00e7im"},"content":{"rendered":"<h1 data-section-id=\"m136p8\" data-start=\"384\" data-end=\"421\">Hemani Lemon Oil \u2013 T\u0259bii Limon Ya\u011f\u0131<\/h1>\n<h2 data-section-id=\"6xzsz2\" data-start=\"423\" data-end=\"433\">Problem<\/h2>\n<p data-start=\"435\" data-end=\"647\">D\u0259rinin sol\u011fun v\u0259 ya\u011fl\u0131 g\u00f6r\u00fcnm\u0259si, m\u0259sam\u0259l\u0259rin \u00e7irkl\u0259nm\u0259si v\u0259 sa\u00e7\u0131n tez ya\u011flanmas\u0131 geni\u015f yay\u0131lm\u0131\u015f probleml\u0259rd\u0259ndir. H\u0259m d\u0259ri, h\u0259m d\u0259 sa\u00e7 \u00fc\u00e7\u00fcn uy\u011fun olmayan m\u0259hsullar balans\u0131 poza v\u0259 \u0259lav\u0259 narahatl\u0131q yarada bil\u0259r.<\/p>\n<p data-start=\"649\" data-end=\"827\">X\u00fcsusil\u0259 ya\u011fl\u0131 v\u0259 qar\u0131\u015f\u0131q d\u0259ri tipind\u0259 t\u0259mizl\u0259yici v\u0259 t\u0259rav\u0259tl\u0259ndirici t\u0259sir\u0259 malik t\u0259bii m\u0259hsullara ehtiyac art\u0131r. Sa\u00e7 bax\u0131m\u0131nda is\u0259 ba\u015f d\u0259risinin balans\u0131n\u0131n qorunmas\u0131 vacibdir.<\/p>\n<h2 data-section-id=\"1xwjg8k\" data-start=\"829\" data-end=\"836\">H\u0259ll<\/h2>\n<p data-start=\"838\" data-end=\"1028\">Hemani Lemon Oil t\u0259bii limon ekstrakt\u0131 \u0259sas\u0131nda haz\u0131rlanm\u0131\u015f \u00e7oxm\u0259qs\u0259dli qulluq ya\u011f\u0131d\u0131r. Limonun t\u0259mizl\u0259yici v\u0259 t\u0259rav\u0259tl\u0259ndirici x\u00fcsusiyy\u0259tl\u0259ri il\u0259 d\u0259ri v\u0259 sa\u00e7 bax\u0131m\u0131nda istifad\u0259 oluna bil\u0259r.<\/p>\n<p data-start=\"1030\" data-end=\"1065\">M\u00fcnt\u0259z\u0259m v\u0259 d\u00fczg\u00fcn istifad\u0259 zaman\u0131:<\/p>\n<ul data-start=\"1067\" data-end=\"1268\">\n<li data-section-id=\"nj1el2\" data-start=\"1067\" data-end=\"1121\">\n<p data-start=\"1069\" data-end=\"1121\">D\u0259rinin daha t\u0259miz v\u0259 canl\u0131 g\u00f6r\u00fcnm\u0259sin\u0259 k\u00f6m\u0259k edir<\/p>\n<\/li>\n<li data-section-id=\"7c9u54\" data-start=\"1122\" data-end=\"1165\">\n<p data-start=\"1124\" data-end=\"1165\">Ya\u011f balans\u0131n\u0131n qorunmas\u0131na d\u0259st\u0259k verir<\/p>\n<\/li>\n<li data-section-id=\"fubkd8\" data-start=\"1166\" data-end=\"1198\">\n<p data-start=\"1168\" data-end=\"1198\">Sa\u00e7 d\u0259risini t\u0259rav\u0259tl\u0259ndirir<\/p>\n<\/li>\n<li data-section-id=\"vb0h6r\" data-start=\"1199\" data-end=\"1226\">\n<p data-start=\"1201\" data-end=\"1226\">Sol\u011fun g\u00f6r\u00fcn\u00fc\u015f\u00fc azald\u0131r<\/p>\n<\/li>\n<li data-section-id=\"3fv60t\" data-start=\"1227\" data-end=\"1268\">\n<p data-start=\"1229\" data-end=\"1268\">Daha parlaq v\u0259 bax\u0131ml\u0131 effekt yarad\u0131r<\/p>\n<\/li>\n<\/ul>\n<p data-start=\"1270\" data-end=\"1357\">Y\u00fcng\u00fcl formul dig\u0259r ya\u011flar v\u0259 ya qulluq m\u0259hsullar\u0131 il\u0259 birlikd\u0259 istifad\u0259 \u00fc\u00e7\u00fcn uy\u011fundur.<\/p>\n<h2 data-section-id=\"1bfdbjp\" data-start=\"1359\" data-end=\"1368\">N\u0259tic\u0259<\/h2>\n<p data-start=\"1370\" data-end=\"1570\">Hemani Lemon Oil sistemli istifad\u0259 zaman\u0131 d\u0259ri v\u0259 sa\u00e7\u0131n daha sa\u011flam v\u0259 t\u0259rav\u0259tli g\u00f6r\u00fcnm\u0259sin\u0259 d\u0259st\u0259k verir. X\u00fcsusil\u0259 t\u0259bii \u0259sasl\u0131 qulluq vasit\u0259l\u0259rin\u0259 \u00fcst\u00fcnl\u00fck ver\u0259n istifad\u0259\u00e7il\u0259r \u00fc\u00e7\u00fcn praktik se\u00e7imdir.<\/p>\n<p data-start=\"1572\" data-end=\"1640\">Bu m\u0259hsul g\u00fcnd\u0259lik v\u0259 ya h\u0259ft\u0259lik qulluq rutinin\u0259 \u0259lav\u0259 edil\u0259 bil\u0259r.<\/p>\n<hr data-start=\"1642\" data-end=\"1645\" \/>\n<h2 data-section-id=\"1u1lujk\" data-start=\"1647\" data-end=\"1676\">Niy\u0259 bu m\u0259hsulu almal\u0131yam?<\/h2>\n<ul data-start=\"1678\" data-end=\"1974\">\n<li data-section-id=\"8h2sel\" data-start=\"1678\" data-end=\"1731\">\n<p data-start=\"1680\" data-end=\"1731\">\u00c7\u00fcnki t\u0259bii limon ya\u011f\u0131 \u0259sasl\u0131 formul t\u0259qdim edir.<\/p>\n<\/li>\n<li data-section-id=\"13yzn7o\" data-start=\"1732\" data-end=\"1804\">\n<p data-start=\"1734\" data-end=\"1804\">\u00c7\u00fcnki h\u0259m d\u0259ri, h\u0259m d\u0259 sa\u00e7 \u00fc\u00e7\u00fcn \u00e7oxm\u0259qs\u0259dli istifad\u0259 imkan\u0131 yarad\u0131r.<\/p>\n<\/li>\n<li data-section-id=\"10n9dk3\" data-start=\"1805\" data-end=\"1862\">\n<p data-start=\"1807\" data-end=\"1862\">\u00c7\u00fcnki t\u0259rav\u0259tl\u0259ndirici v\u0259 t\u0259mizl\u0259yici t\u0259sir\u0259 y\u00f6n\u0259lib.<\/p>\n<\/li>\n<li data-section-id=\"1zap9p\" data-start=\"1863\" data-end=\"1917\">\n<p data-start=\"1865\" data-end=\"1917\">\u00c7\u00fcnki minimal v\u0259 sad\u0259 t\u0259rkibli qulluq vasit\u0259sidir.<\/p>\n<\/li>\n<li data-section-id=\"1s09jm6\" data-start=\"1918\" data-end=\"1974\">\n<p data-start=\"1920\" data-end=\"1974\">\u00c7\u00fcnki g\u00fcnd\u0259lik bax\u0131m rutinin\u0259 asan inteqrasiya olunur.<\/p>\n<\/li>\n<\/ul>\n<p data-start=\"1976\" data-end=\"2052\">Hemani Lemon Oil sad\u0259, lakin effektiv t\u0259bii qulluq axtaranlar \u00fc\u00e7\u00fcn uy\u011fundur.<\/p>\n<hr data-start=\"2054\" data-end=\"2057\" \/>\n<h2 data-section-id=\"1exkxu7\" data-start=\"2059\" data-end=\"2078\">\u0130stifad\u0259 qaydas\u0131<\/h2>\n<p data-start=\"2080\" data-end=\"2234\"><strong data-start=\"2080\" data-end=\"2094\">D\u0259ri \u00fc\u00e7\u00fcn:<\/strong><br data-start=\"2094\" data-end=\"2097\" \/>T\u0259miz d\u0259riy\u0259 1\u20132 damc\u0131 t\u0259tbiq edin v\u0259 y\u00fcng\u00fcl masaj edin. Laz\u0131m olduqda dig\u0259r da\u015f\u0131y\u0131c\u0131 ya\u011f il\u0259 qar\u0131\u015fd\u0131raraq istifad\u0259 etm\u0259k t\u00f6vsiy\u0259 olunur.<\/p>\n<p data-start=\"2236\" data-end=\"2332\"><strong data-start=\"2236\" data-end=\"2249\">Sa\u00e7 \u00fc\u00e7\u00fcn:<\/strong><br data-start=\"2249\" data-end=\"2252\" \/>Bir ne\u00e7\u0259 damc\u0131 ya\u011f\u0131 ba\u015f d\u0259risin\u0259 t\u0259tbiq edib 20\u201330 d\u0259qiq\u0259 saxlay\u0131n, sonra yuyun.<\/p>\n<p data-start=\"2334\" data-end=\"2372\">H\u0259ft\u0259d\u0259 1\u20132 d\u0259f\u0259 istifad\u0259 m\u0259sl\u0259h\u0259tdir.<\/p>\n<hr data-start=\"2374\" data-end=\"2377\" \/>\n<h2 data-section-id=\"1xwdj0s\" data-start=\"2379\" data-end=\"2386\">Qeyd<\/h2>\n<ul data-start=\"2388\" data-end=\"2583\">\n<li data-section-id=\"11ilav5\" data-start=\"2388\" data-end=\"2423\">\n<p data-start=\"2390\" data-end=\"2423\">Yaln\u0131z xarici istifad\u0259 \u00fc\u00e7\u00fcnd\u00fcr.<\/p>\n<\/li>\n<li data-section-id=\"1ksat5f\" data-start=\"2424\" data-end=\"2495\">\n<p data-start=\"2426\" data-end=\"2495\">Birba\u015fa g\u00fcn\u0259\u015f \u015f\u00fcas\u0131na \u00e7\u0131xmadan \u0259vv\u0259l istifad\u0259 zaman\u0131 diqq\u0259tli olun.<\/p>\n<\/li>\n<li data-section-id=\"1y6zhqk\" data-start=\"2496\" data-end=\"2559\">\n<p data-start=\"2498\" data-end=\"2559\">H\u0259ssas d\u0259riy\u0259 sahibsinizs\u0259, \u0259vv\u0259lc\u0259 ki\u00e7ik sah\u0259d\u0259 test edin.<\/p>\n<\/li>\n<li data-section-id=\"v0qy21\" data-start=\"2560\" data-end=\"2583\">\n<p data-start=\"2562\" data-end=\"2583\">G\u00f6zl\u0259 t\u0259masdan qa\u00e7\u0131n.<\/p>\n<\/li>\n<\/ul>","protected":false},"excerpt":{"rendered":"<p>Hemani Lemon Oil t\u0259bii limon ya\u011f\u0131d\u0131r. D\u0259ri v\u0259 sa\u00e7 bax\u0131m\u0131nda t\u0259mizl\u0259yici, t\u0259rav\u0259tl\u0259ndirici v\u0259 parlaqla\u015fd\u0131r\u0131c\u0131 t\u0259sir g\u00f6st\u0259r\u0259n \u00e7oxm\u0259qs\u0259dli qulluq m\u0259hsuludur.<\/p>","protected":false},"featured_media":9702,"comment_status":"open","ping_status":"closed","template":"","meta":[],"pwb-brand":[165],"product_cat":[129,126,135,427,127],"product_tag":[417,421,418],"class_list":{"0":"post-9701","1":"product","2":"type-product","3":"status-publish","4":"has-post-thumbnail","6":"pwb-brand-hemani","7":"product_cat-beden-baximi","8":"product_cat-haircare","9":"product_cat-oil","10":"product_cat-tbii-yaglar","11":"product_cat-face-care","12":"product_tag-sacbaximi","13":"product_tag-sacqullugu","14":"product_tag-uzbaximi","15":"pa_size-30ml","18":"instock","19":"sale","20":"shipping-taxable","21":"purchasable","22":"product-type-simple"},"brands":[{"id":165,"name":"Hemani","slug":"hemani"}],"_links":{"self":[{"href":"https:\/\/axtarstore.com\/ru\/wp-json\/wp\/v2\/product\/9701"}],"collection":[{"href":"https:\/\/axtarstore.com\/ru\/wp-json\/wp\/v2\/product"}],"about":[{"href":"https:\/\/axtarstore.com\/ru\/wp-json\/wp\/v2\/types\/product"}],"replies":[{"embeddable":true,"href":"https:\/\/axtarstore.com\/ru\/wp-json\/wp\/v2\/comments?post=9701"}],"version-history":[{"count":3,"href":"https:\/\/axtarstore.com\/ru\/wp-json\/wp\/v2\/product\/9701\/revisions"}],"predecessor-version":[{"id":11193,"href":"https:\/\/axtarstore.com\/ru\/wp-json\/wp\/v2\/product\/9701\/revisions\/11193"}],"wp:featuredmedia":[{"embeddable":true,"href":"https:\/\/axtarstore.com\/ru\/wp-json\/wp\/v2\/media\/9702"}],"wp:attachment":[{"href":"https:\/\/axtarstore.com\/ru\/wp-json\/wp\/v2\/media?parent=9701"}],"wp:term":[{"taxonomy":"pwb-brand","embeddable":true,"href":"https:\/\/axtarstore.com\/ru\/wp-json\/wp\/v2\/pwb-brand?post=9701"},{"taxonomy":"product_cat","embeddable":true,"href":"https:\/\/axtarstore.com\/ru\/wp-json\/wp\/v2\/product_cat?post=9701"},{"taxonomy":"product_tag","embeddable":true,"href":"https:\/\/axtarstore.com\/ru\/wp-json\/wp\/v2\/product_tag?post=9701"}],"curies":[{"name":"wp","href":"https:\/\/api.w.org\/{rel}","templated":true}]}}