{"id":9678,"date":"2025-04-20T23:20:54","date_gmt":"2025-04-20T19:20:54","guid":{"rendered":"https:\/\/axtarstore.com\/?post_type=product&#038;p=9678"},"modified":"2026-02-19T20:49:36","modified_gmt":"2026-02-19T16:49:36","slug":"linza-qabi-naboru","status":"publish","type":"product","link":"https:\/\/axtarstore.com\/ru\/product\/linza-qabi-naboru\/","title":{"rendered":"Linza Qab\u0131 Naboru"},"content":{"rendered":"<h1 data-section-id=\"ywgjy1\" data-start=\"356\" data-end=\"411\">Linza Qab\u0131 Naboru \u2013 Kontakt Linzalar \u00fc\u00e7\u00fcn Praktik Set<\/h1>\n<h2 data-section-id=\"6xzsz2\" data-start=\"413\" data-end=\"423\">Problem<\/h2>\n<p data-start=\"425\" data-end=\"610\">Kontakt linza istifad\u0259\u00e7il\u0259ri \u00fc\u00e7\u00fcn \u0259n vacib m\u0259s\u0259l\u0259l\u0259rd\u0259n biri gigiyenik v\u0259 t\u0259hl\u00fck\u0259siz saxlamad\u0131r. Uy\u011fun qab istifad\u0259 olunmad\u0131qda linzalar \u00e7irkl\u0259n\u0259, quruyaraq z\u0259d\u0259l\u0259n\u0259 v\u0259 ya qar\u0131\u015fa bil\u0259r.<\/p>\n<p data-start=\"612\" data-end=\"796\">S\u0259yah\u0259t zaman\u0131 v\u0259 ya g\u00fcnd\u0259lik \u00e7antada da\u015f\u0131maq \u00fc\u00e7\u00fcn praktik h\u0259ll olmad\u0131qda linzalar\u0131n qorunmas\u0131 \u00e7\u0259tinl\u0259\u015fir. Eyni zamanda linzan\u0131 tax\u0131b-\u00e7\u0131xarmaq \u00fc\u00e7\u00fcn \u0259lav\u0259 aksessuarlara ehtiyac yaran\u0131r.<\/p>\n<h2 data-section-id=\"1xwjg8k\" data-start=\"798\" data-end=\"805\">H\u0259ll<\/h2>\n<p data-start=\"807\" data-end=\"987\">Linza Qab\u0131 Naboru kontakt linzalar\u0131n saxlanmas\u0131 v\u0259 istifad\u0259si \u00fc\u00e7\u00fcn n\u0259z\u0259rd\u0259 tutulmu\u015f funksional setdir. Naborun t\u0259rkibin\u0259 linza qab\u0131 v\u0259 istifad\u0259ni asanla\u015fd\u0131ran aksesuarlar daxildir.<\/p>\n<p data-start=\"989\" data-end=\"1002\">\u041f\u0440\u0435\u0438\u043c\u0443\u0449\u0435\u0441\u0442\u0432\u0430:<\/p>\n<ul data-start=\"1004\" data-end=\"1222\">\n<li data-section-id=\"8zusii\" data-start=\"1004\" data-end=\"1053\">\n<p data-start=\"1006\" data-end=\"1053\">Linzalar\u0131n gigiyenik saxlanmas\u0131na imkan verir<\/p>\n<\/li>\n<li data-section-id=\"g73wpt\" data-start=\"1054\" data-end=\"1106\">\n<p data-start=\"1056\" data-end=\"1106\">Sa\u011f v\u0259 sol linzan\u0131n ayr\u0131 b\u00f6lm\u0259d\u0259 yerl\u0259\u015fdirilm\u0259si<\/p>\n<\/li>\n<li data-section-id=\"ejer8d\" data-start=\"1107\" data-end=\"1146\">\n<p data-start=\"1109\" data-end=\"1146\">Kompakt \u00f6l\u00e7\u00fc, \u00e7antada rahat da\u015f\u0131nma<\/p>\n<\/li>\n<li data-section-id=\"1nkj01r\" data-start=\"1147\" data-end=\"1176\">\n<p data-start=\"1149\" data-end=\"1176\">S\u0259yah\u0259t \u00fc\u00e7\u00fcn uy\u011fun dizayn<\/p>\n<\/li>\n<li data-section-id=\"2ajbwh\" data-start=\"1177\" data-end=\"1222\">\n<p data-start=\"1179\" data-end=\"1222\">\u0130stifad\u0259ni asanla\u015fd\u0131ran \u0259lav\u0259 aksesuarlar<\/p>\n<\/li>\n<\/ul>\n<p data-start=\"1224\" data-end=\"1297\">M\u0259hsul h\u0259m g\u00fcnd\u0259lik, h\u0259m d\u0259 s\u0259yah\u0259t zaman\u0131 istifad\u0259 \u00fc\u00e7\u00fcn n\u0259z\u0259rd\u0259 tutulub.<\/p>\n<h2 data-section-id=\"1bfdbjp\" data-start=\"1299\" data-end=\"1308\">N\u0259tic\u0259<\/h2>\n<p data-start=\"1310\" data-end=\"1500\">Linza Qab\u0131 Naboru kontakt linzalar\u0131n t\u0259hl\u00fck\u0259siz v\u0259 s\u0259liq\u0259li \u015f\u0259kild\u0259 saxlanmas\u0131na k\u00f6m\u0259k edir. Gigiyena s\u0259viyy\u0259sinin qorunmas\u0131 linza istifad\u0259sind\u0259 komfort v\u0259 t\u0259hl\u00fck\u0259sizlik bax\u0131m\u0131ndan vacibdir.<\/p>\n<p data-start=\"1502\" data-end=\"1585\">Bu set praktik v\u0259 funksional h\u0259ll axtaran linza istifad\u0259\u00e7il\u0259ri \u00fc\u00e7\u00fcn uy\u011fun se\u00e7imdir.<\/p>\n<hr data-start=\"1587\" data-end=\"1590\" \/>\n<h2 data-section-id=\"1u1lujk\" data-start=\"1592\" data-end=\"1621\">Niy\u0259 bu m\u0259hsulu almal\u0131yam?<\/h2>\n<ul data-start=\"1623\" data-end=\"1874\">\n<li data-section-id=\"nlpqxr\" data-start=\"1623\" data-end=\"1679\">\n<p data-start=\"1625\" data-end=\"1679\">\u00c7\u00fcnki linzalar\u0131n gigiyenik saxlanmas\u0131 \u00fc\u00e7\u00fcn vacibdir.<\/p>\n<\/li>\n<li data-section-id=\"1h0u1tn\" data-start=\"1680\" data-end=\"1720\">\n<p data-start=\"1682\" data-end=\"1720\">\u00c7\u00fcnki kompakt v\u0259 da\u015f\u0131nmas\u0131 rahatd\u0131r.<\/p>\n<\/li>\n<li data-section-id=\"eo3ipz\" data-start=\"1721\" data-end=\"1771\">\n<p data-start=\"1723\" data-end=\"1771\">\u00c7\u00fcnki s\u0259yah\u0259t zaman\u0131 praktik h\u0259ll t\u0259qdim edir.<\/p>\n<\/li>\n<li data-section-id=\"1idm2m9\" data-start=\"1772\" data-end=\"1829\">\n<p data-start=\"1774\" data-end=\"1829\">\u00c7\u00fcnki sa\u011f v\u0259 sol linzan\u0131 ayr\u0131 saxlama imkan\u0131 yarad\u0131r.<\/p>\n<\/li>\n<li data-section-id=\"z9dvaz\" data-start=\"1830\" data-end=\"1874\">\n<p data-start=\"1832\" data-end=\"1874\">\u00c7\u00fcnki g\u00fcnd\u0259lik istifad\u0259 \u00fc\u00e7\u00fcn \u0259lveri\u015flidir.<\/p>\n<\/li>\n<\/ul>\n<p data-start=\"1876\" data-end=\"1958\">Linza Qab\u0131 Naboru kontakt linza istifad\u0259\u00e7il\u0259ri \u00fc\u00e7\u00fcn z\u0259ruri aksesuarlardan biridir.<\/p>\n<hr data-start=\"1960\" data-end=\"1963\" \/>\n<h2 data-section-id=\"1exkxu7\" data-start=\"1965\" data-end=\"1984\">\u0130stifad\u0259 qaydas\u0131<\/h2>\n<ol data-start=\"1986\" data-end=\"2239\">\n<li data-section-id=\"5qhm81\" data-start=\"1986\" data-end=\"2074\">\n<p data-start=\"1989\" data-end=\"2074\">Linza qab\u0131n\u0131 istifad\u0259 etm\u0259zd\u0259n \u0259vv\u0259l t\u0259miz su v\u0259 ya x\u00fcsusi linza m\u0259hlulu il\u0259 yuyun.<\/p>\n<\/li>\n<li data-section-id=\"a3z9yb\" data-start=\"2075\" data-end=\"2118\">\n<p data-start=\"2078\" data-end=\"2118\">H\u0259r b\u00f6lm\u0259y\u0259 uy\u011fun linzan\u0131 yerl\u0259\u015fdirin.<\/p>\n<\/li>\n<li data-section-id=\"ifd95\" data-start=\"2119\" data-end=\"2189\">\n<p data-start=\"2122\" data-end=\"2189\">Qab\u0131 x\u00fcsusi linza m\u0259hlulu il\u0259 doldurun v\u0259 qapa\u011f\u0131 m\u00f6hk\u0259m ba\u011flay\u0131n.<\/p>\n<\/li>\n<li data-section-id=\"zkzuxf\" data-start=\"2190\" data-end=\"2239\">\n<p data-start=\"2193\" data-end=\"2239\">M\u00fcnt\u0259z\u0259m olaraq qab\u0131 t\u0259mizl\u0259yin v\u0259 d\u0259yi\u015fdirin.<\/p>\n<\/li>\n<\/ol>\n<hr data-start=\"2241\" data-end=\"2244\" \/>\n<h2 data-section-id=\"1xwdj0s\" data-start=\"2246\" data-end=\"2253\">Qeyd<\/h2>\n<ul data-start=\"2255\" data-end=\"2413\">\n<li data-section-id=\"1g7b655\" data-start=\"2255\" data-end=\"2325\">\n<p data-start=\"2257\" data-end=\"2325\">Linza qab\u0131n\u0131 m\u00fct\u0259madi olaraq yenisi il\u0259 \u0259v\u0259z etm\u0259k t\u00f6vsiy\u0259 olunur.<\/p>\n<\/li>\n<li data-section-id=\"1rehfqw\" data-start=\"2326\" data-end=\"2372\">\n<p data-start=\"2328\" data-end=\"2372\">Yaln\u0131z x\u00fcsusi linza m\u0259hlulu istifad\u0259 edin.<\/p>\n<\/li>\n<li data-section-id=\"qae1kq\" data-start=\"2373\" data-end=\"2413\">\n<p data-start=\"2375\" data-end=\"2413\">U\u015faqlar\u0131n \u0259li \u00e7atmayan yerd\u0259 saxlay\u0131n.<\/p>\n<\/li>\n<\/ul>","protected":false},"excerpt":{"rendered":"<p>Linza Qab\u0131 Naboru kontakt linzalar \u00fc\u00e7\u00fcn gigiyenik v\u0259 praktik saxlama setidir. G\u00fcnd\u0259lik v\u0259 s\u0259yah\u0259t istifad\u0259si \u00fc\u00e7\u00fcn uy\u011fundur.<\/p>","protected":false},"featured_media":9679,"comment_status":"open","ping_status":"closed","template":"","meta":[],"pwb-brand":[],"product_cat":[416],"product_tag":[],"class_list":{"0":"post-9678","1":"product","2":"type-product","3":"status-publish","4":"has-post-thumbnail","6":"product_cat-kosmetik-linza-ucun-mhsullar","9":"instock","10":"sale","11":"shipping-taxable","12":"purchasable","13":"product-type-simple"},"brands":[],"_links":{"self":[{"href":"https:\/\/axtarstore.com\/ru\/wp-json\/wp\/v2\/product\/9678"}],"collection":[{"href":"https:\/\/axtarstore.com\/ru\/wp-json\/wp\/v2\/product"}],"about":[{"href":"https:\/\/axtarstore.com\/ru\/wp-json\/wp\/v2\/types\/product"}],"replies":[{"embeddable":true,"href":"https:\/\/axtarstore.com\/ru\/wp-json\/wp\/v2\/comments?post=9678"}],"version-history":[{"count":3,"href":"https:\/\/axtarstore.com\/ru\/wp-json\/wp\/v2\/product\/9678\/revisions"}],"predecessor-version":[{"id":11199,"href":"https:\/\/axtarstore.com\/ru\/wp-json\/wp\/v2\/product\/9678\/revisions\/11199"}],"wp:featuredmedia":[{"embeddable":true,"href":"https:\/\/axtarstore.com\/ru\/wp-json\/wp\/v2\/media\/9679"}],"wp:attachment":[{"href":"https:\/\/axtarstore.com\/ru\/wp-json\/wp\/v2\/media?parent=9678"}],"wp:term":[{"taxonomy":"pwb-brand","embeddable":true,"href":"https:\/\/axtarstore.com\/ru\/wp-json\/wp\/v2\/pwb-brand?post=9678"},{"taxonomy":"product_cat","embeddable":true,"href":"https:\/\/axtarstore.com\/ru\/wp-json\/wp\/v2\/product_cat?post=9678"},{"taxonomy":"product_tag","embeddable":true,"href":"https:\/\/axtarstore.com\/ru\/wp-json\/wp\/v2\/product_tag?post=9678"}],"curies":[{"name":"wp","href":"https:\/\/api.w.org\/{rel}","templated":true}]}}