{"id":9675,"date":"2025-04-20T23:15:08","date_gmt":"2025-04-20T19:15:08","guid":{"rendered":"https:\/\/axtarstore.com\/?post_type=product&#038;p=9675"},"modified":"2026-02-19T20:51:17","modified_gmt":"2026-02-19T16:51:17","slug":"arenagold-beauty-cream-with-serum","status":"publish","type":"product","link":"https:\/\/axtarstore.com\/ru\/product\/arenagold-beauty-cream-with-serum\/","title":{"rendered":"Arenagold Beauty Cream with Serum"},"content":{"rendered":"<h1 data-section-id=\"oo8l9j\" data-start=\"399\" data-end=\"434\">ArenaGold Beauty Cream with Serum<\/h1>\n<h2 data-section-id=\"6xzsz2\" data-start=\"436\" data-end=\"446\">Problem<\/h2>\n<p data-start=\"448\" data-end=\"645\">D\u0259rinin sol\u011fun g\u00f6r\u00fcnm\u0259si, ton f\u0259rql\u0259ri v\u0259 elastiklik itkisi g\u00fcnd\u0259lik d\u0259riy\u0259 qulluqda \u0259sas probleml\u0259r s\u0131ras\u0131ndad\u0131r. T\u0259kc\u0259 krem istifad\u0259 etm\u0259k b\u0259z\u0259n kifay\u0259t etmir, serum is\u0259 \u0259lav\u0259 m\u0259rh\u0259l\u0259 t\u0259l\u0259b edir.<\/p>\n<p data-start=\"647\" data-end=\"809\">Bir \u00e7ox istifad\u0259\u00e7i h\u0259m intensiv t\u0259sir, h\u0259m d\u0259 praktik istifad\u0259 ist\u0259yir. Ayr\u0131-ayr\u0131 m\u0259hsullar\u0131n istifad\u0259si is\u0259 vaxt apar\u0131r v\u0259 sistemli n\u0259tic\u0259 \u0259ld\u0259 etm\u0259k \u00e7\u0259tinl\u0259\u015fir.<\/p>\n<h2 data-section-id=\"1xwjg8k\" data-start=\"811\" data-end=\"818\">H\u0259ll<\/h2>\n<p data-start=\"820\" data-end=\"1008\">ArenaGold Beauty Cream with Serum iki m\u0259rh\u0259l\u0259li qulluq effektini bir m\u0259hsulda birl\u0259\u015fdirir. Krem v\u0259 serumun kombinasiyas\u0131 d\u0259rinin h\u0259m s\u0259thi, h\u0259m d\u0259 d\u0259rin qatlar\u0131na t\u0259sir g\u00f6st\u0259rm\u0259y\u0259 y\u00f6n\u0259lib.<\/p>\n<p data-start=\"1010\" data-end=\"1035\">M\u00fcnt\u0259z\u0259m istifad\u0259 zaman\u0131:<\/p>\n<ul data-start=\"1037\" data-end=\"1192\">\n<li data-section-id=\"e25hjn\" data-start=\"1037\" data-end=\"1072\">\n<p data-start=\"1039\" data-end=\"1072\">D\u0259ri tonu daha balansl\u0131 g\u00f6r\u00fcn\u00fcr<\/p>\n<\/li>\n<li data-section-id=\"17h1sqn\" data-start=\"1073\" data-end=\"1092\">\n<p data-start=\"1075\" data-end=\"1092\">Parlaql\u0131q art\u0131r<\/p>\n<\/li>\n<li data-section-id=\"558tsx\" data-start=\"1093\" data-end=\"1113\">\n<p data-start=\"1095\" data-end=\"1113\">Sol\u011funluq azal\u0131r<\/p>\n<\/li>\n<li data-section-id=\"fkvs16\" data-start=\"1114\" data-end=\"1155\">\n<p data-start=\"1116\" data-end=\"1155\">D\u0259ri daha hamar v\u0259 yum\u015faq hiss olunur<\/p>\n<\/li>\n<li data-section-id=\"1nkng6e\" data-start=\"1156\" data-end=\"1192\">\n<p data-start=\"1158\" data-end=\"1192\">\u00dcmumi bax\u0131ml\u0131 g\u00f6r\u00fcn\u00fc\u015f formala\u015f\u0131r<\/p>\n<\/li>\n<\/ul>\n<p data-start=\"1194\" data-end=\"1274\">Formul g\u00fcnd\u0259lik istifad\u0259 \u00fc\u00e7\u00fcn uy\u011fun haz\u0131rlan\u0131b v\u0259 d\u0259rid\u0259 a\u011f\u0131rl\u0131q hissi yaratm\u0131r.<\/p>\n<h2 data-section-id=\"1bfdbjp\" data-start=\"1276\" data-end=\"1285\">N\u0259tic\u0259<\/h2>\n<p data-start=\"1287\" data-end=\"1472\">ArenaGold Beauty Cream with Serum sistemli istifad\u0259 zaman\u0131 daha canl\u0131 v\u0259 vahid tonlu d\u0259ri g\u00f6r\u00fcn\u00fc\u015f\u00fcn\u0259 d\u0259st\u0259k verir. Krem v\u0259 serum t\u0259sirinin birlikd\u0259 i\u015fl\u0259m\u0259si n\u0259tic\u0259ni daha balansl\u0131 edir.<\/p>\n<p data-start=\"1474\" data-end=\"1568\">Bu m\u0259hsul minimal m\u0259rh\u0259l\u0259 il\u0259 maksimum effektivlik axtaran istifad\u0259\u00e7il\u0259r \u00fc\u00e7\u00fcn n\u0259z\u0259rd\u0259 tutulub.<\/p>\n<hr data-start=\"1570\" data-end=\"1573\" \/>\n<h2 data-section-id=\"1u1lujk\" data-start=\"1575\" data-end=\"1604\">Niy\u0259 bu m\u0259hsulu almal\u0131yam?<\/h2>\n<ul data-start=\"1606\" data-end=\"1869\">\n<li data-section-id=\"1wm2e26\" data-start=\"1606\" data-end=\"1665\">\n<p data-start=\"1608\" data-end=\"1665\">\u00c7\u00fcnki krem v\u0259 serum effektini bir m\u0259hsulda t\u0259qdim edir.<\/p>\n<\/li>\n<li data-section-id=\"1bvdg9u\" data-start=\"1666\" data-end=\"1710\">\n<p data-start=\"1668\" data-end=\"1710\">\u00c7\u00fcnki g\u00fcnd\u0259lik istifad\u0259 \u00fc\u00e7\u00fcn praktikdir.<\/p>\n<\/li>\n<li data-section-id=\"jdm5hi\" data-start=\"1711\" data-end=\"1772\">\n<p data-start=\"1713\" data-end=\"1772\">\u00c7\u00fcnki ton balans\u0131 v\u0259 parlaql\u0131q \u00fc\u00e7\u00fcn h\u0259d\u0259fli qulluq verir.<\/p>\n<\/li>\n<li data-section-id=\"e30guy\" data-start=\"1773\" data-end=\"1816\">\n<p data-start=\"1775\" data-end=\"1816\">\u00c7\u00fcnki \u00e7oxm\u0259rh\u0259l\u0259li rutini sad\u0259l\u0259\u015fdirir.<\/p>\n<\/li>\n<li data-section-id=\"1fei4cw\" data-start=\"1817\" data-end=\"1869\">\n<p data-start=\"1819\" data-end=\"1869\">\u00c7\u00fcnki daha bax\u0131ml\u0131 v\u0259 parlaq g\u00f6r\u00fcn\u00fc\u015f\u0259 d\u0259st\u0259k olur.<\/p>\n<\/li>\n<\/ul>\n<p data-start=\"1871\" data-end=\"1970\">ArenaGold Beauty Cream with Serum vaxt\u0131na v\u0259 n\u0259tic\u0259y\u0259 \u00f6n\u0259m ver\u0259n istifad\u0259\u00e7il\u0259r \u00fc\u00e7\u00fcn uy\u011fun se\u00e7imdir.<\/p>\n<hr data-start=\"1972\" data-end=\"1975\" \/>\n<h2 data-section-id=\"1exkxu7\" data-start=\"1977\" data-end=\"1996\">\u0130stifad\u0259 qaydas\u0131<\/h2>\n<ol data-start=\"1998\" data-end=\"2165\">\n<li data-section-id=\"mbnabp\" data-start=\"1998\" data-end=\"2035\">\n<p data-start=\"2001\" data-end=\"2035\">\u00dcz\u00fcn\u00fcz\u00fc t\u0259mizl\u0259yin v\u0259 qurulay\u0131n.<\/p>\n<\/li>\n<li data-section-id=\"190gtut\" data-start=\"2036\" data-end=\"2107\">\n<p data-start=\"2039\" data-end=\"2107\">Kifay\u0259t q\u0259d\u0259r miqdarda m\u0259hsulu \u00fcz v\u0259 boyun nahiy\u0259sin\u0259 t\u0259tbiq edin.<\/p>\n<\/li>\n<li data-section-id=\"hxnbc8\" data-start=\"2108\" data-end=\"2165\">\n<p data-start=\"2111\" data-end=\"2165\">Y\u00fcng\u00fcl masaj h\u0259r\u0259k\u0259tl\u0259ri il\u0259 tam hopana q\u0259d\u0259r yay\u0131n.<\/p>\n<\/li>\n<\/ol>\n<p data-start=\"2167\" data-end=\"2283\">G\u00fcnd\u0259 1\u20132 d\u0259f\u0259 istifad\u0259 etm\u0259k t\u00f6vsiy\u0259 olunur. S\u0259h\u0259r istifad\u0259sind\u0259 g\u00fcn\u0259\u015fd\u0259n qoruyucu vasit\u0259 t\u0259tbiq etm\u0259k m\u0259sl\u0259h\u0259tdir.<\/p>\n<hr data-start=\"2285\" data-end=\"2288\" \/>\n<h2 data-section-id=\"1xwdj0s\" data-start=\"2290\" data-end=\"2297\">Qeyd<\/h2>\n<ul data-start=\"2299\" data-end=\"2456\">\n<li data-section-id=\"11ilav5\" data-start=\"2299\" data-end=\"2334\">\n<p data-start=\"2301\" data-end=\"2334\">Yaln\u0131z xarici istifad\u0259 \u00fc\u00e7\u00fcnd\u00fcr.<\/p>\n<\/li>\n<li data-section-id=\"15ym5wp\" data-start=\"2335\" data-end=\"2360\">\n<p data-start=\"2337\" data-end=\"2360\">G\u00f6zl\u0259 t\u0259masdan qa\u00e7\u0131n.<\/p>\n<\/li>\n<li data-section-id=\"1y6zhqk\" data-start=\"2361\" data-end=\"2424\">\n<p data-start=\"2363\" data-end=\"2424\">H\u0259ssas d\u0259riy\u0259 sahibsinizs\u0259, \u0259vv\u0259lc\u0259 ki\u00e7ik sah\u0259d\u0259 test edin.<\/p>\n<\/li>\n<li data-section-id=\"1rrfep3\" data-start=\"2425\" data-end=\"2456\">\n<p data-start=\"2427\" data-end=\"2456\">S\u0259rin v\u0259 quru yerd\u0259 saxlay\u0131n.<\/p>\n<\/li>\n<\/ul>","protected":false},"excerpt":{"rendered":"<div class=\"flex flex-col text-sm pb-25\">\n<article class=\"text-token-text-primary w-full focus:outline-none [--shadow-height:45px] has-data-writing-block:pointer-events-none has-data-writing-block:-mt-(--shadow-height) has-data-writing-block:pt-(--shadow-height) [&amp;:has([data-writing-block])&gt;*]:pointer-events-auto scroll-mt-[calc(var(--header-height)+min(200px,max(70px,20svh)))]\" dir=\"auto\" tabindex=\"-1\" data-turn-id=\"request-WEB:63b002d9-9de0-4b1a-86c8-30d441569e8f-16\" data-testid=\"conversation-turn-34\" data-scroll-anchor=\"true\" data-turn=\"assistant\">\n<div class=\"text-base my-auto mx-auto pb-10 [--thread-content-margin:--spacing(4)] @w-sm\/main:[--thread-content-margin:--spacing(6)] @w-lg\/main:[--thread-content-margin:--spacing(16)] px-(--thread-content-margin)\">\n<div class=\"[--thread-content-max-width:40rem] @w-lg\/main:[--thread-content-max-width:48rem] mx-auto max-w-(--thread-content-max-width) flex-1 group\/turn-messages focus-visible:outline-hidden relative flex w-full min-w-0 flex-col agent-turn\" tabindex=\"-1\">\n<div class=\"flex max-w-full flex-col grow\">\n<div class=\"min-h-8 text-message relative flex w-full flex-col items-end gap-2 text-start break-words whitespace-normal [.text-message+&amp;]:mt-1\" dir=\"auto\" data-message-author-role=\"assistant\" data-message-id=\"4bc12584-d5e7-481b-80f6-fdee574a1f9a\" data-message-model-slug=\"gpt-5-2\">\n<div class=\"flex w-full flex-col gap-1 empty:hidden first:pt-[1px]\">\n<div class=\"markdown prose dark:prose-invert w-full wrap-break-word light markdown-new-styling\">\n<p data-start=\"2499\" data-end=\"2663\" data-is-last-node=\"\" data-is-only-node=\"\">ArenaGold Beauty Cream with Serum krem v\u0259 serum t\u0259sirini birl\u0259\u015fdir\u0259n \u00e7oxfunksiyal\u0131 \u00fcz kremidir. D\u0259ri tonunu b\u0259rab\u0259rl\u0259\u015fdirir v\u0259 daha parlaq, bax\u0131ml\u0131 g\u00f6r\u00fcn\u00fc\u015f yarad\u0131r.<\/p>\n<\/div>\n<\/div>\n<\/div>\n<\/div>\n<div class=\"z-0 flex min-h-[46px] justify-start\"><\/div>\n<div class=\"mt-3 w-full empty:hidden\">\n<div class=\"text-center\"><\/div>\n<\/div>\n<\/div>\n<\/div>\n<\/article>\n<\/div>\n<div class=\"pointer-events-none h-px w-px absolute bottom-0\" aria-hidden=\"true\" data-edge=\"true\"><\/div>","protected":false},"featured_media":9676,"comment_status":"open","ping_status":"closed","template":"","meta":[],"pwb-brand":[163],"product_cat":[127,142],"product_tag":[294,319,418],"class_list":{"0":"post-9675","1":"product","2":"type-product","3":"status-publish","4":"has-post-thumbnail","6":"pwb-brand-arena-gold","7":"product_cat-face-care","8":"product_cat-face-creams","9":"product_tag-face","10":"product_tag-uz-lklri","11":"product_tag-uzbaximi","12":"pa_size-15grm","15":"instock","16":"shipping-taxable","17":"purchasable","18":"product-type-simple"},"brands":[{"id":163,"name":"Arena Gold","slug":"arena-gold"}],"_links":{"self":[{"href":"https:\/\/axtarstore.com\/ru\/wp-json\/wp\/v2\/product\/9675"}],"collection":[{"href":"https:\/\/axtarstore.com\/ru\/wp-json\/wp\/v2\/product"}],"about":[{"href":"https:\/\/axtarstore.com\/ru\/wp-json\/wp\/v2\/types\/product"}],"replies":[{"embeddable":true,"href":"https:\/\/axtarstore.com\/ru\/wp-json\/wp\/v2\/comments?post=9675"}],"version-history":[{"count":3,"href":"https:\/\/axtarstore.com\/ru\/wp-json\/wp\/v2\/product\/9675\/revisions"}],"predecessor-version":[{"id":11201,"href":"https:\/\/axtarstore.com\/ru\/wp-json\/wp\/v2\/product\/9675\/revisions\/11201"}],"wp:featuredmedia":[{"embeddable":true,"href":"https:\/\/axtarstore.com\/ru\/wp-json\/wp\/v2\/media\/9676"}],"wp:attachment":[{"href":"https:\/\/axtarstore.com\/ru\/wp-json\/wp\/v2\/media?parent=9675"}],"wp:term":[{"taxonomy":"pwb-brand","embeddable":true,"href":"https:\/\/axtarstore.com\/ru\/wp-json\/wp\/v2\/pwb-brand?post=9675"},{"taxonomy":"product_cat","embeddable":true,"href":"https:\/\/axtarstore.com\/ru\/wp-json\/wp\/v2\/product_cat?post=9675"},{"taxonomy":"product_tag","embeddable":true,"href":"https:\/\/axtarstore.com\/ru\/wp-json\/wp\/v2\/product_tag?post=9675"}],"curies":[{"name":"wp","href":"https:\/\/api.w.org\/{rel}","templated":true}]}}