{"id":9669,"date":"2025-04-20T22:56:39","date_gmt":"2025-04-20T18:56:39","guid":{"rendered":"https:\/\/axtarstore.com\/?post_type=product&#038;p=9669"},"modified":"2026-02-19T20:52:43","modified_gmt":"2026-02-19T16:52:43","slug":"dr-laila-linza-suyu-no-rub","status":"publish","type":"product","link":"https:\/\/axtarstore.com\/ru\/product\/dr-laila-linza-suyu-no-rub\/","title":{"rendered":"Dr. Laila Kosmetik Linzalar\u0131 \u00dc\u00e7\u00fcn Linza Suyu (No Rub) 30ML"},"content":{"rendered":"<h1 data-section-id=\"1qjipvr\" data-start=\"382\" data-end=\"436\">Dr. Laila Kosmetik Linzalar \u00fc\u00e7\u00fcn Linza Suyu (No Rub)<\/h1>\n<h2 data-section-id=\"6xzsz2\" data-start=\"438\" data-end=\"448\">Problem<\/h2>\n<p data-start=\"450\" data-end=\"663\">Kontakt linza istifad\u0259\u00e7il\u0259ri \u00fc\u00e7\u00fcn \u0259n vacib m\u0259s\u0259l\u0259l\u0259rd\u0259n biri linzalar\u0131n d\u00fczg\u00fcn t\u0259mizl\u0259nm\u0259si v\u0259 dezinfeksiyas\u0131d\u0131r. Kifay\u0259t q\u0259d\u0259r t\u0259mizl\u0259nm\u0259y\u0259n linzalar narahatl\u0131q, quruluq v\u0259 gigiyena probleml\u0259rin\u0259 s\u0259b\u0259b ola bil\u0259r.<\/p>\n<p data-start=\"665\" data-end=\"811\">\u018fn\u0259n\u0259vi \u00fcsullarda linzalar\u0131n mexaniki s\u00fcrt\u00fclm\u0259si t\u0259l\u0259b olunur ki, bu da \u0259lav\u0259 vaxt v\u0259 diqq\u0259t t\u0259l\u0259b edir. Praktik v\u0259 s\u00fcr\u0259tli h\u0259ll\u0259 ehtiyac yaran\u0131r.<\/p>\n<h2 data-section-id=\"1xwjg8k\" data-start=\"813\" data-end=\"820\">H\u0259ll<\/h2>\n<p data-start=\"822\" data-end=\"1003\">Dr. Laila Linza Suyu No Rub x\u00fcsusi formul say\u0259sind\u0259 linzalar\u0131n mexaniki s\u00fcrt\u00fclm\u0259d\u0259n t\u0259mizl\u0259nm\u0259sin\u0259 k\u00f6m\u0259k edir. \u201cNo Rub\u201d texnologiyas\u0131 g\u00fcnd\u0259lik istifad\u0259ni daha rahat v\u0259 s\u00fcr\u0259tli edir.<\/p>\n<p data-start=\"1005\" data-end=\"1018\">\u041f\u0440\u0435\u0438\u043c\u0443\u0449\u0435\u0441\u0442\u0432\u0430:<\/p>\n<ul data-start=\"1020\" data-end=\"1222\">\n<li data-section-id=\"obo79a\" data-start=\"1020\" data-end=\"1064\">\n<p data-start=\"1022\" data-end=\"1064\">Kontakt linzalar\u0131n effektiv t\u0259mizl\u0259nm\u0259si<\/p>\n<\/li>\n<li data-section-id=\"4pwd01\" data-start=\"1065\" data-end=\"1101\">\n<p data-start=\"1067\" data-end=\"1101\">Dezinfeksiya v\u0259 gigiyena d\u0259st\u0259yi<\/p>\n<\/li>\n<li data-section-id=\"1eijdik\" data-start=\"1102\" data-end=\"1151\">\n<p data-start=\"1104\" data-end=\"1151\">No Rub texnologiyas\u0131 il\u0259 s\u00fcrt\u00fclm\u0259d\u0259n istifad\u0259<\/p>\n<\/li>\n<li data-section-id=\"18vceio\" data-start=\"1152\" data-end=\"1189\">\n<p data-start=\"1154\" data-end=\"1189\">G\u00fcnd\u0259lik qulluq \u00fc\u00e7\u00fcn uy\u011fun formul<\/p>\n<\/li>\n<li data-section-id=\"138jfk3\" data-start=\"1190\" data-end=\"1222\">\n<p data-start=\"1192\" data-end=\"1222\">Kosmetik linzalarla uy\u011funluq<\/p>\n<\/li>\n<\/ul>\n<p data-start=\"1224\" data-end=\"1309\">M\u0259hsul linzalar\u0131n rahat v\u0259 t\u0259hl\u00fck\u0259siz istifad\u0259sin\u0259 d\u0259st\u0259k verm\u0259k \u00fc\u00e7\u00fcn haz\u0131rlanm\u0131\u015fd\u0131r.<\/p>\n<h2 data-section-id=\"1bfdbjp\" data-start=\"1311\" data-end=\"1320\">N\u0259tic\u0259<\/h2>\n<p data-start=\"1322\" data-end=\"1522\">M\u00fcnt\u0259z\u0259m istifad\u0259 zaman\u0131 linzalar daha t\u0259miz v\u0259 komfortlu hiss olunur. Dr. Laila Linza Suyu No Rub kontakt linza istifad\u0259\u00e7il\u0259ri \u00fc\u00e7\u00fcn g\u00fcnd\u0259lik qulluq m\u0259rh\u0259l\u0259sini sad\u0259l\u0259\u015fdirir v\u0259 t\u0259hl\u00fck\u0259sizliyi art\u0131r\u0131r.<\/p>\n<p data-start=\"1524\" data-end=\"1592\">Praktik istifad\u0259 formas\u0131 onu h\u0259m ev, h\u0259m d\u0259 s\u0259yah\u0259t \u00fc\u00e7\u00fcn uy\u011fun edir.<\/p>\n<hr data-start=\"1594\" data-end=\"1597\" \/>\n<h2 data-section-id=\"1u1lujk\" data-start=\"1599\" data-end=\"1628\">Niy\u0259 bu m\u0259hsulu almal\u0131yam?<\/h2>\n<ul data-start=\"1630\" data-end=\"1893\">\n<li data-section-id=\"t6xis4\" data-start=\"1630\" data-end=\"1690\">\n<p data-start=\"1632\" data-end=\"1690\">\u00c7\u00fcnki No Rub texnologiyas\u0131 il\u0259 istifad\u0259si daha rahatd\u0131r.<\/p>\n<\/li>\n<li data-section-id=\"17pffi4\" data-start=\"1691\" data-end=\"1753\">\n<p data-start=\"1693\" data-end=\"1753\">\u00c7\u00fcnki kontakt linzalar\u0131n gigiyenas\u0131n\u0131 qoruma\u011fa k\u00f6m\u0259k edir.<\/p>\n<\/li>\n<li data-section-id=\"1k4lko3\" data-start=\"1754\" data-end=\"1803\">\n<p data-start=\"1756\" data-end=\"1803\">\u00c7\u00fcnki g\u00fcnd\u0259lik istifad\u0259 \u00fc\u00e7\u00fcn n\u0259z\u0259rd\u0259 tutulub.<\/p>\n<\/li>\n<li data-section-id=\"17jayfl\" data-start=\"1804\" data-end=\"1843\">\n<p data-start=\"1806\" data-end=\"1843\">\u00c7\u00fcnki kosmetik linzalarla uy\u011fundur.<\/p>\n<\/li>\n<li data-section-id=\"ss69ig\" data-start=\"1844\" data-end=\"1893\">\n<p data-start=\"1846\" data-end=\"1893\">\u00c7\u00fcnki praktik v\u0259 s\u00fcr\u0259tli qulluq imkan\u0131 yarad\u0131r.<\/p>\n<\/li>\n<\/ul>\n<p data-start=\"1895\" data-end=\"1989\">Dr. Laila Linza Suyu No Rub kontakt linza istifad\u0259\u00e7il\u0259ri \u00fc\u00e7\u00fcn etibarl\u0131 v\u0259 funksional se\u00e7imdir.<\/p>\n<hr data-start=\"1991\" data-end=\"1994\" \/>\n<h2 data-section-id=\"1exkxu7\" data-start=\"1996\" data-end=\"2015\">\u0130stifad\u0259 qaydas\u0131<\/h2>\n<ol data-start=\"2017\" data-end=\"2227\">\n<li data-section-id=\"yhh4xs\" data-start=\"2017\" data-end=\"2046\">\n<p data-start=\"2020\" data-end=\"2046\">Linza qab\u0131n\u0131 t\u0259mizl\u0259yin.<\/p>\n<\/li>\n<li data-section-id=\"1qzu2eg\" data-start=\"2047\" data-end=\"2086\">\n<p data-start=\"2050\" data-end=\"2086\">Linzalar\u0131 qab\u0131n i\u00e7in\u0259 yerl\u0259\u015fdirin.<\/p>\n<\/li>\n<li data-section-id=\"yk78f0\" data-start=\"2087\" data-end=\"2130\">\n<p data-start=\"2090\" data-end=\"2130\">Kifay\u0259t q\u0259d\u0259r linza suyunu \u0259lav\u0259 edin.<\/p>\n<\/li>\n<li data-section-id=\"1n3ut2o\" data-start=\"2131\" data-end=\"2162\">\n<p data-start=\"2134\" data-end=\"2162\">Minimum 4\u20136 saat saxlay\u0131n.<\/p>\n<\/li>\n<li data-section-id=\"xssndu\" data-start=\"2163\" data-end=\"2227\">\n<p data-start=\"2166\" data-end=\"2227\">\u0130stifad\u0259d\u0259n \u0259vv\u0259l ehtiyac olduqda \u0259lav\u0259 m\u0259hlul il\u0259 yaxalay\u0131n.<\/p>\n<\/li>\n<\/ol>\n<hr data-start=\"2229\" data-end=\"2232\" \/>\n<h2 data-section-id=\"1xwdj0s\" data-start=\"2234\" data-end=\"2241\">Qeyd<\/h2>\n<ul data-start=\"2243\" data-end=\"2452\">\n<li data-section-id=\"1w8uo4z\" data-start=\"2243\" data-end=\"2292\">\n<p data-start=\"2245\" data-end=\"2292\">Yaln\u0131z kontakt linzalar \u00fc\u00e7\u00fcn istifad\u0259 olunur.<\/p>\n<\/li>\n<li data-section-id=\"1x05ij8\" data-start=\"2293\" data-end=\"2330\">\n<p data-start=\"2295\" data-end=\"2330\">M\u0259hlulu yenid\u0259n istifad\u0259 etm\u0259yin.<\/p>\n<\/li>\n<li data-section-id=\"7jqufp\" data-start=\"2331\" data-end=\"2381\">\n<p data-start=\"2333\" data-end=\"2381\">Qab\u0131n m\u0259hlulunu h\u0259r istifad\u0259d\u0259n sonra d\u0259yi\u015fin.<\/p>\n<\/li>\n<li data-section-id=\"hrtd0k\" data-start=\"2382\" data-end=\"2452\">\n<p data-start=\"2384\" data-end=\"2452\">A\u00e7\u0131ld\u0131qdan sonra istehsal\u00e7\u0131 t\u0259limat\u0131na uy\u011fun m\u00fcdd\u0259td\u0259 istifad\u0259 edin.<\/p>\n<\/li>\n<\/ul>","protected":false},"excerpt":{"rendered":"<p>Dr. Laila Linza Suyu No Rub kontakt linzalar \u00fc\u00e7\u00fcn s\u00fcrt\u00fclm\u0259d\u0259n t\u0259mizl\u0259m\u0259 v\u0259 dezinfeksiya h\u0259llidir. G\u00fcnd\u0259lik rahat v\u0259 t\u0259hl\u00fck\u0259siz istifad\u0259 \u00fc\u00e7\u00fcn uy\u011fundur.<\/p>","protected":false},"featured_media":9671,"comment_status":"open","ping_status":"closed","template":"","meta":[],"pwb-brand":[],"product_cat":[416],"product_tag":[],"class_list":{"0":"post-9669","1":"product","2":"type-product","3":"status-publish","4":"has-post-thumbnail","6":"product_cat-kosmetik-linza-ucun-mhsullar","7":"pa_size-30ml","8":"pa_size-60ml","11":"instock","12":"shipping-taxable","13":"purchasable","14":"product-type-variable"},"brands":[],"_links":{"self":[{"href":"https:\/\/axtarstore.com\/ru\/wp-json\/wp\/v2\/product\/9669"}],"collection":[{"href":"https:\/\/axtarstore.com\/ru\/wp-json\/wp\/v2\/product"}],"about":[{"href":"https:\/\/axtarstore.com\/ru\/wp-json\/wp\/v2\/types\/product"}],"replies":[{"embeddable":true,"href":"https:\/\/axtarstore.com\/ru\/wp-json\/wp\/v2\/comments?post=9669"}],"version-history":[{"count":3,"href":"https:\/\/axtarstore.com\/ru\/wp-json\/wp\/v2\/product\/9669\/revisions"}],"predecessor-version":[{"id":11203,"href":"https:\/\/axtarstore.com\/ru\/wp-json\/wp\/v2\/product\/9669\/revisions\/11203"}],"wp:featuredmedia":[{"embeddable":true,"href":"https:\/\/axtarstore.com\/ru\/wp-json\/wp\/v2\/media\/9671"}],"wp:attachment":[{"href":"https:\/\/axtarstore.com\/ru\/wp-json\/wp\/v2\/media?parent=9669"}],"wp:term":[{"taxonomy":"pwb-brand","embeddable":true,"href":"https:\/\/axtarstore.com\/ru\/wp-json\/wp\/v2\/pwb-brand?post=9669"},{"taxonomy":"product_cat","embeddable":true,"href":"https:\/\/axtarstore.com\/ru\/wp-json\/wp\/v2\/product_cat?post=9669"},{"taxonomy":"product_tag","embeddable":true,"href":"https:\/\/axtarstore.com\/ru\/wp-json\/wp\/v2\/product_tag?post=9669"}],"curies":[{"name":"wp","href":"https:\/\/api.w.org\/{rel}","templated":true}]}}