{"id":9657,"date":"2025-04-20T21:49:00","date_gmt":"2025-04-20T17:49:00","guid":{"rendered":"https:\/\/axtarstore.com\/?post_type=product&#038;p=9657"},"modified":"2026-02-19T20:58:44","modified_gmt":"2026-02-19T16:58:44","slug":"dr-laila-biberiye-biotin-sampunu-400ml","status":"publish","type":"product","link":"https:\/\/axtarstore.com\/ru\/product\/dr-laila-biberiye-biotin-sampunu-400ml\/","title":{"rendered":"Dr. Laila Biberiye Biotin \u015eampunu"},"content":{"rendered":"<h1 data-section-id=\"7rwpk1\" data-start=\"400\" data-end=\"443\">Dr. Laila Biberiye Biotin \u015eampunu \u2013 400ml<\/h1>\n<h2 data-section-id=\"6xzsz2\" data-start=\"445\" data-end=\"455\">Problem<\/h2>\n<p data-start=\"457\" data-end=\"653\">Sa\u00e7 t\u00f6k\u00fclm\u0259si, z\u0259if sa\u00e7 k\u00f6kl\u0259ri v\u0259 h\u0259cmsiz g\u00f6r\u00fcn\u00fc\u015f bir \u00e7ox insan\u0131n g\u00fcnd\u0259lik problemidir. \u018ftraf m\u00fchit t\u0259sirl\u0259ri, stress, d\u00fczg\u00fcn olmayan qulluq v\u0259 kimy\u0259vi m\u0259hsullar sa\u00e7\u0131n strukturunu z\u0259ifl\u0259d\u0259 bil\u0259r.<\/p>\n<p data-start=\"655\" data-end=\"858\">Z\u0259ifl\u0259mi\u015f sa\u00e7 k\u00f6kl\u0259ri zamanla seyr\u0259kl\u0259\u015fm\u0259y\u0259 v\u0259 sa\u00e7\u0131n \u0259vv\u0259lki s\u0131xl\u0131\u011f\u0131n\u0131 itirm\u0259sin\u0259 s\u0259b\u0259b olur. Standart \u015fampunlar is\u0259 b\u0259z\u0259n yaln\u0131z t\u0259mizl\u0259m\u0259 funksiyas\u0131 il\u0259 kifay\u0259tl\u0259nir v\u0259 k\u00f6kl\u0259r\u0259 h\u0259d\u0259fli t\u0259sir g\u00f6st\u0259rmir.<\/p>\n<h2 data-section-id=\"1xwjg8k\" data-start=\"860\" data-end=\"867\">H\u0259ll<\/h2>\n<p data-start=\"869\" data-end=\"1062\">Dr. Laila Biberiye Biotin \u015eampunu biberiye ekstrakt\u0131 v\u0259 biotinl\u0259 z\u0259ngin formulaya malikdir. Bu t\u0259rkib sa\u00e7 d\u0259risinin balans\u0131n\u0131 qoruma\u011fa v\u0259 k\u00f6kl\u0259rin daha g\u00fccl\u00fc g\u00f6r\u00fcnm\u0259sin\u0259 d\u0259st\u0259k verm\u0259y\u0259 y\u00f6n\u0259lib.<\/p>\n<p data-start=\"1064\" data-end=\"1089\">M\u00fcnt\u0259z\u0259m istifad\u0259 zaman\u0131:<\/p>\n<ul data-start=\"1091\" data-end=\"1291\">\n<li data-section-id=\"jtz8oy\" data-start=\"1091\" data-end=\"1127\">\n<p data-start=\"1093\" data-end=\"1127\">Sa\u00e7 d\u0259risini effektiv t\u0259mizl\u0259yir<\/p>\n<\/li>\n<li data-section-id=\"1etnjr8\" data-start=\"1128\" data-end=\"1172\">\n<p data-start=\"1130\" data-end=\"1172\">Sa\u00e7 k\u00f6kl\u0259rinin g\u00fccl\u0259nm\u0259sin\u0259 d\u0259st\u0259k verir<\/p>\n<\/li>\n<li data-section-id=\"1ot99f\" data-start=\"1173\" data-end=\"1209\">\n<p data-start=\"1175\" data-end=\"1209\">T\u00f6k\u00fclm\u0259nin azalmas\u0131na k\u00f6m\u0259k edir<\/p>\n<\/li>\n<li data-section-id=\"b3jqm8\" data-start=\"1210\" data-end=\"1249\">\n<p data-start=\"1212\" data-end=\"1249\">Sa\u00e7a daha dol\u011fun g\u00f6r\u00fcn\u00fc\u015f qazand\u0131r\u0131r<\/p>\n<\/li>\n<li data-section-id=\"plwt0h\" data-start=\"1250\" data-end=\"1291\">\n<p data-start=\"1252\" data-end=\"1291\">Parlaql\u0131q v\u0259 canl\u0131l\u0131q hissini art\u0131r\u0131r<\/p>\n<\/li>\n<\/ul>\n<p data-start=\"1293\" data-end=\"1366\">Y\u00fcng\u00fcl v\u0259 rahat k\u00f6p\u00fckl\u0259n\u0259n strukturu il\u0259 g\u00fcnd\u0259lik istifad\u0259 \u00fc\u00e7\u00fcn uy\u011fundur.<\/p>\n<h2 data-section-id=\"1bfdbjp\" data-start=\"1368\" data-end=\"1377\">N\u0259tic\u0259<\/h2>\n<p data-start=\"1379\" data-end=\"1585\">Sistemli istifad\u0259 zaman\u0131 sa\u00e7 daha sa\u011flam, t\u0259miz v\u0259 bax\u0131ml\u0131 g\u00f6r\u00fcn\u00fcr. Dr. Laila Biberiye Biotin \u015eampunu sa\u00e7 t\u00f6k\u00fclm\u0259sin\u0259 qar\u015f\u0131 d\u0259st\u0259k m\u0259qs\u0259dil\u0259 g\u00fcnd\u0259lik qulluq rutininin \u0259sas hiss\u0259si kimi istifad\u0259 edil\u0259 bil\u0259r.<\/p>\n<p data-start=\"1587\" data-end=\"1649\">X\u00fcsusil\u0259 z\u0259if v\u0259 t\u00f6k\u00fclm\u0259y\u0259 meyilli sa\u00e7lar \u00fc\u00e7\u00fcn uy\u011fun se\u00e7imdir.<\/p>\n<hr data-start=\"1651\" data-end=\"1654\" \/>\n<h2 data-section-id=\"1u1lujk\" data-start=\"1656\" data-end=\"1685\">Niy\u0259 bu m\u0259hsulu almal\u0131yam?<\/h2>\n<ul data-start=\"1687\" data-end=\"1935\">\n<li data-section-id=\"18683w1\" data-start=\"1687\" data-end=\"1744\">\n<p data-start=\"1689\" data-end=\"1744\">\u00c7\u00fcnki biberiye v\u0259 biotinl\u0259 z\u0259ngin formulaya malikdir.<\/p>\n<\/li>\n<li data-section-id=\"1ilkk8y\" data-start=\"1745\" data-end=\"1796\">\n<p data-start=\"1747\" data-end=\"1796\">\u00c7\u00fcnki sa\u00e7 k\u00f6kl\u0259rin\u0259 h\u0259d\u0259fli qulluq t\u0259qdim edir.<\/p>\n<\/li>\n<li data-section-id=\"1l9o2ua\" data-start=\"1797\" data-end=\"1836\">\n<p data-start=\"1799\" data-end=\"1836\">\u00c7\u00fcnki t\u00f6k\u00fclm\u0259y\u0259 qar\u015f\u0131 d\u0259st\u0259k verir.<\/p>\n<\/li>\n<li data-section-id=\"177ysi0\" data-start=\"1837\" data-end=\"1879\">\n<p data-start=\"1839\" data-end=\"1879\">\u00c7\u00fcnki g\u00fcnd\u0259lik istifad\u0259 \u00fc\u00e7\u00fcn uy\u011fundur.<\/p>\n<\/li>\n<li data-section-id=\"17ur68k\" data-start=\"1880\" data-end=\"1935\">\n<p data-start=\"1882\" data-end=\"1935\">\u00c7\u00fcnki daha dol\u011fun v\u0259 canl\u0131 sa\u00e7 g\u00f6r\u00fcn\u00fc\u015f\u00fcn\u0259 k\u00f6m\u0259k edir.<\/p>\n<\/li>\n<\/ul>\n<p data-start=\"1937\" data-end=\"2055\">Dr. Laila Biberiye Biotin \u015eampunu sa\u00e7\u0131na sistemli v\u0259 pe\u015f\u0259kar yana\u015fma il\u0259 qulluq etm\u0259k ist\u0259y\u0259nl\u0259r \u00fc\u00e7\u00fcn n\u0259z\u0259rd\u0259 tutulub.<\/p>\n<hr data-start=\"2057\" data-end=\"2060\" \/>\n<h2 data-section-id=\"1exkxu7\" data-start=\"2062\" data-end=\"2081\">\u0130stifad\u0259 qaydas\u0131<\/h2>\n<ol data-start=\"2083\" data-end=\"2267\">\n<li data-section-id=\"16xj0wz\" data-start=\"2083\" data-end=\"2113\">\n<p data-start=\"2086\" data-end=\"2113\">Sa\u00e7\u0131 il\u0131q su il\u0259 islad\u0131n.<\/p>\n<\/li>\n<li data-section-id=\"1oey3h3\" data-start=\"2114\" data-end=\"2166\">\n<p data-start=\"2117\" data-end=\"2166\">Kifay\u0259t q\u0259d\u0259r \u015fampunu sa\u00e7 d\u0259risin\u0259 t\u0259tbiq edin.<\/p>\n<\/li>\n<li data-section-id=\"1ms6my1\" data-start=\"2167\" data-end=\"2215\">\n<p data-start=\"2170\" data-end=\"2215\">Y\u00fcng\u00fcl masaj h\u0259r\u0259k\u0259tl\u0259ri il\u0259 k\u00f6p\u00fckl\u0259ndirin.<\/p>\n<\/li>\n<li data-section-id=\"1w8a8c0\" data-start=\"2216\" data-end=\"2267\">\n<p data-start=\"2219\" data-end=\"2267\">1\u20132 d\u0259qiq\u0259 saxlad\u0131qdan sonra bol su il\u0259 yuyun.<\/p>\n<\/li>\n<\/ol>\n<p data-start=\"2269\" data-end=\"2318\">Ehtiyac olduqda proseduru t\u0259krar etm\u0259k m\u00fcmk\u00fcnd\u00fcr.<\/p>\n<hr data-start=\"2320\" data-end=\"2323\" \/>\n<h2 data-section-id=\"1xwdj0s\" data-start=\"2325\" data-end=\"2332\">Qeyd<\/h2>\n<ul data-start=\"2334\" data-end=\"2487\">\n<li data-section-id=\"11ilav5\" data-start=\"2334\" data-end=\"2369\">\n<p data-start=\"2336\" data-end=\"2369\">Yaln\u0131z xarici istifad\u0259 \u00fc\u00e7\u00fcnd\u00fcr.<\/p>\n<\/li>\n<li data-section-id=\"15ym5wp\" data-start=\"2370\" data-end=\"2395\">\n<p data-start=\"2372\" data-end=\"2395\">G\u00f6zl\u0259 t\u0259masdan qa\u00e7\u0131n.<\/p>\n<\/li>\n<li data-section-id=\"82ip6d\" data-start=\"2396\" data-end=\"2446\">\n<p data-start=\"2398\" data-end=\"2446\">H\u0259ssas d\u0259riy\u0259 sahibsinizs\u0259, \u0259vv\u0259lc\u0259 test edin.<\/p>\n<\/li>\n<li data-section-id=\"qae1kq\" data-start=\"2447\" data-end=\"2487\">\n<p data-start=\"2449\" data-end=\"2487\">U\u015faqlar\u0131n \u0259li \u00e7atmayan yerd\u0259 saxlay\u0131n.<\/p>\n<\/li>\n<\/ul>","protected":false},"excerpt":{"rendered":"<div class=\"flex flex-col text-sm pb-25\">\n<article class=\"text-token-text-primary w-full focus:outline-none [--shadow-height:45px] has-data-writing-block:pointer-events-none has-data-writing-block:-mt-(--shadow-height) has-data-writing-block:pt-(--shadow-height) [&amp;:has([data-writing-block])&gt;*]:pointer-events-auto scroll-mt-[calc(var(--header-height)+min(200px,max(70px,20svh)))]\" dir=\"auto\" tabindex=\"-1\" data-turn-id=\"request-WEB:63b002d9-9de0-4b1a-86c8-30d441569e8f-20\" data-testid=\"conversation-turn-42\" data-scroll-anchor=\"true\" data-turn=\"assistant\">\n<div class=\"text-base my-auto mx-auto pb-10 [--thread-content-margin:--spacing(4)] @w-sm\/main:[--thread-content-margin:--spacing(6)] @w-lg\/main:[--thread-content-margin:--spacing(16)] px-(--thread-content-margin)\">\n<div class=\"[--thread-content-max-width:40rem] @w-lg\/main:[--thread-content-max-width:48rem] mx-auto max-w-(--thread-content-max-width) flex-1 group\/turn-messages focus-visible:outline-hidden relative flex w-full min-w-0 flex-col agent-turn\" tabindex=\"-1\">\n<div class=\"flex max-w-full flex-col grow\">\n<div class=\"min-h-8 text-message relative flex w-full flex-col items-end gap-2 text-start break-words whitespace-normal [.text-message+&amp;]:mt-1\" dir=\"auto\" data-message-author-role=\"assistant\" data-message-id=\"a51b21f6-a318-4d19-85fc-0ba68058e83d\" data-message-model-slug=\"gpt-5-2\">\n<div class=\"flex w-full flex-col gap-1 empty:hidden first:pt-[1px]\">\n<div class=\"markdown prose dark:prose-invert w-full wrap-break-word light markdown-new-styling\">\n<p data-start=\"2530\" data-end=\"2711\" data-is-last-node=\"\" data-is-only-node=\"\">Dr. Laila Biberiye Biotin \u015eampunu 400ml sa\u00e7 k\u00f6kl\u0259rini g\u00fccl\u0259ndir\u0259n v\u0259 t\u00f6k\u00fclm\u0259y\u0259 qar\u015f\u0131 d\u0259st\u0259k ver\u0259n g\u00fcnd\u0259lik istifad\u0259 \u00fc\u00e7\u00fcn uy\u011fun \u015fampundur. Daha dol\u011fun v\u0259 sa\u011flam sa\u00e7 g\u00f6r\u00fcn\u00fc\u015f\u00fc yarad\u0131r.<\/p>\n<\/div>\n<\/div>\n<\/div>\n<\/div>\n<div class=\"z-0 flex min-h-[46px] justify-start\"><\/div>\n<div class=\"mt-3 w-full empty:hidden\">\n<div class=\"text-center\"><\/div>\n<\/div>\n<\/div>\n<\/div>\n<\/article>\n<\/div>\n<div class=\"pointer-events-none h-px w-px absolute bottom-0\" aria-hidden=\"true\" data-edge=\"true\"><\/div>","protected":false},"featured_media":9661,"comment_status":"open","ping_status":"closed","template":"","meta":[],"pwb-brand":[162],"product_cat":[126,133],"product_tag":[306,308,301],"class_list":{"0":"post-9657","1":"product","2":"type-product","3":"status-publish","4":"has-post-thumbnail","6":"pwb-brand-dr-laila","7":"product_cat-haircare","8":"product_cat-shampoo","9":"product_tag-antihairloss","10":"product_tag-haircare","11":"product_tag-hairfallsolution","12":"pa_size-400ml","15":"instock","16":"sale","17":"shipping-taxable","18":"purchasable","19":"product-type-simple"},"brands":[{"id":162,"name":"Dr Laila","slug":"dr-laila"}],"_links":{"self":[{"href":"https:\/\/axtarstore.com\/ru\/wp-json\/wp\/v2\/product\/9657"}],"collection":[{"href":"https:\/\/axtarstore.com\/ru\/wp-json\/wp\/v2\/product"}],"about":[{"href":"https:\/\/axtarstore.com\/ru\/wp-json\/wp\/v2\/types\/product"}],"replies":[{"embeddable":true,"href":"https:\/\/axtarstore.com\/ru\/wp-json\/wp\/v2\/comments?post=9657"}],"version-history":[{"count":3,"href":"https:\/\/axtarstore.com\/ru\/wp-json\/wp\/v2\/product\/9657\/revisions"}],"predecessor-version":[{"id":11209,"href":"https:\/\/axtarstore.com\/ru\/wp-json\/wp\/v2\/product\/9657\/revisions\/11209"}],"wp:featuredmedia":[{"embeddable":true,"href":"https:\/\/axtarstore.com\/ru\/wp-json\/wp\/v2\/media\/9661"}],"wp:attachment":[{"href":"https:\/\/axtarstore.com\/ru\/wp-json\/wp\/v2\/media?parent=9657"}],"wp:term":[{"taxonomy":"pwb-brand","embeddable":true,"href":"https:\/\/axtarstore.com\/ru\/wp-json\/wp\/v2\/pwb-brand?post=9657"},{"taxonomy":"product_cat","embeddable":true,"href":"https:\/\/axtarstore.com\/ru\/wp-json\/wp\/v2\/product_cat?post=9657"},{"taxonomy":"product_tag","embeddable":true,"href":"https:\/\/axtarstore.com\/ru\/wp-json\/wp\/v2\/product_tag?post=9657"}],"curies":[{"name":"wp","href":"https:\/\/api.w.org\/{rel}","templated":true}]}}