{"id":9617,"date":"2025-03-30T00:50:30","date_gmt":"2025-03-29T20:50:30","guid":{"rendered":"https:\/\/axtarstore.com\/?post_type=product&#038;p=9617"},"modified":"2026-02-19T21:02:30","modified_gmt":"2026-02-19T17:02:30","slug":"sac-kremi-trichup-keratin-200ml","status":"publish","type":"product","link":"https:\/\/axtarstore.com\/ru\/product\/sac-kremi-trichup-keratin-200ml\/","title":{"rendered":"sa\u00e7 kremi NEW Trichup Hair Cream &#8211; Keratin 200ml"},"content":{"rendered":"<h1 data-section-id=\"cuz2zn\" data-start=\"405\" data-end=\"441\">Trichup Keratin Hair Cream \u2013 200ml<\/h1>\n<h2 data-section-id=\"6xzsz2\" data-start=\"443\" data-end=\"453\">Problem<\/h2>\n<p data-start=\"455\" data-end=\"654\">\u0130stilikl\u0259 formaya salma, boyama v\u0259 kimy\u0259vi prosedurlar sa\u00e7\u0131n strukturunu z\u0259ifl\u0259dir. N\u0259tic\u0259d\u0259 sa\u00e7lar quruyur, uclar\u0131 q\u0131r\u0131l\u0131r v\u0259 elastikliyini itirir. Sa\u00e7 tell\u0259ri kobudla\u015f\u0131r v\u0259 idar\u0259olunmaz hala g\u0259lir.<\/p>\n<p data-start=\"656\" data-end=\"865\">Adi n\u0259ml\u0259ndiricil\u0259r q\u0131sa m\u00fcdd\u0259tli yum\u015faql\u0131q vers\u0259 d\u0259, strukturun d\u0259rin qatlar\u0131na t\u0259sir etm\u0259dikd\u0259 uzunm\u00fcdd\u0259tli n\u0259tic\u0259 \u0259ld\u0259 etm\u0259k \u00e7\u0259tin olur. Z\u0259d\u0259l\u0259nmi\u015f sa\u00e7 \u00fc\u00e7\u00fcn g\u00fccl\u0259ndirici v\u0259 b\u0259rpaedici krem\u0259 ehtiyac yaran\u0131r.<\/p>\n<h2 data-section-id=\"1xwjg8k\" data-start=\"867\" data-end=\"874\">H\u0259ll<\/h2>\n<p data-start=\"876\" data-end=\"1099\">Trichup Keratin Hair Cream 200ml keratin t\u0259rkibli formulu il\u0259 sa\u00e7 tell\u0259rinin g\u00fccl\u0259nm\u0259sin\u0259 v\u0259 hamarla\u015fmas\u0131na d\u0259st\u0259k verir. Keratin sa\u00e7\u0131n \u0259sas struktur z\u00fclal\u0131 oldu\u011fundan, z\u0259ifl\u0259mi\u015f tell\u0259rin daha m\u00f6hk\u0259m g\u00f6r\u00fcnm\u0259sin\u0259 k\u00f6m\u0259k edir.<\/p>\n<p data-start=\"1101\" data-end=\"1126\">M\u00fcnt\u0259z\u0259m istifad\u0259 zaman\u0131:<\/p>\n<ul data-start=\"1128\" data-end=\"1288\">\n<li data-section-id=\"1ful4ji\" data-start=\"1128\" data-end=\"1155\">\n<p data-start=\"1130\" data-end=\"1155\">Sa\u00e7\u0131n elastikliyi art\u0131r<\/p>\n<\/li>\n<li data-section-id=\"hg6ejq\" data-start=\"1156\" data-end=\"1194\">\n<p data-start=\"1158\" data-end=\"1194\">Q\u0131r\u0131lma v\u0259 quruluq g\u00f6r\u00fcn\u00fcm\u00fc azal\u0131r<\/p>\n<\/li>\n<li data-section-id=\"552iih\" data-start=\"1195\" data-end=\"1235\">\n<p data-start=\"1197\" data-end=\"1235\">Sa\u00e7 daha hamar v\u0259 yum\u015faq hiss olunur<\/p>\n<\/li>\n<li data-section-id=\"17h1sqn\" data-start=\"1236\" data-end=\"1255\">\n<p data-start=\"1238\" data-end=\"1255\">Parlaql\u0131q art\u0131r<\/p>\n<\/li>\n<li data-section-id=\"g8l9sp\" data-start=\"1256\" data-end=\"1288\">\n<p data-start=\"1258\" data-end=\"1288\">Sa\u00e7 daha rahat formaya d\u00fc\u015f\u00fcr<\/p>\n<\/li>\n<\/ul>\n<p data-start=\"1290\" data-end=\"1364\">Y\u00fcng\u00fcl teksturas\u0131 sa\u00e7da a\u011f\u0131rl\u0131q yaratmadan g\u00fcnd\u0259lik istifad\u0259 imkan\u0131 verir.<\/p>\n<h2 data-section-id=\"1bfdbjp\" data-start=\"1366\" data-end=\"1375\">N\u0259tic\u0259<\/h2>\n<p data-start=\"1377\" data-end=\"1567\">Trichup Keratin Hair Cream sistemli istifad\u0259 zaman\u0131 sa\u00e7\u0131n daha g\u00fccl\u00fc v\u0259 bax\u0131ml\u0131 g\u00f6r\u00fcnm\u0259sin\u0259 k\u00f6m\u0259k edir. X\u00fcsusil\u0259 z\u0259d\u0259l\u0259nmi\u015f, boyanm\u0131\u015f v\u0259 istilikl\u0259 formaya sal\u0131nan sa\u00e7lar \u00fc\u00e7\u00fcn uy\u011fun se\u00e7imdir.<\/p>\n<p data-start=\"1569\" data-end=\"1663\">Salon tipli bax\u0131m effektini ev \u015f\u0259raitind\u0259 \u0259ld\u0259 etm\u0259k ist\u0259y\u0259nl\u0259r \u00fc\u00e7\u00fcn praktik h\u0259ll t\u0259qdim edir.<\/p>\n<hr data-start=\"1665\" data-end=\"1668\" \/>\n<h2 data-section-id=\"1u1lujk\" data-start=\"1670\" data-end=\"1699\">Niy\u0259 bu m\u0259hsulu almal\u0131yam?<\/h2>\n<ul data-start=\"1701\" data-end=\"1977\">\n<li data-section-id=\"1m606uo\" data-start=\"1701\" data-end=\"1760\">\n<p data-start=\"1703\" data-end=\"1760\">\u00c7\u00fcnki keratin t\u0259rkibi il\u0259 sa\u00e7 strukturuna d\u0259st\u0259k verir.<\/p>\n<\/li>\n<li data-section-id=\"1mcp59h\" data-start=\"1761\" data-end=\"1821\">\n<p data-start=\"1763\" data-end=\"1821\">\u00c7\u00fcnki z\u0259d\u0259l\u0259nmi\u015f sa\u00e7lar \u00fc\u00e7\u00fcn h\u0259d\u0259fli qulluq t\u0259qdim edir.<\/p>\n<\/li>\n<li data-section-id=\"o8i1f0\" data-start=\"1822\" data-end=\"1877\">\n<p data-start=\"1824\" data-end=\"1877\">\u00c7\u00fcnki sa\u00e7\u0131n hamar v\u0259 parlaq g\u00f6r\u00fcnm\u0259sin\u0259 k\u00f6m\u0259k edir.<\/p>\n<\/li>\n<li data-section-id=\"177ysi0\" data-start=\"1878\" data-end=\"1920\">\n<p data-start=\"1880\" data-end=\"1920\">\u00c7\u00fcnki g\u00fcnd\u0259lik istifad\u0259 \u00fc\u00e7\u00fcn uy\u011fundur.<\/p>\n<\/li>\n<li data-section-id=\"w808dh\" data-start=\"1921\" data-end=\"1977\">\n<p data-start=\"1923\" data-end=\"1977\">\u00c7\u00fcnki sa\u00e7\u0131n idar\u0259olunan v\u0259 yum\u015faq olmas\u0131n\u0131 t\u0259min edir.<\/p>\n<\/li>\n<\/ul>\n<p data-start=\"1979\" data-end=\"2074\">Trichup Keratin Hair Cream uzunm\u00fcdd\u0259tli v\u0259 sistemli sa\u00e7 bax\u0131m\u0131 ist\u0259y\u0259nl\u0259r \u00fc\u00e7\u00fcn n\u0259z\u0259rd\u0259 tutulub.<\/p>\n<hr data-start=\"2076\" data-end=\"2079\" \/>\n<h2 data-section-id=\"1exkxu7\" data-start=\"2081\" data-end=\"2100\">\u0130stifad\u0259 qaydas\u0131<\/h2>\n<ol data-start=\"2102\" data-end=\"2285\">\n<li data-section-id=\"1c7wzqj\" data-start=\"2102\" data-end=\"2162\">\n<p data-start=\"2105\" data-end=\"2162\">T\u0259miz v\u0259 y\u00fcng\u00fcl n\u0259m sa\u00e7\u0131n uzunlu\u011fu boyunca t\u0259tbiq edin.<\/p>\n<\/li>\n<li data-section-id=\"xd38yb\" data-start=\"2163\" data-end=\"2197\">\n<p data-start=\"2166\" data-end=\"2197\">Uclara x\u00fcsusi diqq\u0259t yetirin.<\/p>\n<\/li>\n<li data-section-id=\"kdsddw\" data-start=\"2198\" data-end=\"2230\">\n<p data-start=\"2201\" data-end=\"2230\">Yuyulmadan saxlan\u0131la bil\u0259r.<\/p>\n<\/li>\n<li data-section-id=\"1clneiz\" data-start=\"2231\" data-end=\"2285\">\n<p data-start=\"2234\" data-end=\"2285\">Sa\u00e7\u0131 ist\u0259diyiniz formada qurudun v\u0259 ya d\u00fczl\u0259\u015fdirin.<\/p>\n<\/li>\n<\/ol>\n<p data-start=\"2287\" data-end=\"2342\">G\u00fcnd\u0259lik v\u0259 ya ehtiyaca uy\u011fun istifad\u0259 etm\u0259k m\u00fcmk\u00fcnd\u00fcr.<\/p>\n<hr data-start=\"2344\" data-end=\"2347\" \/>\n<h2 data-section-id=\"1xwdj0s\" data-start=\"2349\" data-end=\"2356\">Qeyd<\/h2>\n<ul data-start=\"2358\" data-end=\"2498\">\n<li data-section-id=\"11ilav5\" data-start=\"2358\" data-end=\"2393\">\n<p data-start=\"2360\" data-end=\"2393\">Yaln\u0131z xarici istifad\u0259 \u00fc\u00e7\u00fcnd\u00fcr.<\/p>\n<\/li>\n<li data-section-id=\"15ym5wp\" data-start=\"2394\" data-end=\"2419\">\n<p data-start=\"2396\" data-end=\"2419\">G\u00f6zl\u0259 t\u0259masdan qa\u00e7\u0131n.<\/p>\n<\/li>\n<li data-section-id=\"bib84l\" data-start=\"2420\" data-end=\"2466\">\n<p data-start=\"2422\" data-end=\"2466\">H\u0259ddind\u0259n art\u0131q miqdarda istifad\u0259 etm\u0259yin.<\/p>\n<\/li>\n<li data-section-id=\"1rrfep3\" data-start=\"2467\" data-end=\"2498\">\n<p data-start=\"2469\" data-end=\"2498\">S\u0259rin v\u0259 quru yerd\u0259 saxlay\u0131n.<\/p>\n<\/li>\n<\/ul>","protected":false},"excerpt":{"rendered":"<p>Trichup Keratin Hair Cream 200ml keratinl\u0259 z\u0259ngin sa\u00e7 kremidir. Z\u0259d\u0259l\u0259nmi\u015f sa\u00e7lar\u0131 g\u00fccl\u0259ndirm\u0259y\u0259, hamar v\u0259 parlaq g\u00f6r\u00fcn\u00fc\u015f yaratma\u011fa k\u00f6m\u0259k edir.<\/p>","protected":false},"featured_media":9618,"comment_status":"open","ping_status":"closed","template":"","meta":[],"pwb-brand":[409],"product_cat":[126,411,136],"product_tag":[308],"class_list":{"0":"post-9617","1":"product","2":"type-product","3":"status-publish","4":"has-post-thumbnail","6":"pwb-brand-trichup","7":"product_cat-haircare","8":"product_cat-sac-kremi","9":"product_cat-masks","10":"product_tag-haircare","11":"pa_size-200ml","14":"instock","15":"shipping-taxable","16":"purchasable","17":"product-type-simple"},"brands":[{"id":409,"name":"Trichup","slug":"trichup"}],"_links":{"self":[{"href":"https:\/\/axtarstore.com\/ru\/wp-json\/wp\/v2\/product\/9617"}],"collection":[{"href":"https:\/\/axtarstore.com\/ru\/wp-json\/wp\/v2\/product"}],"about":[{"href":"https:\/\/axtarstore.com\/ru\/wp-json\/wp\/v2\/types\/product"}],"replies":[{"embeddable":true,"href":"https:\/\/axtarstore.com\/ru\/wp-json\/wp\/v2\/comments?post=9617"}],"version-history":[{"count":4,"href":"https:\/\/axtarstore.com\/ru\/wp-json\/wp\/v2\/product\/9617\/revisions"}],"predecessor-version":[{"id":11213,"href":"https:\/\/axtarstore.com\/ru\/wp-json\/wp\/v2\/product\/9617\/revisions\/11213"}],"wp:featuredmedia":[{"embeddable":true,"href":"https:\/\/axtarstore.com\/ru\/wp-json\/wp\/v2\/media\/9618"}],"wp:attachment":[{"href":"https:\/\/axtarstore.com\/ru\/wp-json\/wp\/v2\/media?parent=9617"}],"wp:term":[{"taxonomy":"pwb-brand","embeddable":true,"href":"https:\/\/axtarstore.com\/ru\/wp-json\/wp\/v2\/pwb-brand?post=9617"},{"taxonomy":"product_cat","embeddable":true,"href":"https:\/\/axtarstore.com\/ru\/wp-json\/wp\/v2\/product_cat?post=9617"},{"taxonomy":"product_tag","embeddable":true,"href":"https:\/\/axtarstore.com\/ru\/wp-json\/wp\/v2\/product_tag?post=9617"}],"curies":[{"name":"wp","href":"https:\/\/api.w.org\/{rel}","templated":true}]}}