{"id":9610,"date":"2025-03-30T00:43:32","date_gmt":"2025-03-29T20:43:32","guid":{"rendered":"https:\/\/axtarstore.com\/?post_type=product&#038;p=9610"},"modified":"2026-02-19T21:04:02","modified_gmt":"2026-02-19T17:04:02","slug":"trichup-argan-sampun-zedelenmis-saclar","status":"publish","type":"product","link":"https:\/\/axtarstore.com\/ru\/product\/trichup-argan-sampun-zedelenmis-saclar\/","title":{"rendered":"z\u0259d\u0259l\u0259nmi\u015f sa\u00e7lar \u00fc\u00e7\u00fcn \u015fampun NEW Trichup Herbal Shampoo &#8211; Argan 200 ml"},"content":{"rendered":"<h1 data-section-id=\"1d9xwsl\" data-start=\"384\" data-end=\"439\">Trichup Herbal Shampoo Argan \u2013 Z\u0259d\u0259l\u0259nmi\u015f Sa\u00e7lar \u00fc\u00e7\u00fcn<\/h1>\n<h2 data-section-id=\"6xzsz2\" data-start=\"441\" data-end=\"451\">Problem<\/h2>\n<p data-start=\"453\" data-end=\"632\">Z\u0259d\u0259l\u0259nmi\u015f, quru v\u0259 k\u00f6vr\u0259k sa\u00e7lar g\u00fcnd\u0259lik qulluqda x\u00fcsusi diqq\u0259t t\u0259l\u0259b edir. Boyama, fen, d\u00fczl\u0259\u015fdirici v\u0259 kimy\u0259vi prosedurlar sa\u00e7\u0131n t\u0259bii n\u0259mini azald\u0131r v\u0259 strukturunu z\u0259ifl\u0259dir.<\/p>\n<p data-start=\"634\" data-end=\"814\">N\u0259tic\u0259d\u0259 sa\u00e7 uclar\u0131 q\u0131r\u0131l\u0131r, dola\u015f\u0131q olur v\u0259 parlaql\u0131\u011f\u0131n\u0131 itirir. Standart \u015fampunlar is\u0259 b\u0259z\u0259n yaln\u0131z s\u0259thi t\u0259mizl\u0259m\u0259 il\u0259 kifay\u0259tl\u0259nir v\u0259 sa\u00e7\u0131n qidalanmas\u0131na yet\u0259rli d\u0259st\u0259k vermir.<\/p>\n<h2 data-section-id=\"1xwjg8k\" data-start=\"816\" data-end=\"823\">H\u0259ll<\/h2>\n<p data-start=\"825\" data-end=\"1002\">Trichup Argan \u015eampun arqan ya\u011f\u0131 il\u0259 z\u0259ngin formulu say\u0259sind\u0259 z\u0259d\u0259l\u0259nmi\u015f sa\u00e7lara intensiv qulluq t\u0259qdim edir. Arqan ya\u011f\u0131 sa\u00e7\u0131n n\u0259ml\u0259nm\u0259sin\u0259 v\u0259 daha yum\u015faq g\u00f6r\u00fcnm\u0259sin\u0259 k\u00f6m\u0259k edir.<\/p>\n<p data-start=\"1004\" data-end=\"1029\">M\u00fcnt\u0259z\u0259m istifad\u0259 zaman\u0131:<\/p>\n<ul data-start=\"1031\" data-end=\"1242\">\n<li data-section-id=\"1fnqe95\" data-start=\"1031\" data-end=\"1072\">\n<p data-start=\"1033\" data-end=\"1072\">Sa\u00e7 d\u0259risini z\u0259rif \u015f\u0259kild\u0259 t\u0259mizl\u0259yir<\/p>\n<\/li>\n<li data-section-id=\"78w21u\" data-start=\"1073\" data-end=\"1131\">\n<p data-start=\"1075\" data-end=\"1131\">Quru v\u0259 z\u0259d\u0259l\u0259nmi\u015f sa\u00e7lar\u0131n qidalanmas\u0131na d\u0259st\u0259k verir<\/p>\n<\/li>\n<li data-section-id=\"947m2b\" data-start=\"1132\" data-end=\"1175\">\n<p data-start=\"1134\" data-end=\"1175\">Sa\u00e7a yum\u015faql\u0131q v\u0259 elastiklik qazand\u0131r\u0131r<\/p>\n<\/li>\n<li data-section-id=\"ltnbj7\" data-start=\"1176\" data-end=\"1198\">\n<p data-start=\"1178\" data-end=\"1198\">Parlaql\u0131\u011f\u0131 art\u0131r\u0131r<\/p>\n<\/li>\n<li data-section-id=\"qkls8x\" data-start=\"1199\" data-end=\"1242\">\n<p data-start=\"1201\" data-end=\"1242\">Sa\u00e7\u0131n daha rahat daranmas\u0131na k\u00f6m\u0259k edir<\/p>\n<\/li>\n<\/ul>\n<p data-start=\"1244\" data-end=\"1302\">Y\u00fcng\u00fcl v\u0259 balansl\u0131 formul g\u00fcnd\u0259lik istifad\u0259 \u00fc\u00e7\u00fcn uy\u011fundur.<\/p>\n<h2 data-section-id=\"1bfdbjp\" data-start=\"1304\" data-end=\"1313\">N\u0259tic\u0259<\/h2>\n<p data-start=\"1315\" data-end=\"1515\">Sistemli istifad\u0259 n\u0259tic\u0259sind\u0259 sa\u00e7 daha sa\u011flam v\u0259 bax\u0131ml\u0131 g\u00f6r\u00fcn\u00fcr. Trichup Argan \u015eampun x\u00fcsusil\u0259 quru v\u0259 z\u0259d\u0259l\u0259nmi\u015f sa\u00e7lar \u00fc\u00e7\u00fcn n\u0259z\u0259rd\u0259 tutulmu\u015fdur v\u0259 sa\u00e7\u0131n \u00fcmumi g\u00f6r\u00fcn\u00fc\u015f\u00fcn\u00fc yax\u015f\u0131la\u015fd\u0131rma\u011fa k\u00f6m\u0259k edir.<\/p>\n<p data-start=\"1517\" data-end=\"1604\">Ev \u015f\u0259raitind\u0259 salon s\u0259viyy\u0259sin\u0259 yax\u0131n qulluq \u0259ld\u0259 etm\u0259k ist\u0259y\u0259nl\u0259r \u00fc\u00e7\u00fcn uy\u011fun se\u00e7imdir.<\/p>\n<hr data-start=\"1606\" data-end=\"1609\" \/>\n<h2 data-section-id=\"1u1lujk\" data-start=\"1611\" data-end=\"1640\">Niy\u0259 bu m\u0259hsulu almal\u0131yam?<\/h2>\n<ul data-start=\"1642\" data-end=\"1894\">\n<li data-section-id=\"97lle7\" data-start=\"1642\" data-end=\"1688\">\n<p data-start=\"1644\" data-end=\"1688\">\u00c7\u00fcnki arqan ya\u011f\u0131 il\u0259 z\u0259nginl\u0259\u015fdirilmi\u015fdir.<\/p>\n<\/li>\n<li data-section-id=\"1xspen3\" data-start=\"1689\" data-end=\"1748\">\n<p data-start=\"1691\" data-end=\"1748\">\u00c7\u00fcnki z\u0259d\u0259l\u0259nmi\u015f sa\u00e7lar \u00fc\u00e7\u00fcn x\u00fcsusi formulaya malikdir.<\/p>\n<\/li>\n<li data-section-id=\"eezcle\" data-start=\"1749\" data-end=\"1802\">\n<p data-start=\"1751\" data-end=\"1802\">\u00c7\u00fcnki sa\u00e7\u0131n yum\u015faql\u0131\u011f\u0131n\u0131 v\u0259 parlaql\u0131\u011f\u0131n\u0131 art\u0131r\u0131r.<\/p>\n<\/li>\n<li data-section-id=\"xksxep\" data-start=\"1803\" data-end=\"1842\">\n<p data-start=\"1805\" data-end=\"1842\">\u00c7\u00fcnki g\u00fcnd\u0259lik istifad\u0259y\u0259 uy\u011fundur.<\/p>\n<\/li>\n<li data-section-id=\"xfdekg\" data-start=\"1843\" data-end=\"1894\">\n<p data-start=\"1845\" data-end=\"1894\">\u00c7\u00fcnki sa\u00e7\u0131n daha sa\u011flam g\u00f6r\u00fcnm\u0259sin\u0259 d\u0259st\u0259k verir.<\/p>\n<\/li>\n<\/ul>\n<p data-start=\"1896\" data-end=\"1976\">Trichup Argan \u015eampun z\u0259d\u0259l\u0259nmi\u015f sa\u00e7lara sistemli v\u0259 effektiv qulluq t\u0259qdim edir.<\/p>\n<hr data-start=\"1978\" data-end=\"1981\" \/>\n<h2 data-section-id=\"1exkxu7\" data-start=\"1983\" data-end=\"2002\">\u0130stifad\u0259 qaydas\u0131<\/h2>\n<ol data-start=\"2004\" data-end=\"2172\">\n<li data-section-id=\"16xj0wz\" data-start=\"2004\" data-end=\"2034\">\n<p data-start=\"2007\" data-end=\"2034\">Sa\u00e7\u0131 il\u0131q su il\u0259 islad\u0131n.<\/p>\n<\/li>\n<li data-section-id=\"1oey3h3\" data-start=\"2035\" data-end=\"2087\">\n<p data-start=\"2038\" data-end=\"2087\">Kifay\u0259t q\u0259d\u0259r \u015fampunu sa\u00e7 d\u0259risin\u0259 t\u0259tbiq edin.<\/p>\n<\/li>\n<li data-section-id=\"nd64wz\" data-start=\"2088\" data-end=\"2120\">\n<p data-start=\"2091\" data-end=\"2120\">Masaj ed\u0259r\u0259k k\u00f6p\u00fckl\u0259ndirin.<\/p>\n<\/li>\n<li data-section-id=\"1w8a8c0\" data-start=\"2121\" data-end=\"2172\">\n<p data-start=\"2124\" data-end=\"2172\">1\u20132 d\u0259qiq\u0259 saxlad\u0131qdan sonra bol su il\u0259 yuyun.<\/p>\n<\/li>\n<\/ol>\n<p data-start=\"2174\" data-end=\"2223\">Ehtiyac olduqda proseduru t\u0259krar etm\u0259k m\u00fcmk\u00fcnd\u00fcr.<\/p>\n<hr data-start=\"2225\" data-end=\"2228\" \/>\n<h2 data-section-id=\"1xwdj0s\" data-start=\"2230\" data-end=\"2237\">Qeyd<\/h2>\n<ul data-start=\"2239\" data-end=\"2383\">\n<li data-section-id=\"11ilav5\" data-start=\"2239\" data-end=\"2274\">\n<p data-start=\"2241\" data-end=\"2274\">Yaln\u0131z xarici istifad\u0259 \u00fc\u00e7\u00fcnd\u00fcr.<\/p>\n<\/li>\n<li data-section-id=\"15ym5wp\" data-start=\"2275\" data-end=\"2300\">\n<p data-start=\"2277\" data-end=\"2300\">G\u00f6zl\u0259 t\u0259masdan qa\u00e7\u0131n.<\/p>\n<\/li>\n<li data-section-id=\"82ip6d\" data-start=\"2301\" data-end=\"2351\">\n<p data-start=\"2303\" data-end=\"2351\">H\u0259ssas d\u0259riy\u0259 sahibsinizs\u0259, \u0259vv\u0259lc\u0259 test edin.<\/p>\n<\/li>\n<li data-section-id=\"1rrfep3\" data-start=\"2352\" data-end=\"2383\">\n<p data-start=\"2354\" data-end=\"2383\">S\u0259rin v\u0259 quru yerd\u0259 saxlay\u0131n.<\/p>\n<\/li>\n<\/ul>","protected":false},"excerpt":{"rendered":"<p>Trichup Argan \u015eampun arqan ya\u011f\u0131 il\u0259 z\u0259ngin sa\u00e7 bax\u0131m m\u0259hsuludur. Z\u0259d\u0259l\u0259nmi\u015f v\u0259 quru sa\u00e7lara yum\u015faql\u0131q, parlaql\u0131q v\u0259 bax\u0131ml\u0131 g\u00f6r\u00fcn\u00fc\u015f qazand\u0131r\u0131r.<\/p>","protected":false},"featured_media":9611,"comment_status":"open","ping_status":"closed","template":"","meta":[],"pwb-brand":[409],"product_cat":[126,133],"product_tag":[],"class_list":{"0":"post-9610","1":"product","2":"type-product","3":"status-publish","4":"has-post-thumbnail","6":"pwb-brand-trichup","7":"product_cat-haircare","8":"product_cat-shampoo","9":"pa_size-200ml","12":"instock","13":"shipping-taxable","14":"purchasable","15":"product-type-simple"},"brands":[{"id":409,"name":"Trichup","slug":"trichup"}],"_links":{"self":[{"href":"https:\/\/axtarstore.com\/ru\/wp-json\/wp\/v2\/product\/9610"}],"collection":[{"href":"https:\/\/axtarstore.com\/ru\/wp-json\/wp\/v2\/product"}],"about":[{"href":"https:\/\/axtarstore.com\/ru\/wp-json\/wp\/v2\/types\/product"}],"replies":[{"embeddable":true,"href":"https:\/\/axtarstore.com\/ru\/wp-json\/wp\/v2\/comments?post=9610"}],"version-history":[{"count":4,"href":"https:\/\/axtarstore.com\/ru\/wp-json\/wp\/v2\/product\/9610\/revisions"}],"predecessor-version":[{"id":11215,"href":"https:\/\/axtarstore.com\/ru\/wp-json\/wp\/v2\/product\/9610\/revisions\/11215"}],"wp:featuredmedia":[{"embeddable":true,"href":"https:\/\/axtarstore.com\/ru\/wp-json\/wp\/v2\/media\/9611"}],"wp:attachment":[{"href":"https:\/\/axtarstore.com\/ru\/wp-json\/wp\/v2\/media?parent=9610"}],"wp:term":[{"taxonomy":"pwb-brand","embeddable":true,"href":"https:\/\/axtarstore.com\/ru\/wp-json\/wp\/v2\/pwb-brand?post=9610"},{"taxonomy":"product_cat","embeddable":true,"href":"https:\/\/axtarstore.com\/ru\/wp-json\/wp\/v2\/product_cat?post=9610"},{"taxonomy":"product_tag","embeddable":true,"href":"https:\/\/axtarstore.com\/ru\/wp-json\/wp\/v2\/product_tag?post=9610"}],"curies":[{"name":"wp","href":"https:\/\/api.w.org\/{rel}","templated":true}]}}