{"id":9607,"date":"2025-03-30T00:29:09","date_gmt":"2025-03-29T20:29:09","guid":{"rendered":"https:\/\/axtarstore.com\/?post_type=product&#038;p=9607"},"modified":"2026-02-19T21:05:33","modified_gmt":"2026-02-19T17:05:33","slug":"sac-ucun-trichup-keratin-kondisioner","status":"publish","type":"product","link":"https:\/\/axtarstore.com\/ru\/product\/sac-ucun-trichup-keratin-kondisioner\/","title":{"rendered":"sa\u00e7 \u00fc\u00e7\u00fcn keratin kondisioneri NEW Trichup Hair Conditioner &#8211; Keratin 200 ml"},"content":{"rendered":"<h1 data-section-id=\"twpm6l\" data-start=\"403\" data-end=\"443\">Trichup Keratin Kondisioner \u2013 Sa\u00e7 \u00fc\u00e7\u00fcn<\/h1>\n<h2 data-section-id=\"6xzsz2\" data-start=\"445\" data-end=\"455\">Problem<\/h2>\n<p data-start=\"457\" data-end=\"684\">Z\u0259d\u0259l\u0259nmi\u015f, qurumu\u015f v\u0259 dola\u015f\u0131q sa\u00e7lar g\u00fcnd\u0259lik bax\u0131m\u0131 \u00e7\u0259tinl\u0259\u015fdirir. Boyama, istilikl\u0259 formaya salma v\u0259 kimy\u0259vi prosedurlar sa\u00e7\u0131n t\u0259bii qoruyucu qat\u0131n\u0131 z\u0259ifl\u0259dir. N\u0259tic\u0259d\u0259 sa\u00e7 tell\u0259ri kobudla\u015f\u0131r, dola\u015f\u0131r v\u0259 parlaql\u0131\u011f\u0131n\u0131 itirir.<\/p>\n<p data-start=\"686\" data-end=\"815\">\u015eampun yaln\u0131z t\u0259mizl\u0259m\u0259 funksiyas\u0131 da\u015f\u0131y\u0131r. Sa\u00e7\u0131n yum\u015faql\u0131\u011f\u0131n\u0131 v\u0259 elastikliyini b\u0259rpa etm\u0259k \u00fc\u00e7\u00fcn \u0259lav\u0259 qulluq m\u0259rh\u0259l\u0259si vacibdir.<\/p>\n<h2 data-section-id=\"1xwjg8k\" data-start=\"817\" data-end=\"824\">H\u0259ll<\/h2>\n<p data-start=\"826\" data-end=\"1035\">Trichup Keratin Kondisioner keratin t\u0259rkibli formulu il\u0259 sa\u00e7 tell\u0259rini hamarla\u015fd\u0131rma\u011fa v\u0259 g\u00fccl\u0259ndirm\u0259y\u0259 d\u0259st\u0259k verir. Keratin sa\u00e7\u0131n struktur z\u00fclal\u0131 olaraq z\u0259ifl\u0259mi\u015f tell\u0259rin daha sa\u011flam g\u00f6r\u00fcnm\u0259sin\u0259 k\u00f6m\u0259k edir.<\/p>\n<p data-start=\"1037\" data-end=\"1062\">M\u00fcnt\u0259z\u0259m istifad\u0259 zaman\u0131:<\/p>\n<ul data-start=\"1064\" data-end=\"1214\">\n<li data-section-id=\"mofzkp\" data-start=\"1064\" data-end=\"1104\">\n<p data-start=\"1066\" data-end=\"1104\">Sa\u00e7 daha yum\u015faq v\u0259 hamar hiss olunur<\/p>\n<\/li>\n<li data-section-id=\"8i8yzs\" data-start=\"1105\" data-end=\"1126\">\n<p data-start=\"1107\" data-end=\"1126\">Dola\u015f\u0131ql\u0131q azal\u0131r<\/p>\n<\/li>\n<li data-section-id=\"vpbvu7\" data-start=\"1127\" data-end=\"1147\">\n<p data-start=\"1129\" data-end=\"1147\">Elastiklik art\u0131r<\/p>\n<\/li>\n<li data-section-id=\"z011nn\" data-start=\"1148\" data-end=\"1170\">\n<p data-start=\"1150\" data-end=\"1170\">Parlaql\u0131q g\u00fccl\u0259nir<\/p>\n<\/li>\n<li data-section-id=\"1ddaust\" data-start=\"1171\" data-end=\"1214\">\n<p data-start=\"1173\" data-end=\"1214\">Sa\u00e7 daha rahat daran\u0131r v\u0259 formaya d\u00fc\u015f\u00fcr<\/p>\n<\/li>\n<\/ul>\n<p data-start=\"1216\" data-end=\"1281\">Y\u00fcng\u00fcl teksturas\u0131 sa\u00e7da a\u011f\u0131rl\u0131q yaratmadan effektiv n\u0259tic\u0259 verir.<\/p>\n<h2 data-section-id=\"1bfdbjp\" data-start=\"1283\" data-end=\"1292\">N\u0259tic\u0259<\/h2>\n<p data-start=\"1294\" data-end=\"1478\">Trichup Keratin Kondisioner sistemli istifad\u0259 zaman\u0131 sa\u00e7\u0131n daha bax\u0131ml\u0131 v\u0259 sa\u011flam g\u00f6r\u00fcnm\u0259sin\u0259 k\u00f6m\u0259k edir. X\u00fcsusil\u0259 z\u0259d\u0259l\u0259nmi\u015f v\u0259 istilikl\u0259 tez-tez formaya sal\u0131nan sa\u00e7lar \u00fc\u00e7\u00fcn uy\u011fundur.<\/p>\n<p data-start=\"1480\" data-end=\"1567\">\u015eampun sonras\u0131 t\u0259tbiq edil\u0259r\u0259k sa\u00e7 bax\u0131m\u0131n\u0131 tamamlay\u0131r v\u0259 \u00fcmumi g\u00f6r\u00fcn\u00fc\u015f\u00fc yax\u015f\u0131la\u015fd\u0131r\u0131r.<\/p>\n<hr data-start=\"1569\" data-end=\"1572\" \/>\n<h2 data-section-id=\"1u1lujk\" data-start=\"1574\" data-end=\"1603\">Niy\u0259 bu m\u0259hsulu almal\u0131yam?<\/h2>\n<ul data-start=\"1605\" data-end=\"1858\">\n<li data-section-id=\"15faphq\" data-start=\"1605\" data-end=\"1651\">\n<p data-start=\"1607\" data-end=\"1651\">\u00c7\u00fcnki keratinl\u0259 z\u0259ngin formul t\u0259qdim edir.<\/p>\n<\/li>\n<li data-section-id=\"ua56zd\" data-start=\"1652\" data-end=\"1706\">\n<p data-start=\"1654\" data-end=\"1706\">\u00c7\u00fcnki z\u0259d\u0259l\u0259nmi\u015f sa\u00e7lar \u00fc\u00e7\u00fcn h\u0259d\u0259fli qulluq verir.<\/p>\n<\/li>\n<li data-section-id=\"eezcle\" data-start=\"1707\" data-end=\"1760\">\n<p data-start=\"1709\" data-end=\"1760\">\u00c7\u00fcnki sa\u00e7\u0131n yum\u015faql\u0131\u011f\u0131n\u0131 v\u0259 parlaql\u0131\u011f\u0131n\u0131 art\u0131r\u0131r.<\/p>\n<\/li>\n<li data-section-id=\"ftdcv9\" data-start=\"1761\" data-end=\"1817\">\n<p data-start=\"1763\" data-end=\"1817\">\u00c7\u00fcnki dola\u015f\u0131ql\u0131\u011f\u0131 azald\u0131r v\u0259 daranman\u0131 asanla\u015fd\u0131r\u0131r.<\/p>\n<\/li>\n<li data-section-id=\"ns5bk8\" data-start=\"1818\" data-end=\"1858\">\n<p data-start=\"1820\" data-end=\"1858\">\u00c7\u00fcnki g\u00fcnd\u0259lik istifad\u0259 \u00fc\u00e7\u00fcn uy\u011fundur.<\/p>\n<\/li>\n<\/ul>\n<p data-start=\"1860\" data-end=\"1968\">Trichup Keratin Kondisioner sa\u00e7 bax\u0131m rutininin vacib m\u0259rh\u0259l\u0259sidir v\u0259 daha sa\u011flam g\u00f6r\u00fcn\u00fc\u015f \u00fc\u00e7\u00fcn d\u0259st\u0259k verir.<\/p>\n<hr data-start=\"1970\" data-end=\"1973\" \/>\n<h2 data-section-id=\"1exkxu7\" data-start=\"1975\" data-end=\"1994\">\u0130stifad\u0259 qaydas\u0131<\/h2>\n<ol data-start=\"1996\" data-end=\"2164\">\n<li data-section-id=\"1m6mf1o\" data-start=\"1996\" data-end=\"2041\">\n<p data-start=\"1999\" data-end=\"2041\">Sa\u00e7\u0131 \u015fampunla yuyun v\u0259 art\u0131q suyu s\u0131x\u0131n.<\/p>\n<\/li>\n<li data-section-id=\"1owd5k6\" data-start=\"2042\" data-end=\"2109\">\n<p data-start=\"2045\" data-end=\"2109\">Kifay\u0259t q\u0259d\u0259r kondisioneri sa\u00e7\u0131n uzunlu\u011fu boyunca t\u0259tbiq edin.<\/p>\n<\/li>\n<li data-section-id=\"1mggbuw\" data-start=\"2110\" data-end=\"2135\">\n<p data-start=\"2113\" data-end=\"2135\">2\u20133 d\u0259qiq\u0259 saxlay\u0131n.<\/p>\n<\/li>\n<li data-section-id=\"1c5rkqw\" data-start=\"2136\" data-end=\"2164\">\n<p data-start=\"2139\" data-end=\"2164\">Bol su il\u0259 yax\u015f\u0131ca yuyun.<\/p>\n<\/li>\n<\/ol>\n<p data-start=\"2166\" data-end=\"2207\">H\u0259r yuma zaman\u0131 istifad\u0259 etm\u0259k m\u00fcmk\u00fcnd\u00fcr.<\/p>\n<hr data-start=\"2209\" data-end=\"2212\" \/>\n<h2 data-section-id=\"1xwdj0s\" data-start=\"2214\" data-end=\"2221\">Qeyd<\/h2>\n<ul data-start=\"2223\" data-end=\"2377\">\n<li data-section-id=\"11ilav5\" data-start=\"2223\" data-end=\"2258\">\n<p data-start=\"2225\" data-end=\"2258\">Yaln\u0131z xarici istifad\u0259 \u00fc\u00e7\u00fcnd\u00fcr.<\/p>\n<\/li>\n<li data-section-id=\"exggu9\" data-start=\"2259\" data-end=\"2319\">\n<p data-start=\"2261\" data-end=\"2319\">Sa\u00e7 d\u0259risin\u0259 deyil, \u0259sas\u0259n sa\u00e7\u0131n uzunlu\u011funa t\u0259tbiq edin.<\/p>\n<\/li>\n<li data-section-id=\"15ym5wp\" data-start=\"2320\" data-end=\"2345\">\n<p data-start=\"2322\" data-end=\"2345\">G\u00f6zl\u0259 t\u0259masdan qa\u00e7\u0131n.<\/p>\n<\/li>\n<li data-section-id=\"1rrfep3\" data-start=\"2346\" data-end=\"2377\">\n<p data-start=\"2348\" data-end=\"2377\">S\u0259rin v\u0259 quru yerd\u0259 saxlay\u0131n.<\/p>\n<\/li>\n<\/ul>","protected":false},"excerpt":{"rendered":"<p>Trichup Keratin Kondisioner z\u0259d\u0259l\u0259nmi\u015f sa\u00e7lar\u0131 yum\u015faldan v\u0259 hamarla\u015fd\u0131ran keratin t\u0259rkibli sa\u00e7 bax\u0131m m\u0259hsuludur. Daha parlaq v\u0259 idar\u0259olunan sa\u00e7 g\u00f6r\u00fcn\u00fc\u015f\u00fc yarad\u0131r.<\/p>","protected":false},"featured_media":9608,"comment_status":"open","ping_status":"closed","template":"","meta":[],"pwb-brand":[409],"product_cat":[126,137],"product_tag":[308],"class_list":{"0":"post-9607","1":"product","2":"type-product","3":"status-publish","4":"has-post-thumbnail","6":"pwb-brand-trichup","7":"product_cat-haircare","8":"product_cat-kondisioner","9":"product_tag-haircare","10":"pa_size-200ml","13":"instock","14":"shipping-taxable","15":"purchasable","16":"product-type-simple"},"brands":[{"id":409,"name":"Trichup","slug":"trichup"}],"_links":{"self":[{"href":"https:\/\/axtarstore.com\/ru\/wp-json\/wp\/v2\/product\/9607"}],"collection":[{"href":"https:\/\/axtarstore.com\/ru\/wp-json\/wp\/v2\/product"}],"about":[{"href":"https:\/\/axtarstore.com\/ru\/wp-json\/wp\/v2\/types\/product"}],"replies":[{"embeddable":true,"href":"https:\/\/axtarstore.com\/ru\/wp-json\/wp\/v2\/comments?post=9607"}],"version-history":[{"count":4,"href":"https:\/\/axtarstore.com\/ru\/wp-json\/wp\/v2\/product\/9607\/revisions"}],"predecessor-version":[{"id":11217,"href":"https:\/\/axtarstore.com\/ru\/wp-json\/wp\/v2\/product\/9607\/revisions\/11217"}],"wp:featuredmedia":[{"embeddable":true,"href":"https:\/\/axtarstore.com\/ru\/wp-json\/wp\/v2\/media\/9608"}],"wp:attachment":[{"href":"https:\/\/axtarstore.com\/ru\/wp-json\/wp\/v2\/media?parent=9607"}],"wp:term":[{"taxonomy":"pwb-brand","embeddable":true,"href":"https:\/\/axtarstore.com\/ru\/wp-json\/wp\/v2\/pwb-brand?post=9607"},{"taxonomy":"product_cat","embeddable":true,"href":"https:\/\/axtarstore.com\/ru\/wp-json\/wp\/v2\/product_cat?post=9607"},{"taxonomy":"product_tag","embeddable":true,"href":"https:\/\/axtarstore.com\/ru\/wp-json\/wp\/v2\/product_tag?post=9607"}],"curies":[{"name":"wp","href":"https:\/\/api.w.org\/{rel}","templated":true}]}}