{"id":9601,"date":"2025-03-30T00:18:50","date_gmt":"2025-03-29T20:18:50","guid":{"rendered":"https:\/\/axtarstore.com\/?post_type=product&#038;p=9601"},"modified":"2026-02-19T21:08:57","modified_gmt":"2026-02-19T17:08:57","slug":"trichup-badam-proteinli-sampun","status":"publish","type":"product","link":"https:\/\/axtarstore.com\/ru\/product\/trichup-badam-proteinli-sampun\/","title":{"rendered":"Bitki m\u0259n\u015f\u0259li &#8211; Badam Proteinli \u015eampun Trichup Herbal Shampoo &#8211; Almond Protein (400ml)"},"content":{"rendered":"<h1 data-section-id=\"11kd0wv\" data-start=\"395\" data-end=\"454\">Trichup Badam Proteinli \u015eampun \u2013 Bitki M\u0259n\u015f\u0259li Sa\u00e7 Bax\u0131m\u0131<\/h1>\n<h2 data-section-id=\"6xzsz2\" data-start=\"456\" data-end=\"466\">Problem<\/h2>\n<p data-start=\"468\" data-end=\"591\">Kimy\u0259vi t\u0259sirl\u0259r, istilikl\u0259 formaya salma v\u0259 \u0259traf m\u00fchit faktorlar\u0131 sa\u00e7 z\u00fclallar\u0131n\u0131n z\u0259ifl\u0259m\u0259sin\u0259 s\u0259b\u0259b olur. N\u0259tic\u0259d\u0259 sa\u00e7:<\/p>\n<ul data-start=\"593\" data-end=\"662\">\n<li data-section-id=\"1qq52l1\" data-start=\"593\" data-end=\"604\">\n<p data-start=\"595\" data-end=\"604\">Quruyur<\/p>\n<\/li>\n<li data-section-id=\"1pz5q1b\" data-start=\"605\" data-end=\"620\">\n<p data-start=\"607\" data-end=\"620\">Mat g\u00f6r\u00fcn\u00fcr<\/p>\n<\/li>\n<li data-section-id=\"f2vmlm\" data-start=\"621\" data-end=\"645\">\n<p data-start=\"623\" data-end=\"645\">Elastikliyini itirir<\/p>\n<\/li>\n<li data-section-id=\"1a3vkc9\" data-start=\"646\" data-end=\"662\">\n<p data-start=\"648\" data-end=\"662\">Asan q\u0131r\u0131l\u0131r<\/p>\n<\/li>\n<\/ul>\n<p data-start=\"664\" data-end=\"726\">Z\u0259ifl\u0259mi\u015f sa\u00e7 tell\u0259ri daha \u00e7ox qulluq v\u0259 qidalanma t\u0259l\u0259b edir.<\/p>\n<h2 data-section-id=\"1xwjg8k\" data-start=\"728\" data-end=\"735\">H\u0259ll<\/h2>\n<p data-start=\"737\" data-end=\"932\">Trichup Badam Proteinli \u015eampun bitki m\u0259n\u015f\u0259li t\u0259rkibi v\u0259 badam proteini il\u0259 sa\u00e7\u0131n strukturunu d\u0259st\u0259kl\u0259m\u0259y\u0259 k\u00f6m\u0259k edir. Badam t\u0259rkibi sa\u00e7\u0131n daha yum\u015faq, parlaq v\u0259 sa\u011flam g\u00f6r\u00fcnm\u0259sin\u0259 \u015f\u0259rait yarad\u0131r.<\/p>\n<p data-start=\"934\" data-end=\"959\">M\u00fcnt\u0259z\u0259m istifad\u0259 zaman\u0131:<\/p>\n<ul data-start=\"961\" data-end=\"1096\">\n<li data-section-id=\"1ht2hf5\" data-start=\"961\" data-end=\"996\">\n<p data-start=\"963\" data-end=\"996\">Sa\u00e7 tell\u0259ri daha m\u00f6hk\u0259m g\u00f6r\u00fcn\u00fcr<\/p>\n<\/li>\n<li data-section-id=\"isb77a\" data-start=\"997\" data-end=\"1015\">\n<p data-start=\"999\" data-end=\"1015\">Quruluq azal\u0131r<\/p>\n<\/li>\n<li data-section-id=\"17h1sqn\" data-start=\"1016\" data-end=\"1035\">\n<p data-start=\"1018\" data-end=\"1035\">Parlaql\u0131q art\u0131r<\/p>\n<\/li>\n<li data-section-id=\"gt3wl3\" data-start=\"1036\" data-end=\"1061\">\n<p data-start=\"1038\" data-end=\"1061\">Sa\u00e7 daha asan daran\u0131r<\/p>\n<\/li>\n<li data-section-id=\"1np6wdw\" data-start=\"1062\" data-end=\"1096\">\n<p data-start=\"1064\" data-end=\"1096\">Sa\u00e7 daha canl\u0131 g\u00f6r\u00fcn\u00fc\u015f qazan\u0131r<\/p>\n<\/li>\n<\/ul>\n<p data-start=\"1098\" data-end=\"1182\">Y\u00fcng\u00fcl formula sa\u00e7 d\u0259risini t\u0259mizl\u0259yir v\u0259 sa\u00e7\u0131n t\u0259bii balans\u0131n\u0131 qoruma\u011fa k\u00f6m\u0259k edir.<\/p>\n<h2 data-section-id=\"1bfdbjp\" data-start=\"1184\" data-end=\"1193\">N\u0259tic\u0259<\/h2>\n<p data-start=\"1195\" data-end=\"1370\">Trichup Badam Proteinli \u015eampun g\u00fcnd\u0259lik istifad\u0259 \u00fc\u00e7\u00fcn uy\u011fundur v\u0259 x\u00fcsusil\u0259 quru, z\u0259if v\u0259 mat sa\u00e7lar \u00fc\u00e7\u00fcn ideal se\u00e7imdir. Sa\u00e7\u0131n daha sa\u011flam v\u0259 bax\u0131ml\u0131 g\u00f6r\u00fcnm\u0259sin\u0259 d\u0259st\u0259k verir.<\/p>\n<hr data-start=\"1372\" data-end=\"1375\" \/>\n<h2 data-section-id=\"1u1lujk\" data-start=\"1377\" data-end=\"1406\">Niy\u0259 bu m\u0259hsulu almal\u0131yam?<\/h2>\n<ul data-start=\"1408\" data-end=\"1600\">\n<li data-section-id=\"y0q0co\" data-start=\"1408\" data-end=\"1446\">\n<p data-start=\"1410\" data-end=\"1446\">\u00c7\u00fcnki badam proteini il\u0259 z\u0259ngindir<\/p>\n<\/li>\n<li data-section-id=\"1nm9ar8\" data-start=\"1447\" data-end=\"1487\">\n<p data-start=\"1449\" data-end=\"1487\">\u00c7\u00fcnki sa\u00e7\u0131n m\u00f6hk\u0259mliyini d\u0259st\u0259kl\u0259yir<\/p>\n<\/li>\n<li data-section-id=\"d30e8u\" data-start=\"1488\" data-end=\"1514\">\n<p data-start=\"1490\" data-end=\"1514\">\u00c7\u00fcnki qurulu\u011fu azald\u0131r<\/p>\n<\/li>\n<li data-section-id=\"zgfxyn\" data-start=\"1515\" data-end=\"1553\">\n<p data-start=\"1517\" data-end=\"1553\">\u00c7\u00fcnki g\u00fcnd\u0259lik istifad\u0259y\u0259 uy\u011fundur<\/p>\n<\/li>\n<li data-section-id=\"1uqdozw\" data-start=\"1554\" data-end=\"1600\">\n<p data-start=\"1556\" data-end=\"1600\">\u00c7\u00fcnki daha parlaq v\u0259 canl\u0131 g\u00f6r\u00fcn\u00fc\u015f yarad\u0131r<\/p>\n<\/li>\n<\/ul>\n<hr data-start=\"1602\" data-end=\"1605\" \/>\n<h2 data-section-id=\"1exkxu7\" data-start=\"1607\" data-end=\"1626\">\u0130stifad\u0259 qaydas\u0131<\/h2>\n<ol data-start=\"1628\" data-end=\"1798\">\n<li data-section-id=\"139vlq4\" data-start=\"1628\" data-end=\"1646\">\n<p data-start=\"1631\" data-end=\"1646\">Sa\u00e7\u0131 islad\u0131n.<\/p>\n<\/li>\n<li data-section-id=\"1oey3h3\" data-start=\"1647\" data-end=\"1699\">\n<p data-start=\"1650\" data-end=\"1699\">Kifay\u0259t q\u0259d\u0259r \u015fampunu sa\u00e7 d\u0259risin\u0259 t\u0259tbiq edin.<\/p>\n<\/li>\n<li data-section-id=\"1bzj8c7\" data-start=\"1700\" data-end=\"1743\">\n<p data-start=\"1703\" data-end=\"1743\">Yum\u015faq masaj h\u0259r\u0259k\u0259tl\u0259ri il\u0259 k\u00f6p\u00fcrd\u00fcn.<\/p>\n<\/li>\n<li data-section-id=\"dsfnwk\" data-start=\"1744\" data-end=\"1766\">\n<p data-start=\"1747\" data-end=\"1766\">Bol su il\u0259 yuyun.<\/p>\n<\/li>\n<li data-section-id=\"12s3z9d\" data-start=\"1767\" data-end=\"1798\">\n<p data-start=\"1770\" data-end=\"1798\">Z\u0259rur\u0259t olduqda t\u0259krarlay\u0131n.<\/p>\n<\/li>\n<\/ol>\n<hr data-start=\"1800\" data-end=\"1803\" \/>\n<h2 data-section-id=\"1xwdj0s\" data-start=\"1805\" data-end=\"1812\">Qeyd<\/h2>\n<ul data-start=\"1814\" data-end=\"1907\">\n<li data-section-id=\"11ilav5\" data-start=\"1814\" data-end=\"1849\">\n<p data-start=\"1816\" data-end=\"1849\">Yaln\u0131z xarici istifad\u0259 \u00fc\u00e7\u00fcnd\u00fcr.<\/p>\n<\/li>\n<li data-section-id=\"15ym5wp\" data-start=\"1850\" data-end=\"1875\">\n<p data-start=\"1852\" data-end=\"1875\">G\u00f6zl\u0259 t\u0259masdan qa\u00e7\u0131n.<\/p>\n<\/li>\n<li data-section-id=\"1rrfep3\" data-start=\"1876\" data-end=\"1907\">\n<p data-start=\"1878\" data-end=\"1907\">S\u0259rin v\u0259 quru yerd\u0259 saxlay\u0131n.<\/p>\n<\/li>\n<\/ul>","protected":false},"excerpt":{"rendered":"<div class=\"flex flex-col text-sm pb-25\">\n<article class=\"text-token-text-primary w-full focus:outline-none [--shadow-height:45px] has-data-writing-block:pointer-events-none has-data-writing-block:-mt-(--shadow-height) has-data-writing-block:pt-(--shadow-height) [&amp;:has([data-writing-block])&gt;*]:pointer-events-auto scroll-mt-[calc(var(--header-height)+min(200px,max(70px,20svh)))]\" dir=\"auto\" tabindex=\"-1\" data-turn-id=\"request-WEB:63b002d9-9de0-4b1a-86c8-30d441569e8f-25\" data-testid=\"conversation-turn-52\" data-scroll-anchor=\"true\" data-turn=\"assistant\">\n<div class=\"text-base my-auto mx-auto pb-10 [--thread-content-margin:--spacing(4)] @w-sm\/main:[--thread-content-margin:--spacing(6)] @w-lg\/main:[--thread-content-margin:--spacing(16)] px-(--thread-content-margin)\">\n<div class=\"[--thread-content-max-width:40rem] @w-lg\/main:[--thread-content-max-width:48rem] mx-auto max-w-(--thread-content-max-width) flex-1 group\/turn-messages focus-visible:outline-hidden relative flex w-full min-w-0 flex-col agent-turn\" tabindex=\"-1\">\n<div class=\"flex max-w-full flex-col grow\">\n<div class=\"min-h-8 text-message relative flex w-full flex-col items-end gap-2 text-start break-words whitespace-normal [.text-message+&amp;]:mt-1\" dir=\"auto\" data-message-author-role=\"assistant\" data-message-id=\"1b430e4c-799b-4acf-ac30-d6f8f35da78f\" data-message-model-slug=\"gpt-5-2\">\n<div class=\"flex w-full flex-col gap-1 empty:hidden first:pt-[1px]\">\n<div class=\"markdown prose dark:prose-invert w-full wrap-break-word light markdown-new-styling\">\n<p data-start=\"1950\" data-end=\"2110\" data-is-last-node=\"\" data-is-only-node=\"\">Trichup Badam Proteinli \u015eampun bitki m\u0259n\u015f\u0259li formula il\u0259 sa\u00e7lar\u0131 t\u0259mizl\u0259yir, g\u00fccl\u0259ndirir v\u0259 t\u0259bii parlaql\u0131q qazand\u0131r\u0131r. Quru v\u0259 z\u0259if sa\u00e7lar \u00fc\u00e7\u00fcn ideal se\u00e7imdir.<\/p>\n<\/div>\n<\/div>\n<\/div>\n<\/div>\n<div class=\"z-0 flex min-h-[46px] justify-start\"><\/div>\n<div class=\"mt-3 w-full empty:hidden\">\n<div class=\"text-center\"><\/div>\n<\/div>\n<\/div>\n<\/div>\n<\/article>\n<\/div>\n<div class=\"pointer-events-none h-px w-px absolute bottom-0\" aria-hidden=\"true\" data-edge=\"true\"><\/div>","protected":false},"featured_media":9605,"comment_status":"open","ping_status":"closed","template":"","meta":[],"pwb-brand":[409],"product_cat":[126,133],"product_tag":[308],"class_list":{"0":"post-9601","1":"product","2":"type-product","3":"status-publish","4":"has-post-thumbnail","6":"pwb-brand-trichup","7":"product_cat-haircare","8":"product_cat-shampoo","9":"product_tag-haircare","10":"pa_size-200ml","11":"pa_size-400ml","14":"instock","15":"sale","16":"shipping-taxable","17":"purchasable","18":"product-type-variable"},"brands":[{"id":409,"name":"Trichup","slug":"trichup"}],"_links":{"self":[{"href":"https:\/\/axtarstore.com\/ru\/wp-json\/wp\/v2\/product\/9601"}],"collection":[{"href":"https:\/\/axtarstore.com\/ru\/wp-json\/wp\/v2\/product"}],"about":[{"href":"https:\/\/axtarstore.com\/ru\/wp-json\/wp\/v2\/types\/product"}],"replies":[{"embeddable":true,"href":"https:\/\/axtarstore.com\/ru\/wp-json\/wp\/v2\/comments?post=9601"}],"version-history":[{"count":4,"href":"https:\/\/axtarstore.com\/ru\/wp-json\/wp\/v2\/product\/9601\/revisions"}],"predecessor-version":[{"id":11219,"href":"https:\/\/axtarstore.com\/ru\/wp-json\/wp\/v2\/product\/9601\/revisions\/11219"}],"wp:featuredmedia":[{"embeddable":true,"href":"https:\/\/axtarstore.com\/ru\/wp-json\/wp\/v2\/media\/9605"}],"wp:attachment":[{"href":"https:\/\/axtarstore.com\/ru\/wp-json\/wp\/v2\/media?parent=9601"}],"wp:term":[{"taxonomy":"pwb-brand","embeddable":true,"href":"https:\/\/axtarstore.com\/ru\/wp-json\/wp\/v2\/pwb-brand?post=9601"},{"taxonomy":"product_cat","embeddable":true,"href":"https:\/\/axtarstore.com\/ru\/wp-json\/wp\/v2\/product_cat?post=9601"},{"taxonomy":"product_tag","embeddable":true,"href":"https:\/\/axtarstore.com\/ru\/wp-json\/wp\/v2\/product_tag?post=9601"}],"curies":[{"name":"wp","href":"https:\/\/api.w.org\/{rel}","templated":true}]}}