{"id":9595,"date":"2025-03-29T22:58:23","date_gmt":"2025-03-29T18:58:23","guid":{"rendered":"https:\/\/axtarstore.com\/?post_type=product&#038;p=9595"},"modified":"2026-02-19T21:13:13","modified_gmt":"2026-02-19T17:13:13","slug":"trichup-keratin-sampun","status":"publish","type":"product","link":"https:\/\/axtarstore.com\/ru\/product\/trichup-keratin-sampun\/","title":{"rendered":"Bitki m\u0259n\u015f\u0259li Keratin \u015eampunuhup  &#8211; New Trichup Herbal Shampoo &#8211; Keratin"},"content":{"rendered":"<h1 data-section-id=\"slji3v\" data-start=\"559\" data-end=\"627\">Trichup Keratin \u015eampun \u2013 Z\u0259d\u0259l\u0259nmi\u015f Sa\u00e7lar \u00fc\u00e7\u00fcn Bitki M\u0259n\u015f\u0259li H\u0259ll<\/h1>\n<h2 data-section-id=\"xa2hzs\" data-start=\"629\" data-end=\"666\">Trichup Keratin \u015eampun n\u0259 \u00fc\u00e7\u00fcnd\u00fcr?<\/h2>\n<p data-start=\"668\" data-end=\"826\">Trichup Keratin \u015eampun z\u0259d\u0259l\u0259nmi\u015f, quru v\u0259 elastikliyini itirmi\u015f sa\u00e7lar \u00fc\u00e7\u00fcn x\u00fcsusi haz\u0131rlanm\u0131\u015fd\u0131r. Keratin t\u0259rkibi sa\u00e7\u0131n strukturunu d\u0259st\u0259kl\u0259m\u0259y\u0259 k\u00f6m\u0259k edir.<\/p>\n<h2 data-section-id=\"bvwt6b\" data-start=\"828\" data-end=\"853\">Niy\u0259 keratin vacibdir?<\/h2>\n<p data-start=\"855\" data-end=\"978\">Keratin sa\u00e7\u0131n \u0259sas z\u00fclal t\u0259rkibidir. Kimy\u0259vi prosedurlar, fen v\u0259 \u00fct\u00fc istifad\u0259si sa\u00e7\u0131n keratin balans\u0131n\u0131 poza bil\u0259r. Bu is\u0259:<\/p>\n<ul data-start=\"980\" data-end=\"1045\">\n<li data-section-id=\"lunrm3\" data-start=\"980\" data-end=\"991\">\n<p data-start=\"982\" data-end=\"991\">Q\u0131r\u0131lma<\/p>\n<\/li>\n<li data-section-id=\"1qhdgcj\" data-start=\"992\" data-end=\"1003\">\n<p data-start=\"994\" data-end=\"1003\">Quruluq<\/p>\n<\/li>\n<li data-section-id=\"1pzc55u\" data-start=\"1004\" data-end=\"1019\">\n<p data-start=\"1006\" data-end=\"1019\">Mat g\u00f6r\u00fcn\u00fc\u015f<\/p>\n<\/li>\n<li data-section-id=\"ia4h1i\" data-start=\"1020\" data-end=\"1045\">\n<p data-start=\"1022\" data-end=\"1045\">Elastikliyin azalmas\u0131<\/p>\n<\/li>\n<\/ul>\n<p data-start=\"1047\" data-end=\"1075\">kimi probleml\u0259r\u0259 s\u0259b\u0259b olur.<\/p>\n<h2 data-section-id=\"zkhruc\" data-start=\"1077\" data-end=\"1117\">Trichup Keratin \u015eampunun \u00fcst\u00fcnl\u00fckl\u0259ri<\/h2>\n<ul data-start=\"1119\" data-end=\"1272\">\n<li data-section-id=\"vz2hy0\" data-start=\"1119\" data-end=\"1139\">\n<p data-start=\"1121\" data-end=\"1139\">Sa\u00e7\u0131 yum\u015faq edir<\/p>\n<\/li>\n<li data-section-id=\"w0mxku\" data-start=\"1140\" data-end=\"1176\">\n<p data-start=\"1142\" data-end=\"1176\">Elastikliyi art\u0131rma\u011fa k\u00f6m\u0259k edir<\/p>\n<\/li>\n<li data-section-id=\"1ihz0xm\" data-start=\"1177\" data-end=\"1201\">\n<p data-start=\"1179\" data-end=\"1201\">Parlaql\u0131q qazand\u0131r\u0131r<\/p>\n<\/li>\n<li data-section-id=\"z811i6\" data-start=\"1202\" data-end=\"1236\">\n<p data-start=\"1204\" data-end=\"1236\">Sa\u00e7\u0131 daha rahat daran\u0131lan edir<\/p>\n<\/li>\n<li data-section-id=\"9nd7rl\" data-start=\"1237\" data-end=\"1272\">\n<p data-start=\"1239\" data-end=\"1272\">G\u00fcnd\u0259lik istifad\u0259 \u00fc\u00e7\u00fcn uy\u011fundur<\/p>\n<\/li>\n<\/ul>\n<h2 data-section-id=\"1lbbi0g\" data-start=\"1274\" data-end=\"1298\">Kiml\u0259r \u00fc\u00e7\u00fcn uy\u011fundur?<\/h2>\n<ul data-start=\"1300\" data-end=\"1416\">\n<li data-section-id=\"179zovw\" data-start=\"1300\" data-end=\"1321\">\n<p data-start=\"1302\" data-end=\"1321\">Z\u0259d\u0259l\u0259nmi\u015f sa\u00e7lar<\/p>\n<\/li>\n<li data-section-id=\"1ypdaf\" data-start=\"1322\" data-end=\"1356\">\n<p data-start=\"1324\" data-end=\"1356\">Kimy\u0259vi prosedur g\u00f6rm\u00fc\u015f sa\u00e7lar<\/p>\n<\/li>\n<li data-section-id=\"vy5zp6\" data-start=\"1357\" data-end=\"1382\">\n<p data-start=\"1359\" data-end=\"1382\">Quru v\u0259 cans\u0131z sa\u00e7lar<\/p>\n<\/li>\n<li data-section-id=\"17nzv79\" data-start=\"1383\" data-end=\"1416\">\n<p data-start=\"1385\" data-end=\"1416\">Keratin qulluq ist\u0259y\u0259n sa\u00e7lar<\/p>\n<\/li>\n<\/ul>\n<h2 data-section-id=\"1exkxu7\" data-start=\"1418\" data-end=\"1437\">\u0130stifad\u0259 qaydas\u0131<\/h2>\n<ol data-start=\"1439\" data-end=\"1549\">\n<li data-section-id=\"139vlq4\" data-start=\"1439\" data-end=\"1457\">\n<p data-start=\"1442\" data-end=\"1457\">Sa\u00e7\u0131 islad\u0131n.<\/p>\n<\/li>\n<li data-section-id=\"1jp00kk\" data-start=\"1458\" data-end=\"1498\">\n<p data-start=\"1461\" data-end=\"1498\">Trichup Keratin \u015eampun t\u0259tbiq edin.<\/p>\n<\/li>\n<li data-section-id=\"3d09n3\" data-start=\"1499\" data-end=\"1526\">\n<p data-start=\"1502\" data-end=\"1526\">Masaj ed\u0259r\u0259k k\u00f6p\u00fcrd\u00fcn.<\/p>\n<\/li>\n<li data-section-id=\"dsfnwk\" data-start=\"1527\" data-end=\"1549\">\n<p data-start=\"1530\" data-end=\"1549\">Bol su il\u0259 yuyun.<\/p>\n<\/li>\n<\/ol>\n<p data-start=\"1551\" data-end=\"1617\">Daha yax\u015f\u0131 n\u0259tic\u0259 \u00fc\u00e7\u00fcn uy\u011fun kondisioner il\u0259 istifad\u0259 edil\u0259 bil\u0259r.<\/p>","protected":false},"excerpt":{"rendered":"<p>Trichup Keratin \u015eampun z\u0259d\u0259l\u0259nmi\u015f sa\u00e7lar\u0131 t\u0259mizl\u0259yir, g\u00fccl\u0259ndirir v\u0259 elastiklik qazand\u0131r\u0131r. Keratin t\u0259rkibli g\u00fcnd\u0259lik qulluq \u015fampunudur.<\/p>","protected":false},"featured_media":9598,"comment_status":"open","ping_status":"closed","template":"","meta":[],"pwb-brand":[409],"product_cat":[126,133],"product_tag":[],"class_list":{"0":"post-9595","1":"product","2":"type-product","3":"status-publish","4":"has-post-thumbnail","6":"pwb-brand-trichup","7":"product_cat-haircare","8":"product_cat-shampoo","9":"pa_size-200ml","10":"pa_size-400ml","13":"instock","14":"sale","15":"shipping-taxable","16":"purchasable","17":"product-type-variable"},"brands":[{"id":409,"name":"Trichup","slug":"trichup"}],"_links":{"self":[{"href":"https:\/\/axtarstore.com\/ru\/wp-json\/wp\/v2\/product\/9595"}],"collection":[{"href":"https:\/\/axtarstore.com\/ru\/wp-json\/wp\/v2\/product"}],"about":[{"href":"https:\/\/axtarstore.com\/ru\/wp-json\/wp\/v2\/types\/product"}],"replies":[{"embeddable":true,"href":"https:\/\/axtarstore.com\/ru\/wp-json\/wp\/v2\/comments?post=9595"}],"version-history":[{"count":5,"href":"https:\/\/axtarstore.com\/ru\/wp-json\/wp\/v2\/product\/9595\/revisions"}],"predecessor-version":[{"id":11221,"href":"https:\/\/axtarstore.com\/ru\/wp-json\/wp\/v2\/product\/9595\/revisions\/11221"}],"wp:featuredmedia":[{"embeddable":true,"href":"https:\/\/axtarstore.com\/ru\/wp-json\/wp\/v2\/media\/9598"}],"wp:attachment":[{"href":"https:\/\/axtarstore.com\/ru\/wp-json\/wp\/v2\/media?parent=9595"}],"wp:term":[{"taxonomy":"pwb-brand","embeddable":true,"href":"https:\/\/axtarstore.com\/ru\/wp-json\/wp\/v2\/pwb-brand?post=9595"},{"taxonomy":"product_cat","embeddable":true,"href":"https:\/\/axtarstore.com\/ru\/wp-json\/wp\/v2\/product_cat?post=9595"},{"taxonomy":"product_tag","embeddable":true,"href":"https:\/\/axtarstore.com\/ru\/wp-json\/wp\/v2\/product_tag?post=9595"}],"curies":[{"name":"wp","href":"https:\/\/api.w.org\/{rel}","templated":true}]}}