{"id":9581,"date":"2025-03-26T23:21:19","date_gmt":"2025-03-26T19:21:19","guid":{"rendered":"https:\/\/axtarstore.com\/?post_type=product&#038;p=9581"},"modified":"2026-02-19T21:19:47","modified_gmt":"2026-02-19T17:19:47","slug":"bitki-menseli-sampun-trichup-herbal-usma","status":"publish","type":"product","link":"https:\/\/axtarstore.com\/ru\/product\/bitki-menseli-sampun-trichup-herbal-usma\/","title":{"rendered":"Bitki m\u0259n\u015f\u0259li \u015fampun Trichup Herbal Shampoo &#8211; Usma"},"content":{"rendered":"<p>Trichup Herbal Usma Bitki M\u0259n\u015f\u0259li \u015eampun<\/p>\n<h2 data-section-id=\"6xzsz2\" data-start=\"935\" data-end=\"945\">Problem<\/h2>\n<p data-start=\"947\" data-end=\"1164\">Sa\u00e7 t\u00f6k\u00fclm\u0259si, z\u0259if uzanma, nazikl\u0259\u015fm\u0259 v\u0259 cans\u0131z g\u00f6r\u00fcn\u00fc\u015f m\u00fcasir d\u00f6vrd\u0259 \u0259n \u00e7ox rast g\u0259lin\u0259n sa\u00e7 probleml\u0259rind\u0259ndir. Stress, hormonal d\u0259yi\u015fiklikl\u0259r, d\u00fczg\u00fcn olmayan sa\u00e7 bax\u0131m\u0131 v\u0259 kimy\u0259vi t\u0259sirl\u0259r sa\u00e7 k\u00f6kl\u0259rini z\u0259ifl\u0259dir.<\/p>\n<p data-start=\"1166\" data-end=\"1175\">N\u0259tic\u0259d\u0259:<\/p>\n<ul data-start=\"1177\" data-end=\"1278\">\n<li data-section-id=\"imlc2s\" data-start=\"1177\" data-end=\"1198\">\n<p data-start=\"1179\" data-end=\"1198\">Sa\u00e7lar nazikl\u0259\u015fir<\/p>\n<\/li>\n<li data-section-id=\"1cjdgg1\" data-start=\"1199\" data-end=\"1216\">\n<p data-start=\"1201\" data-end=\"1216\">T\u00f6k\u00fclm\u0259 art\u0131r<\/p>\n<\/li>\n<li data-section-id=\"1o257s2\" data-start=\"1217\" data-end=\"1232\">\n<p data-start=\"1219\" data-end=\"1232\">H\u0259cm azal\u0131r<\/p>\n<\/li>\n<li data-section-id=\"r56l7s\" data-start=\"1233\" data-end=\"1259\">\n<p data-start=\"1235\" data-end=\"1259\">Sa\u00e7 uzanmas\u0131 z\u0259ifl\u0259yir<\/p>\n<\/li>\n<li data-section-id=\"fp0dst\" data-start=\"1260\" data-end=\"1278\">\n<p data-start=\"1262\" data-end=\"1278\">Parlaql\u0131q itir<\/p>\n<\/li>\n<\/ul>\n<p data-start=\"1280\" data-end=\"1517\">Standart \u015fampunlar \u0259sas\u0259n t\u0259mizl\u0259yici t\u0259sir g\u00f6st\u0259rir, lakin sa\u00e7 k\u00f6kl\u0259rini qidaland\u0131rmaq v\u0259 m\u00f6hk\u0259ml\u0259ndirm\u0259k bax\u0131m\u0131ndan kifay\u0259t q\u0259d\u0259r effektiv olmaya bil\u0259r. Bu s\u0259b\u0259bd\u0259n bitki t\u0259rkibli, funksional formulaya malik m\u0259hsullara ehtiyac yaran\u0131r.<\/p>\n<h2 data-section-id=\"1xwjg8k\" data-start=\"1519\" data-end=\"1526\">H\u0259ll<\/h2>\n<p data-start=\"1528\" data-end=\"1638\">Trichup Herbal Usma bitki m\u0259n\u015f\u0259li \u015fampun t\u0259bii ekstraktlar \u0259sas\u0131nda haz\u0131rlanm\u0131\u015f kompleks sa\u00e7 bax\u0131m m\u0259hsuludur.<\/p>\n<p data-start=\"1640\" data-end=\"1669\">Formulan\u0131n \u0259sas \u00fcst\u00fcnl\u00fckl\u0259ri:<\/p>\n<ul data-start=\"1671\" data-end=\"1870\">\n<li data-section-id=\"k6yl5k\" data-start=\"1671\" data-end=\"1707\">\n<p data-start=\"1673\" data-end=\"1707\">Usma ekstrakt\u0131 il\u0259 z\u0259ngin t\u0259rkib<\/p>\n<\/li>\n<li data-section-id=\"1u4plr5\" data-start=\"1708\" data-end=\"1747\">\n<p data-start=\"1710\" data-end=\"1747\">Sa\u00e7 k\u00f6kl\u0259rini qidaland\u0131rma\u011fa d\u0259st\u0259k<\/p>\n<\/li>\n<li data-section-id=\"gpvjq1\" data-start=\"1748\" data-end=\"1785\">\n<p data-start=\"1750\" data-end=\"1785\">Z\u0259if sa\u00e7 tell\u0259rini m\u00f6hk\u0259ml\u0259ndirm\u0259<\/p>\n<\/li>\n<li data-section-id=\"ama2o9\" data-start=\"1786\" data-end=\"1820\">\n<p data-start=\"1788\" data-end=\"1820\">Ba\u015f d\u0259risinin balans\u0131n\u0131 qoruma<\/p>\n<\/li>\n<li data-section-id=\"6w2y5q\" data-start=\"1821\" data-end=\"1870\">\n<p data-start=\"1823\" data-end=\"1870\">G\u00fcnd\u0259lik istifad\u0259 \u00fc\u00e7\u00fcn uy\u011fun yum\u015faq t\u0259mizl\u0259m\u0259<\/p>\n<\/li>\n<\/ul>\n<p data-start=\"1872\" data-end=\"2080\">Usma (Isatis tinctoria) \u0259n\u0259n\u0259vi olaraq sa\u00e7 uzanmas\u0131n\u0131 d\u0259st\u0259kl\u0259y\u0259n v\u0259 k\u00f6kl\u0259ri g\u00fccl\u0259ndir\u0259n bitki kimi tan\u0131n\u0131r. Bu bitkinin ekstrakt\u0131 sa\u00e7 d\u0259risinin qidalanmas\u0131na v\u0259 daha sa\u011flam m\u00fchitin formala\u015fmas\u0131na k\u00f6m\u0259k edir.<\/p>\n<p data-start=\"2082\" data-end=\"2238\">\u015eampun sa\u00e7lar\u0131 d\u0259rind\u0259n, lakin z\u0259rif \u015f\u0259kild\u0259 t\u0259mizl\u0259yir. Sa\u00e7\u0131 a\u011f\u0131rla\u015fd\u0131rmadan t\u0259bii h\u0259cm yarad\u0131r v\u0259 m\u00fcnt\u0259z\u0259m istifad\u0259 zaman\u0131 daha dol\u011fun g\u00f6r\u00fcn\u00fc\u015f t\u0259min edir.<\/p>\n<p data-start=\"2240\" data-end=\"2283\">X\u00fcsusil\u0259 a\u015fa\u011f\u0131dak\u0131 hallarda t\u00f6vsiy\u0259 olunur:<\/p>\n<ul data-start=\"2285\" data-end=\"2446\">\n<li data-section-id=\"z60lf3\" data-start=\"2285\" data-end=\"2311\">\n<p data-start=\"2287\" data-end=\"2311\">Z\u0259if v\u0259 t\u00f6k\u00fcl\u0259n sa\u00e7lar<\/p>\n<\/li>\n<li data-section-id=\"wqy1mh\" data-start=\"2312\" data-end=\"2344\">\n<p data-start=\"2314\" data-end=\"2344\">H\u0259cmini itirmi\u015f nazik sa\u00e7lar<\/p>\n<\/li>\n<li data-section-id=\"12a7f0d\" data-start=\"2345\" data-end=\"2394\">\n<p data-start=\"2347\" data-end=\"2394\">Kimy\u0259vi prosedurlardan sonra z\u0259ifl\u0259mi\u015f sa\u00e7lar<\/p>\n<\/li>\n<li data-section-id=\"109l11r\" data-start=\"2395\" data-end=\"2446\">\n<p data-start=\"2397\" data-end=\"2446\">Uzun m\u00fcdd\u0259tdir uzanmada \u00e7\u0259tinlik ya\u015fayan sa\u00e7lar<\/p>\n<\/li>\n<\/ul>\n<h2 data-section-id=\"1bfdbjp\" data-start=\"2448\" data-end=\"2457\">N\u0259tic\u0259<\/h2>\n<p data-start=\"2459\" data-end=\"2484\">M\u00fcnt\u0259z\u0259m istifad\u0259 zaman\u0131:<\/p>\n<ul data-start=\"2486\" data-end=\"2662\">\n<li data-section-id=\"fwxvr2\" data-start=\"2486\" data-end=\"2520\">\n<p data-start=\"2488\" data-end=\"2520\">Sa\u00e7 k\u00f6kl\u0259ri daha g\u00fccl\u00fc g\u00f6r\u00fcn\u00fcr<\/p>\n<\/li>\n<li data-section-id=\"1trs3bh\" data-start=\"2521\" data-end=\"2553\">\n<p data-start=\"2523\" data-end=\"2553\">T\u00f6k\u00fclm\u0259 vizual olaraq azal\u0131r<\/p>\n<\/li>\n<li data-section-id=\"bmiyc8\" data-start=\"2554\" data-end=\"2591\">\n<p data-start=\"2556\" data-end=\"2591\">Sa\u00e7 daha dol\u011fun v\u0259 h\u0259cmli g\u00f6r\u00fcn\u00fcr<\/p>\n<\/li>\n<li data-section-id=\"1leb6j4\" data-start=\"2592\" data-end=\"2617\">\n<p data-start=\"2594\" data-end=\"2617\">T\u0259bii parlaql\u0131q art\u0131r<\/p>\n<\/li>\n<li data-section-id=\"e1g2zv\" data-start=\"2618\" data-end=\"2662\">\n<p data-start=\"2620\" data-end=\"2662\">Ba\u015f d\u0259risi daha balansl\u0131 v\u0259ziyy\u0259t\u0259 g\u0259lir<\/p>\n<\/li>\n<\/ul>\n<p data-start=\"2664\" data-end=\"2843\">Trichup Herbal Usma bitki m\u0259n\u015f\u0259li \u015fampun sad\u0259c\u0259 t\u0259mizl\u0259yici vasit\u0259 deyil, g\u00fcnd\u0259lik sa\u00e7 bax\u0131m\u0131n\u0131n funksional hiss\u0259sidir. Uzunm\u00fcdd\u0259tli v\u0259 balansl\u0131 sa\u00e7 bax\u0131m\u0131 \u00fc\u00e7\u00fcn effektiv se\u00e7imdir.<\/p>\n<hr data-start=\"2845\" data-end=\"2848\" \/>\n<h1 data-section-id=\"i6u0mb\" data-start=\"2850\" data-end=\"2878\">Niy\u0259 bu m\u0259hsulu almal\u0131yam?<\/h1>\n<ul data-start=\"2880\" data-end=\"3090\">\n<li data-section-id=\"1ytpy1e\" data-start=\"2880\" data-end=\"2910\">\n<p data-start=\"2882\" data-end=\"2910\">Bitki m\u0259n\u015f\u0259li aktiv t\u0259rkib<\/p>\n<\/li>\n<li data-section-id=\"1rjbj1k\" data-start=\"2911\" data-end=\"2947\">\n<p data-start=\"2913\" data-end=\"2947\">Usma ekstrakt\u0131 il\u0259 z\u0259ngin formul<\/p>\n<\/li>\n<li data-section-id=\"i69r9q\" data-start=\"2948\" data-end=\"2985\">\n<p data-start=\"2950\" data-end=\"2985\">Z\u0259if v\u0259 t\u00f6k\u00fcl\u0259n sa\u00e7lar \u00fc\u00e7\u00fcn uy\u011fun<\/p>\n<\/li>\n<li data-section-id=\"e67r3r\" data-start=\"2986\" data-end=\"3017\">\n<p data-start=\"2988\" data-end=\"3017\">G\u00fcnd\u0259lik istifad\u0259y\u0259 yararl\u0131<\/p>\n<\/li>\n<li data-section-id=\"ns63hm\" data-start=\"3018\" data-end=\"3040\">\n<p data-start=\"3020\" data-end=\"3040\">Sa\u00e7\u0131 a\u011f\u0131rla\u015fd\u0131rm\u0131r<\/p>\n<\/li>\n<li data-section-id=\"1gu2r7r\" data-start=\"3041\" data-end=\"3090\">\n<p data-start=\"3043\" data-end=\"3090\">Kosmetoloji bax\u0131mdan balansla\u015fd\u0131r\u0131lm\u0131\u015f t\u0259rkib<\/p>\n<\/li>\n<\/ul>\n<p data-start=\"3092\" data-end=\"3223\">\u018fg\u0259r sa\u00e7lar\u0131n\u0131z z\u0259ifl\u0259yib, h\u0259cm azal\u0131b v\u0259 t\u00f6k\u00fclm\u0259 problemi ya\u015fay\u0131rsa, bu m\u0259hsul g\u00fcnd\u0259lik bax\u0131m rutininiz \u00fc\u00e7\u00fcn m\u0259qs\u0259dy\u00f6nl\u00fc se\u00e7imdir.<\/p>\n<hr data-start=\"3225\" data-end=\"3228\" \/>\n<h1 data-section-id=\"8rcmto\" data-start=\"3230\" data-end=\"3248\">\u0130stifad\u0259 qaydas\u0131<\/h1>\n<ol data-start=\"3250\" data-end=\"3440\">\n<li data-section-id=\"6d1riz\" data-start=\"3250\" data-end=\"3284\">\n<p data-start=\"3253\" data-end=\"3284\">Sa\u00e7\u0131 il\u0131q su il\u0259 tam islad\u0131n.<\/p>\n<\/li>\n<li data-section-id=\"19prr3y\" data-start=\"3285\" data-end=\"3337\">\n<p data-start=\"3288\" data-end=\"3337\">Kifay\u0259t q\u0259d\u0259r \u015fampunu ba\u015f d\u0259risin\u0259 t\u0259tbiq edin.<\/p>\n<\/li>\n<li data-section-id=\"1qfnq4e\" data-start=\"3338\" data-end=\"3381\">\n<p data-start=\"3341\" data-end=\"3381\">1\u20132 d\u0259qiq\u0259 masaj ed\u0259r\u0259k k\u00f6p\u00fckl\u0259ndirin.<\/p>\n<\/li>\n<li data-section-id=\"5st8qo\" data-start=\"3382\" data-end=\"3408\">\n<p data-start=\"3385\" data-end=\"3408\">Bol su il\u0259 yaxalay\u0131n.<\/p>\n<\/li>\n<li data-section-id=\"1w14mnl\" data-start=\"3409\" data-end=\"3440\">\n<p data-start=\"3412\" data-end=\"3440\">Laz\u0131m olduqda t\u0259krarlay\u0131n.<\/p>\n<\/li>\n<\/ol>\n<p data-start=\"3442\" data-end=\"3535\">Daha yax\u015f\u0131 n\u0259tic\u0259 \u00fc\u00e7\u00fcn eyni seriyan\u0131n sa\u00e7 kremi v\u0259 ya ya\u011f\u0131 il\u0259 birlikd\u0259 istifad\u0259 oluna bil\u0259r.<\/p>\n<hr data-start=\"3537\" data-end=\"3540\" \/>\n<h1 data-section-id=\"1htqakv\" data-start=\"3542\" data-end=\"3548\">Qeyd<\/h1>\n<ul data-start=\"3550\" data-end=\"3709\">\n<li data-section-id=\"p2wq1c\" data-start=\"3550\" data-end=\"3578\">\n<p data-start=\"3552\" data-end=\"3578\">Xarici istifad\u0259 \u00fc\u00e7\u00fcnd\u00fcr.<\/p>\n<\/li>\n<li data-section-id=\"18go3e\" data-start=\"3579\" data-end=\"3606\">\n<p data-start=\"3581\" data-end=\"3606\">G\u00f6zl\u0259 t\u0259masdan qoruyun.<\/p>\n<\/li>\n<li data-section-id=\"2ufj0a\" data-start=\"3607\" data-end=\"3649\">\n<p data-start=\"3609\" data-end=\"3649\">U\u015faqlar\u0131n \u0259li \u00e7atmayan yerd\u0259 saxlay\u0131n.<\/p>\n<\/li>\n<li data-section-id=\"1bd96w0\" data-start=\"3650\" data-end=\"3709\">\n<p data-start=\"3652\" data-end=\"3709\">H\u0259r hans\u0131 h\u0259ssasl\u0131q yarand\u0131qda istifad\u0259sini dayand\u0131r\u0131n.<\/p>\n<\/li>\n<\/ul>","protected":false},"excerpt":{"rendered":"<p>Trichup Herbal Usma bitki m\u0259n\u015f\u0259li \u015fampun usma ekstrakt\u0131 il\u0259 z\u0259ngin formulaya malikdir. Sa\u00e7 k\u00f6kl\u0259rini qidaland\u0131r\u0131r, z\u0259if v\u0259 t\u00f6k\u00fclm\u0259y\u0259 meyilli sa\u00e7lar\u0131 g\u00fccl\u0259ndirm\u0259y\u0259 k\u00f6m\u0259k edir. G\u00fcnd\u0259lik istifad\u0259 \u00fc\u00e7\u00fcn uy\u011fundur v\u0259 sa\u00e7lara t\u0259bii h\u0259cm v\u0259 parlaql\u0131q qazand\u0131r\u0131r.<\/p>","protected":false},"featured_media":9586,"comment_status":"open","ping_status":"closed","template":"","meta":[],"pwb-brand":[409],"product_cat":[126,133],"product_tag":[],"class_list":{"0":"post-9581","1":"product","2":"type-product","3":"status-publish","4":"has-post-thumbnail","6":"pwb-brand-trichup","7":"product_cat-haircare","8":"product_cat-shampoo","9":"pa_size-200ml","10":"pa_size-400ml","13":"instock","14":"sale","15":"shipping-taxable","16":"purchasable","17":"product-type-variable"},"brands":[{"id":409,"name":"Trichup","slug":"trichup"}],"_links":{"self":[{"href":"https:\/\/axtarstore.com\/ru\/wp-json\/wp\/v2\/product\/9581"}],"collection":[{"href":"https:\/\/axtarstore.com\/ru\/wp-json\/wp\/v2\/product"}],"about":[{"href":"https:\/\/axtarstore.com\/ru\/wp-json\/wp\/v2\/types\/product"}],"replies":[{"embeddable":true,"href":"https:\/\/axtarstore.com\/ru\/wp-json\/wp\/v2\/comments?post=9581"}],"version-history":[{"count":4,"href":"https:\/\/axtarstore.com\/ru\/wp-json\/wp\/v2\/product\/9581\/revisions"}],"predecessor-version":[{"id":11225,"href":"https:\/\/axtarstore.com\/ru\/wp-json\/wp\/v2\/product\/9581\/revisions\/11225"}],"wp:featuredmedia":[{"embeddable":true,"href":"https:\/\/axtarstore.com\/ru\/wp-json\/wp\/v2\/media\/9586"}],"wp:attachment":[{"href":"https:\/\/axtarstore.com\/ru\/wp-json\/wp\/v2\/media?parent=9581"}],"wp:term":[{"taxonomy":"pwb-brand","embeddable":true,"href":"https:\/\/axtarstore.com\/ru\/wp-json\/wp\/v2\/pwb-brand?post=9581"},{"taxonomy":"product_cat","embeddable":true,"href":"https:\/\/axtarstore.com\/ru\/wp-json\/wp\/v2\/product_cat?post=9581"},{"taxonomy":"product_tag","embeddable":true,"href":"https:\/\/axtarstore.com\/ru\/wp-json\/wp\/v2\/product_tag?post=9581"}],"curies":[{"name":"wp","href":"https:\/\/api.w.org\/{rel}","templated":true}]}}