{"id":9578,"date":"2025-03-26T23:12:44","date_gmt":"2025-03-26T19:12:44","guid":{"rendered":"https:\/\/axtarstore.com\/?post_type=product&#038;p=9578"},"modified":"2026-02-19T21:21:58","modified_gmt":"2026-02-19T17:21:58","slug":"qara-zire-sac-maskasi-trichup-black-seed","status":"publish","type":"product","link":"https:\/\/axtarstore.com\/ru\/product\/qara-zire-sac-maskasi-trichup-black-seed\/","title":{"rendered":"qara zir\u0259 Sa\u00e7 maskas\u0131 Trichup Black Seed Hot Oil Treatment Hair Mask"},"content":{"rendered":"<p>Trichup Black Seed Qara Zir\u0259 Sa\u00e7 Maskas\u0131 (Hot Oil Treatment)<\/p>\n<h2 data-section-id=\"6xzsz2\" data-start=\"975\" data-end=\"985\">Problem<\/h2>\n<p data-start=\"987\" data-end=\"1187\">Sa\u00e7lar davaml\u0131 olaraq istilik al\u0259tl\u0259ri, kimy\u0259vi prosedurlar, boyama v\u0259 \u0259traf m\u00fchit faktorlar\u0131n\u0131n t\u0259sirin\u0259 m\u0259ruz qal\u0131r. N\u0259tic\u0259d\u0259 sa\u00e7 strukturu z\u0259ifl\u0259yir, n\u0259m balans\u0131 pozulur v\u0259 sa\u00e7 tell\u0259ri k\u00f6vr\u0259kl\u0259\u015fir.<\/p>\n<p data-start=\"1189\" data-end=\"1220\">\u018fn \u00e7ox rast g\u0259lin\u0259n probleml\u0259r:<\/p>\n<ul data-start=\"1222\" data-end=\"1348\">\n<li data-section-id=\"4ish4g\" data-start=\"1222\" data-end=\"1252\">\n<p data-start=\"1224\" data-end=\"1252\">Quru v\u0259 s\u0259rt sa\u00e7 strukturu<\/p>\n<\/li>\n<li data-section-id=\"1pcf724\" data-start=\"1253\" data-end=\"1276\">\n<p data-start=\"1255\" data-end=\"1276\">Uclar\u0131n ha\u00e7alanmas\u0131<\/p>\n<\/li>\n<li data-section-id=\"13klzs9\" data-start=\"1277\" data-end=\"1299\">\n<p data-start=\"1279\" data-end=\"1299\">Q\u0131r\u0131lma v\u0259 t\u00f6k\u00fclm\u0259<\/p>\n<\/li>\n<li data-section-id=\"1mi8tpu\" data-start=\"1300\" data-end=\"1324\">\n<p data-start=\"1302\" data-end=\"1324\">Parlaql\u0131\u011f\u0131n azalmas\u0131<\/p>\n<\/li>\n<li data-section-id=\"ne96z1\" data-start=\"1325\" data-end=\"1348\">\n<p data-start=\"1327\" data-end=\"1348\">Elastikliyin itm\u0259si<\/p>\n<\/li>\n<\/ul>\n<p data-start=\"1350\" data-end=\"1510\">Sad\u0259 \u015fampun v\u0259 kondisionerl\u0259r d\u0259rin struktur b\u0259rpas\u0131 \u00fc\u00e7\u00fcn kifay\u0259t etmir. X\u00fcsusil\u0259 z\u0259d\u0259l\u0259nmi\u015f v\u0259 z\u0259if sa\u00e7lar \u00fc\u00e7\u00fcn intensiv qidaland\u0131r\u0131c\u0131 maskaya ehtiyac yaran\u0131r.<\/p>\n<h2 data-section-id=\"1xwjg8k\" data-start=\"1512\" data-end=\"1519\">H\u0259ll<\/h2>\n<p data-start=\"1521\" data-end=\"1714\">Trichup Black Seed qara zir\u0259 sa\u00e7 maskas\u0131 qara zir\u0259 toxumu ya\u011f\u0131 il\u0259 z\u0259nginl\u0259\u015fdirilmi\u015f intensiv bax\u0131m formuludur. \u201cHot Oil Treatment\u201d konsepti sa\u00e7lara isti ya\u011f terapiyas\u0131n\u0131n t\u0259sirini t\u0259qdim edir.<\/p>\n<p data-start=\"1716\" data-end=\"1845\">Qara zir\u0259 ya\u011f\u0131 \u0259n\u0259n\u0259vi olaraq sa\u00e7 k\u00f6kl\u0259rini qidaland\u0131rmaq v\u0259 sa\u00e7\u0131n \u00fcmumi sa\u011flaml\u0131\u011f\u0131n\u0131 d\u0259st\u0259kl\u0259m\u0259k \u00fc\u00e7\u00fcn istifad\u0259 olunur. Bu maska:<\/p>\n<ul data-start=\"1847\" data-end=\"2006\">\n<li data-section-id=\"1hvjit3\" data-start=\"1847\" data-end=\"1878\">\n<p data-start=\"1849\" data-end=\"1878\">Sa\u00e7 telin\u0259 d\u0259rin n\u00fcfuz edir<\/p>\n<\/li>\n<li data-section-id=\"l0nqbl\" data-start=\"1879\" data-end=\"1915\">\n<p data-start=\"1881\" data-end=\"1915\">Z\u0259d\u0259l\u0259nmi\u015f sah\u0259l\u0259ri qidaland\u0131r\u0131r<\/p>\n<\/li>\n<li data-section-id=\"1lnqakq\" data-start=\"1916\" data-end=\"1957\">\n<p data-start=\"1918\" data-end=\"1957\">N\u0259m balans\u0131n\u0131 b\u0259rpa etm\u0259y\u0259 k\u00f6m\u0259k edir<\/p>\n<\/li>\n<li data-section-id=\"rdwruf\" data-start=\"1958\" data-end=\"1984\">\n<p data-start=\"1960\" data-end=\"1984\">Sa\u00e7\u0131 daha elastik edir<\/p>\n<\/li>\n<li data-section-id=\"12jyd5x\" data-start=\"1985\" data-end=\"2006\">\n<p data-start=\"1987\" data-end=\"2006\">Q\u0131r\u0131lman\u0131 azald\u0131r<\/p>\n<\/li>\n<\/ul>\n<p data-start=\"2008\" data-end=\"2180\">Formul sa\u00e7\u0131n s\u0259thini hamarla\u015fd\u0131raraq daha parlaq v\u0259 bax\u0131ml\u0131 g\u00f6r\u00fcn\u00fc\u015f yarad\u0131r. A\u011f\u0131rla\u015fd\u0131rmadan intensiv qidaland\u0131rma t\u0259min edir. X\u00fcsusil\u0259 a\u015fa\u011f\u0131dak\u0131 sa\u00e7 tipl\u0259ri \u00fc\u00e7\u00fcn uy\u011fundur:<\/p>\n<ul data-start=\"2182\" data-end=\"2328\">\n<li data-section-id=\"1apbn80\" data-start=\"2182\" data-end=\"2211\">\n<p data-start=\"2184\" data-end=\"2211\">Quru v\u0259 z\u0259d\u0259l\u0259nmi\u015f sa\u00e7lar<\/p>\n<\/li>\n<li data-section-id=\"1ypdaf\" data-start=\"2212\" data-end=\"2246\">\n<p data-start=\"2214\" data-end=\"2246\">Kimy\u0259vi prosedur g\u00f6rm\u00fc\u015f sa\u00e7lar<\/p>\n<\/li>\n<li data-section-id=\"1ir7tfe\" data-start=\"2247\" data-end=\"2266\">\n<p data-start=\"2249\" data-end=\"2266\">Boyanm\u0131\u015f sa\u00e7lar<\/p>\n<\/li>\n<li data-section-id=\"1jpriby\" data-start=\"2267\" data-end=\"2295\">\n<p data-start=\"2269\" data-end=\"2295\">Q\u0131r\u0131lma\u011fa meyilli sa\u00e7lar<\/p>\n<\/li>\n<li data-section-id=\"obfknb\" data-start=\"2296\" data-end=\"2328\">\n<p data-start=\"2298\" data-end=\"2328\">Cans\u0131z v\u0259 mat g\u00f6r\u00fcn\u0259n sa\u00e7lar<\/p>\n<\/li>\n<\/ul>\n<p data-start=\"2330\" data-end=\"2412\">Maska m\u00fcnt\u0259z\u0259m istifad\u0259 zaman\u0131 sa\u00e7\u0131n daha sa\u011flam v\u0259 dol\u011fun g\u00f6r\u00fcnm\u0259sin\u0259 k\u00f6m\u0259k edir.<\/p>\n<h2 data-section-id=\"1bfdbjp\" data-start=\"2414\" data-end=\"2423\">N\u0259tic\u0259<\/h2>\n<p data-start=\"2425\" data-end=\"2487\">Trichup Black Seed qara zir\u0259 sa\u00e7 maskas\u0131 istifad\u0259sind\u0259n sonra:<\/p>\n<ul data-start=\"2489\" data-end=\"2612\">\n<li data-section-id=\"fdsvvn\" data-start=\"2489\" data-end=\"2522\">\n<p data-start=\"2491\" data-end=\"2522\">Sa\u00e7 daha yum\u015faq v\u0259 hamar olur<\/p>\n<\/li>\n<li data-section-id=\"t6qv9s\" data-start=\"2523\" data-end=\"2544\">\n<p data-start=\"2525\" data-end=\"2544\">Daranma asanla\u015f\u0131r<\/p>\n<\/li>\n<li data-section-id=\"1x2qb3y\" data-start=\"2545\" data-end=\"2563\">\n<p data-start=\"2547\" data-end=\"2563\">Q\u0131r\u0131lma azal\u0131r<\/p>\n<\/li>\n<li data-section-id=\"122ooxd\" data-start=\"2564\" data-end=\"2591\">\n<p data-start=\"2566\" data-end=\"2591\">Sa\u00e7 daha parlaq g\u00f6r\u00fcn\u00fcr<\/p>\n<\/li>\n<li data-section-id=\"vpbvu7\" data-start=\"2592\" data-end=\"2612\">\n<p data-start=\"2594\" data-end=\"2612\">Elastiklik art\u0131r<\/p>\n<\/li>\n<\/ul>\n<p data-start=\"2614\" data-end=\"2800\">Uzunm\u00fcdd\u0259tli istifad\u0259 sa\u00e7\u0131n strukturunun daha balansl\u0131 v\u0259 g\u00fccl\u00fc g\u00f6r\u00fcnm\u0259sin\u0259 d\u0259st\u0259k verir. Bu m\u0259hsul yaln\u0131z kosmetik effekt yaratm\u0131r, eyni zamanda sa\u00e7\u0131n \u00fcmumi bax\u0131m s\u0259viyy\u0259sini y\u00fcks\u0259ldir.<\/p>\n<hr data-start=\"2802\" data-end=\"2805\" \/>\n<h1 data-section-id=\"i6u0mb\" data-start=\"2807\" data-end=\"2835\">Niy\u0259 bu m\u0259hsulu almal\u0131yam?<\/h1>\n<ul data-start=\"2837\" data-end=\"3074\">\n<li data-section-id=\"981eth\" data-start=\"2837\" data-end=\"2880\">\n<p data-start=\"2839\" data-end=\"2880\">Qara zir\u0259 toxumu ya\u011f\u0131 il\u0259 z\u0259ngin t\u0259rkib<\/p>\n<\/li>\n<li data-section-id=\"1fm6e7u\" data-start=\"2881\" data-end=\"2913\">\n<p data-start=\"2883\" data-end=\"2913\">\u0130ntensiv qidaland\u0131r\u0131c\u0131 t\u0259sir<\/p>\n<\/li>\n<li data-section-id=\"99wuoy\" data-start=\"2914\" data-end=\"2954\">\n<p data-start=\"2916\" data-end=\"2954\">Z\u0259d\u0259l\u0259nmi\u015f sa\u00e7lar \u00fc\u00e7\u00fcn x\u00fcsusi formul<\/p>\n<\/li>\n<li data-section-id=\"e5tbsz\" data-start=\"2955\" data-end=\"2984\">\n<p data-start=\"2957\" data-end=\"2984\">Hot Oil Treatment effekti<\/p>\n<\/li>\n<li data-section-id=\"s6h28a\" data-start=\"2985\" data-end=\"3023\">\n<p data-start=\"2987\" data-end=\"3023\">Parlaql\u0131q v\u0259 elastiklik t\u0259min edir<\/p>\n<\/li>\n<li data-section-id=\"xjb0uy\" data-start=\"3024\" data-end=\"3074\">\n<p data-start=\"3026\" data-end=\"3074\">Sa\u00e7\u0131 a\u011f\u0131rla\u015fd\u0131rmadan b\u0259rpaedici t\u0259sir g\u00f6st\u0259rir<\/p>\n<\/li>\n<\/ul>\n<p data-start=\"3076\" data-end=\"3195\">\u018fg\u0259r sa\u00e7lar\u0131n\u0131z quru, z\u0259if v\u0259 k\u00f6vr\u0259kdirs\u0259, bu qara zir\u0259 sa\u00e7 maskas\u0131 m\u00fcnt\u0259z\u0259m bax\u0131m rutininiz \u00fc\u00e7\u00fcn m\u0259qs\u0259dy\u00f6nl\u00fc se\u00e7imdir.<\/p>\n<hr data-start=\"3197\" data-end=\"3200\" \/>\n<h1 data-section-id=\"8rcmto\" data-start=\"3202\" data-end=\"3220\">\u0130stifad\u0259 qaydas\u0131<\/h1>\n<ol data-start=\"3222\" data-end=\"3473\">\n<li data-section-id=\"lbz7rf\" data-start=\"3222\" data-end=\"3273\">\n<p data-start=\"3225\" data-end=\"3273\">Sa\u00e7\u0131 \u015fampunla yuduqdan sonra art\u0131q suyu s\u0131x\u0131n.<\/p>\n<\/li>\n<li data-section-id=\"i7fu2r\" data-start=\"3274\" data-end=\"3347\">\n<p data-start=\"3277\" data-end=\"3347\">Maskan\u0131 sa\u00e7\u0131n uzunluqlar\u0131na v\u0259 uclar\u0131na b\u0259rab\u0259r \u015f\u0259kild\u0259 t\u0259tbiq edin.<\/p>\n<\/li>\n<li data-section-id=\"as5ji5\" data-start=\"3348\" data-end=\"3374\">\n<p data-start=\"3351\" data-end=\"3374\">5\u201310 d\u0259qiq\u0259 saxlay\u0131n.<\/p>\n<\/li>\n<li data-section-id=\"1kog8jm\" data-start=\"3375\" data-end=\"3446\">\n<p data-start=\"3378\" data-end=\"3446\">Daha intensiv t\u0259sir \u00fc\u00e7\u00fcn isti d\u0259smal il\u0259 sa\u00e7\u0131n\u0131z\u0131 \u00f6rt\u0259 bil\u0259rsiniz.<\/p>\n<\/li>\n<li data-section-id=\"239n1d\" data-start=\"3447\" data-end=\"3473\">\n<p data-start=\"3450\" data-end=\"3473\">Bol su il\u0259 yaxalay\u0131n.<\/p>\n<\/li>\n<\/ol>\n<p data-start=\"3475\" data-end=\"3516\">H\u0259ft\u0259d\u0259 1\u20132 d\u0259f\u0259 istifad\u0259 t\u00f6vsiy\u0259 olunur.<\/p>\n<hr data-start=\"3518\" data-end=\"3521\" \/>\n<h1 data-section-id=\"1htqakv\" data-start=\"3523\" data-end=\"3529\">Qeyd<\/h1>\n<ul data-start=\"3531\" data-end=\"3680\">\n<li data-section-id=\"p2wq1c\" data-start=\"3531\" data-end=\"3559\">\n<p data-start=\"3533\" data-end=\"3559\">Xarici istifad\u0259 \u00fc\u00e7\u00fcnd\u00fcr.<\/p>\n<\/li>\n<li data-section-id=\"18go3e\" data-start=\"3560\" data-end=\"3587\">\n<p data-start=\"3562\" data-end=\"3587\">G\u00f6zl\u0259 t\u0259masdan qoruyun.<\/p>\n<\/li>\n<li data-section-id=\"iawhgm\" data-start=\"3588\" data-end=\"3637\">\n<p data-start=\"3590\" data-end=\"3637\">H\u0259ssasl\u0131q yarand\u0131qda istifad\u0259sini dayand\u0131r\u0131n.<\/p>\n<\/li>\n<li data-section-id=\"2ufj0a\" data-start=\"3638\" data-end=\"3680\">\n<p data-start=\"3640\" data-end=\"3680\">U\u015faqlar\u0131n \u0259li \u00e7atmayan yerd\u0259 saxlay\u0131n.<\/p>\n<\/li>\n<\/ul>","protected":false},"excerpt":{"rendered":"<p>Trichup Black Seed qara zir\u0259 sa\u00e7 maskas\u0131 intensiv qidaland\u0131r\u0131c\u0131 formulaya malikdir. Quru, z\u0259d\u0259l\u0259nmi\u015f v\u0259 z\u0259if sa\u00e7lar\u0131 b\u0259rpa etm\u0259y\u0259, sa\u00e7 telini g\u00fccl\u0259ndirm\u0259y\u0259 v\u0259 t\u0259bii parlaql\u0131q qazand\u0131rma\u011fa k\u00f6m\u0259k edir. D\u0259rin t\u0259sirli isti ya\u011f terapiyas\u0131 effekti t\u0259qdim edir.<\/p>","protected":false},"featured_media":9579,"comment_status":"open","ping_status":"closed","template":"","meta":[],"pwb-brand":[409],"product_cat":[126,137,136],"product_tag":[],"class_list":{"0":"post-9578","1":"product","2":"type-product","3":"status-publish","4":"has-post-thumbnail","6":"pwb-brand-trichup","7":"product_cat-haircare","8":"product_cat-kondisioner","9":"product_cat-masks","10":"pa_size-500ml","13":"instock","14":"sale","15":"shipping-taxable","16":"purchasable","17":"product-type-simple"},"brands":[{"id":409,"name":"Trichup","slug":"trichup"}],"_links":{"self":[{"href":"https:\/\/axtarstore.com\/ru\/wp-json\/wp\/v2\/product\/9578"}],"collection":[{"href":"https:\/\/axtarstore.com\/ru\/wp-json\/wp\/v2\/product"}],"about":[{"href":"https:\/\/axtarstore.com\/ru\/wp-json\/wp\/v2\/types\/product"}],"replies":[{"embeddable":true,"href":"https:\/\/axtarstore.com\/ru\/wp-json\/wp\/v2\/comments?post=9578"}],"version-history":[{"count":4,"href":"https:\/\/axtarstore.com\/ru\/wp-json\/wp\/v2\/product\/9578\/revisions"}],"predecessor-version":[{"id":11227,"href":"https:\/\/axtarstore.com\/ru\/wp-json\/wp\/v2\/product\/9578\/revisions\/11227"}],"wp:featuredmedia":[{"embeddable":true,"href":"https:\/\/axtarstore.com\/ru\/wp-json\/wp\/v2\/media\/9579"}],"wp:attachment":[{"href":"https:\/\/axtarstore.com\/ru\/wp-json\/wp\/v2\/media?parent=9578"}],"wp:term":[{"taxonomy":"pwb-brand","embeddable":true,"href":"https:\/\/axtarstore.com\/ru\/wp-json\/wp\/v2\/pwb-brand?post=9578"},{"taxonomy":"product_cat","embeddable":true,"href":"https:\/\/axtarstore.com\/ru\/wp-json\/wp\/v2\/product_cat?post=9578"},{"taxonomy":"product_tag","embeddable":true,"href":"https:\/\/axtarstore.com\/ru\/wp-json\/wp\/v2\/product_tag?post=9578"}],"curies":[{"name":"wp","href":"https:\/\/api.w.org\/{rel}","templated":true}]}}