{"id":9575,"date":"2025-03-26T23:08:56","date_gmt":"2025-03-26T19:08:56","guid":{"rendered":"https:\/\/axtarstore.com\/?post_type=product&#038;p=9575"},"modified":"2026-02-19T21:28:41","modified_gmt":"2026-02-19T17:28:41","slug":"sac-tokulmesine-qarsi-maska-trichup-hair","status":"publish","type":"product","link":"https:\/\/axtarstore.com\/ru\/product\/sac-tokulmesine-qarsi-maska-trichup-hair\/","title":{"rendered":"Sa\u00e7 t\u00f6k\u00fclm\u0259sin\u0259 qar\u015f\u0131 maska Trichup Hair Fall Control Hot Oil Treatment Hair Mask"},"content":{"rendered":"<p data-start=\"599\" data-end=\"676\"><strong data-start=\"599\" data-end=\"676\">Trichup Hair Fall Control Sa\u00e7 T\u00f6k\u00fclm\u0259sin\u0259 Qar\u015f\u0131 Maska (Hot Oil Treatment)<\/strong><\/p>\n<h2 data-section-id=\"6xzsz2\" data-start=\"1022\" data-end=\"1032\">Problem<\/h2>\n<p data-start=\"1034\" data-end=\"1279\">Sa\u00e7 t\u00f6k\u00fclm\u0259si h\u0259m qad\u0131nlar, h\u0259m d\u0259 ki\u015fil\u0259r \u00fc\u00e7\u00fcn \u0259n aktual sa\u00e7 probleml\u0259rind\u0259n biridir. Stress, hormonal d\u0259yi\u015fiklikl\u0259r, d\u00fczg\u00fcn olmayan qidalanma, kimy\u0259vi prosedurlar v\u0259 istilik al\u0259tl\u0259rind\u0259n tez-tez istifad\u0259 sa\u00e7 k\u00f6kl\u0259rinin z\u0259ifl\u0259m\u0259sin\u0259 s\u0259b\u0259b olur.<\/p>\n<p data-start=\"1281\" data-end=\"1290\">N\u0259tic\u0259d\u0259:<\/p>\n<ul data-start=\"1292\" data-end=\"1409\">\n<li data-section-id=\"e18lhq\" data-start=\"1292\" data-end=\"1315\">\n<p data-start=\"1294\" data-end=\"1315\">Sa\u00e7 t\u00f6k\u00fclm\u0259si art\u0131r<\/p>\n<\/li>\n<li data-section-id=\"tkpt8o\" data-start=\"1316\" data-end=\"1342\">\n<p data-start=\"1318\" data-end=\"1342\">Sa\u00e7 tell\u0259ri nazikl\u0259\u015fir<\/p>\n<\/li>\n<li data-section-id=\"1o257s2\" data-start=\"1343\" data-end=\"1358\">\n<p data-start=\"1345\" data-end=\"1358\">H\u0259cm azal\u0131r<\/p>\n<\/li>\n<li data-section-id=\"1mmsmt4\" data-start=\"1359\" data-end=\"1381\">\n<p data-start=\"1361\" data-end=\"1381\">Sa\u00e7lar k\u00f6vr\u0259kl\u0259\u015fir<\/p>\n<\/li>\n<li data-section-id=\"1bodh41\" data-start=\"1382\" data-end=\"1409\">\n<p data-start=\"1384\" data-end=\"1409\">\u00dcmumi g\u00f6r\u00fcn\u00fc\u015f z\u0259ifl\u0259yir<\/p>\n<\/li>\n<\/ul>\n<p data-start=\"1411\" data-end=\"1618\">T\u0259kc\u0259 \u015fampun istifad\u0259si \u00e7ox zaman kifay\u0259t etmir. Sa\u00e7 k\u00f6kl\u0259rinin \u0259lav\u0259 qidalanmaya v\u0259 intensiv bax\u0131ma ehtiyac\u0131 olur. X\u00fcsusil\u0259 t\u00f6k\u00fclm\u0259 problemi m\u00fc\u015fahid\u0259 olunan sa\u00e7larda d\u0259rin t\u0259sirli maska istifad\u0259si vacibdir.<\/p>\n<h2 data-section-id=\"1xwjg8k\" data-start=\"1620\" data-end=\"1627\">H\u0259ll<\/h2>\n<p data-start=\"1629\" data-end=\"1837\">Trichup Hair Fall Control sa\u00e7 t\u00f6k\u00fclm\u0259sin\u0259 qar\u015f\u0131 maska \u201cHot Oil Treatment\u201d texnologiyas\u0131 il\u0259 haz\u0131rlanm\u0131\u015f intensiv qulluq m\u0259hsuludur. Formula sa\u00e7 k\u00f6kl\u0259rini qidaland\u0131rma\u011fa v\u0259 sa\u00e7 telini m\u00f6hk\u0259ml\u0259ndirm\u0259y\u0259 y\u00f6n\u0259lib.<\/p>\n<p data-start=\"1839\" data-end=\"1866\">M\u0259hsulun \u0259sas \u00fcst\u00fcnl\u00fckl\u0259ri:<\/p>\n<ul data-start=\"1868\" data-end=\"2053\">\n<li data-section-id=\"7dlpu0\" data-start=\"1868\" data-end=\"1916\">\n<p data-start=\"1870\" data-end=\"1916\">Sa\u00e7 k\u00f6kl\u0259rini g\u00fccl\u0259ndir\u0259n aktiv komponentl\u0259r<\/p>\n<\/li>\n<li data-section-id=\"6glc73\" data-start=\"1917\" data-end=\"1958\">\n<p data-start=\"1919\" data-end=\"1958\">Q\u0131r\u0131lman\u0131 azaltma\u011fa k\u00f6m\u0259k ed\u0259n formul<\/p>\n<\/li>\n<li data-section-id=\"113ox6b\" data-start=\"1959\" data-end=\"1996\">\n<p data-start=\"1961\" data-end=\"1996\">Sa\u00e7\u0131n elastikliyini art\u0131ran t\u0259sir<\/p>\n<\/li>\n<li data-section-id=\"1lfg7u\" data-start=\"1997\" data-end=\"2021\">\n<p data-start=\"1999\" data-end=\"2021\">N\u0259m balans\u0131n\u0131 qoruma<\/p>\n<\/li>\n<li data-section-id=\"1cz6r6u\" data-start=\"2022\" data-end=\"2053\">\n<p data-start=\"2024\" data-end=\"2053\">Daha dol\u011fun g\u00f6r\u00fcn\u00fc\u015f yaratma<\/p>\n<\/li>\n<\/ul>\n<p data-start=\"2055\" data-end=\"2238\">Maska sa\u00e7\u0131n strukturuna n\u00fcfuz ed\u0259r\u0259k z\u0259if sah\u0259l\u0259ri d\u0259st\u0259kl\u0259yir. Sa\u00e7 telini hamarla\u015fd\u0131r\u0131r v\u0259 daha sa\u011flam g\u00f6r\u00fcn\u00fc\u015f formala\u015fd\u0131r\u0131r. M\u00fcnt\u0259z\u0259m istifad\u0259 zaman\u0131 sa\u00e7 daha g\u00fccl\u00fc v\u0259 davaml\u0131 olur.<\/p>\n<p data-start=\"2240\" data-end=\"2280\">X\u00fcsusil\u0259 a\u015fa\u011f\u0131dak\u0131 hallar \u00fc\u00e7\u00fcn uy\u011fundur:<\/p>\n<ul data-start=\"2282\" data-end=\"2417\">\n<li data-section-id=\"sff8mm\" data-start=\"2282\" data-end=\"2306\">\n<p data-start=\"2284\" data-end=\"2306\">Artm\u0131\u015f sa\u00e7 t\u00f6k\u00fclm\u0259si<\/p>\n<\/li>\n<li data-section-id=\"1qq9asa\" data-start=\"2307\" data-end=\"2336\">\n<p data-start=\"2309\" data-end=\"2336\">Nazik v\u0259 z\u0259if sa\u00e7 tell\u0259ri<\/p>\n<\/li>\n<li data-section-id=\"12a7f0d\" data-start=\"2337\" data-end=\"2386\">\n<p data-start=\"2339\" data-end=\"2386\">Kimy\u0259vi prosedurlardan sonra z\u0259ifl\u0259mi\u015f sa\u00e7lar<\/p>\n<\/li>\n<li data-section-id=\"urcpk8\" data-start=\"2387\" data-end=\"2417\">\n<p data-start=\"2389\" data-end=\"2417\">H\u0259cm itkisi ya\u015fayan sa\u00e7lar<\/p>\n<\/li>\n<\/ul>\n<p data-start=\"2419\" data-end=\"2492\">M\u0259hsul sa\u00e7\u0131 a\u011f\u0131rla\u015fd\u0131rmadan intensiv qidaland\u0131r\u0131r v\u0259 dara\u011f\u0131 asanla\u015fd\u0131r\u0131r.<\/p>\n<h2 data-section-id=\"1bfdbjp\" data-start=\"2494\" data-end=\"2503\">N\u0259tic\u0259<\/h2>\n<p data-start=\"2505\" data-end=\"2580\">Trichup Hair Fall Control sa\u00e7 t\u00f6k\u00fclm\u0259sin\u0259 qar\u015f\u0131 maska istifad\u0259sind\u0259n sonra:<\/p>\n<ul data-start=\"2582\" data-end=\"2730\">\n<li data-section-id=\"fwxvr2\" data-start=\"2582\" data-end=\"2616\">\n<p data-start=\"2584\" data-end=\"2616\">Sa\u00e7 k\u00f6kl\u0259ri daha g\u00fccl\u00fc g\u00f6r\u00fcn\u00fcr<\/p>\n<\/li>\n<li data-section-id=\"1x2qb3y\" data-start=\"2617\" data-end=\"2635\">\n<p data-start=\"2619\" data-end=\"2635\">Q\u0131r\u0131lma azal\u0131r<\/p>\n<\/li>\n<li data-section-id=\"bmiyc8\" data-start=\"2636\" data-end=\"2673\">\n<p data-start=\"2638\" data-end=\"2673\">Sa\u00e7 daha dol\u011fun v\u0259 h\u0259cmli g\u00f6r\u00fcn\u00fcr<\/p>\n<\/li>\n<li data-section-id=\"rf990k\" data-start=\"2674\" data-end=\"2698\">\n<p data-start=\"2676\" data-end=\"2698\">Sa\u00e7 s\u0259thi hamarla\u015f\u0131r<\/p>\n<\/li>\n<li data-section-id=\"142dxyc\" data-start=\"2699\" data-end=\"2730\">\n<p data-start=\"2701\" data-end=\"2730\">\u00dcmumi bax\u0131ml\u0131 g\u00f6r\u00fcn\u00fc\u015f art\u0131r<\/p>\n<\/li>\n<\/ul>\n<p data-start=\"2732\" data-end=\"2882\">Uzunm\u00fcdd\u0259tli v\u0259 m\u00fcnt\u0259z\u0259m istifad\u0259 sa\u00e7\u0131n \u00fcmumi keyfiyy\u0259tinin y\u00fcks\u0259lm\u0259sin\u0259 k\u00f6m\u0259k edir. Bu m\u0259hsul g\u00fcnd\u0259lik sa\u00e7 bax\u0131m rutininin effektiv tamamlay\u0131c\u0131s\u0131d\u0131r.<\/p>\n<hr data-start=\"2884\" data-end=\"2887\" \/>\n<h1 data-section-id=\"i6u0mb\" data-start=\"2889\" data-end=\"2917\">Niy\u0259 bu m\u0259hsulu almal\u0131yam?<\/h1>\n<ul data-start=\"2919\" data-end=\"3161\">\n<li data-section-id=\"17379pa\" data-start=\"2919\" data-end=\"2959\">\n<p data-start=\"2921\" data-end=\"2959\">Sa\u00e7 t\u00f6k\u00fclm\u0259sin\u0259 qar\u015f\u0131 y\u00f6n\u00fcml\u00fc formul<\/p>\n<\/li>\n<li data-section-id=\"9dn8dr\" data-start=\"2960\" data-end=\"3000\">\n<p data-start=\"2962\" data-end=\"3000\">\u0130ntensiv \u201cHot Oil Treatment\u201d effekti<\/p>\n<\/li>\n<li data-section-id=\"1ikoghg\" data-start=\"3001\" data-end=\"3039\">\n<p data-start=\"3003\" data-end=\"3039\">Z\u0259if v\u0259 nazik sa\u00e7lar \u00fc\u00e7\u00fcn uy\u011fundur<\/p>\n<\/li>\n<li data-section-id=\"1m9sjjt\" data-start=\"3040\" data-end=\"3077\">\n<p data-start=\"3042\" data-end=\"3077\">Sa\u00e7\u0131 a\u011f\u0131rla\u015fd\u0131rmadan qidaland\u0131r\u0131r<\/p>\n<\/li>\n<li data-section-id=\"s6h28a\" data-start=\"3078\" data-end=\"3116\">\n<p data-start=\"3080\" data-end=\"3116\">Parlaql\u0131q v\u0259 elastiklik t\u0259min edir<\/p>\n<\/li>\n<li data-section-id=\"b3dbx0\" data-start=\"3117\" data-end=\"3161\">\n<p data-start=\"3119\" data-end=\"3161\">Professional sa\u00e7 bax\u0131m\u0131 \u00fc\u00e7\u00fcn uy\u011fun se\u00e7im<\/p>\n<\/li>\n<\/ul>\n<p data-start=\"3163\" data-end=\"3282\">\u018fg\u0259r sa\u00e7 t\u00f6k\u00fclm\u0259si sizi narahat edirs\u0259 v\u0259 sa\u00e7lar\u0131n\u0131z z\u0259if g\u00f6r\u00fcn\u00fcrs\u0259, bu maska kompleks v\u0259 m\u0259qs\u0259dy\u00f6nl\u00fc h\u0259ll t\u0259qdim edir.<\/p>\n<hr data-start=\"3284\" data-end=\"3287\" \/>\n<h1 data-section-id=\"8rcmto\" data-start=\"3289\" data-end=\"3307\">\u0130stifad\u0259 qaydas\u0131<\/h1>\n<ol data-start=\"3309\" data-end=\"3527\">\n<li data-section-id=\"lbz7rf\" data-start=\"3309\" data-end=\"3360\">\n<p data-start=\"3312\" data-end=\"3360\">Sa\u00e7\u0131 \u015fampunla yuduqdan sonra art\u0131q suyu s\u0131x\u0131n.<\/p>\n<\/li>\n<li data-section-id=\"s5ywq3\" data-start=\"3361\" data-end=\"3414\">\n<p data-start=\"3364\" data-end=\"3414\">Maskan\u0131 sa\u00e7 d\u0259risin\u0259 v\u0259 uzunluqlara t\u0259tbiq edin.<\/p>\n<\/li>\n<li data-section-id=\"as5ji5\" data-start=\"3415\" data-end=\"3441\">\n<p data-start=\"3418\" data-end=\"3441\">5\u201310 d\u0259qiq\u0259 saxlay\u0131n.<\/p>\n<\/li>\n<li data-section-id=\"1akbrtb\" data-start=\"3442\" data-end=\"3500\">\n<p data-start=\"3445\" data-end=\"3500\">Daha intensiv t\u0259sir \u00fc\u00e7\u00fcn isti d\u0259smal il\u0259 \u00f6rtm\u0259k olar.<\/p>\n<\/li>\n<li data-section-id=\"239n1d\" data-start=\"3501\" data-end=\"3527\">\n<p data-start=\"3504\" data-end=\"3527\">Bol su il\u0259 yaxalay\u0131n.<\/p>\n<\/li>\n<\/ol>\n<p data-start=\"3529\" data-end=\"3570\">H\u0259ft\u0259d\u0259 1\u20132 d\u0259f\u0259 istifad\u0259 t\u00f6vsiy\u0259 olunur.<\/p>\n<hr data-start=\"3572\" data-end=\"3575\" \/>\n<h1 data-section-id=\"1htqakv\" data-start=\"3577\" data-end=\"3583\">Qeyd<\/h1>\n<ul data-start=\"3585\" data-end=\"3733\">\n<li data-section-id=\"p2wq1c\" data-start=\"3585\" data-end=\"3613\">\n<p data-start=\"3587\" data-end=\"3613\">Xarici istifad\u0259 \u00fc\u00e7\u00fcnd\u00fcr.<\/p>\n<\/li>\n<li data-section-id=\"18go3e\" data-start=\"3614\" data-end=\"3641\">\n<p data-start=\"3616\" data-end=\"3641\">G\u00f6zl\u0259 t\u0259masdan qoruyun.<\/p>\n<\/li>\n<li data-section-id=\"gvn2zq\" data-start=\"3642\" data-end=\"3690\">\n<p data-start=\"3644\" data-end=\"3690\">H\u0259ssasl\u0131q yaranarsa istifad\u0259sini dayand\u0131r\u0131n.<\/p>\n<\/li>\n<li data-section-id=\"2ufj0a\" data-start=\"3691\" data-end=\"3733\">\n<p data-start=\"3693\" data-end=\"3733\">U\u015faqlar\u0131n \u0259li \u00e7atmayan yerd\u0259 saxlay\u0131n.<\/p>\n<\/li>\n<\/ul>","protected":false},"excerpt":{"rendered":"<p>Trichup Hair Fall Control sa\u00e7 t\u00f6k\u00fclm\u0259sin\u0259 qar\u015f\u0131 maska z\u0259if v\u0259 t\u00f6k\u00fclm\u0259y\u0259 meyilli sa\u00e7lar \u00fc\u00e7\u00fcn haz\u0131rlanm\u0131\u015f intensiv qulluq m\u0259hsuludur. Sa\u00e7 k\u00f6kl\u0259rini qidaland\u0131rma\u011fa, sa\u00e7 telini m\u00f6hk\u0259ml\u0259ndirm\u0259y\u0259 v\u0259 q\u0131r\u0131lman\u0131 azaltma\u011fa k\u00f6m\u0259k edir. Daha g\u00fccl\u00fc v\u0259 dol\u011fun sa\u00e7 g\u00f6r\u00fcn\u00fc\u015f\u00fc \u00fc\u00e7\u00fcn uy\u011fundur.<\/p>","protected":false},"featured_media":9576,"comment_status":"open","ping_status":"closed","template":"","meta":[],"pwb-brand":[409],"product_cat":[126,137,136],"product_tag":[308],"class_list":{"0":"post-9575","1":"product","2":"type-product","3":"status-publish","4":"has-post-thumbnail","6":"pwb-brand-trichup","7":"product_cat-haircare","8":"product_cat-kondisioner","9":"product_cat-masks","10":"product_tag-haircare","11":"pa_size-500ml","14":"instock","15":"sale","16":"shipping-taxable","17":"purchasable","18":"product-type-simple"},"brands":[{"id":409,"name":"Trichup","slug":"trichup"}],"_links":{"self":[{"href":"https:\/\/axtarstore.com\/ru\/wp-json\/wp\/v2\/product\/9575"}],"collection":[{"href":"https:\/\/axtarstore.com\/ru\/wp-json\/wp\/v2\/product"}],"about":[{"href":"https:\/\/axtarstore.com\/ru\/wp-json\/wp\/v2\/types\/product"}],"replies":[{"embeddable":true,"href":"https:\/\/axtarstore.com\/ru\/wp-json\/wp\/v2\/comments?post=9575"}],"version-history":[{"count":4,"href":"https:\/\/axtarstore.com\/ru\/wp-json\/wp\/v2\/product\/9575\/revisions"}],"predecessor-version":[{"id":11229,"href":"https:\/\/axtarstore.com\/ru\/wp-json\/wp\/v2\/product\/9575\/revisions\/11229"}],"wp:featuredmedia":[{"embeddable":true,"href":"https:\/\/axtarstore.com\/ru\/wp-json\/wp\/v2\/media\/9576"}],"wp:attachment":[{"href":"https:\/\/axtarstore.com\/ru\/wp-json\/wp\/v2\/media?parent=9575"}],"wp:term":[{"taxonomy":"pwb-brand","embeddable":true,"href":"https:\/\/axtarstore.com\/ru\/wp-json\/wp\/v2\/pwb-brand?post=9575"},{"taxonomy":"product_cat","embeddable":true,"href":"https:\/\/axtarstore.com\/ru\/wp-json\/wp\/v2\/product_cat?post=9575"},{"taxonomy":"product_tag","embeddable":true,"href":"https:\/\/axtarstore.com\/ru\/wp-json\/wp\/v2\/product_tag?post=9575"}],"curies":[{"name":"wp","href":"https:\/\/api.w.org\/{rel}","templated":true}]}}