{"id":9572,"date":"2025-03-26T23:05:40","date_gmt":"2025-03-26T19:05:40","guid":{"rendered":"https:\/\/axtarstore.com\/?post_type=product&#038;p=9572"},"modified":"2026-02-19T21:32:19","modified_gmt":"2026-02-19T17:32:19","slug":"saglam-uzun-ve-guclu-sac-maskasi-trichup","status":"publish","type":"product","link":"https:\/\/axtarstore.com\/ru\/product\/saglam-uzun-ve-guclu-sac-maskasi-trichup\/","title":{"rendered":"Sa\u011flam, uzun v\u0259 g\u00fccl\u00fc sa\u00e7 maskas\u0131 Trichup Healthy, Long &#038; Strong Hot Oil Treatment Hair Mask"},"content":{"rendered":"<p>Trichup Healthy, Long &amp; Strong Sa\u011flam, Uzun v\u0259 G\u00fccl\u00fc Sa\u00e7 Maskas\u0131<\/p>\n<h2 data-section-id=\"6xzsz2\" data-start=\"951\" data-end=\"961\">Problem<\/h2>\n<p data-start=\"963\" data-end=\"1161\">Sa\u00e7lar\u0131n sa\u011flam v\u0259 uzun g\u00f6r\u00fcnm\u0259si \u00fc\u00e7\u00fcn t\u0259kc\u0259 uzanma kifay\u0259t etmir. \u018fsas problem sa\u00e7\u0131n q\u0131r\u0131lmas\u0131 v\u0259 struktur z\u0259ifliyidir. Bir \u00e7ox halda sa\u00e7 uzansa bel\u0259, uclar\u0131n q\u0131r\u0131lmas\u0131 s\u0259b\u0259bind\u0259n uzunluq qorunmur.<\/p>\n<p data-start=\"1163\" data-end=\"1190\">\u018fn \u00e7ox rast g\u0259lin\u0259n hallar:<\/p>\n<ul data-start=\"1192\" data-end=\"1323\">\n<li data-section-id=\"91x5x8\" data-start=\"1192\" data-end=\"1216\">\n<p data-start=\"1194\" data-end=\"1216\">Sa\u00e7\u0131n yava\u015f uzanmas\u0131<\/p>\n<\/li>\n<li data-section-id=\"1bp5qn8\" data-start=\"1217\" data-end=\"1241\">\n<p data-start=\"1219\" data-end=\"1241\">Q\u0131r\u0131lma v\u0259 ha\u00e7alanma<\/p>\n<\/li>\n<li data-section-id=\"1qq9asa\" data-start=\"1242\" data-end=\"1271\">\n<p data-start=\"1244\" data-end=\"1271\">Nazik v\u0259 z\u0259if sa\u00e7 tell\u0259ri<\/p>\n<\/li>\n<li data-section-id=\"ia4h1i\" data-start=\"1272\" data-end=\"1297\">\n<p data-start=\"1274\" data-end=\"1297\">Elastikliyin azalmas\u0131<\/p>\n<\/li>\n<li data-section-id=\"i671x5\" data-start=\"1298\" data-end=\"1323\">\n<p data-start=\"1300\" data-end=\"1323\">Mat v\u0259 cans\u0131z g\u00f6r\u00fcn\u00fc\u015f<\/p>\n<\/li>\n<\/ul>\n<p data-start=\"1325\" data-end=\"1505\">Kimy\u0259vi prosedurlar, tez-tez fen v\u0259 d\u00fczl\u0259\u015fdirici istifad\u0259si, yanl\u0131\u015f bax\u0131m m\u0259hsullar\u0131 sa\u00e7\u0131n daxili strukturunu z\u0259ifl\u0259dir. N\u0259tic\u0259d\u0259 sa\u00e7 ist\u0259nil\u0259n uzunlu\u011fa \u00e7atsa bel\u0259 sa\u011flam g\u00f6r\u00fcnm\u00fcr.<\/p>\n<h2 data-section-id=\"1xwjg8k\" data-start=\"1507\" data-end=\"1514\">H\u0259ll<\/h2>\n<p data-start=\"1516\" data-end=\"1717\">Trichup Healthy, Long &amp; Strong sa\u011flam, uzun v\u0259 g\u00fccl\u00fc sa\u00e7 maskas\u0131 intensiv \u201cHot Oil Treatment\u201d konsepti il\u0259 haz\u0131rlanm\u0131\u015fd\u0131r. M\u0259qs\u0259d yaln\u0131z kosmetik effekt deyil, sa\u00e7\u0131n struktur dayan\u0131ql\u0131\u011f\u0131n\u0131 art\u0131rmaqd\u0131r.<\/p>\n<p data-start=\"1719\" data-end=\"1746\">M\u0259hsulun \u0259sas \u00fcst\u00fcnl\u00fckl\u0259ri:<\/p>\n<ul data-start=\"1748\" data-end=\"1935\">\n<li data-section-id=\"1hrnkd4\" data-start=\"1748\" data-end=\"1792\">\n<p data-start=\"1750\" data-end=\"1792\">Sa\u00e7 telini m\u00f6hk\u0259ml\u0259ndir\u0259n aktiv kompleks<\/p>\n<\/li>\n<li data-section-id=\"6glc73\" data-start=\"1793\" data-end=\"1834\">\n<p data-start=\"1795\" data-end=\"1834\">Q\u0131r\u0131lman\u0131 azaltma\u011fa k\u00f6m\u0259k ed\u0259n formul<\/p>\n<\/li>\n<li data-section-id=\"hceo8u\" data-start=\"1835\" data-end=\"1864\">\n<p data-start=\"1837\" data-end=\"1864\">Elastikliyi art\u0131ran t\u0259sir<\/p>\n<\/li>\n<li data-section-id=\"1lfg7u\" data-start=\"1865\" data-end=\"1889\">\n<p data-start=\"1867\" data-end=\"1889\">N\u0259m balans\u0131n\u0131 qoruma<\/p>\n<\/li>\n<li data-section-id=\"mijz7k\" data-start=\"1890\" data-end=\"1935\">\n<p data-start=\"1892\" data-end=\"1935\">Uzunlu\u011fun daha sa\u011flam saxlanmas\u0131na d\u0259st\u0259k<\/p>\n<\/li>\n<\/ul>\n<p data-start=\"1937\" data-end=\"2122\">Maska sa\u00e7\u0131n z\u0259if hiss\u0259l\u0259rin\u0259 t\u0259sir g\u00f6st\u0259r\u0259r\u0259k onu daha davaml\u0131 edir. Sa\u00e7 s\u0259thini hamarla\u015fd\u0131r\u0131r v\u0259 daha parlaq g\u00f6r\u00fcn\u00fc\u015f yarad\u0131r. M\u00fcnt\u0259z\u0259m istifad\u0259 zaman\u0131 sa\u00e7 daha dol\u011fun v\u0259 g\u00fccl\u00fc g\u00f6r\u00fcn\u00fcr.<\/p>\n<p data-start=\"2124\" data-end=\"2169\">X\u00fcsusil\u0259 a\u015fa\u011f\u0131dak\u0131 sa\u00e7 tipl\u0259ri \u00fc\u00e7\u00fcn uy\u011fundur:<\/p>\n<ul data-start=\"2171\" data-end=\"2324\">\n<li data-section-id=\"1fs90xw\" data-start=\"2171\" data-end=\"2216\">\n<p data-start=\"2173\" data-end=\"2216\">Uzatmaq ist\u0259diyi halda tez q\u0131r\u0131lan sa\u00e7lar<\/p>\n<\/li>\n<li data-section-id=\"gyjbjq\" data-start=\"2217\" data-end=\"2241\">\n<p data-start=\"2219\" data-end=\"2241\">Nazik v\u0259 z\u0259if sa\u00e7lar<\/p>\n<\/li>\n<li data-section-id=\"12a7f0d\" data-start=\"2242\" data-end=\"2291\">\n<p data-start=\"2244\" data-end=\"2291\">Kimy\u0259vi prosedurlardan sonra z\u0259ifl\u0259mi\u015f sa\u00e7lar<\/p>\n<\/li>\n<li data-section-id=\"munutc\" data-start=\"2292\" data-end=\"2324\">\n<p data-start=\"2294\" data-end=\"2324\">Elastikliyini itirmi\u015f sa\u00e7lar<\/p>\n<\/li>\n<\/ul>\n<p data-start=\"2326\" data-end=\"2465\">Bu sa\u011flam, uzun v\u0259 g\u00fccl\u00fc sa\u00e7 maskas\u0131 sa\u00e7\u0131n uzanma potensial\u0131n\u0131 qoruma\u011fa v\u0259 q\u0131r\u0131lma s\u0259b\u0259bil\u0259 uzunluq itkisini minimuma endirm\u0259y\u0259 k\u00f6m\u0259k edir.<\/p>\n<h2 data-section-id=\"1bfdbjp\" data-start=\"2467\" data-end=\"2476\">N\u0259tic\u0259<\/h2>\n<p data-start=\"2478\" data-end=\"2564\">Trichup Healthy, Long &amp; Strong sa\u011flam, uzun v\u0259 g\u00fccl\u00fc sa\u00e7 maskas\u0131 istifad\u0259sind\u0259n sonra:<\/p>\n<ul data-start=\"2566\" data-end=\"2725\">\n<li data-section-id=\"1ccecen\" data-start=\"2566\" data-end=\"2604\">\n<p data-start=\"2568\" data-end=\"2604\">Sa\u00e7 daha m\u00f6hk\u0259m v\u0259 davaml\u0131 g\u00f6r\u00fcn\u00fcr<\/p>\n<\/li>\n<li data-section-id=\"1x2qb3y\" data-start=\"2605\" data-end=\"2623\">\n<p data-start=\"2607\" data-end=\"2623\">Q\u0131r\u0131lma azal\u0131r<\/p>\n<\/li>\n<li data-section-id=\"a9e0ih\" data-start=\"2624\" data-end=\"2651\">\n<p data-start=\"2626\" data-end=\"2651\">Uclar daha az ha\u00e7alan\u0131r<\/p>\n<\/li>\n<li data-section-id=\"7g1uvm\" data-start=\"2652\" data-end=\"2685\">\n<p data-start=\"2654\" data-end=\"2685\">Sa\u00e7 daha hamar v\u0259 parlaq olur<\/p>\n<\/li>\n<li data-section-id=\"17i1qxc\" data-start=\"2686\" data-end=\"2725\">\n<p data-start=\"2688\" data-end=\"2725\">Uzunluq daha sa\u011flam \u015f\u0259kild\u0259 qorunur<\/p>\n<\/li>\n<\/ul>\n<p data-start=\"2727\" data-end=\"2822\">Uzunm\u00fcdd\u0259tli istifad\u0259 sa\u00e7\u0131n \u00fcmumi keyfiyy\u0259tini y\u00fcks\u0259ldir v\u0259 daha bax\u0131ml\u0131 g\u00f6r\u00fcn\u00fc\u015f formala\u015fd\u0131r\u0131r.<\/p>\n<hr data-start=\"2824\" data-end=\"2827\" \/>\n<h1 data-section-id=\"i6u0mb\" data-start=\"2829\" data-end=\"2857\">Niy\u0259 bu m\u0259hsulu almal\u0131yam?<\/h1>\n<ul data-start=\"2859\" data-end=\"3106\">\n<li data-section-id=\"xisef2\" data-start=\"2859\" data-end=\"2916\">\n<p data-start=\"2861\" data-end=\"2916\">Sa\u011flam, uzun v\u0259 g\u00fccl\u00fc sa\u00e7 maskas\u0131 kimi h\u0259d\u0259fli formul<\/p>\n<\/li>\n<li data-section-id=\"14g3msu\" data-start=\"2917\" data-end=\"2951\">\n<p data-start=\"2919\" data-end=\"2951\">Q\u0131r\u0131lmaya qar\u015f\u0131 intensiv t\u0259sir<\/p>\n<\/li>\n<li data-section-id=\"bam04f\" data-start=\"2952\" data-end=\"2984\">\n<p data-start=\"2954\" data-end=\"2984\">Uzunlu\u011fun qorunmas\u0131na d\u0259st\u0259k<\/p>\n<\/li>\n<li data-section-id=\"1m9sjjt\" data-start=\"2985\" data-end=\"3022\">\n<p data-start=\"2987\" data-end=\"3022\">Sa\u00e7\u0131 a\u011f\u0131rla\u015fd\u0131rmadan qidaland\u0131r\u0131r<\/p>\n<\/li>\n<li data-section-id=\"s6h28a\" data-start=\"3023\" data-end=\"3061\">\n<p data-start=\"3025\" data-end=\"3061\">Parlaql\u0131q v\u0259 elastiklik t\u0259min edir<\/p>\n<\/li>\n<li data-section-id=\"b3dbx0\" data-start=\"3062\" data-end=\"3106\">\n<p data-start=\"3064\" data-end=\"3106\">Professional sa\u00e7 bax\u0131m\u0131 \u00fc\u00e7\u00fcn uy\u011fun se\u00e7im<\/p>\n<\/li>\n<\/ul>\n<p data-start=\"3108\" data-end=\"3240\">\u018fg\u0259r sa\u00e7\u0131n\u0131z\u0131 uzatmaq ist\u0259yirsiniz, lakin q\u0131r\u0131lma s\u0259b\u0259bil\u0259 uzunluq itirirsinizs\u0259, bu maska m\u0259qs\u0259dy\u00f6nl\u00fc v\u0259 balansl\u0131 h\u0259ll t\u0259qdim edir.<\/p>\n<hr data-start=\"3242\" data-end=\"3245\" \/>\n<h1 data-section-id=\"8rcmto\" data-start=\"3247\" data-end=\"3265\">\u0130stifad\u0259 qaydas\u0131<\/h1>\n<ol data-start=\"3267\" data-end=\"3493\">\n<li data-section-id=\"lbz7rf\" data-start=\"3267\" data-end=\"3318\">\n<p data-start=\"3270\" data-end=\"3318\">Sa\u00e7\u0131 \u015fampunla yuduqdan sonra art\u0131q suyu s\u0131x\u0131n.<\/p>\n<\/li>\n<li data-section-id=\"mv4b4n\" data-start=\"3319\" data-end=\"3376\">\n<p data-start=\"3322\" data-end=\"3376\">Maskan\u0131 sa\u00e7\u0131n uzunluqlar\u0131na v\u0259 uclar\u0131na t\u0259tbiq edin.<\/p>\n<\/li>\n<li data-section-id=\"as5ji5\" data-start=\"3377\" data-end=\"3403\">\n<p data-start=\"3380\" data-end=\"3403\">5\u201310 d\u0259qiq\u0259 saxlay\u0131n.<\/p>\n<\/li>\n<li data-section-id=\"zji5iq\" data-start=\"3404\" data-end=\"3466\">\n<p data-start=\"3407\" data-end=\"3466\">Daha intensiv t\u0259sir \u00fc\u00e7\u00fcn isti d\u0259smal il\u0259 \u00f6rt\u0259 bil\u0259rsiniz.<\/p>\n<\/li>\n<li data-section-id=\"239n1d\" data-start=\"3467\" data-end=\"3493\">\n<p data-start=\"3470\" data-end=\"3493\">Bol su il\u0259 yaxalay\u0131n.<\/p>\n<\/li>\n<\/ol>\n<p data-start=\"3495\" data-end=\"3536\">H\u0259ft\u0259d\u0259 1\u20132 d\u0259f\u0259 istifad\u0259 t\u00f6vsiy\u0259 olunur.<\/p>\n<hr data-start=\"3538\" data-end=\"3541\" \/>\n<h1 data-section-id=\"1htqakv\" data-start=\"3543\" data-end=\"3549\">Qeyd<\/h1>\n<ul data-start=\"3551\" data-end=\"3699\">\n<li data-section-id=\"p2wq1c\" data-start=\"3551\" data-end=\"3579\">\n<p data-start=\"3553\" data-end=\"3579\">Xarici istifad\u0259 \u00fc\u00e7\u00fcnd\u00fcr.<\/p>\n<\/li>\n<li data-section-id=\"18go3e\" data-start=\"3580\" data-end=\"3607\">\n<p data-start=\"3582\" data-end=\"3607\">G\u00f6zl\u0259 t\u0259masdan qoruyun.<\/p>\n<\/li>\n<li data-section-id=\"gvn2zq\" data-start=\"3608\" data-end=\"3656\">\n<p data-start=\"3610\" data-end=\"3656\">H\u0259ssasl\u0131q yaranarsa istifad\u0259sini dayand\u0131r\u0131n.<\/p>\n<\/li>\n<li data-section-id=\"2ufj0a\" data-start=\"3657\" data-end=\"3699\">\n<p data-start=\"3659\" data-end=\"3699\">U\u015faqlar\u0131n \u0259li \u00e7atmayan yerd\u0259 saxlay\u0131n.<\/p>\n<\/li>\n<\/ul>","protected":false},"excerpt":{"rendered":"<p>Trichup Healthy, Long &amp; Strong sa\u00e7 maskas\u0131 z\u0259if, q\u0131r\u0131lan v\u0259 uzanmaqda \u00e7\u0259tinlik \u00e7\u0259k\u0259n sa\u00e7lar \u00fc\u00e7\u00fcn intensiv qulluq t\u0259qdim edir. Sa\u00e7 telini m\u00f6hk\u0259ml\u0259ndirir, elastikliyi art\u0131r\u0131r v\u0259 daha uzun, sa\u011flam g\u00f6r\u00fcn\u00fc\u015f formala\u015fd\u0131rma\u011fa k\u00f6m\u0259k edir.<\/p>","protected":false},"featured_media":9573,"comment_status":"open","ping_status":"closed","template":"","meta":[],"pwb-brand":[409],"product_cat":[126,137,136],"product_tag":[],"class_list":{"0":"post-9572","1":"product","2":"type-product","3":"status-publish","4":"has-post-thumbnail","6":"pwb-brand-trichup","7":"product_cat-haircare","8":"product_cat-kondisioner","9":"product_cat-masks","10":"pa_size-500ml","13":"instock","14":"shipping-taxable","15":"purchasable","16":"product-type-simple"},"brands":[{"id":409,"name":"Trichup","slug":"trichup"}],"_links":{"self":[{"href":"https:\/\/axtarstore.com\/ru\/wp-json\/wp\/v2\/product\/9572"}],"collection":[{"href":"https:\/\/axtarstore.com\/ru\/wp-json\/wp\/v2\/product"}],"about":[{"href":"https:\/\/axtarstore.com\/ru\/wp-json\/wp\/v2\/types\/product"}],"replies":[{"embeddable":true,"href":"https:\/\/axtarstore.com\/ru\/wp-json\/wp\/v2\/comments?post=9572"}],"version-history":[{"count":4,"href":"https:\/\/axtarstore.com\/ru\/wp-json\/wp\/v2\/product\/9572\/revisions"}],"predecessor-version":[{"id":11231,"href":"https:\/\/axtarstore.com\/ru\/wp-json\/wp\/v2\/product\/9572\/revisions\/11231"}],"wp:featuredmedia":[{"embeddable":true,"href":"https:\/\/axtarstore.com\/ru\/wp-json\/wp\/v2\/media\/9573"}],"wp:attachment":[{"href":"https:\/\/axtarstore.com\/ru\/wp-json\/wp\/v2\/media?parent=9572"}],"wp:term":[{"taxonomy":"pwb-brand","embeddable":true,"href":"https:\/\/axtarstore.com\/ru\/wp-json\/wp\/v2\/pwb-brand?post=9572"},{"taxonomy":"product_cat","embeddable":true,"href":"https:\/\/axtarstore.com\/ru\/wp-json\/wp\/v2\/product_cat?post=9572"},{"taxonomy":"product_tag","embeddable":true,"href":"https:\/\/axtarstore.com\/ru\/wp-json\/wp\/v2\/product_tag?post=9572"}],"curies":[{"name":"wp","href":"https:\/\/api.w.org\/{rel}","templated":true}]}}