{"id":9563,"date":"2025-03-26T22:53:16","date_gmt":"2025-03-26T18:53:16","guid":{"rendered":"https:\/\/axtarstore.com\/?post_type=product&#038;p=9563"},"modified":"2026-02-19T21:34:05","modified_gmt":"2026-02-19T17:34:05","slug":"kepeye-qarsi-bitki-menseli-sampun-trichup","status":"publish","type":"product","link":"https:\/\/axtarstore.com\/ru\/product\/kepeye-qarsi-bitki-menseli-sampun-trichup\/","title":{"rendered":"K\u0259p\u0259k \u018fleyhin\u0259 Bitki m\u0259n\u015f\u0259li \u015eampun Trichup Anti-Dandruff Herbal Shampoo"},"content":{"rendered":"<pre class=\"tw-data-text tw-text-large tw-ta\" dir=\"ltr\" data-placeholder=\"Translation\" data-ved=\"2ahUKEwiArfTEsqiMAxWhSfEDHUacEU8Q3ewLegQICBAV\" aria-label=\"Translated text: Trichup K\u0259p\u0259k \u018fleyhin\u0259 Bitki m\u0259n\u015f\u0259li \u015eampun - Neem, Rozmarin, Limon v\u0259 \u00c7ay A\u011fac\u0131 il\u0259 z\u0259nginl\u0259\u015fdirilmi\u015fdir - Ba\u015f D\u0259rinizd\u0259ki K\u0259p\u0259yi T\u0259mizl\u0259yir - Sa\u00e7lar\u0131n\u0131z\u0131 Q\u0131r\u0131\u015fmadan v\u0259 Pullanmadan Qoruyur\">Trichup Anti-Dandruff K\u0259p\u0259y\u0259 Qar\u015f\u0131 Bitki M\u0259n\u015f\u0259li \u015eampun<\/pre>\n<h2 data-section-id=\"6xzsz2\" data-start=\"959\" data-end=\"969\">Problem<\/h2>\n<p data-start=\"971\" data-end=\"1158\">K\u0259p\u0259k ba\u015f d\u0259risinin \u0259n geni\u015f yay\u0131lm\u0131\u015f probleml\u0259rind\u0259n biridir. A\u011f lopalar\u0131n sa\u00e7 v\u0259 geyim \u00fcz\u0259rind\u0259 g\u00f6r\u00fcnm\u0259si estetik narahatl\u0131q yaratmaqla yana\u015f\u0131, qa\u015f\u0131nma v\u0259 diskomfort hissin\u0259 s\u0259b\u0259b olur.<\/p>\n<p data-start=\"1160\" data-end=\"1183\">K\u0259p\u0259yin \u0259sas s\u0259b\u0259bl\u0259ri:<\/p>\n<ul data-start=\"1185\" data-end=\"1327\">\n<li data-section-id=\"1gis3mb\" data-start=\"1185\" data-end=\"1227\">\n<p data-start=\"1187\" data-end=\"1227\">Ba\u015f d\u0259risinin h\u0259ddind\u0259n art\u0131q qurulu\u011fu<\/p>\n<\/li>\n<li data-section-id=\"2ofc1a\" data-start=\"1228\" data-end=\"1256\">\n<p data-start=\"1230\" data-end=\"1256\">Ya\u011f balans\u0131n\u0131n pozulmas\u0131<\/p>\n<\/li>\n<li data-section-id=\"1jtp7ue\" data-start=\"1257\" data-end=\"1290\">\n<p data-start=\"1259\" data-end=\"1290\">Uy\u011funsuz sa\u00e7 bax\u0131m m\u0259hsullar\u0131<\/p>\n<\/li>\n<li data-section-id=\"1225l7e\" data-start=\"1291\" data-end=\"1327\">\n<p data-start=\"1293\" data-end=\"1327\">Stress v\u0259 hormonal d\u0259yi\u015fiklikl\u0259r<\/p>\n<\/li>\n<\/ul>\n<p data-start=\"1329\" data-end=\"1497\">Adi \u015fampunlar \u00e7ox vaxt yaln\u0131z s\u0259thi t\u0259mizl\u0259m\u0259 t\u0259min edir v\u0259 ba\u015f d\u0259risinin balans\u0131n\u0131 b\u0259rpa etm\u0259k \u00fc\u00e7\u00fcn kifay\u0259t etmir. N\u0259tic\u0259d\u0259 k\u0259p\u0259k q\u0131sa m\u00fcdd\u0259td\u0259n sonra yenid\u0259n yaran\u0131r.<\/p>\n<h2 data-section-id=\"1xwjg8k\" data-start=\"1499\" data-end=\"1506\">H\u0259ll<\/h2>\n<p data-start=\"1508\" data-end=\"1656\">Trichup Anti-Dandruff k\u0259p\u0259y\u0259 qar\u015f\u0131 bitki m\u0259n\u015f\u0259li \u015fampun ba\u015f d\u0259risinin balans\u0131n\u0131 qoruma\u011fa v\u0259 k\u0259p\u0259yin yaranma s\u0259b\u0259bl\u0259rini n\u0259zar\u0259td\u0259 saxlama\u011fa y\u00f6n\u0259lib.<\/p>\n<p data-start=\"1658\" data-end=\"1680\">Formulun \u00fcst\u00fcnl\u00fckl\u0259ri:<\/p>\n<ul data-start=\"1682\" data-end=\"1867\">\n<li data-section-id=\"1ydu5ot\" data-start=\"1682\" data-end=\"1718\">\n<p data-start=\"1684\" data-end=\"1718\">Bitki m\u0259n\u015f\u0259li aktiv komponentl\u0259r<\/p>\n<\/li>\n<li data-section-id=\"5hc5j0\" data-start=\"1719\" data-end=\"1758\">\n<p data-start=\"1721\" data-end=\"1758\">Ba\u015f d\u0259risinin d\u0259rind\u0259n t\u0259mizl\u0259nm\u0259si<\/p>\n<\/li>\n<li data-section-id=\"p5ta1m\" data-start=\"1759\" data-end=\"1791\">\n<p data-start=\"1761\" data-end=\"1791\">Qa\u015f\u0131nman\u0131n azalmas\u0131na d\u0259st\u0259k<\/p>\n<\/li>\n<li data-section-id=\"x9r25h\" data-start=\"1792\" data-end=\"1820\">\n<p data-start=\"1794\" data-end=\"1820\">Ya\u011f balans\u0131n\u0131n qorunmas\u0131<\/p>\n<\/li>\n<li data-section-id=\"48o8eb\" data-start=\"1821\" data-end=\"1867\">\n<p data-start=\"1823\" data-end=\"1867\">G\u00fcnd\u0259lik istifad\u0259 \u00fc\u00e7\u00fcn uy\u011fun yum\u015faq t\u0259rkib<\/p>\n<\/li>\n<\/ul>\n<p data-start=\"1869\" data-end=\"2081\">\u015eampun ba\u015f d\u0259risini q\u0131c\u0131qland\u0131rmadan t\u0259mizl\u0259yir v\u0259 k\u0259p\u0259k \u0259m\u0259l\u0259 g\u0259lm\u0259sin\u0259 s\u0259b\u0259b olan faktorlar\u0131 azaltma\u011fa k\u00f6m\u0259k edir. M\u00fcnt\u0259z\u0259m istifad\u0259 zaman\u0131 ba\u015f d\u0259risi daha balansl\u0131 v\u0259ziyy\u0259t\u0259 g\u0259lir v\u0259 g\u00f6r\u00fcn\u0259n a\u011f lopalar azal\u0131r.<\/p>\n<p data-start=\"2083\" data-end=\"2160\">Bu k\u0259p\u0259y\u0259 qar\u015f\u0131 bitki m\u0259n\u015f\u0259li \u015fampun x\u00fcsusil\u0259 a\u015fa\u011f\u0131dak\u0131 hallar \u00fc\u00e7\u00fcn uy\u011fundur:<\/p>\n<ul data-start=\"2162\" data-end=\"2284\">\n<li data-section-id=\"176w7ln\" data-start=\"2162\" data-end=\"2176\">\n<p data-start=\"2164\" data-end=\"2176\">Quru k\u0259p\u0259k<\/p>\n<\/li>\n<li data-section-id=\"xp00de\" data-start=\"2177\" data-end=\"2192\">\n<p data-start=\"2179\" data-end=\"2192\">Ya\u011fl\u0131 k\u0259p\u0259k<\/p>\n<\/li>\n<li data-section-id=\"r9t8q1\" data-start=\"2193\" data-end=\"2247\">\n<p data-start=\"2195\" data-end=\"2247\">Qa\u015f\u0131nma il\u0259 m\u00fc\u015fahid\u0259 olunan ba\u015f d\u0259risi probleml\u0259ri<\/p>\n<\/li>\n<li data-section-id=\"oqi39g\" data-start=\"2248\" data-end=\"2284\">\n<p data-start=\"2250\" data-end=\"2284\">Tez-tez k\u0259p\u0259k t\u0259krarlanan hallar<\/p>\n<\/li>\n<\/ul>\n<p data-start=\"2286\" data-end=\"2352\">Sa\u00e7lar\u0131 a\u011f\u0131rla\u015fd\u0131rmadan t\u0259mizl\u0259yir v\u0259 daha t\u0259rav\u0259tli hiss yarad\u0131r.<\/p>\n<h2 data-section-id=\"1bfdbjp\" data-start=\"2354\" data-end=\"2363\">N\u0259tic\u0259<\/h2>\n<p data-start=\"2365\" data-end=\"2442\">Trichup Anti-Dandruff k\u0259p\u0259y\u0259 qar\u015f\u0131 bitki m\u0259n\u015f\u0259li \u015fampun istifad\u0259sind\u0259n sonra:<\/p>\n<ul data-start=\"2444\" data-end=\"2615\">\n<li data-section-id=\"83kr9k\" data-start=\"2444\" data-end=\"2490\">\n<p data-start=\"2446\" data-end=\"2490\">Ba\u015f d\u0259risi daha t\u0259miz v\u0259 rahat hiss olunur<\/p>\n<\/li>\n<li data-section-id=\"1s5se75\" data-start=\"2491\" data-end=\"2509\">\n<p data-start=\"2493\" data-end=\"2509\">Qa\u015f\u0131nma azal\u0131r<\/p>\n<\/li>\n<li data-section-id=\"1i438fs\" data-start=\"2510\" data-end=\"2542\">\n<p data-start=\"2512\" data-end=\"2542\">G\u00f6r\u00fcn\u0259n k\u0259p\u0259k miqdar\u0131 azal\u0131r<\/p>\n<\/li>\n<li data-section-id=\"7mybgd\" data-start=\"2543\" data-end=\"2583\">\n<p data-start=\"2545\" data-end=\"2583\">Sa\u00e7 daha y\u00fcng\u00fcl v\u0259 t\u0259rav\u0259tli g\u00f6r\u00fcn\u00fcr<\/p>\n<\/li>\n<li data-section-id=\"b3kw7a\" data-start=\"2584\" data-end=\"2615\">\n<p data-start=\"2586\" data-end=\"2615\">Uzunm\u00fcdd\u0259tli balans qorunur<\/p>\n<\/li>\n<\/ul>\n<p data-start=\"2617\" data-end=\"2735\">Daimi istifad\u0259 ba\u015f d\u0259risinin sa\u011flam m\u00fchitini qoruma\u011fa v\u0259 k\u0259p\u0259yin t\u0259krar yaranma riskini minimuma endirm\u0259y\u0259 k\u00f6m\u0259k edir.<\/p>\n<hr data-start=\"2737\" data-end=\"2740\" \/>\n<h1 data-section-id=\"i6u0mb\" data-start=\"2742\" data-end=\"2770\">Niy\u0259 bu m\u0259hsulu almal\u0131yam?<\/h1>\n<ul data-start=\"2772\" data-end=\"3002\">\n<li data-section-id=\"bz8a18\" data-start=\"2772\" data-end=\"2816\">\n<p data-start=\"2774\" data-end=\"2816\">K\u0259p\u0259y\u0259 qar\u015f\u0131 bitki m\u0259n\u015f\u0259li \u015fampun formul<\/p>\n<\/li>\n<li data-section-id=\"1wuogx7\" data-start=\"2817\" data-end=\"2861\">\n<p data-start=\"2819\" data-end=\"2861\">Ba\u015f d\u0259risini q\u0131c\u0131qland\u0131rmadan t\u0259mizl\u0259yir<\/p>\n<\/li>\n<li data-section-id=\"1vmp2mb\" data-start=\"2862\" data-end=\"2896\">\n<p data-start=\"2864\" data-end=\"2896\">Qa\u015f\u0131nman\u0131 azaltma\u011fa k\u00f6m\u0259k edir<\/p>\n<\/li>\n<li data-section-id=\"1diq1a0\" data-start=\"2897\" data-end=\"2929\">\n<p data-start=\"2899\" data-end=\"2929\">G\u00fcnd\u0259lik istifad\u0259y\u0259 uy\u011fundur<\/p>\n<\/li>\n<li data-section-id=\"ns63hm\" data-start=\"2930\" data-end=\"2952\">\n<p data-start=\"2932\" data-end=\"2952\">Sa\u00e7\u0131 a\u011f\u0131rla\u015fd\u0131rm\u0131r<\/p>\n<\/li>\n<li data-section-id=\"1dp7ox8\" data-start=\"2953\" data-end=\"3002\">\n<p data-start=\"2955\" data-end=\"3002\">Balansl\u0131 v\u0259 funksional sa\u00e7 bax\u0131m\u0131 t\u0259qdim edir<\/p>\n<\/li>\n<\/ul>\n<p data-start=\"3004\" data-end=\"3119\">\u018fg\u0259r k\u0259p\u0259k problemi sizi narahat edirs\u0259 v\u0259 davaml\u0131 h\u0259ll axtar\u0131rs\u0131n\u0131zsa, bu m\u0259hsul m\u0259qs\u0259dy\u00f6nl\u00fc v\u0259 effektiv se\u00e7imdir.<\/p>\n<hr data-start=\"3121\" data-end=\"3124\" \/>\n<h1 data-section-id=\"8rcmto\" data-start=\"3126\" data-end=\"3144\">\u0130stifad\u0259 qaydas\u0131<\/h1>\n<ol data-start=\"3146\" data-end=\"3318\">\n<li data-section-id=\"16xj0wz\" data-start=\"3146\" data-end=\"3176\">\n<p data-start=\"3149\" data-end=\"3176\">Sa\u00e7\u0131 il\u0131q su il\u0259 islad\u0131n.<\/p>\n<\/li>\n<li data-section-id=\"18o6o7d\" data-start=\"3177\" data-end=\"3215\">\n<p data-start=\"3180\" data-end=\"3215\">\u015eampunu ba\u015f d\u0259risin\u0259 t\u0259tbiq edin.<\/p>\n<\/li>\n<li data-section-id=\"1qfnq4e\" data-start=\"3216\" data-end=\"3259\">\n<p data-start=\"3219\" data-end=\"3259\">1\u20132 d\u0259qiq\u0259 masaj ed\u0259r\u0259k k\u00f6p\u00fckl\u0259ndirin.<\/p>\n<\/li>\n<li data-section-id=\"5st8qo\" data-start=\"3260\" data-end=\"3286\">\n<p data-start=\"3263\" data-end=\"3286\">Bol su il\u0259 yaxalay\u0131n.<\/p>\n<\/li>\n<li data-section-id=\"1w14mnl\" data-start=\"3287\" data-end=\"3318\">\n<p data-start=\"3290\" data-end=\"3318\">Laz\u0131m olduqda t\u0259krarlay\u0131n.<\/p>\n<\/li>\n<\/ol>\n<p data-start=\"3320\" data-end=\"3353\">M\u00fcnt\u0259z\u0259m istifad\u0259 t\u00f6vsiy\u0259 olunur.<\/p>\n<hr data-start=\"3355\" data-end=\"3358\" \/>\n<h1 data-section-id=\"1htqakv\" data-start=\"3360\" data-end=\"3366\">Qeyd<\/h1>\n<ul data-start=\"3368\" data-end=\"3516\">\n<li data-section-id=\"p2wq1c\" data-start=\"3368\" data-end=\"3396\">\n<p data-start=\"3370\" data-end=\"3396\">Xarici istifad\u0259 \u00fc\u00e7\u00fcnd\u00fcr.<\/p>\n<\/li>\n<li data-section-id=\"18go3e\" data-start=\"3397\" data-end=\"3424\">\n<p data-start=\"3399\" data-end=\"3424\">G\u00f6zl\u0259 t\u0259masdan qoruyun.<\/p>\n<\/li>\n<li data-section-id=\"gvn2zq\" data-start=\"3425\" data-end=\"3473\">\n<p data-start=\"3427\" data-end=\"3473\">H\u0259ssasl\u0131q yaranarsa istifad\u0259sini dayand\u0131r\u0131n.<\/p>\n<\/li>\n<li data-section-id=\"2ufj0a\" data-start=\"3474\" data-end=\"3516\">\n<p data-start=\"3476\" data-end=\"3516\">U\u015faqlar\u0131n \u0259li \u00e7atmayan yerd\u0259 saxlay\u0131n.<\/p>\n<\/li>\n<\/ul>","protected":false},"excerpt":{"rendered":"<p>Trichup Anti-Dandruff k\u0259p\u0259y\u0259 qar\u015f\u0131 bitki m\u0259n\u015f\u0259li \u015fampun ba\u015f d\u0259risini d\u0259rind\u0259n t\u0259mizl\u0259yir, qa\u015f\u0131nman\u0131 azaltma\u011fa k\u00f6m\u0259k edir v\u0259 k\u0259p\u0259yin t\u0259krar yaranma riskini minimuma endirir. G\u00fcnd\u0259lik istifad\u0259 \u00fc\u00e7\u00fcn uy\u011fun, balansla\u015fd\u0131r\u0131lm\u0131\u015f formulaya malikdir.<\/p>","protected":false},"featured_media":9566,"comment_status":"open","ping_status":"closed","template":"","meta":[],"pwb-brand":[409],"product_cat":[126,133],"product_tag":[308],"class_list":{"0":"post-9563","1":"product","2":"type-product","3":"status-publish","4":"has-post-thumbnail","6":"pwb-brand-trichup","7":"product_cat-haircare","8":"product_cat-shampoo","9":"product_tag-haircare","10":"pa_size-200ml","11":"pa_size-400ml","14":"instock","15":"shipping-taxable","16":"purchasable","17":"product-type-variable"},"brands":[{"id":409,"name":"Trichup","slug":"trichup"}],"_links":{"self":[{"href":"https:\/\/axtarstore.com\/ru\/wp-json\/wp\/v2\/product\/9563"}],"collection":[{"href":"https:\/\/axtarstore.com\/ru\/wp-json\/wp\/v2\/product"}],"about":[{"href":"https:\/\/axtarstore.com\/ru\/wp-json\/wp\/v2\/types\/product"}],"replies":[{"embeddable":true,"href":"https:\/\/axtarstore.com\/ru\/wp-json\/wp\/v2\/comments?post=9563"}],"version-history":[{"count":4,"href":"https:\/\/axtarstore.com\/ru\/wp-json\/wp\/v2\/product\/9563\/revisions"}],"predecessor-version":[{"id":11233,"href":"https:\/\/axtarstore.com\/ru\/wp-json\/wp\/v2\/product\/9563\/revisions\/11233"}],"wp:featuredmedia":[{"embeddable":true,"href":"https:\/\/axtarstore.com\/ru\/wp-json\/wp\/v2\/media\/9566"}],"wp:attachment":[{"href":"https:\/\/axtarstore.com\/ru\/wp-json\/wp\/v2\/media?parent=9563"}],"wp:term":[{"taxonomy":"pwb-brand","embeddable":true,"href":"https:\/\/axtarstore.com\/ru\/wp-json\/wp\/v2\/pwb-brand?post=9563"},{"taxonomy":"product_cat","embeddable":true,"href":"https:\/\/axtarstore.com\/ru\/wp-json\/wp\/v2\/product_cat?post=9563"},{"taxonomy":"product_tag","embeddable":true,"href":"https:\/\/axtarstore.com\/ru\/wp-json\/wp\/v2\/product_tag?post=9563"}],"curies":[{"name":"wp","href":"https:\/\/api.w.org\/{rel}","templated":true}]}}