{"id":9550,"date":"2025-03-21T01:03:04","date_gmt":"2025-03-20T21:03:04","guid":{"rendered":"https:\/\/axtarstore.com\/?post_type=product&#038;p=9550"},"modified":"2026-02-19T21:36:09","modified_gmt":"2026-02-19T17:36:09","slug":"sac-tokulmesine-qarsi-sampun-trichup-hair","status":"publish","type":"product","link":"https:\/\/axtarstore.com\/ru\/product\/sac-tokulmesine-qarsi-sampun-trichup-hair\/","title":{"rendered":"Sa\u00e7 t\u00f6k\u00fclm\u0259sin\u0259 qar\u015f\u0131 \u015fampun Trichup Hair Fall Control Natural Shampoo"},"content":{"rendered":"<p data-start=\"582\" data-end=\"640\"><strong data-start=\"582\" data-end=\"640\">Trichup Hair Fall Control Sa\u00e7 T\u00f6k\u00fclm\u0259sin\u0259 Qar\u015f\u0131 \u015eampun<\/strong><\/p>\n<h2 data-section-id=\"6xzsz2\" data-start=\"984\" data-end=\"994\">Problem<\/h2>\n<p data-start=\"996\" data-end=\"1210\">Sa\u00e7 t\u00f6k\u00fclm\u0259si h\u0259m qad\u0131nlar, h\u0259m d\u0259 ki\u015fil\u0259r \u00fc\u00e7\u00fcn geni\u015f yay\u0131lm\u0131\u015f problemdir. M\u00f6vs\u00fcmi d\u0259yi\u015fiklikl\u0259r, stress, hormonal faktorlar, d\u00fczg\u00fcn olmayan sa\u00e7 bax\u0131m\u0131 v\u0259 kimy\u0259vi prosedurlar sa\u00e7 k\u00f6kl\u0259rinin z\u0259ifl\u0259m\u0259sin\u0259 s\u0259b\u0259b olur.<\/p>\n<p data-start=\"1212\" data-end=\"1221\">N\u0259tic\u0259d\u0259:<\/p>\n<ul data-start=\"1223\" data-end=\"1337\">\n<li data-section-id=\"e18lhq\" data-start=\"1223\" data-end=\"1246\">\n<p data-start=\"1225\" data-end=\"1246\">Sa\u00e7 t\u00f6k\u00fclm\u0259si art\u0131r<\/p>\n<\/li>\n<li data-section-id=\"r9x24b\" data-start=\"1247\" data-end=\"1265\">\n<p data-start=\"1249\" data-end=\"1265\">Sa\u00e7 nazikl\u0259\u015fir<\/p>\n<\/li>\n<li data-section-id=\"1o257s2\" data-start=\"1266\" data-end=\"1281\">\n<p data-start=\"1268\" data-end=\"1281\">H\u0259cm azal\u0131r<\/p>\n<\/li>\n<li data-section-id=\"10bbro\" data-start=\"1282\" data-end=\"1309\">\n<p data-start=\"1284\" data-end=\"1309\">Sa\u00e7 tell\u0259ri k\u00f6vr\u0259kl\u0259\u015fir<\/p>\n<\/li>\n<li data-section-id=\"1bodh41\" data-start=\"1310\" data-end=\"1337\">\n<p data-start=\"1312\" data-end=\"1337\">\u00dcmumi g\u00f6r\u00fcn\u00fc\u015f z\u0259ifl\u0259yir<\/p>\n<\/li>\n<\/ul>\n<p data-start=\"1339\" data-end=\"1576\">\u018fks\u0259r hallarda istifad\u0259 olunan adi \u015fampunlar yaln\u0131z s\u0259thi t\u0259mizl\u0259m\u0259 t\u0259min edir v\u0259 sa\u00e7 k\u00f6kl\u0259rinin m\u00f6hk\u0259ml\u0259nm\u0259si \u00fc\u00e7\u00fcn kifay\u0259t q\u0259d\u0259r d\u0259st\u0259k g\u00f6st\u0259rmir. Bu s\u0259b\u0259bd\u0259n m\u0259qs\u0259dy\u00f6nl\u00fc formulaya malik sa\u00e7 t\u00f6k\u00fclm\u0259sin\u0259 qar\u015f\u0131 \u015fampun istifad\u0259si vacibdir.<\/p>\n<h2 data-section-id=\"1xwjg8k\" data-start=\"1578\" data-end=\"1585\">H\u0259ll<\/h2>\n<p data-start=\"1587\" data-end=\"1795\">Trichup Hair Fall Control sa\u00e7 t\u00f6k\u00fclm\u0259sin\u0259 qar\u015f\u0131 \u015fampun sa\u00e7 k\u00f6kl\u0259rini g\u00fccl\u0259ndirm\u0259y\u0259 y\u00f6n\u0259lmi\u015f balansl\u0131 t\u0259rkib\u0259 malikdir. Aktiv komponentl\u0259r sa\u00e7 d\u0259risini t\u0259mizl\u0259m\u0259kl\u0259 yana\u015f\u0131, k\u00f6kl\u0259rin qidalanmas\u0131na d\u0259st\u0259k verir.<\/p>\n<p data-start=\"1797\" data-end=\"1824\">M\u0259hsulun \u0259sas \u00fcst\u00fcnl\u00fckl\u0259ri:<\/p>\n<ul data-start=\"1826\" data-end=\"2017\">\n<li data-section-id=\"2xwkee\" data-start=\"1826\" data-end=\"1862\">\n<p data-start=\"1828\" data-end=\"1862\">Sa\u00e7 k\u00f6kl\u0259rini g\u00fccl\u0259ndir\u0259n formul<\/p>\n<\/li>\n<li data-section-id=\"16ptc45\" data-start=\"1863\" data-end=\"1903\">\n<p data-start=\"1865\" data-end=\"1903\">Q\u0131r\u0131lman\u0131 azaltma\u011fa k\u00f6m\u0259k ed\u0259n t\u0259sir<\/p>\n<\/li>\n<li data-section-id=\"10olsl\" data-start=\"1904\" data-end=\"1935\">\n<p data-start=\"1906\" data-end=\"1935\">Sa\u00e7\u0131n elastikliyini art\u0131rma<\/p>\n<\/li>\n<li data-section-id=\"ama2o9\" data-start=\"1936\" data-end=\"1970\">\n<p data-start=\"1938\" data-end=\"1970\">Ba\u015f d\u0259risinin balans\u0131n\u0131 qoruma<\/p>\n<\/li>\n<li data-section-id=\"1kwlo7b\" data-start=\"1971\" data-end=\"2017\">\n<p data-start=\"1973\" data-end=\"2017\">G\u00fcnd\u0259lik istifad\u0259y\u0259 uy\u011fun yum\u015faq t\u0259mizl\u0259m\u0259<\/p>\n<\/li>\n<\/ul>\n<p data-start=\"2019\" data-end=\"2183\">\u015eampun sa\u00e7 d\u0259risini q\u0131c\u0131qland\u0131rmadan t\u0259mizl\u0259yir v\u0259 sa\u00e7\u0131n daha sa\u011flam m\u00fchitd\u0259 inki\u015faf\u0131na \u015f\u0259rait yarad\u0131r. M\u00fcnt\u0259z\u0259m istifad\u0259 zaman\u0131 sa\u00e7 daha davaml\u0131 v\u0259 dol\u011fun g\u00f6r\u00fcn\u00fcr.<\/p>\n<p data-start=\"2185\" data-end=\"2225\">X\u00fcsusil\u0259 a\u015fa\u011f\u0131dak\u0131 hallar \u00fc\u00e7\u00fcn uy\u011fundur:<\/p>\n<ul data-start=\"2227\" data-end=\"2362\">\n<li data-section-id=\"sff8mm\" data-start=\"2227\" data-end=\"2251\">\n<p data-start=\"2229\" data-end=\"2251\">Artm\u0131\u015f sa\u00e7 t\u00f6k\u00fclm\u0259si<\/p>\n<\/li>\n<li data-section-id=\"1qq9asa\" data-start=\"2252\" data-end=\"2281\">\n<p data-start=\"2254\" data-end=\"2281\">Nazik v\u0259 z\u0259if sa\u00e7 tell\u0259ri<\/p>\n<\/li>\n<li data-section-id=\"urcpk8\" data-start=\"2282\" data-end=\"2312\">\n<p data-start=\"2284\" data-end=\"2312\">H\u0259cm itkisi ya\u015fayan sa\u00e7lar<\/p>\n<\/li>\n<li data-section-id=\"12a7f0d\" data-start=\"2313\" data-end=\"2362\">\n<p data-start=\"2315\" data-end=\"2362\">Kimy\u0259vi prosedurlardan sonra z\u0259ifl\u0259mi\u015f sa\u00e7lar<\/p>\n<\/li>\n<\/ul>\n<p data-start=\"2364\" data-end=\"2508\">Sa\u00e7 t\u00f6k\u00fclm\u0259sin\u0259 qar\u015f\u0131 \u015fampun kimi bu m\u0259hsul kompleks g\u00fcnd\u0259lik bax\u0131m t\u0259qdim edir v\u0259 dig\u0259r g\u00fccl\u0259ndirici m\u0259hsullarla birlikd\u0259 istifad\u0259 oluna bil\u0259r.<\/p>\n<h2 data-section-id=\"1bfdbjp\" data-start=\"2510\" data-end=\"2519\">N\u0259tic\u0259<\/h2>\n<p data-start=\"2521\" data-end=\"2597\">Trichup Hair Fall Control sa\u00e7 t\u00f6k\u00fclm\u0259sin\u0259 qar\u015f\u0131 \u015fampun istifad\u0259sind\u0259n sonra:<\/p>\n<ul data-start=\"2599\" data-end=\"2747\">\n<li data-section-id=\"fwxvr2\" data-start=\"2599\" data-end=\"2633\">\n<p data-start=\"2601\" data-end=\"2633\">Sa\u00e7 k\u00f6kl\u0259ri daha g\u00fccl\u00fc g\u00f6r\u00fcn\u00fcr<\/p>\n<\/li>\n<li data-section-id=\"1x2qb3y\" data-start=\"2634\" data-end=\"2652\">\n<p data-start=\"2636\" data-end=\"2652\">Q\u0131r\u0131lma azal\u0131r<\/p>\n<\/li>\n<li data-section-id=\"bmiyc8\" data-start=\"2653\" data-end=\"2690\">\n<p data-start=\"2655\" data-end=\"2690\">Sa\u00e7 daha dol\u011fun v\u0259 h\u0259cmli g\u00f6r\u00fcn\u00fcr<\/p>\n<\/li>\n<li data-section-id=\"rf990k\" data-start=\"2691\" data-end=\"2715\">\n<p data-start=\"2693\" data-end=\"2715\">Sa\u00e7 s\u0259thi hamarla\u015f\u0131r<\/p>\n<\/li>\n<li data-section-id=\"142dxyc\" data-start=\"2716\" data-end=\"2747\">\n<p data-start=\"2718\" data-end=\"2747\">\u00dcmumi bax\u0131ml\u0131 g\u00f6r\u00fcn\u00fc\u015f art\u0131r<\/p>\n<\/li>\n<\/ul>\n<p data-start=\"2749\" data-end=\"2861\">Uzunm\u00fcdd\u0259tli istifad\u0259 sa\u00e7\u0131n struktur dayan\u0131ql\u0131\u011f\u0131n\u0131 art\u0131rma\u011fa v\u0259 t\u00f6k\u00fclm\u0259nin vizual t\u0259sirini azaltma\u011fa k\u00f6m\u0259k edir.<\/p>\n<hr data-start=\"2863\" data-end=\"2866\" \/>\n<h1 data-section-id=\"i6u0mb\" data-start=\"2868\" data-end=\"2896\">Niy\u0259 bu m\u0259hsulu almal\u0131yam?<\/h1>\n<ul data-start=\"2898\" data-end=\"3135\">\n<li data-section-id=\"7fdt2n\" data-start=\"2898\" data-end=\"2950\">\n<p data-start=\"2900\" data-end=\"2950\">Sa\u00e7 t\u00f6k\u00fclm\u0259sin\u0259 qar\u015f\u0131 \u015fampun kimi h\u0259d\u0259fli formul<\/p>\n<\/li>\n<li data-section-id=\"pt9nia\" data-start=\"2951\" data-end=\"2989\">\n<p data-start=\"2953\" data-end=\"2989\">Sa\u00e7 k\u00f6kl\u0259rini g\u00fccl\u0259ndirm\u0259y\u0259 d\u0259st\u0259k<\/p>\n<\/li>\n<li data-section-id=\"ltu5r0\" data-start=\"2990\" data-end=\"3024\">\n<p data-start=\"2992\" data-end=\"3024\">Q\u0131r\u0131lman\u0131 azaltma\u011fa k\u00f6m\u0259k edir<\/p>\n<\/li>\n<li data-section-id=\"9nd7rl\" data-start=\"3025\" data-end=\"3060\">\n<p data-start=\"3027\" data-end=\"3060\">G\u00fcnd\u0259lik istifad\u0259 \u00fc\u00e7\u00fcn uy\u011fundur<\/p>\n<\/li>\n<li data-section-id=\"ns63hm\" data-start=\"3061\" data-end=\"3083\">\n<p data-start=\"3063\" data-end=\"3083\">Sa\u00e7\u0131 a\u011f\u0131rla\u015fd\u0131rm\u0131r<\/p>\n<\/li>\n<li data-section-id=\"16f81vr\" data-start=\"3084\" data-end=\"3135\">\n<p data-start=\"3086\" data-end=\"3135\">Professional v\u0259 balansl\u0131 sa\u00e7 bax\u0131m\u0131 t\u0259qdim edir<\/p>\n<\/li>\n<\/ul>\n<p data-start=\"3137\" data-end=\"3261\">\u018fg\u0259r sa\u00e7 t\u00f6k\u00fclm\u0259si problemi ya\u015fay\u0131r v\u0259 daha g\u00fccl\u00fc, dol\u011fun g\u00f6r\u00fcn\u00fc\u015f \u0259ld\u0259 etm\u0259k ist\u0259yirsinizs\u0259, bu m\u0259hsul m\u0259qs\u0259dy\u00f6nl\u00fc se\u00e7imdir.<\/p>\n<hr data-start=\"3263\" data-end=\"3266\" \/>\n<h1 data-section-id=\"8rcmto\" data-start=\"3268\" data-end=\"3286\">\u0130stifad\u0259 qaydas\u0131<\/h1>\n<ol data-start=\"3288\" data-end=\"3478\">\n<li data-section-id=\"6d1riz\" data-start=\"3288\" data-end=\"3322\">\n<p data-start=\"3291\" data-end=\"3322\">Sa\u00e7\u0131 il\u0131q su il\u0259 tam islad\u0131n.<\/p>\n<\/li>\n<li data-section-id=\"19prr3y\" data-start=\"3323\" data-end=\"3375\">\n<p data-start=\"3326\" data-end=\"3375\">Kifay\u0259t q\u0259d\u0259r \u015fampunu ba\u015f d\u0259risin\u0259 t\u0259tbiq edin.<\/p>\n<\/li>\n<li data-section-id=\"1qfnq4e\" data-start=\"3376\" data-end=\"3419\">\n<p data-start=\"3379\" data-end=\"3419\">1\u20132 d\u0259qiq\u0259 masaj ed\u0259r\u0259k k\u00f6p\u00fckl\u0259ndirin.<\/p>\n<\/li>\n<li data-section-id=\"5st8qo\" data-start=\"3420\" data-end=\"3446\">\n<p data-start=\"3423\" data-end=\"3446\">Bol su il\u0259 yaxalay\u0131n.<\/p>\n<\/li>\n<li data-section-id=\"1w14mnl\" data-start=\"3447\" data-end=\"3478\">\n<p data-start=\"3450\" data-end=\"3478\">Laz\u0131m olduqda t\u0259krarlay\u0131n.<\/p>\n<\/li>\n<\/ol>\n<p data-start=\"3480\" data-end=\"3577\">Daha effektiv n\u0259tic\u0259 \u00fc\u00e7\u00fcn eyni seriyan\u0131n maskas\u0131 v\u0259 ya ya\u011f\u0131 il\u0259 birlikd\u0259 istifad\u0259 t\u00f6vsiy\u0259 olunur.<\/p>\n<hr data-start=\"3579\" data-end=\"3582\" \/>\n<h1 data-section-id=\"1htqakv\" data-start=\"3584\" data-end=\"3590\">Qeyd<\/h1>\n<ul data-start=\"3592\" data-end=\"3740\">\n<li data-section-id=\"p2wq1c\" data-start=\"3592\" data-end=\"3620\">\n<p data-start=\"3594\" data-end=\"3620\">Xarici istifad\u0259 \u00fc\u00e7\u00fcnd\u00fcr.<\/p>\n<\/li>\n<li data-section-id=\"18go3e\" data-start=\"3621\" data-end=\"3648\">\n<p data-start=\"3623\" data-end=\"3648\">G\u00f6zl\u0259 t\u0259masdan qoruyun.<\/p>\n<\/li>\n<li data-section-id=\"gvn2zq\" data-start=\"3649\" data-end=\"3697\">\n<p data-start=\"3651\" data-end=\"3697\">H\u0259ssasl\u0131q yaranarsa istifad\u0259sini dayand\u0131r\u0131n.<\/p>\n<\/li>\n<li data-section-id=\"2ufj0a\" data-start=\"3698\" data-end=\"3740\">\n<p data-start=\"3700\" data-end=\"3740\">U\u015faqlar\u0131n \u0259li \u00e7atmayan yerd\u0259 saxlay\u0131n.<\/p>\n<\/li>\n<\/ul>","protected":false},"excerpt":{"rendered":"<p>Trichup Hair Fall Control sa\u00e7 t\u00f6k\u00fclm\u0259sin\u0259 qar\u015f\u0131 \u015fampun z\u0259if v\u0259 t\u00f6k\u00fclm\u0259y\u0259 meyilli sa\u00e7lar \u00fc\u00e7\u00fcn haz\u0131rlanm\u0131\u015f g\u00fccl\u0259ndirici formulaya malikdir. Sa\u00e7 k\u00f6kl\u0259rini qidaland\u0131rma\u011fa, q\u0131r\u0131lman\u0131 azaltma\u011fa v\u0259 daha sa\u011flam g\u00f6r\u00fcn\u00fc\u015f formala\u015fd\u0131rma\u011fa k\u00f6m\u0259k edir. G\u00fcnd\u0259lik istifad\u0259 \u00fc\u00e7\u00fcn uy\u011fundur.<\/p>","protected":false},"featured_media":9554,"comment_status":"open","ping_status":"closed","template":"","meta":[],"pwb-brand":[409],"product_cat":[126,133],"product_tag":[],"class_list":{"0":"post-9550","1":"product","2":"type-product","3":"status-publish","4":"has-post-thumbnail","6":"pwb-brand-trichup","7":"product_cat-haircare","8":"product_cat-shampoo","9":"pa_size-200ml","10":"pa_size-400ml","13":"instock","14":"shipping-taxable","15":"purchasable","16":"product-type-variable"},"brands":[{"id":409,"name":"Trichup","slug":"trichup"}],"_links":{"self":[{"href":"https:\/\/axtarstore.com\/ru\/wp-json\/wp\/v2\/product\/9550"}],"collection":[{"href":"https:\/\/axtarstore.com\/ru\/wp-json\/wp\/v2\/product"}],"about":[{"href":"https:\/\/axtarstore.com\/ru\/wp-json\/wp\/v2\/types\/product"}],"replies":[{"embeddable":true,"href":"https:\/\/axtarstore.com\/ru\/wp-json\/wp\/v2\/comments?post=9550"}],"version-history":[{"count":4,"href":"https:\/\/axtarstore.com\/ru\/wp-json\/wp\/v2\/product\/9550\/revisions"}],"predecessor-version":[{"id":11235,"href":"https:\/\/axtarstore.com\/ru\/wp-json\/wp\/v2\/product\/9550\/revisions\/11235"}],"wp:featuredmedia":[{"embeddable":true,"href":"https:\/\/axtarstore.com\/ru\/wp-json\/wp\/v2\/media\/9554"}],"wp:attachment":[{"href":"https:\/\/axtarstore.com\/ru\/wp-json\/wp\/v2\/media?parent=9550"}],"wp:term":[{"taxonomy":"pwb-brand","embeddable":true,"href":"https:\/\/axtarstore.com\/ru\/wp-json\/wp\/v2\/pwb-brand?post=9550"},{"taxonomy":"product_cat","embeddable":true,"href":"https:\/\/axtarstore.com\/ru\/wp-json\/wp\/v2\/product_cat?post=9550"},{"taxonomy":"product_tag","embeddable":true,"href":"https:\/\/axtarstore.com\/ru\/wp-json\/wp\/v2\/product_tag?post=9550"}],"curies":[{"name":"wp","href":"https:\/\/api.w.org\/{rel}","templated":true}]}}