{"id":9536,"date":"2025-03-21T00:17:58","date_gmt":"2025-03-20T20:17:58","guid":{"rendered":"https:\/\/axtarstore.com\/?post_type=product&#038;p=9536"},"modified":"2026-02-19T21:38:24","modified_gmt":"2026-02-19T17:38:24","slug":"qara-zire-sampun-trichup-black-seed","status":"publish","type":"product","link":"https:\/\/axtarstore.com\/ru\/product\/qara-zire-sampun-trichup-black-seed\/","title":{"rendered":"qara zira \u015fampun Trichup Black Seed Herbal Shampoo"},"content":{"rendered":"<p>Trichup Black Seed Qara Zir\u0259 \u015eampun<\/p>\n<h2 data-section-id=\"6xzsz2\" data-start=\"909\" data-end=\"919\">Problem<\/h2>\n<p data-start=\"921\" data-end=\"1143\">Z\u0259if, cans\u0131z v\u0259 tez q\u0131r\u0131lan sa\u00e7lar bir \u00e7ox insan\u0131n qar\u015f\u0131la\u015fd\u0131\u011f\u0131 \u0259sas probleml\u0259rd\u0259ndir. Stress, d\u00fczg\u00fcn olmayan qidalanma, kimy\u0259vi prosedurlar v\u0259 istilik al\u0259tl\u0259ri sa\u00e7\u0131n strukturunu z\u0259ifl\u0259dir v\u0259 sa\u00e7 k\u00f6kl\u0259rinin g\u00fcc\u00fcn\u00fc azald\u0131r.<\/p>\n<p data-start=\"1145\" data-end=\"1154\">N\u0259tic\u0259d\u0259:<\/p>\n<ul data-start=\"1156\" data-end=\"1270\">\n<li data-section-id=\"r9x24b\" data-start=\"1156\" data-end=\"1174\">\n<p data-start=\"1158\" data-end=\"1174\">Sa\u00e7 nazikl\u0259\u015fir<\/p>\n<\/li>\n<li data-section-id=\"1v4ps1b\" data-start=\"1175\" data-end=\"1192\">\n<p data-start=\"1177\" data-end=\"1192\">Q\u0131r\u0131lma art\u0131r<\/p>\n<\/li>\n<li data-section-id=\"13ahru6\" data-start=\"1193\" data-end=\"1213\">\n<p data-start=\"1195\" data-end=\"1213\">Parlaql\u0131q azal\u0131r<\/p>\n<\/li>\n<li data-section-id=\"1l85sr8\" data-start=\"1214\" data-end=\"1237\">\n<p data-start=\"1216\" data-end=\"1237\">H\u0259cm itkisi yaran\u0131r<\/p>\n<\/li>\n<li data-section-id=\"1ipanqi\" data-start=\"1238\" data-end=\"1270\">\n<p data-start=\"1240\" data-end=\"1270\">Sa\u00e7lar mat v\u0259 yor\u011fun g\u00f6r\u00fcn\u00fcr<\/p>\n<\/li>\n<\/ul>\n<p data-start=\"1272\" data-end=\"1451\">Adi \u015fampunlar \u00e7ox vaxt yaln\u0131z s\u0259thi t\u0259mizl\u0259m\u0259 t\u0259min edir. Sa\u00e7\u0131n qidalanmas\u0131 v\u0259 struktur d\u0259st\u0259yi \u00fc\u00e7\u00fcn is\u0259 daha funksional v\u0259 bitki m\u0259n\u015f\u0259li t\u0259rkib\u0259 malik m\u0259hsullara ehtiyac yaran\u0131r.<\/p>\n<h2 data-section-id=\"1xwjg8k\" data-start=\"1453\" data-end=\"1460\">H\u0259ll<\/h2>\n<p data-start=\"1462\" data-end=\"1647\">Trichup Black Seed qara zir\u0259 \u015fampun qara zir\u0259 toxumu ekstrakt\u0131 il\u0259 z\u0259nginl\u0259\u015fdirilmi\u015fdir. Qara zir\u0259 \u0259n\u0259n\u0259vi olaraq sa\u00e7 bax\u0131m\u0131nda qidaland\u0131r\u0131c\u0131 v\u0259 g\u00fccl\u0259ndirici x\u00fcsusiyy\u0259tl\u0259ri il\u0259 tan\u0131n\u0131r.<\/p>\n<p data-start=\"1649\" data-end=\"1676\">M\u0259hsulun \u0259sas \u00fcst\u00fcnl\u00fckl\u0259ri:<\/p>\n<ul data-start=\"1678\" data-end=\"1875\">\n<li data-section-id=\"13wwmbd\" data-start=\"1678\" data-end=\"1719\">\n<p data-start=\"1680\" data-end=\"1719\">Qara zir\u0259 ekstrakt\u0131 il\u0259 z\u0259ngin formul<\/p>\n<\/li>\n<li data-section-id=\"1u4plr5\" data-start=\"1720\" data-end=\"1759\">\n<p data-start=\"1722\" data-end=\"1759\">Sa\u00e7 k\u00f6kl\u0259rini qidaland\u0131rma\u011fa d\u0259st\u0259k<\/p>\n<\/li>\n<li data-section-id=\"p2tdaz\" data-start=\"1760\" data-end=\"1805\">\n<p data-start=\"1762\" data-end=\"1805\">Z\u0259if sa\u00e7 tell\u0259rini m\u00f6hk\u0259ml\u0259ndirm\u0259y\u0259 k\u00f6m\u0259k<\/p>\n<\/li>\n<li data-section-id=\"ama2o9\" data-start=\"1806\" data-end=\"1840\">\n<p data-start=\"1808\" data-end=\"1840\">Ba\u015f d\u0259risinin balans\u0131n\u0131 qoruma<\/p>\n<\/li>\n<li data-section-id=\"1tnqhox\" data-start=\"1841\" data-end=\"1875\">\n<p data-start=\"1843\" data-end=\"1875\">Sa\u00e7\u0131 a\u011f\u0131rla\u015fd\u0131rmadan t\u0259mizl\u0259m\u0259<\/p>\n<\/li>\n<\/ul>\n<p data-start=\"1877\" data-end=\"2051\">Bu qara zir\u0259 \u015fampun sa\u00e7 d\u0259risini yum\u015faq \u015f\u0259kild\u0259 t\u0259mizl\u0259yir v\u0259 sa\u00e7\u0131n t\u0259bii n\u0259m balans\u0131n\u0131 qoruyur. Aktiv komponentl\u0259r sa\u00e7\u0131n s\u0259thini hamarla\u015fd\u0131raraq daha parlaq g\u00f6r\u00fcn\u00fc\u015f yarad\u0131r.<\/p>\n<p data-start=\"2053\" data-end=\"2093\">X\u00fcsusil\u0259 a\u015fa\u011f\u0131dak\u0131 hallar \u00fc\u00e7\u00fcn uy\u011fundur:<\/p>\n<ul data-start=\"2095\" data-end=\"2230\">\n<li data-section-id=\"a1shau\" data-start=\"2095\" data-end=\"2119\">\n<p data-start=\"2097\" data-end=\"2119\">Z\u0259if v\u0259 nazik sa\u00e7lar<\/p>\n<\/li>\n<li data-section-id=\"1jpriby\" data-start=\"2120\" data-end=\"2148\">\n<p data-start=\"2122\" data-end=\"2148\">Q\u0131r\u0131lma\u011fa meyilli sa\u00e7lar<\/p>\n<\/li>\n<li data-section-id=\"2asnjg\" data-start=\"2149\" data-end=\"2180\">\n<p data-start=\"2151\" data-end=\"2180\">Parlaql\u0131\u011f\u0131n\u0131 itirmi\u015f sa\u00e7lar<\/p>\n<\/li>\n<li data-section-id=\"12a7f0d\" data-start=\"2181\" data-end=\"2230\">\n<p data-start=\"2183\" data-end=\"2230\">Kimy\u0259vi prosedurlardan sonra z\u0259ifl\u0259mi\u015f sa\u00e7lar<\/p>\n<\/li>\n<\/ul>\n<p data-start=\"2232\" data-end=\"2291\">M\u00fcnt\u0259z\u0259m istifad\u0259 zaman\u0131 sa\u00e7 daha dol\u011fun v\u0259 sa\u011flam g\u00f6r\u00fcn\u00fcr.<\/p>\n<h2 data-section-id=\"1bfdbjp\" data-start=\"2293\" data-end=\"2302\">N\u0259tic\u0259<\/h2>\n<p data-start=\"2304\" data-end=\"2361\">Trichup Black Seed qara zir\u0259 \u015fampun istifad\u0259sind\u0259n sonra:<\/p>\n<ul data-start=\"2363\" data-end=\"2508\">\n<li data-section-id=\"fdsvvn\" data-start=\"2363\" data-end=\"2396\">\n<p data-start=\"2365\" data-end=\"2396\">Sa\u00e7 daha yum\u015faq v\u0259 hamar olur<\/p>\n<\/li>\n<li data-section-id=\"17h1sqn\" data-start=\"2397\" data-end=\"2416\">\n<p data-start=\"2399\" data-end=\"2416\">Parlaql\u0131q art\u0131r<\/p>\n<\/li>\n<li data-section-id=\"1x2qb3y\" data-start=\"2417\" data-end=\"2435\">\n<p data-start=\"2419\" data-end=\"2435\">Q\u0131r\u0131lma azal\u0131r<\/p>\n<\/li>\n<li data-section-id=\"1q1qhuc\" data-start=\"2436\" data-end=\"2463\">\n<p data-start=\"2438\" data-end=\"2463\">Sa\u00e7 daha h\u0259cmli g\u00f6r\u00fcn\u00fcr<\/p>\n<\/li>\n<li data-section-id=\"e1g2zv\" data-start=\"2464\" data-end=\"2508\">\n<p data-start=\"2466\" data-end=\"2508\">Ba\u015f d\u0259risi daha balansl\u0131 v\u0259ziyy\u0259t\u0259 g\u0259lir<\/p>\n<\/li>\n<\/ul>\n<p data-start=\"2510\" data-end=\"2623\">Uzunm\u00fcdd\u0259tli istifad\u0259 sa\u00e7\u0131n struktur dayan\u0131ql\u0131\u011f\u0131n\u0131 art\u0131rma\u011fa v\u0259 \u00fcmumi bax\u0131ml\u0131 g\u00f6r\u00fcn\u00fc\u015f formala\u015fd\u0131rma\u011fa k\u00f6m\u0259k edir.<\/p>\n<hr data-start=\"2625\" data-end=\"2628\" \/>\n<h1 data-section-id=\"i6u0mb\" data-start=\"2630\" data-end=\"2658\">Niy\u0259 bu m\u0259hsulu almal\u0131yam?<\/h1>\n<ul data-start=\"2660\" data-end=\"2876\">\n<li data-section-id=\"1vhilae\" data-start=\"2660\" data-end=\"2706\">\n<p data-start=\"2662\" data-end=\"2706\">Qara zir\u0259 \u015fampun kimi bitki m\u0259n\u015f\u0259li formul<\/p>\n<\/li>\n<li data-section-id=\"1u4plr5\" data-start=\"2707\" data-end=\"2746\">\n<p data-start=\"2709\" data-end=\"2746\">Sa\u00e7 k\u00f6kl\u0259rini qidaland\u0131rma\u011fa d\u0259st\u0259k<\/p>\n<\/li>\n<li data-section-id=\"10yu0y7\" data-start=\"2747\" data-end=\"2773\">\n<p data-start=\"2749\" data-end=\"2773\">Z\u0259if sa\u00e7lar \u00fc\u00e7\u00fcn uy\u011fun<\/p>\n<\/li>\n<li data-section-id=\"e67r3r\" data-start=\"2774\" data-end=\"2805\">\n<p data-start=\"2776\" data-end=\"2805\">G\u00fcnd\u0259lik istifad\u0259y\u0259 yararl\u0131<\/p>\n<\/li>\n<li data-section-id=\"ns63hm\" data-start=\"2806\" data-end=\"2828\">\n<p data-start=\"2808\" data-end=\"2828\">Sa\u00e7\u0131 a\u011f\u0131rla\u015fd\u0131rm\u0131r<\/p>\n<\/li>\n<li data-section-id=\"169zhrm\" data-start=\"2829\" data-end=\"2876\">\n<p data-start=\"2831\" data-end=\"2876\">Professional sa\u00e7 bax\u0131m\u0131 \u00fc\u00e7\u00fcn balansl\u0131 se\u00e7im<\/p>\n<\/li>\n<\/ul>\n<p data-start=\"2878\" data-end=\"2996\">\u018fg\u0259r sa\u00e7lar\u0131n\u0131z z\u0259if v\u0259 cans\u0131z g\u00f6r\u00fcn\u00fcrs\u0259, qara zir\u0259 \u015fampun g\u00fcnd\u0259lik bax\u0131m rutininiz \u00fc\u00e7\u00fcn m\u0259qs\u0259dy\u00f6nl\u00fc h\u0259ll t\u0259qdim edir.<\/p>\n<hr data-start=\"2998\" data-end=\"3001\" \/>\n<h1 data-section-id=\"8rcmto\" data-start=\"3003\" data-end=\"3021\">\u0130stifad\u0259 qaydas\u0131<\/h1>\n<ol data-start=\"3023\" data-end=\"3209\">\n<li data-section-id=\"16xj0wz\" data-start=\"3023\" data-end=\"3053\">\n<p data-start=\"3026\" data-end=\"3053\">Sa\u00e7\u0131 il\u0131q su il\u0259 islad\u0131n.<\/p>\n<\/li>\n<li data-section-id=\"19prr3y\" data-start=\"3054\" data-end=\"3106\">\n<p data-start=\"3057\" data-end=\"3106\">Kifay\u0259t q\u0259d\u0259r \u015fampunu ba\u015f d\u0259risin\u0259 t\u0259tbiq edin.<\/p>\n<\/li>\n<li data-section-id=\"1qfnq4e\" data-start=\"3107\" data-end=\"3150\">\n<p data-start=\"3110\" data-end=\"3150\">1\u20132 d\u0259qiq\u0259 masaj ed\u0259r\u0259k k\u00f6p\u00fckl\u0259ndirin.<\/p>\n<\/li>\n<li data-section-id=\"5st8qo\" data-start=\"3151\" data-end=\"3177\">\n<p data-start=\"3154\" data-end=\"3177\">Bol su il\u0259 yaxalay\u0131n.<\/p>\n<\/li>\n<li data-section-id=\"1w14mnl\" data-start=\"3178\" data-end=\"3209\">\n<p data-start=\"3181\" data-end=\"3209\">Laz\u0131m olduqda t\u0259krarlay\u0131n.<\/p>\n<\/li>\n<\/ol>\n<p data-start=\"3211\" data-end=\"3302\">Daha yax\u015f\u0131 n\u0259tic\u0259 \u00fc\u00e7\u00fcn eyni seriyan\u0131n maskas\u0131 v\u0259 ya ya\u011f\u0131 il\u0259 birlikd\u0259 istifad\u0259 oluna bil\u0259r.<\/p>\n<hr data-start=\"3304\" data-end=\"3307\" \/>\n<h1 data-section-id=\"1htqakv\" data-start=\"3309\" data-end=\"3315\">Qeyd<\/h1>\n<ul data-start=\"3317\" data-end=\"3466\">\n<li data-section-id=\"p2wq1c\" data-start=\"3317\" data-end=\"3345\">\n<p data-start=\"3319\" data-end=\"3345\">Xarici istifad\u0259 \u00fc\u00e7\u00fcnd\u00fcr.<\/p>\n<\/li>\n<li data-section-id=\"18go3e\" data-start=\"3346\" data-end=\"3373\">\n<p data-start=\"3348\" data-end=\"3373\">G\u00f6zl\u0259 t\u0259masdan qoruyun.<\/p>\n<\/li>\n<li data-section-id=\"iawhgm\" data-start=\"3374\" data-end=\"3423\">\n<p data-start=\"3376\" data-end=\"3423\">H\u0259ssasl\u0131q yarand\u0131qda istifad\u0259sini dayand\u0131r\u0131n.<\/p>\n<\/li>\n<li data-section-id=\"2ufj0a\" data-start=\"3424\" data-end=\"3466\">\n<p data-start=\"3426\" data-end=\"3466\">U\u015faqlar\u0131n \u0259li \u00e7atmayan yerd\u0259 saxlay\u0131n.<\/p>\n<\/li>\n<\/ul>","protected":false},"excerpt":{"rendered":"<p>Trichup Black Seed qara zir\u0259 \u015fampun qara zir\u0259 toxumu ekstrakt\u0131 il\u0259 z\u0259ngin formulaya malikdir. Sa\u00e7 k\u00f6kl\u0259rini qidaland\u0131rma\u011fa, z\u0259if tell\u0259ri g\u00fccl\u0259ndirm\u0259y\u0259 v\u0259 sa\u00e7lara daha sa\u011flam g\u00f6r\u00fcn\u00fc\u015f qazand\u0131rma\u011fa k\u00f6m\u0259k edir. G\u00fcnd\u0259lik istifad\u0259 \u00fc\u00e7\u00fcn uy\u011fundur.<\/p>","protected":false},"featured_media":9542,"comment_status":"open","ping_status":"closed","template":"","meta":[],"pwb-brand":[409],"product_cat":[126,133],"product_tag":[308,301],"class_list":{"0":"post-9536","1":"product","2":"type-product","3":"status-publish","4":"has-post-thumbnail","6":"pwb-brand-trichup","7":"product_cat-haircare","8":"product_cat-shampoo","9":"product_tag-haircare","10":"product_tag-hairfallsolution","11":"pa_size-200ml","12":"pa_size-400ml","15":"instock","16":"sale","17":"shipping-taxable","18":"purchasable","19":"product-type-variable"},"brands":[{"id":409,"name":"Trichup","slug":"trichup"}],"_links":{"self":[{"href":"https:\/\/axtarstore.com\/ru\/wp-json\/wp\/v2\/product\/9536"}],"collection":[{"href":"https:\/\/axtarstore.com\/ru\/wp-json\/wp\/v2\/product"}],"about":[{"href":"https:\/\/axtarstore.com\/ru\/wp-json\/wp\/v2\/types\/product"}],"replies":[{"embeddable":true,"href":"https:\/\/axtarstore.com\/ru\/wp-json\/wp\/v2\/comments?post=9536"}],"version-history":[{"count":5,"href":"https:\/\/axtarstore.com\/ru\/wp-json\/wp\/v2\/product\/9536\/revisions"}],"predecessor-version":[{"id":11237,"href":"https:\/\/axtarstore.com\/ru\/wp-json\/wp\/v2\/product\/9536\/revisions\/11237"}],"wp:featuredmedia":[{"embeddable":true,"href":"https:\/\/axtarstore.com\/ru\/wp-json\/wp\/v2\/media\/9542"}],"wp:attachment":[{"href":"https:\/\/axtarstore.com\/ru\/wp-json\/wp\/v2\/media?parent=9536"}],"wp:term":[{"taxonomy":"pwb-brand","embeddable":true,"href":"https:\/\/axtarstore.com\/ru\/wp-json\/wp\/v2\/pwb-brand?post=9536"},{"taxonomy":"product_cat","embeddable":true,"href":"https:\/\/axtarstore.com\/ru\/wp-json\/wp\/v2\/product_cat?post=9536"},{"taxonomy":"product_tag","embeddable":true,"href":"https:\/\/axtarstore.com\/ru\/wp-json\/wp\/v2\/product_tag?post=9536"}],"curies":[{"name":"wp","href":"https:\/\/api.w.org\/{rel}","templated":true}]}}