{"id":9524,"date":"2025-03-20T23:51:41","date_gmt":"2025-03-20T19:51:41","guid":{"rendered":"https:\/\/axtarstore.com\/?post_type=product&#038;p=9524"},"modified":"2026-02-19T21:40:38","modified_gmt":"2026-02-19T17:40:38","slug":"saglam-uzun-ve-guclu-saclar-ucun-sampun","status":"publish","type":"product","link":"https:\/\/axtarstore.com\/ru\/product\/saglam-uzun-ve-guclu-saclar-ucun-sampun\/","title":{"rendered":"Sa\u011flam uzun v\u0259 g\u00fccl\u00fc sa\u00e7lar \u00fc\u00e7\u00fcn \u015fampun Trichup Healthy Long &#038; Strong Natural Shampoo"},"content":{"rendered":"<p><strong>Trichup Healthy, Long &amp; Strong Sa\u011flam Uzun v\u0259 G\u00fccl\u00fc Sa\u00e7lar \u00fc\u00e7\u00fcn \u015eampun<\/strong><\/p>\n<h2 data-section-id=\"6xzsz2\" data-start=\"998\" data-end=\"1008\">Problem<\/h2>\n<p data-start=\"1010\" data-end=\"1236\">Sa\u00e7lar\u0131 uzatmaq ist\u0259y\u0259n bir \u00e7ox insan \u0259sas probleml\u0259 qar\u015f\u0131la\u015f\u0131r: sa\u00e7 uzansa da, q\u0131r\u0131lma s\u0259b\u0259bil\u0259 uzunluq qorunmur. Z\u0259if struktur, istilik al\u0259tl\u0259ri, kimy\u0259vi prosedurlar v\u0259 yanl\u0131\u015f m\u0259hsul se\u00e7imi sa\u00e7 telinin dayan\u0131ql\u0131\u011f\u0131n\u0131 azald\u0131r.<\/p>\n<p data-start=\"1238\" data-end=\"1265\">\u018fn \u00e7ox rast g\u0259lin\u0259n hallar:<\/p>\n<ul data-start=\"1267\" data-end=\"1396\">\n<li data-section-id=\"1osp0g8\" data-start=\"1267\" data-end=\"1290\">\n<p data-start=\"1269\" data-end=\"1290\">Sa\u00e7\u0131n tez q\u0131r\u0131lmas\u0131<\/p>\n<\/li>\n<li data-section-id=\"1pcf724\" data-start=\"1291\" data-end=\"1314\">\n<p data-start=\"1293\" data-end=\"1314\">Uclar\u0131n ha\u00e7alanmas\u0131<\/p>\n<\/li>\n<li data-section-id=\"1qq9asa\" data-start=\"1315\" data-end=\"1344\">\n<p data-start=\"1317\" data-end=\"1344\">Nazik v\u0259 z\u0259if sa\u00e7 tell\u0259ri<\/p>\n<\/li>\n<li data-section-id=\"ia4h1i\" data-start=\"1345\" data-end=\"1370\">\n<p data-start=\"1347\" data-end=\"1370\">Elastikliyin azalmas\u0131<\/p>\n<\/li>\n<li data-section-id=\"i671x5\" data-start=\"1371\" data-end=\"1396\">\n<p data-start=\"1373\" data-end=\"1396\">Mat v\u0259 cans\u0131z g\u00f6r\u00fcn\u00fc\u015f<\/p>\n<\/li>\n<\/ul>\n<p data-start=\"1398\" data-end=\"1593\">Sa\u00e7 uzanma prosesi t\u0259bii olaraq davam ets\u0259 d\u0259, struktur z\u0259ifdirs\u0259 uzunluq saxlan\u0131lm\u0131r. Bu s\u0259b\u0259bd\u0259n yaln\u0131z t\u0259mizl\u0259yici deyil, eyni zamanda m\u00f6hk\u0259ml\u0259ndirici x\u00fcsusiyy\u0259t\u0259 malik \u015fampun se\u00e7imi vacibdir.<\/p>\n<h2 data-section-id=\"1xwjg8k\" data-start=\"1595\" data-end=\"1602\">H\u0259ll<\/h2>\n<p data-start=\"1604\" data-end=\"1756\">Trichup Healthy, Long &amp; Strong sa\u011flam uzun v\u0259 g\u00fccl\u00fc sa\u00e7lar \u00fc\u00e7\u00fcn \u015fampun sa\u00e7\u0131n strukturunu qoruma\u011fa v\u0259 g\u00fccl\u0259ndirm\u0259y\u0259 y\u00f6n\u0259lmi\u015f balansl\u0131 formulaya malikdir.<\/p>\n<p data-start=\"1758\" data-end=\"1785\">M\u0259hsulun \u0259sas \u00fcst\u00fcnl\u00fckl\u0259ri:<\/p>\n<ul data-start=\"1787\" data-end=\"1983\">\n<li data-section-id=\"1j5t3qn\" data-start=\"1787\" data-end=\"1844\">\n<p data-start=\"1789\" data-end=\"1844\">Sa\u00e7 telini m\u00f6hk\u0259ml\u0259ndirm\u0259y\u0259 k\u00f6m\u0259k ed\u0259n aktiv kompleks<\/p>\n<\/li>\n<li data-section-id=\"1ny7e30\" data-start=\"1845\" data-end=\"1875\">\n<p data-start=\"1847\" data-end=\"1875\">Q\u0131r\u0131lman\u0131 azaltma\u011fa d\u0259st\u0259k<\/p>\n<\/li>\n<li data-section-id=\"hceo8u\" data-start=\"1876\" data-end=\"1905\">\n<p data-start=\"1878\" data-end=\"1905\">Elastikliyi art\u0131ran t\u0259sir<\/p>\n<\/li>\n<li data-section-id=\"8uwmae\" data-start=\"1906\" data-end=\"1946\">\n<p data-start=\"1908\" data-end=\"1946\">Ba\u015f d\u0259risini z\u0259rif \u015f\u0259kild\u0259 t\u0259mizl\u0259m\u0259<\/p>\n<\/li>\n<li data-section-id=\"6n3p9w\" data-start=\"1947\" data-end=\"1983\">\n<p data-start=\"1949\" data-end=\"1983\">G\u00fcnd\u0259lik istifad\u0259y\u0259 uy\u011fun formul<\/p>\n<\/li>\n<\/ul>\n<p data-start=\"1985\" data-end=\"2157\">\u015eampun sa\u00e7 d\u0259risini q\u0131c\u0131qland\u0131rmadan t\u0259mizl\u0259yir v\u0259 sa\u00e7\u0131n t\u0259bii n\u0259m balans\u0131n\u0131 qoruyur. Aktiv komponentl\u0259r sa\u00e7 s\u0259thini hamarla\u015fd\u0131raraq daha parlaq v\u0259 bax\u0131ml\u0131 g\u00f6r\u00fcn\u00fc\u015f yarad\u0131r.<\/p>\n<p data-start=\"2159\" data-end=\"2239\">Sa\u011flam uzun v\u0259 g\u00fccl\u00fc sa\u00e7lar \u00fc\u00e7\u00fcn \u015fampun x\u00fcsusil\u0259 a\u015fa\u011f\u0131dak\u0131 hallar \u00fc\u00e7\u00fcn uy\u011fundur:<\/p>\n<ul data-start=\"2241\" data-end=\"2392\">\n<li data-section-id=\"1fs90xw\" data-start=\"2241\" data-end=\"2286\">\n<p data-start=\"2243\" data-end=\"2286\">Uzatmaq ist\u0259diyi halda tez q\u0131r\u0131lan sa\u00e7lar<\/p>\n<\/li>\n<li data-section-id=\"gyjbjq\" data-start=\"2287\" data-end=\"2311\">\n<p data-start=\"2289\" data-end=\"2311\">Nazik v\u0259 z\u0259if sa\u00e7lar<\/p>\n<\/li>\n<li data-section-id=\"12a7f0d\" data-start=\"2312\" data-end=\"2361\">\n<p data-start=\"2314\" data-end=\"2361\">Kimy\u0259vi prosedurlardan sonra z\u0259ifl\u0259mi\u015f sa\u00e7lar<\/p>\n<\/li>\n<li data-section-id=\"urcpk8\" data-start=\"2362\" data-end=\"2392\">\n<p data-start=\"2364\" data-end=\"2392\">H\u0259cm itkisi ya\u015fayan sa\u00e7lar<\/p>\n<\/li>\n<\/ul>\n<p data-start=\"2394\" data-end=\"2480\">M\u00fcnt\u0259z\u0259m istifad\u0259 zaman\u0131 sa\u00e7 daha davaml\u0131 olur v\u0259 uzunluq daha sa\u011flam \u015f\u0259kild\u0259 qorunur.<\/p>\n<h2 data-section-id=\"1bfdbjp\" data-start=\"2482\" data-end=\"2491\">N\u0259tic\u0259<\/h2>\n<p data-start=\"2493\" data-end=\"2585\">Trichup Healthy, Long &amp; Strong sa\u011flam uzun v\u0259 g\u00fccl\u00fc sa\u00e7lar \u00fc\u00e7\u00fcn \u015fampun istifad\u0259sind\u0259n sonra:<\/p>\n<ul data-start=\"2587\" data-end=\"2725\">\n<li data-section-id=\"w2j2ea\" data-start=\"2587\" data-end=\"2614\">\n<p data-start=\"2589\" data-end=\"2614\">Sa\u00e7 daha m\u00f6hk\u0259m g\u00f6r\u00fcn\u00fcr<\/p>\n<\/li>\n<li data-section-id=\"1x2qb3y\" data-start=\"2615\" data-end=\"2633\">\n<p data-start=\"2617\" data-end=\"2633\">Q\u0131r\u0131lma azal\u0131r<\/p>\n<\/li>\n<li data-section-id=\"7g1uvm\" data-start=\"2634\" data-end=\"2667\">\n<p data-start=\"2636\" data-end=\"2667\">Sa\u00e7 daha hamar v\u0259 parlaq olur<\/p>\n<\/li>\n<li data-section-id=\"vpbvu7\" data-start=\"2668\" data-end=\"2688\">\n<p data-start=\"2670\" data-end=\"2688\">Elastiklik art\u0131r<\/p>\n<\/li>\n<li data-section-id=\"1nkng6e\" data-start=\"2689\" data-end=\"2725\">\n<p data-start=\"2691\" data-end=\"2725\">\u00dcmumi bax\u0131ml\u0131 g\u00f6r\u00fcn\u00fc\u015f formala\u015f\u0131r<\/p>\n<\/li>\n<\/ul>\n<p data-start=\"2727\" data-end=\"2828\">Uzunm\u00fcdd\u0259tli istifad\u0259 sa\u00e7\u0131n struktur keyfiyy\u0259tini y\u00fcks\u0259ldir v\u0259 daha sa\u011flam, g\u00fccl\u00fc g\u00f6r\u00fcn\u00fc\u015f t\u0259min edir.<\/p>\n<hr data-start=\"2830\" data-end=\"2833\" \/>\n<h1 data-section-id=\"i6u0mb\" data-start=\"2835\" data-end=\"2863\">Niy\u0259 bu m\u0259hsulu almal\u0131yam?<\/h1>\n<ul data-start=\"2865\" data-end=\"3099\">\n<li data-section-id=\"3ql1cb\" data-start=\"2865\" data-end=\"2928\">\n<p data-start=\"2867\" data-end=\"2928\">Sa\u011flam uzun v\u0259 g\u00fccl\u00fc sa\u00e7lar \u00fc\u00e7\u00fcn \u015fampun kimi h\u0259d\u0259fli formul<\/p>\n<\/li>\n<li data-section-id=\"p94fdj\" data-start=\"2929\" data-end=\"2955\">\n<p data-start=\"2931\" data-end=\"2955\">Q\u0131r\u0131lmaya qar\u015f\u0131 d\u0259st\u0259k<\/p>\n<\/li>\n<li data-section-id=\"idxp3v\" data-start=\"2956\" data-end=\"2985\">\n<p data-start=\"2958\" data-end=\"2985\">G\u00fcnd\u0259lik istifad\u0259y\u0259 uy\u011fun<\/p>\n<\/li>\n<li data-section-id=\"ns63hm\" data-start=\"2986\" data-end=\"3008\">\n<p data-start=\"2988\" data-end=\"3008\">Sa\u00e7\u0131 a\u011f\u0131rla\u015fd\u0131rm\u0131r<\/p>\n<\/li>\n<li data-section-id=\"s6h28a\" data-start=\"3009\" data-end=\"3047\">\n<p data-start=\"3011\" data-end=\"3047\">Parlaql\u0131q v\u0259 elastiklik t\u0259min edir<\/p>\n<\/li>\n<li data-section-id=\"go1qmf\" data-start=\"3048\" data-end=\"3099\">\n<p data-start=\"3050\" data-end=\"3099\">Balansl\u0131 v\u0259 professional sa\u00e7 bax\u0131m\u0131 t\u0259qdim edir<\/p>\n<\/li>\n<\/ul>\n<p data-start=\"3101\" data-end=\"3205\">\u018fg\u0259r sa\u00e7lar\u0131n\u0131z\u0131 uzatmaq v\u0259 eyni zamanda m\u00f6hk\u0259ml\u0259ndirm\u0259k ist\u0259yirsinizs\u0259, bu m\u0259hsul m\u0259qs\u0259dy\u00f6nl\u00fc se\u00e7imdir.<\/p>\n<hr data-start=\"3207\" data-end=\"3210\" \/>\n<h1 data-section-id=\"8rcmto\" data-start=\"3212\" data-end=\"3230\">\u0130stifad\u0259 qaydas\u0131<\/h1>\n<ol data-start=\"3232\" data-end=\"3418\">\n<li data-section-id=\"16xj0wz\" data-start=\"3232\" data-end=\"3262\">\n<p data-start=\"3235\" data-end=\"3262\">Sa\u00e7\u0131 il\u0131q su il\u0259 islad\u0131n.<\/p>\n<\/li>\n<li data-section-id=\"19prr3y\" data-start=\"3263\" data-end=\"3315\">\n<p data-start=\"3266\" data-end=\"3315\">Kifay\u0259t q\u0259d\u0259r \u015fampunu ba\u015f d\u0259risin\u0259 t\u0259tbiq edin.<\/p>\n<\/li>\n<li data-section-id=\"1qfnq4e\" data-start=\"3316\" data-end=\"3359\">\n<p data-start=\"3319\" data-end=\"3359\">1\u20132 d\u0259qiq\u0259 masaj ed\u0259r\u0259k k\u00f6p\u00fckl\u0259ndirin.<\/p>\n<\/li>\n<li data-section-id=\"5st8qo\" data-start=\"3360\" data-end=\"3386\">\n<p data-start=\"3363\" data-end=\"3386\">Bol su il\u0259 yaxalay\u0131n.<\/p>\n<\/li>\n<li data-section-id=\"1w14mnl\" data-start=\"3387\" data-end=\"3418\">\n<p data-start=\"3390\" data-end=\"3418\">Laz\u0131m olduqda t\u0259krarlay\u0131n.<\/p>\n<\/li>\n<\/ol>\n<p data-start=\"3420\" data-end=\"3506\">Daha effektiv n\u0259tic\u0259 \u00fc\u00e7\u00fcn eyni seriyan\u0131n maskas\u0131 il\u0259 birlikd\u0259 istifad\u0259 t\u00f6vsiy\u0259 olunur.<\/p>\n<hr data-start=\"3508\" data-end=\"3511\" \/>\n<h1 data-section-id=\"1htqakv\" data-start=\"3513\" data-end=\"3519\">Qeyd<\/h1>\n<ul data-start=\"3521\" data-end=\"3669\">\n<li data-section-id=\"p2wq1c\" data-start=\"3521\" data-end=\"3549\">\n<p data-start=\"3523\" data-end=\"3549\">Xarici istifad\u0259 \u00fc\u00e7\u00fcnd\u00fcr.<\/p>\n<\/li>\n<li data-section-id=\"18go3e\" data-start=\"3550\" data-end=\"3577\">\n<p data-start=\"3552\" data-end=\"3577\">G\u00f6zl\u0259 t\u0259masdan qoruyun.<\/p>\n<\/li>\n<li data-section-id=\"gvn2zq\" data-start=\"3578\" data-end=\"3626\">\n<p data-start=\"3580\" data-end=\"3626\">H\u0259ssasl\u0131q yaranarsa istifad\u0259sini dayand\u0131r\u0131n.<\/p>\n<\/li>\n<li data-section-id=\"2ufj0a\" data-start=\"3627\" data-end=\"3669\">\n<p data-start=\"3629\" data-end=\"3669\">U\u015faqlar\u0131n \u0259li \u00e7atmayan yerd\u0259 saxlay\u0131n.<\/p>\n<\/li>\n<\/ul>\n<p>&nbsp;<\/p>","protected":false},"excerpt":{"rendered":"<p>Trichup Healthy, Long &amp; Strong sa\u011flam uzun v\u0259 g\u00fccl\u00fc sa\u00e7lar \u00fc\u00e7\u00fcn \u015fampun z\u0259if v\u0259 q\u0131r\u0131lma\u011fa meyilli sa\u00e7lar\u0131n g\u00fcnd\u0259lik bax\u0131m\u0131 \u00fc\u00e7\u00fcn haz\u0131rlanm\u0131\u015fd\u0131r. Sa\u00e7 telini m\u00f6hk\u0259ml\u0259ndirir, elastikliyi art\u0131r\u0131r v\u0259 daha dol\u011fun, sa\u011flam g\u00f6r\u00fcn\u00fc\u015f formala\u015fd\u0131rma\u011fa k\u00f6m\u0259k edir.<\/p>","protected":false},"featured_media":9530,"comment_status":"open","ping_status":"closed","template":"","meta":[],"pwb-brand":[409],"product_cat":[126,133],"product_tag":[308,307],"class_list":{"0":"post-9524","1":"product","2":"type-product","3":"status-publish","4":"has-post-thumbnail","6":"pwb-brand-trichup","7":"product_cat-haircare","8":"product_cat-shampoo","9":"product_tag-haircare","10":"product_tag-longstronghair","11":"pa_size-200ml","12":"pa_size-400ml","15":"instock","16":"sale","17":"shipping-taxable","18":"purchasable","19":"product-type-variable"},"brands":[{"id":409,"name":"Trichup","slug":"trichup"}],"_links":{"self":[{"href":"https:\/\/axtarstore.com\/ru\/wp-json\/wp\/v2\/product\/9524"}],"collection":[{"href":"https:\/\/axtarstore.com\/ru\/wp-json\/wp\/v2\/product"}],"about":[{"href":"https:\/\/axtarstore.com\/ru\/wp-json\/wp\/v2\/types\/product"}],"replies":[{"embeddable":true,"href":"https:\/\/axtarstore.com\/ru\/wp-json\/wp\/v2\/comments?post=9524"}],"version-history":[{"count":4,"href":"https:\/\/axtarstore.com\/ru\/wp-json\/wp\/v2\/product\/9524\/revisions"}],"predecessor-version":[{"id":11239,"href":"https:\/\/axtarstore.com\/ru\/wp-json\/wp\/v2\/product\/9524\/revisions\/11239"}],"wp:featuredmedia":[{"embeddable":true,"href":"https:\/\/axtarstore.com\/ru\/wp-json\/wp\/v2\/media\/9530"}],"wp:attachment":[{"href":"https:\/\/axtarstore.com\/ru\/wp-json\/wp\/v2\/media?parent=9524"}],"wp:term":[{"taxonomy":"pwb-brand","embeddable":true,"href":"https:\/\/axtarstore.com\/ru\/wp-json\/wp\/v2\/pwb-brand?post=9524"},{"taxonomy":"product_cat","embeddable":true,"href":"https:\/\/axtarstore.com\/ru\/wp-json\/wp\/v2\/product_cat?post=9524"},{"taxonomy":"product_tag","embeddable":true,"href":"https:\/\/axtarstore.com\/ru\/wp-json\/wp\/v2\/product_tag?post=9524"}],"curies":[{"name":"wp","href":"https:\/\/api.w.org\/{rel}","templated":true}]}}