{"id":9496,"date":"2025-03-20T22:49:11","date_gmt":"2025-03-20T18:49:11","guid":{"rendered":"https:\/\/axtarstore.com\/?post_type=product&#038;p=9496"},"modified":"2026-02-19T21:46:03","modified_gmt":"2026-02-19T17:46:03","slug":"kepeye-qarsi-sac-yagi-trichup-anti-dandruff","status":"publish","type":"product","link":"https:\/\/axtarstore.com\/ru\/product\/kepeye-qarsi-sac-yagi-trichup-anti-dandruff\/","title":{"rendered":"K\u0259p\u0259y\u0259 qar\u015f\u0131 Sa\u00e7 ya\u011f\u0131 Trichup Anti Dandruff Oil"},"content":{"rendered":"<p data-start=\"569\" data-end=\"616\"><strong data-start=\"569\" data-end=\"616\">Trichup Anti Dandruff K\u0259p\u0259y\u0259 Qar\u015f\u0131 Sa\u00e7 Ya\u011f\u0131<\/strong><\/p>\n<h2 data-section-id=\"6xzsz2\" data-start=\"908\" data-end=\"918\">Problem<\/h2>\n<p data-start=\"920\" data-end=\"1111\">K\u0259p\u0259k ba\u015f d\u0259risinin \u0259n \u00e7ox rast g\u0259lin\u0259n probleml\u0259rind\u0259n biridir. A\u011f lopalar\u0131n sa\u00e7da v\u0259 geyim \u00fcz\u0259rind\u0259 g\u00f6r\u00fcnm\u0259si estetik narahatl\u0131q yaratmaqla yana\u015f\u0131, qa\u015f\u0131nma v\u0259 diskomfort hissin\u0259 s\u0259b\u0259b olur.<\/p>\n<p data-start=\"1113\" data-end=\"1139\">K\u0259p\u0259yin yaranma s\u0259b\u0259bl\u0259ri:<\/p>\n<ul data-start=\"1141\" data-end=\"1295\">\n<li data-section-id=\"11ccsoh\" data-start=\"1141\" data-end=\"1167\">\n<p data-start=\"1143\" data-end=\"1167\">Ba\u015f d\u0259risinin qurulu\u011fu<\/p>\n<\/li>\n<li data-section-id=\"2ofc1a\" data-start=\"1168\" data-end=\"1196\">\n<p data-start=\"1170\" data-end=\"1196\">Ya\u011f balans\u0131n\u0131n pozulmas\u0131<\/p>\n<\/li>\n<li data-section-id=\"a3v33\" data-start=\"1197\" data-end=\"1226\">\n<p data-start=\"1199\" data-end=\"1226\">G\u00f6b\u0259l\u0259k m\u0259n\u015f\u0259li faktorlar<\/p>\n<\/li>\n<li data-section-id=\"13a1mc6\" data-start=\"1227\" data-end=\"1258\">\n<p data-start=\"1229\" data-end=\"1258\">Yanl\u0131\u015f sa\u00e7 bax\u0131m m\u0259hsullar\u0131<\/p>\n<\/li>\n<li data-section-id=\"1225l7e\" data-start=\"1259\" data-end=\"1295\">\n<p data-start=\"1261\" data-end=\"1295\">Stress v\u0259 hormonal d\u0259yi\u015fiklikl\u0259r<\/p>\n<\/li>\n<\/ul>\n<p data-start=\"1297\" data-end=\"1525\">\u018fks\u0259r hallarda yaln\u0131z \u015fampun istifad\u0259si kifay\u0259t etmir. Ba\u015f d\u0259risinin daha intensiv qidalanmaya v\u0259 balansla\u015fd\u0131r\u0131c\u0131 bax\u0131ma ehtiyac\u0131 olur. Bu s\u0259b\u0259bd\u0259n k\u0259p\u0259y\u0259 qar\u015f\u0131 sa\u00e7 ya\u011f\u0131 kimi \u0259lav\u0259 qulluq m\u0259hsullar\u0131n\u0131n istifad\u0259si t\u00f6vsiy\u0259 olunur.<\/p>\n<h2 data-section-id=\"1xwjg8k\" data-start=\"1527\" data-end=\"1534\">H\u0259ll<\/h2>\n<p data-start=\"1536\" data-end=\"1715\">Trichup Anti Dandruff k\u0259p\u0259y\u0259 qar\u015f\u0131 sa\u00e7 ya\u011f\u0131 bitki m\u0259n\u015f\u0259li ya\u011flar\u0131n kompleks t\u0259rkibi il\u0259 haz\u0131rlanm\u0131\u015fd\u0131r. Formul ba\u015f d\u0259risinin d\u0259rin qidalanmas\u0131na v\u0259 balans\u0131n\u0131n qorunmas\u0131na y\u00f6n\u0259lib.<\/p>\n<p data-start=\"1717\" data-end=\"1744\">M\u0259hsulun \u0259sas \u00fcst\u00fcnl\u00fckl\u0259ri:<\/p>\n<ul data-start=\"1746\" data-end=\"1961\">\n<li data-section-id=\"1nzo4vj\" data-start=\"1746\" data-end=\"1794\">\n<p data-start=\"1748\" data-end=\"1794\">Ba\u015f d\u0259risini qidaland\u0131ran bitki ekstraktlar\u0131<\/p>\n<\/li>\n<li data-section-id=\"1v3club\" data-start=\"1795\" data-end=\"1825\">\n<p data-start=\"1797\" data-end=\"1825\">Qa\u015f\u0131nman\u0131 azaltma\u011fa d\u0259st\u0259k<\/p>\n<\/li>\n<li data-section-id=\"rdk6do\" data-start=\"1826\" data-end=\"1862\">\n<p data-start=\"1828\" data-end=\"1862\">Ya\u011f balans\u0131n\u0131 t\u0259nziml\u0259m\u0259y\u0259 k\u00f6m\u0259k<\/p>\n<\/li>\n<li data-section-id=\"35xr05\" data-start=\"1863\" data-end=\"1909\">\n<p data-start=\"1865\" data-end=\"1909\">Ba\u015f d\u0259risini yum\u015faldan v\u0259 rahatladan t\u0259sir<\/p>\n<\/li>\n<li data-section-id=\"a5q6ae\" data-start=\"1910\" data-end=\"1961\">\n<p data-start=\"1912\" data-end=\"1961\">K\u0259p\u0259yin t\u0259krar yaranma riskini azaltma\u011fa d\u0259st\u0259k<\/p>\n<\/li>\n<\/ul>\n<p data-start=\"1963\" data-end=\"2167\">K\u0259p\u0259y\u0259 qar\u015f\u0131 sa\u00e7 ya\u011f\u0131 ba\u015f d\u0259risin\u0259 t\u0259tbiq olunduqda qan d\u00f6vran\u0131n\u0131 stimulla\u015fd\u0131rma\u011fa v\u0259 sa\u00e7 k\u00f6kl\u0259rinin qidalanmas\u0131na k\u00f6m\u0259k edir. M\u00fcnt\u0259z\u0259m istifad\u0259 ba\u015f d\u0259risinin daha sa\u011flam m\u00fchitd\u0259 qalmas\u0131na \u015f\u0259rait yarad\u0131r.<\/p>\n<p data-start=\"2169\" data-end=\"2209\">X\u00fcsusil\u0259 a\u015fa\u011f\u0131dak\u0131 hallar \u00fc\u00e7\u00fcn uy\u011fundur:<\/p>\n<ul data-start=\"2211\" data-end=\"2364\">\n<li data-section-id=\"1jsxc0r\" data-start=\"2211\" data-end=\"2241\">\n<p data-start=\"2213\" data-end=\"2241\">Quru v\u0259 qa\u015f\u0131nan ba\u015f d\u0259risi<\/p>\n<\/li>\n<li data-section-id=\"10cyb32\" data-start=\"2242\" data-end=\"2271\">\n<p data-start=\"2244\" data-end=\"2271\">Tez-tez t\u0259krarlanan k\u0259p\u0259k<\/p>\n<\/li>\n<li data-section-id=\"o5mrrq\" data-start=\"2272\" data-end=\"2305\">\n<p data-start=\"2274\" data-end=\"2305\">Ya\u011fl\u0131 v\u0259 balanss\u0131z ba\u015f d\u0259risi<\/p>\n<\/li>\n<li data-section-id=\"1mm2g15\" data-start=\"2306\" data-end=\"2364\">\n<p data-start=\"2308\" data-end=\"2364\">\u015eampun istifad\u0259sind\u0259n sonra bel\u0259 davam ed\u0259n diskomfort<\/p>\n<\/li>\n<\/ul>\n<p data-start=\"2366\" data-end=\"2451\">Bu m\u0259hsul t\u0259kc\u0259 kosmetik effekt deyil, h\u0259m d\u0259 kompleks ba\u015f d\u0259risi bax\u0131m\u0131 t\u0259qdim edir.<\/p>\n<h2 data-section-id=\"1bfdbjp\" data-start=\"2453\" data-end=\"2462\">N\u0259tic\u0259<\/h2>\n<p data-start=\"2464\" data-end=\"2529\">Trichup Anti Dandruff k\u0259p\u0259y\u0259 qar\u015f\u0131 sa\u00e7 ya\u011f\u0131 istifad\u0259sind\u0259n sonra:<\/p>\n<ul data-start=\"2531\" data-end=\"2693\">\n<li data-section-id=\"1hz1mhg\" data-start=\"2531\" data-end=\"2568\">\n<p data-start=\"2533\" data-end=\"2568\">Ba\u015f d\u0259risi daha rahat hiss olunur<\/p>\n<\/li>\n<li data-section-id=\"1s5se75\" data-start=\"2569\" data-end=\"2587\">\n<p data-start=\"2571\" data-end=\"2587\">Qa\u015f\u0131nma azal\u0131r<\/p>\n<\/li>\n<li data-section-id=\"1i438fs\" data-start=\"2588\" data-end=\"2620\">\n<p data-start=\"2590\" data-end=\"2620\">G\u00f6r\u00fcn\u0259n k\u0259p\u0259k miqdar\u0131 azal\u0131r<\/p>\n<\/li>\n<li data-section-id=\"nn365x\" data-start=\"2621\" data-end=\"2659\">\n<p data-start=\"2623\" data-end=\"2659\">Sa\u00e7 daha yum\u015faq v\u0259 bax\u0131ml\u0131 g\u00f6r\u00fcn\u00fcr<\/p>\n<\/li>\n<li data-section-id=\"10ia4z\" data-start=\"2660\" data-end=\"2693\">\n<p data-start=\"2662\" data-end=\"2693\">Ba\u015f d\u0259risinin balans\u0131 qorunur<\/p>\n<\/li>\n<\/ul>\n<p data-start=\"2695\" data-end=\"2818\">Uzunm\u00fcdd\u0259tli v\u0259 m\u00fcnt\u0259z\u0259m istifad\u0259 k\u0259p\u0259yin n\u0259zar\u0259td\u0259 saxlanmas\u0131na v\u0259 ba\u015f d\u0259risinin sa\u011flaml\u0131\u011f\u0131n\u0131n d\u0259st\u0259kl\u0259nm\u0259sin\u0259 k\u00f6m\u0259k edir.<\/p>\n<hr data-start=\"2820\" data-end=\"2823\" \/>\n<h1 data-section-id=\"i6u0mb\" data-start=\"2825\" data-end=\"2853\">Niy\u0259 bu m\u0259hsulu almal\u0131yam?<\/h1>\n<ul data-start=\"2855\" data-end=\"3096\">\n<li data-section-id=\"n97koq\" data-start=\"2855\" data-end=\"2900\">\n<p data-start=\"2857\" data-end=\"2900\">K\u0259p\u0259y\u0259 qar\u015f\u0131 sa\u00e7 ya\u011f\u0131 kimi h\u0259d\u0259fli formul<\/p>\n<\/li>\n<li data-section-id=\"1ytpy1e\" data-start=\"2901\" data-end=\"2931\">\n<p data-start=\"2903\" data-end=\"2931\">Bitki m\u0259n\u015f\u0259li aktiv t\u0259rkib<\/p>\n<\/li>\n<li data-section-id=\"1wjlbem\" data-start=\"2932\" data-end=\"2975\">\n<p data-start=\"2934\" data-end=\"2975\">Ba\u015f d\u0259risini qidaland\u0131r\u0131r v\u0259 rahatlad\u0131r<\/p>\n<\/li>\n<li data-section-id=\"1vmp2mb\" data-start=\"2976\" data-end=\"3010\">\n<p data-start=\"2978\" data-end=\"3010\">Qa\u015f\u0131nman\u0131 azaltma\u011fa k\u00f6m\u0259k edir<\/p>\n<\/li>\n<li data-section-id=\"tjuerj\" data-start=\"3011\" data-end=\"3053\">\n<p data-start=\"3013\" data-end=\"3053\">K\u0259p\u0259yin t\u0259krar yaranma riskini azald\u0131r<\/p>\n<\/li>\n<li data-section-id=\"j0eqeo\" data-start=\"3054\" data-end=\"3096\">\n<p data-start=\"3056\" data-end=\"3096\">Kompleks ba\u015f d\u0259risi bax\u0131m\u0131 t\u0259qdim edir<\/p>\n<\/li>\n<\/ul>\n<p data-start=\"3098\" data-end=\"3207\">\u018fg\u0259r k\u0259p\u0259k v\u0259 ba\u015f d\u0259risi narahatl\u0131\u011f\u0131 sizi narahat edirs\u0259, bu m\u0259hsul m\u0259qs\u0259dy\u00f6nl\u00fc v\u0259 balansl\u0131 h\u0259ll t\u0259qdim edir.<\/p>\n<hr data-start=\"3209\" data-end=\"3212\" \/>\n<h1 data-section-id=\"8rcmto\" data-start=\"3214\" data-end=\"3232\">\u0130stifad\u0259 qaydas\u0131<\/h1>\n<ol data-start=\"3234\" data-end=\"3390\">\n<li data-section-id=\"cjwuo6\" data-start=\"3234\" data-end=\"3283\">\n<p data-start=\"3237\" data-end=\"3283\">Kifay\u0259t q\u0259d\u0259r ya\u011f\u0131 ba\u015f d\u0259risin\u0259 t\u0259tbiq edin.<\/p>\n<\/li>\n<li data-section-id=\"17r6aib\" data-start=\"3284\" data-end=\"3319\">\n<p data-start=\"3287\" data-end=\"3319\">5\u201310 d\u0259qiq\u0259 y\u00fcng\u00fcl masaj edin.<\/p>\n<\/li>\n<li data-section-id=\"w80lbj\" data-start=\"3320\" data-end=\"3352\">\n<p data-start=\"3323\" data-end=\"3352\">Minimum 30 d\u0259qiq\u0259 saxlay\u0131n.<\/p>\n<\/li>\n<li data-section-id=\"sinw7j\" data-start=\"3353\" data-end=\"3390\">\n<p data-start=\"3356\" data-end=\"3390\">Daha sonra uy\u011fun \u015fampunla yuyun.<\/p>\n<\/li>\n<\/ol>\n<p data-start=\"3392\" data-end=\"3433\">H\u0259ft\u0259d\u0259 1\u20132 d\u0259f\u0259 istifad\u0259 t\u00f6vsiy\u0259 olunur.<\/p>\n<hr data-start=\"3435\" data-end=\"3438\" \/>\n<h1 data-section-id=\"1htqakv\" data-start=\"3440\" data-end=\"3446\">Qeyd<\/h1>\n<ul data-start=\"3448\" data-end=\"3596\">\n<li data-section-id=\"p2wq1c\" data-start=\"3448\" data-end=\"3476\">\n<p data-start=\"3450\" data-end=\"3476\">Xarici istifad\u0259 \u00fc\u00e7\u00fcnd\u00fcr.<\/p>\n<\/li>\n<li data-section-id=\"18go3e\" data-start=\"3477\" data-end=\"3504\">\n<p data-start=\"3479\" data-end=\"3504\">G\u00f6zl\u0259 t\u0259masdan qoruyun.<\/p>\n<\/li>\n<li data-section-id=\"gvn2zq\" data-start=\"3505\" data-end=\"3553\">\n<p data-start=\"3507\" data-end=\"3553\">H\u0259ssasl\u0131q yaranarsa istifad\u0259sini dayand\u0131r\u0131n.<\/p>\n<\/li>\n<li data-section-id=\"2ufj0a\" data-start=\"3554\" data-end=\"3596\">\n<p data-start=\"3556\" data-end=\"3596\">U\u015faqlar\u0131n \u0259li \u00e7atmayan yerd\u0259 saxlay\u0131n.<\/p>\n<\/li>\n<\/ul>","protected":false},"excerpt":{"rendered":"<p>Trichup Anti Dandruff k\u0259p\u0259y\u0259 qar\u015f\u0131 sa\u00e7 ya\u011f\u0131 ba\u015f d\u0259risinin balans\u0131n\u0131 qoruma\u011fa v\u0259 k\u0259p\u0259yin yaranma riskini azaltma\u011fa y\u00f6n\u0259lmi\u015f bitki m\u0259n\u015f\u0259li formulaya malikdir. Qa\u015f\u0131nman\u0131 azaltma\u011fa v\u0259 ba\u015f d\u0259risini qidaland\u0131rma\u011fa k\u00f6m\u0259k edir.<\/p>","protected":false},"featured_media":9497,"comment_status":"open","ping_status":"closed","template":"","meta":[],"pwb-brand":[409],"product_cat":[126,135],"product_tag":[308],"class_list":{"0":"post-9496","1":"product","2":"type-product","3":"status-publish","4":"has-post-thumbnail","6":"pwb-brand-trichup","7":"product_cat-haircare","8":"product_cat-oil","9":"product_tag-haircare","10":"pa_size-100ml","11":"pa_size-200ml","14":"instock","15":"sale","16":"shipping-taxable","17":"purchasable","18":"product-type-variable"},"brands":[{"id":409,"name":"Trichup","slug":"trichup"}],"_links":{"self":[{"href":"https:\/\/axtarstore.com\/ru\/wp-json\/wp\/v2\/product\/9496"}],"collection":[{"href":"https:\/\/axtarstore.com\/ru\/wp-json\/wp\/v2\/product"}],"about":[{"href":"https:\/\/axtarstore.com\/ru\/wp-json\/wp\/v2\/types\/product"}],"replies":[{"embeddable":true,"href":"https:\/\/axtarstore.com\/ru\/wp-json\/wp\/v2\/comments?post=9496"}],"version-history":[{"count":4,"href":"https:\/\/axtarstore.com\/ru\/wp-json\/wp\/v2\/product\/9496\/revisions"}],"predecessor-version":[{"id":11243,"href":"https:\/\/axtarstore.com\/ru\/wp-json\/wp\/v2\/product\/9496\/revisions\/11243"}],"wp:featuredmedia":[{"embeddable":true,"href":"https:\/\/axtarstore.com\/ru\/wp-json\/wp\/v2\/media\/9497"}],"wp:attachment":[{"href":"https:\/\/axtarstore.com\/ru\/wp-json\/wp\/v2\/media?parent=9496"}],"wp:term":[{"taxonomy":"pwb-brand","embeddable":true,"href":"https:\/\/axtarstore.com\/ru\/wp-json\/wp\/v2\/pwb-brand?post=9496"},{"taxonomy":"product_cat","embeddable":true,"href":"https:\/\/axtarstore.com\/ru\/wp-json\/wp\/v2\/product_cat?post=9496"},{"taxonomy":"product_tag","embeddable":true,"href":"https:\/\/axtarstore.com\/ru\/wp-json\/wp\/v2\/product_tag?post=9496"}],"curies":[{"name":"wp","href":"https:\/\/api.w.org\/{rel}","templated":true}]}}