{"id":9482,"date":"2025-03-20T22:35:56","date_gmt":"2025-03-20T18:35:56","guid":{"rendered":"https:\/\/axtarstore.com\/?post_type=product&#038;p=9482"},"modified":"2026-02-19T21:51:50","modified_gmt":"2026-02-19T17:51:50","slug":"saglam-uzun-ve-guclu-saclar-ucun-sac-yagi-trichup","status":"publish","type":"product","link":"https:\/\/axtarstore.com\/ru\/product\/saglam-uzun-ve-guclu-saclar-ucun-sac-yagi-trichup\/","title":{"rendered":"Sa\u011flam uzun v\u0259 g\u00fccl\u00fc sa\u00e7lar \u00fc\u00e7\u00fcn Sa\u00e7 ya\u011f\u0131 Trichup Healthy Long &#038; Strong Hair Oil"},"content":{"rendered":"<p><strong>Trichup Healthy, Long &amp; Strong Sa\u011flam Uzun v\u0259 G\u00fccl\u00fc Sa\u00e7lar \u00fc\u00e7\u00fcn Sa\u00e7 Ya\u011f\u0131<\/strong><\/p>\n<h2 data-section-id=\"6xzsz2\" data-start=\"999\" data-end=\"1009\">Problem<\/h2>\n<p data-start=\"1011\" data-end=\"1246\">Sa\u00e7lar\u0131 uzatmaq ist\u0259y\u0259n bir \u00e7ox insan eyni probleml\u0259 qar\u015f\u0131la\u015f\u0131r: sa\u00e7 uzansa da, q\u0131r\u0131lma v\u0259 struktur z\u0259ifliyi s\u0259b\u0259bil\u0259 ist\u0259nil\u0259n uzunluq qorunmur. Nazik, elastikliyini itirmi\u015f v\u0259 z\u0259if sa\u00e7 tell\u0259ri uzunm\u00fcdd\u0259tli uzanma prosesin\u0259 mane olur.<\/p>\n<p data-start=\"1248\" data-end=\"1275\">\u018fn \u00e7ox rast g\u0259lin\u0259n hallar:<\/p>\n<ul data-start=\"1277\" data-end=\"1391\">\n<li data-section-id=\"1q911mx\" data-start=\"1277\" data-end=\"1299\">\n<p data-start=\"1279\" data-end=\"1299\">Tez q\u0131r\u0131lan sa\u00e7lar<\/p>\n<\/li>\n<li data-section-id=\"1pcf724\" data-start=\"1300\" data-end=\"1323\">\n<p data-start=\"1302\" data-end=\"1323\">Uclar\u0131n ha\u00e7alanmas\u0131<\/p>\n<\/li>\n<li data-section-id=\"1pk0kpw\" data-start=\"1324\" data-end=\"1350\">\n<p data-start=\"1326\" data-end=\"1350\">Nazik v\u0259 z\u0259if struktur<\/p>\n<\/li>\n<li data-section-id=\"1mi8tpu\" data-start=\"1351\" data-end=\"1375\">\n<p data-start=\"1353\" data-end=\"1375\">Parlaql\u0131\u011f\u0131n azalmas\u0131<\/p>\n<\/li>\n<li data-section-id=\"j6fa9e\" data-start=\"1376\" data-end=\"1391\">\n<p data-start=\"1378\" data-end=\"1391\">H\u0259cm itkisi<\/p>\n<\/li>\n<\/ul>\n<p data-start=\"1393\" data-end=\"1551\">Kimy\u0259vi prosedurlar, istilik al\u0259tl\u0259ri v\u0259 yanl\u0131\u015f m\u0259hsul se\u00e7imi sa\u00e7\u0131n daxili qurulu\u015funu z\u0259ifl\u0259dir. N\u0259tic\u0259d\u0259 sa\u00e7 uzansa bel\u0259 sa\u011flam g\u00f6r\u00fcnm\u00fcr v\u0259 uzunluq qorunmur.<\/p>\n<h2 data-section-id=\"1xwjg8k\" data-start=\"1553\" data-end=\"1560\">H\u0259ll<\/h2>\n<p data-start=\"1562\" data-end=\"1758\">Trichup Healthy, Long &amp; Strong sa\u011flam uzun v\u0259 g\u00fccl\u00fc sa\u00e7lar \u00fc\u00e7\u00fcn sa\u00e7 ya\u011f\u0131 intensiv bitki m\u0259n\u015f\u0259li formulaya malikdir. M\u0259hsul sa\u00e7 k\u00f6kl\u0259rini qidaland\u0131rma\u011fa v\u0259 struktur dayan\u0131ql\u0131\u011f\u0131n\u0131 art\u0131rma\u011fa y\u00f6n\u0259lib.<\/p>\n<p data-start=\"1760\" data-end=\"1777\">\u018fsas \u00fcst\u00fcnl\u00fckl\u0259r:<\/p>\n<ul data-start=\"1779\" data-end=\"1977\">\n<li data-section-id=\"ltni37\" data-start=\"1779\" data-end=\"1829\">\n<p data-start=\"1781\" data-end=\"1829\">Sa\u00e7 k\u00f6kl\u0259rini qidaland\u0131ran aktiv ya\u011f kompleksi<\/p>\n<\/li>\n<li data-section-id=\"1ny7e30\" data-start=\"1830\" data-end=\"1860\">\n<p data-start=\"1832\" data-end=\"1860\">Q\u0131r\u0131lman\u0131 azaltma\u011fa d\u0259st\u0259k<\/p>\n<\/li>\n<li data-section-id=\"hceo8u\" data-start=\"1861\" data-end=\"1890\">\n<p data-start=\"1863\" data-end=\"1890\">Elastikliyi art\u0131ran t\u0259sir<\/p>\n<\/li>\n<li data-section-id=\"ama2o9\" data-start=\"1891\" data-end=\"1925\">\n<p data-start=\"1893\" data-end=\"1925\">Ba\u015f d\u0259risinin balans\u0131n\u0131 qoruma<\/p>\n<\/li>\n<li data-section-id=\"1s4ez3u\" data-start=\"1926\" data-end=\"1977\">\n<p data-start=\"1928\" data-end=\"1977\">Sa\u00e7\u0131n daha dol\u011fun v\u0259 davaml\u0131 g\u00f6r\u00fcnm\u0259sin\u0259 yard\u0131m<\/p>\n<\/li>\n<\/ul>\n<p data-start=\"1979\" data-end=\"2190\">Sa\u011flam uzun v\u0259 g\u00fccl\u00fc sa\u00e7lar \u00fc\u00e7\u00fcn sa\u00e7 ya\u011f\u0131 ba\u015f d\u0259risin\u0259 t\u0259tbiq olunduqda qan d\u00f6vran\u0131n\u0131 stimulla\u015fd\u0131rma\u011fa v\u0259 k\u00f6kl\u0259rin daha yax\u015f\u0131 qidalanmas\u0131na k\u00f6m\u0259k edir. Bu is\u0259 sa\u00e7\u0131n daha sa\u011flam m\u00fchitd\u0259 uzanmas\u0131na \u015f\u0259rait yarad\u0131r.<\/p>\n<p data-start=\"2192\" data-end=\"2239\">M\u0259hsul x\u00fcsusil\u0259 a\u015fa\u011f\u0131dak\u0131 hallar \u00fc\u00e7\u00fcn uy\u011fundur:<\/p>\n<ul data-start=\"2241\" data-end=\"2399\">\n<li data-section-id=\"1fs90xw\" data-start=\"2241\" data-end=\"2286\">\n<p data-start=\"2243\" data-end=\"2286\">Uzatmaq ist\u0259diyi halda tez q\u0131r\u0131lan sa\u00e7lar<\/p>\n<\/li>\n<li data-section-id=\"1qq9asa\" data-start=\"2287\" data-end=\"2316\">\n<p data-start=\"2289\" data-end=\"2316\">Nazik v\u0259 z\u0259if sa\u00e7 tell\u0259ri<\/p>\n<\/li>\n<li data-section-id=\"12a7f0d\" data-start=\"2317\" data-end=\"2366\">\n<p data-start=\"2319\" data-end=\"2366\">Kimy\u0259vi prosedurlardan sonra z\u0259ifl\u0259mi\u015f sa\u00e7lar<\/p>\n<\/li>\n<li data-section-id=\"munutc\" data-start=\"2367\" data-end=\"2399\">\n<p data-start=\"2369\" data-end=\"2399\">Elastikliyini itirmi\u015f sa\u00e7lar<\/p>\n<\/li>\n<\/ul>\n<p data-start=\"2401\" data-end=\"2467\">M\u00fcnt\u0259z\u0259m istifad\u0259 sa\u00e7\u0131n daha g\u00fccl\u00fc v\u0259 davaml\u0131 olmas\u0131na k\u00f6m\u0259k edir.<\/p>\n<h2 data-section-id=\"1bfdbjp\" data-start=\"2469\" data-end=\"2478\">N\u0259tic\u0259<\/h2>\n<p data-start=\"2480\" data-end=\"2574\">Trichup Healthy, Long &amp; Strong sa\u011flam uzun v\u0259 g\u00fccl\u00fc sa\u00e7lar \u00fc\u00e7\u00fcn sa\u00e7 ya\u011f\u0131 istifad\u0259sind\u0259n sonra:<\/p>\n<ul data-start=\"2576\" data-end=\"2718\">\n<li data-section-id=\"w2j2ea\" data-start=\"2576\" data-end=\"2603\">\n<p data-start=\"2578\" data-end=\"2603\">Sa\u00e7 daha m\u00f6hk\u0259m g\u00f6r\u00fcn\u00fcr<\/p>\n<\/li>\n<li data-section-id=\"1x2qb3y\" data-start=\"2604\" data-end=\"2622\">\n<p data-start=\"2606\" data-end=\"2622\">Q\u0131r\u0131lma azal\u0131r<\/p>\n<\/li>\n<li data-section-id=\"2wgk3d\" data-start=\"2623\" data-end=\"2658\">\n<p data-start=\"2625\" data-end=\"2658\">Sa\u00e7 daha yum\u015faq v\u0259 elastik olur<\/p>\n<\/li>\n<li data-section-id=\"17h1sqn\" data-start=\"2659\" data-end=\"2678\">\n<p data-start=\"2661\" data-end=\"2678\">Parlaql\u0131q art\u0131r<\/p>\n<\/li>\n<li data-section-id=\"17i1qxc\" data-start=\"2679\" data-end=\"2718\">\n<p data-start=\"2681\" data-end=\"2718\">Uzunluq daha sa\u011flam \u015f\u0259kild\u0259 qorunur<\/p>\n<\/li>\n<\/ul>\n<p data-start=\"2720\" data-end=\"2815\">Uzunm\u00fcdd\u0259tli istifad\u0259 sa\u00e7\u0131n struktur keyfiyy\u0259tini y\u00fcks\u0259ldir v\u0259 daha bax\u0131ml\u0131 g\u00f6r\u00fcn\u00fc\u015f t\u0259min edir.<\/p>\n<hr data-start=\"2817\" data-end=\"2820\" \/>\n<h1 data-section-id=\"i6u0mb\" data-start=\"2822\" data-end=\"2850\">Niy\u0259 bu m\u0259hsulu almal\u0131yam?<\/h1>\n<ul data-start=\"2852\" data-end=\"3112\">\n<li data-section-id=\"14zhjn4\" data-start=\"2852\" data-end=\"2917\">\n<p data-start=\"2854\" data-end=\"2917\">Sa\u011flam uzun v\u0259 g\u00fccl\u00fc sa\u00e7lar \u00fc\u00e7\u00fcn sa\u00e7 ya\u011f\u0131 kimi h\u0259d\u0259fli formul<\/p>\n<\/li>\n<li data-section-id=\"injv0j\" data-start=\"2918\" data-end=\"2953\">\n<p data-start=\"2920\" data-end=\"2953\">Q\u0131r\u0131lmaya qar\u015f\u0131 intensiv d\u0259st\u0259k<\/p>\n<\/li>\n<li data-section-id=\"1j3a92w\" data-start=\"2954\" data-end=\"2984\">\n<p data-start=\"2956\" data-end=\"2984\">Sa\u00e7 k\u00f6kl\u0259rini qidaland\u0131r\u0131r<\/p>\n<\/li>\n<li data-section-id=\"f3earz\" data-start=\"2985\" data-end=\"3021\">\n<p data-start=\"2987\" data-end=\"3021\">Uzunlu\u011fun qorunmas\u0131na k\u00f6m\u0259k edir<\/p>\n<\/li>\n<li data-section-id=\"s6h28a\" data-start=\"3022\" data-end=\"3060\">\n<p data-start=\"3024\" data-end=\"3060\">Parlaql\u0131q v\u0259 elastiklik t\u0259min edir<\/p>\n<\/li>\n<li data-section-id=\"16f81vr\" data-start=\"3061\" data-end=\"3112\">\n<p data-start=\"3063\" data-end=\"3112\">Professional v\u0259 balansl\u0131 sa\u00e7 bax\u0131m\u0131 t\u0259qdim edir<\/p>\n<\/li>\n<\/ul>\n<p data-start=\"3114\" data-end=\"3231\">\u018fg\u0259r sa\u00e7lar\u0131n\u0131z\u0131 uzatmaq v\u0259 eyni zamanda daha g\u00fccl\u00fc etm\u0259k ist\u0259yirsinizs\u0259, bu m\u0259hsul m\u0259qs\u0259dy\u00f6nl\u00fc v\u0259 effektiv se\u00e7imdir.<\/p>\n<hr data-start=\"3233\" data-end=\"3236\" \/>\n<h1 data-section-id=\"8rcmto\" data-start=\"3238\" data-end=\"3256\">\u0130stifad\u0259 qaydas\u0131<\/h1>\n<ol data-start=\"3258\" data-end=\"3437\">\n<li data-section-id=\"g3fzz2\" data-start=\"3258\" data-end=\"3330\">\n<p data-start=\"3261\" data-end=\"3330\">Kifay\u0259t q\u0259d\u0259r ya\u011f\u0131 ba\u015f d\u0259risin\u0259 v\u0259 sa\u00e7\u0131n uzunluqlar\u0131na t\u0259tbiq edin.<\/p>\n<\/li>\n<li data-section-id=\"17r6aib\" data-start=\"3331\" data-end=\"3366\">\n<p data-start=\"3334\" data-end=\"3366\">5\u201310 d\u0259qiq\u0259 y\u00fcng\u00fcl masaj edin.<\/p>\n<\/li>\n<li data-section-id=\"w80lbj\" data-start=\"3367\" data-end=\"3399\">\n<p data-start=\"3370\" data-end=\"3399\">Minimum 30 d\u0259qiq\u0259 saxlay\u0131n.<\/p>\n<\/li>\n<li data-section-id=\"sinw7j\" data-start=\"3400\" data-end=\"3437\">\n<p data-start=\"3403\" data-end=\"3437\">Daha sonra uy\u011fun \u015fampunla yuyun.<\/p>\n<\/li>\n<\/ol>\n<p data-start=\"3439\" data-end=\"3480\">H\u0259ft\u0259d\u0259 1\u20132 d\u0259f\u0259 istifad\u0259 t\u00f6vsiy\u0259 olunur.<\/p>\n<hr data-start=\"3482\" data-end=\"3485\" \/>\n<h1 data-section-id=\"1htqakv\" data-start=\"3487\" data-end=\"3493\">Qeyd<\/h1>\n<ul data-start=\"3495\" data-end=\"3643\">\n<li data-section-id=\"p2wq1c\" data-start=\"3495\" data-end=\"3523\">\n<p data-start=\"3497\" data-end=\"3523\">Xarici istifad\u0259 \u00fc\u00e7\u00fcnd\u00fcr.<\/p>\n<\/li>\n<li data-section-id=\"18go3e\" data-start=\"3524\" data-end=\"3551\">\n<p data-start=\"3526\" data-end=\"3551\">G\u00f6zl\u0259 t\u0259masdan qoruyun.<\/p>\n<\/li>\n<li data-section-id=\"gvn2zq\" data-start=\"3552\" data-end=\"3600\">\n<p data-start=\"3554\" data-end=\"3600\">H\u0259ssasl\u0131q yaranarsa istifad\u0259sini dayand\u0131r\u0131n.<\/p>\n<\/li>\n<li data-section-id=\"2ufj0a\" data-start=\"3601\" data-end=\"3643\">\n<p data-start=\"3603\" data-end=\"3643\">U\u015faqlar\u0131n \u0259li \u00e7atmayan yerd\u0259 saxlay\u0131n.<\/p>\n<\/li>\n<\/ul>","protected":false},"excerpt":{"rendered":"<p>Trichup Healthy, Long &amp; Strong sa\u011flam uzun v\u0259 g\u00fccl\u00fc sa\u00e7lar \u00fc\u00e7\u00fcn sa\u00e7 ya\u011f\u0131 z\u0259if v\u0259 q\u0131r\u0131lan sa\u00e7lar\u0131n intensiv bax\u0131m\u0131 \u00fc\u00e7\u00fcn haz\u0131rlanm\u0131\u015fd\u0131r. Sa\u00e7 k\u00f6kl\u0259rini qidaland\u0131r\u0131r, elastikliyi art\u0131r\u0131r v\u0259 uzunlu\u011fun daha sa\u011flam qorunmas\u0131na k\u00f6m\u0259k edir.<\/p>","protected":false},"featured_media":9483,"comment_status":"open","ping_status":"closed","template":"","meta":[],"pwb-brand":[409],"product_cat":[126,135],"product_tag":[308,307],"class_list":{"0":"post-9482","1":"product","2":"type-product","3":"status-publish","4":"has-post-thumbnail","6":"pwb-brand-trichup","7":"product_cat-haircare","8":"product_cat-oil","9":"product_tag-haircare","10":"product_tag-longstronghair","11":"pa_size-100ml","12":"pa_size-200ml","15":"instock","16":"sale","17":"shipping-taxable","18":"purchasable","19":"product-type-variable"},"brands":[{"id":409,"name":"Trichup","slug":"trichup"}],"_links":{"self":[{"href":"https:\/\/axtarstore.com\/ru\/wp-json\/wp\/v2\/product\/9482"}],"collection":[{"href":"https:\/\/axtarstore.com\/ru\/wp-json\/wp\/v2\/product"}],"about":[{"href":"https:\/\/axtarstore.com\/ru\/wp-json\/wp\/v2\/types\/product"}],"replies":[{"embeddable":true,"href":"https:\/\/axtarstore.com\/ru\/wp-json\/wp\/v2\/comments?post=9482"}],"version-history":[{"count":5,"href":"https:\/\/axtarstore.com\/ru\/wp-json\/wp\/v2\/product\/9482\/revisions"}],"predecessor-version":[{"id":11247,"href":"https:\/\/axtarstore.com\/ru\/wp-json\/wp\/v2\/product\/9482\/revisions\/11247"}],"wp:featuredmedia":[{"embeddable":true,"href":"https:\/\/axtarstore.com\/ru\/wp-json\/wp\/v2\/media\/9483"}],"wp:attachment":[{"href":"https:\/\/axtarstore.com\/ru\/wp-json\/wp\/v2\/media?parent=9482"}],"wp:term":[{"taxonomy":"pwb-brand","embeddable":true,"href":"https:\/\/axtarstore.com\/ru\/wp-json\/wp\/v2\/pwb-brand?post=9482"},{"taxonomy":"product_cat","embeddable":true,"href":"https:\/\/axtarstore.com\/ru\/wp-json\/wp\/v2\/product_cat?post=9482"},{"taxonomy":"product_tag","embeddable":true,"href":"https:\/\/axtarstore.com\/ru\/wp-json\/wp\/v2\/product_tag?post=9482"}],"curies":[{"name":"wp","href":"https:\/\/api.w.org\/{rel}","templated":true}]}}