{"id":9479,"date":"2025-03-20T22:27:31","date_gmt":"2025-03-20T18:27:31","guid":{"rendered":"https:\/\/axtarstore.com\/?post_type=product&#038;p=9479"},"modified":"2026-02-19T21:54:00","modified_gmt":"2026-02-19T17:54:00","slug":"tebii-xina-tozu-100q-trichup-henna","status":"publish","type":"product","link":"https:\/\/axtarstore.com\/ru\/product\/tebii-xina-tozu-100q-trichup-henna\/","title":{"rendered":"Trichup Henna (100g)"},"content":{"rendered":"<p><strong>Trichup Henna 100q \u2013 T\u0259bii X\u0131na Tozu<\/strong><\/p>\n<h2 data-section-id=\"6xzsz2\" data-start=\"890\" data-end=\"900\">Problem<\/h2>\n<p data-start=\"902\" data-end=\"1042\">Sa\u00e7lar\u0131n tez-tez kimy\u0259vi boyalarla r\u0259ngl\u0259nm\u0259si zamanla sa\u00e7 strukturunun z\u0259ifl\u0259m\u0259sin\u0259 s\u0259b\u0259b olur. Amonyak v\u0259 dig\u0259r s\u0259rt kimy\u0259vi komponentl\u0259r:<\/p>\n<ul data-start=\"1044\" data-end=\"1181\">\n<li data-section-id=\"f8zp9c\" data-start=\"1044\" data-end=\"1064\">\n<p data-start=\"1046\" data-end=\"1064\">Sa\u00e7\u0131n qurumas\u0131na<\/p>\n<\/li>\n<li data-section-id=\"1dfydbw\" data-start=\"1065\" data-end=\"1089\">\n<p data-start=\"1067\" data-end=\"1089\">Q\u0131r\u0131lman\u0131n artmas\u0131na<\/p>\n<\/li>\n<li data-section-id=\"1y9lcfx\" data-start=\"1090\" data-end=\"1116\">\n<p data-start=\"1092\" data-end=\"1116\">Parlaql\u0131\u011f\u0131n azalmas\u0131na<\/p>\n<\/li>\n<li data-section-id=\"17vzuxd\" data-start=\"1117\" data-end=\"1150\">\n<p data-start=\"1119\" data-end=\"1150\">Ba\u015f d\u0259risinin h\u0259ssasla\u015fmas\u0131na<\/p>\n<\/li>\n<li data-section-id=\"1m96oas\" data-start=\"1151\" data-end=\"1181\">\n<p data-start=\"1153\" data-end=\"1181\">Sa\u00e7 telinin nazikl\u0259\u015fm\u0259sin\u0259<\/p>\n<\/li>\n<\/ul>\n<p data-start=\"1183\" data-end=\"1199\">s\u0259b\u0259b ola bil\u0259r.<\/p>\n<p data-start=\"1201\" data-end=\"1359\">Bir \u00e7ox istifad\u0259\u00e7i h\u0259m sa\u00e7\u0131n\u0131 r\u0259ngl\u0259m\u0259k, h\u0259m d\u0259 eyni zamanda sa\u00e7\u0131na z\u0259r\u0259r verm\u0259m\u0259k ist\u0259yir. Bu s\u0259b\u0259bd\u0259n t\u0259bii v\u0259 bitki m\u0259n\u015f\u0259li alternativl\u0259r\u0259 ehtiyac yaran\u0131r.<\/p>\n<h2 data-section-id=\"1xwjg8k\" data-start=\"1361\" data-end=\"1368\">H\u0259ll<\/h2>\n<p data-start=\"1370\" data-end=\"1560\">Trichup Henna 100q t\u0259bii x\u0131na tozu sa\u00e7lar\u0131n kimy\u0259visiz \u015f\u0259kild\u0259 r\u0259ngl\u0259nm\u0259si v\u0259 m\u00f6hk\u0259ml\u0259ndirilm\u0259si \u00fc\u00e7\u00fcn haz\u0131rlanm\u0131\u015fd\u0131r. Bitki m\u0259n\u015f\u0259li t\u0259rkibi il\u0259 sa\u00e7 telini \u00f6rt\u0259r\u0259k t\u0259bii qoruyucu qat yarad\u0131r.<\/p>\n<p data-start=\"1562\" data-end=\"1578\">T\u0259bii x\u0131na tozu:<\/p>\n<ul data-start=\"1580\" data-end=\"1754\">\n<li data-section-id=\"frbk0k\" data-start=\"1580\" data-end=\"1613\">\n<p data-start=\"1582\" data-end=\"1613\">Sa\u00e7lara t\u0259bii r\u0259ng tonu verir<\/p>\n<\/li>\n<li data-section-id=\"x1e4qa\" data-start=\"1614\" data-end=\"1655\">\n<p data-start=\"1616\" data-end=\"1655\">Sa\u00e7 telini qal\u0131nla\u015fd\u0131rma\u011fa k\u00f6m\u0259k edir<\/p>\n<\/li>\n<li data-section-id=\"1jwegon\" data-start=\"1656\" data-end=\"1677\">\n<p data-start=\"1658\" data-end=\"1677\">Parlaql\u0131q yarad\u0131r<\/p>\n<\/li>\n<li data-section-id=\"196lcf9\" data-start=\"1678\" data-end=\"1708\">\n<p data-start=\"1680\" data-end=\"1708\">Ba\u015f d\u0259risini sakitl\u0259\u015fdirir<\/p>\n<\/li>\n<li data-section-id=\"lii7s9\" data-start=\"1709\" data-end=\"1754\">\n<p data-start=\"1711\" data-end=\"1754\">Sa\u00e7\u0131n daha dol\u011fun g\u00f6r\u00fcnm\u0259sin\u0259 d\u0259st\u0259k olur<\/p>\n<\/li>\n<\/ul>\n<p data-start=\"1756\" data-end=\"1917\">X\u0131na sa\u00e7\u0131n \u00fcz\u0259rind\u0259 qoruyucu t\u0259b\u0259q\u0259 yaradaraq strukturun daha davaml\u0131 olmas\u0131na k\u00f6m\u0259k edir. Bu x\u00fcsusiyy\u0259t sa\u00e7\u0131n daha m\u00f6hk\u0259m v\u0259 elastik g\u00f6r\u00fcnm\u0259sin\u0259 \u015f\u0259rait yarad\u0131r.<\/p>\n<p data-start=\"1919\" data-end=\"1959\">X\u00fcsusil\u0259 a\u015fa\u011f\u0131dak\u0131 hallar \u00fc\u00e7\u00fcn uy\u011fundur:<\/p>\n<ul data-start=\"1961\" data-end=\"2134\">\n<li data-section-id=\"179nwz8\" data-start=\"1961\" data-end=\"2005\">\n<p data-start=\"1963\" data-end=\"2005\">Kimy\u0259vi boya istifad\u0259 etm\u0259k ist\u0259m\u0259y\u0259nl\u0259r<\/p>\n<\/li>\n<li data-section-id=\"a1shau\" data-start=\"2006\" data-end=\"2030\">\n<p data-start=\"2008\" data-end=\"2030\">Z\u0259if v\u0259 nazik sa\u00e7lar<\/p>\n<\/li>\n<li data-section-id=\"2asnjg\" data-start=\"2031\" data-end=\"2062\">\n<p data-start=\"2033\" data-end=\"2062\">Parlaql\u0131\u011f\u0131n\u0131 itirmi\u015f sa\u00e7lar<\/p>\n<\/li>\n<li data-section-id=\"urcpk8\" data-start=\"2063\" data-end=\"2093\">\n<p data-start=\"2065\" data-end=\"2093\">H\u0259cm itkisi ya\u015fayan sa\u00e7lar<\/p>\n<\/li>\n<li data-section-id=\"lott3c\" data-start=\"2094\" data-end=\"2134\">\n<p data-start=\"2096\" data-end=\"2134\">T\u0259bii sa\u00e7 bax\u0131m\u0131na \u00fcst\u00fcnl\u00fck ver\u0259nl\u0259r<\/p>\n<\/li>\n<\/ul>\n<p data-start=\"2136\" data-end=\"2244\">Trichup Henna 100q t\u0259bii x\u0131na tozu sa\u00e7\u0131n h\u0259m estetik, h\u0259m d\u0259 struktur bax\u0131m\u0131ndan d\u0259st\u0259kl\u0259nm\u0259sin\u0259 k\u00f6m\u0259k edir.<\/p>\n<h2 data-section-id=\"1bfdbjp\" data-start=\"2246\" data-end=\"2255\">N\u0259tic\u0259<\/h2>\n<p data-start=\"2257\" data-end=\"2282\">M\u00fcnt\u0259z\u0259m istifad\u0259 zaman\u0131:<\/p>\n<ul data-start=\"2284\" data-end=\"2439\">\n<li data-section-id=\"122ooxd\" data-start=\"2284\" data-end=\"2311\">\n<p data-start=\"2286\" data-end=\"2311\">Sa\u00e7 daha parlaq g\u00f6r\u00fcn\u00fcr<\/p>\n<\/li>\n<li data-section-id=\"1cb13z7\" data-start=\"2312\" data-end=\"2342\">\n<p data-start=\"2314\" data-end=\"2342\">T\u0259bii r\u0259ng tonu formala\u015f\u0131r<\/p>\n<\/li>\n<li data-section-id=\"7hhuuk\" data-start=\"2343\" data-end=\"2374\">\n<p data-start=\"2345\" data-end=\"2374\">Sa\u00e7 daha dol\u011fun hiss olunur<\/p>\n<\/li>\n<li data-section-id=\"1x2qb3y\" data-start=\"2375\" data-end=\"2393\">\n<p data-start=\"2377\" data-end=\"2393\">Q\u0131r\u0131lma azal\u0131r<\/p>\n<\/li>\n<li data-section-id=\"xia6l5\" data-start=\"2394\" data-end=\"2439\">\n<p data-start=\"2396\" data-end=\"2439\">Ba\u015f d\u0259risi daha balansl\u0131 v\u0259ziyy\u0259td\u0259 qal\u0131r<\/p>\n<\/li>\n<\/ul>\n<p data-start=\"2441\" data-end=\"2590\">T\u0259bii x\u0131na tozu sa\u00e7lara h\u0259m r\u0259ng, h\u0259m d\u0259 qoruyucu t\u0259sir t\u0259qdim edir. Bu is\u0259 uzunm\u00fcdd\u0259tli sa\u00e7 sa\u011flaml\u0131\u011f\u0131 \u00fc\u00e7\u00fcn daha t\u0259hl\u00fck\u0259siz alternativ hesab olunur.<\/p>\n<hr data-start=\"2592\" data-end=\"2595\" \/>\n<h1 data-section-id=\"i6u0mb\" data-start=\"2597\" data-end=\"2625\">Niy\u0259 bu m\u0259hsulu almal\u0131yam?<\/h1>\n<ul data-start=\"2627\" data-end=\"2813\">\n<li data-section-id=\"qs3mqp\" data-start=\"2627\" data-end=\"2651\">\n<p data-start=\"2629\" data-end=\"2651\">100% t\u0259bii x\u0131na tozu<\/p>\n<\/li>\n<li data-section-id=\"1kedilq\" data-start=\"2652\" data-end=\"2680\">\n<p data-start=\"2654\" data-end=\"2680\">Kimy\u0259vi boya alternativi<\/p>\n<\/li>\n<li data-section-id=\"1xfbms7\" data-start=\"2681\" data-end=\"2719\">\n<p data-start=\"2683\" data-end=\"2719\">Sa\u00e7a t\u0259bii r\u0259ng v\u0259 parlaql\u0131q verir<\/p>\n<\/li>\n<li data-section-id=\"cuvta5\" data-start=\"2720\" data-end=\"2749\">\n<p data-start=\"2722\" data-end=\"2749\">Sa\u00e7 telini m\u00f6hk\u0259ml\u0259ndirir<\/p>\n<\/li>\n<li data-section-id=\"cvt970\" data-start=\"2750\" data-end=\"2776\">\n<p data-start=\"2752\" data-end=\"2776\">H\u0259cmli g\u00f6r\u00fcn\u00fc\u015f yarad\u0131r<\/p>\n<\/li>\n<li data-section-id=\"46sz8i\" data-start=\"2777\" data-end=\"2813\">\n<p data-start=\"2779\" data-end=\"2813\">Bitki m\u0259n\u015f\u0259li v\u0259 balansl\u0131 formul<\/p>\n<\/li>\n<\/ul>\n<p data-start=\"2815\" data-end=\"2934\">\u018fg\u0259r sa\u00e7\u0131n\u0131z\u0131 kimy\u0259visiz \u015f\u0259kild\u0259 r\u0259ngl\u0259m\u0259k v\u0259 eyni zamanda g\u00fccl\u0259ndirm\u0259k ist\u0259yirsinizs\u0259, bu m\u0259hsul m\u0259qs\u0259dy\u00f6nl\u00fc se\u00e7imdir.<\/p>\n<hr data-start=\"2936\" data-end=\"2939\" \/>\n<h1 data-section-id=\"8rcmto\" data-start=\"2941\" data-end=\"2959\">\u0130stifad\u0259 qaydas\u0131<\/h1>\n<ol data-start=\"2961\" data-end=\"3151\">\n<li data-section-id=\"fre3b\" data-start=\"2961\" data-end=\"3040\">\n<p data-start=\"2964\" data-end=\"3040\">Laz\u0131mi miqdarda x\u0131na tozunu isti su il\u0259 qar\u0131\u015fd\u0131raraq pasta hal\u0131na g\u0259tirin.<\/p>\n<\/li>\n<li data-section-id=\"qb6gt2\" data-start=\"3041\" data-end=\"3100\">\n<p data-start=\"3044\" data-end=\"3100\">Qar\u0131\u015f\u0131\u011f\u0131 sa\u00e7\u0131n k\u00f6kl\u0259rin\u0259 v\u0259 uzunluqlar\u0131na t\u0259tbiq edin.<\/p>\n<\/li>\n<li data-section-id=\"1vg01og\" data-start=\"3101\" data-end=\"3124\">\n<p data-start=\"3104\" data-end=\"3124\">1\u20132 saat saxlay\u0131n.<\/p>\n<\/li>\n<li data-section-id=\"5st8qo\" data-start=\"3125\" data-end=\"3151\">\n<p data-start=\"3128\" data-end=\"3151\">Bol su il\u0259 yaxalay\u0131n.<\/p>\n<\/li>\n<\/ol>\n<p data-start=\"3153\" data-end=\"3207\">Daha intensiv ton \u00fc\u00e7\u00fcn saxlanma m\u00fcdd\u0259ti uzad\u0131la bil\u0259r.<\/p>\n<hr data-start=\"3209\" data-end=\"3212\" \/>\n<h1 data-section-id=\"1htqakv\" data-start=\"3214\" data-end=\"3220\">Qeyd<\/h1>\n<ul data-start=\"3222\" data-end=\"3383\">\n<li data-section-id=\"p2wq1c\" data-start=\"3222\" data-end=\"3250\">\n<p data-start=\"3224\" data-end=\"3250\">Xarici istifad\u0259 \u00fc\u00e7\u00fcnd\u00fcr.<\/p>\n<\/li>\n<li data-section-id=\"18go3e\" data-start=\"3251\" data-end=\"3278\">\n<p data-start=\"3253\" data-end=\"3278\">G\u00f6zl\u0259 t\u0259masdan qoruyun.<\/p>\n<\/li>\n<li data-section-id=\"1uc2xnx\" data-start=\"3279\" data-end=\"3340\">\n<p data-start=\"3281\" data-end=\"3340\">\u0130stifad\u0259d\u0259n \u0259vv\u0259l ki\u00e7ik sah\u0259d\u0259 test etm\u0259k t\u00f6vsiy\u0259 olunur.<\/p>\n<\/li>\n<li data-section-id=\"2ufj0a\" data-start=\"3341\" data-end=\"3383\">\n<p data-start=\"3343\" data-end=\"3383\">U\u015faqlar\u0131n \u0259li \u00e7atmayan yerd\u0259 saxlay\u0131n.<\/p>\n<\/li>\n<\/ul>","protected":false},"excerpt":{"rendered":"<p>Trichup Henna 100q t\u0259bii x\u0131na tozu sa\u00e7lar\u0131n bitki m\u0259n\u015f\u0259li \u00fcsulla r\u0259ngl\u0259nm\u0259si v\u0259 m\u00f6hk\u0259ml\u0259ndirilm\u0259si \u00fc\u00e7\u00fcn n\u0259z\u0259rd\u0259 tutulmu\u015fdur. Sa\u00e7a t\u0259bii ton, parlaql\u0131q v\u0259 daha dol\u011fun g\u00f6r\u00fcn\u00fc\u015f qazand\u0131rma\u011fa k\u00f6m\u0259k edir. Kimy\u0259vi qatq\u0131s\u0131z formulaya malikdir.<\/p>","protected":false},"featured_media":9480,"comment_status":"open","ping_status":"closed","template":"","meta":[],"pwb-brand":[409],"product_cat":[126,141,130],"product_tag":[308,413],"class_list":{"0":"post-9479","1":"product","2":"type-product","3":"status-publish","4":"has-post-thumbnail","6":"pwb-brand-trichup","7":"product_cat-haircare","8":"product_cat-reng","9":"product_cat-salonbaxim","10":"product_tag-haircare","11":"product_tag-henna","12":"pa_size-100grm","15":"instock","16":"sale","17":"shipping-taxable","18":"purchasable","19":"product-type-simple"},"brands":[{"id":409,"name":"Trichup","slug":"trichup"}],"_links":{"self":[{"href":"https:\/\/axtarstore.com\/ru\/wp-json\/wp\/v2\/product\/9479"}],"collection":[{"href":"https:\/\/axtarstore.com\/ru\/wp-json\/wp\/v2\/product"}],"about":[{"href":"https:\/\/axtarstore.com\/ru\/wp-json\/wp\/v2\/types\/product"}],"replies":[{"embeddable":true,"href":"https:\/\/axtarstore.com\/ru\/wp-json\/wp\/v2\/comments?post=9479"}],"version-history":[{"count":3,"href":"https:\/\/axtarstore.com\/ru\/wp-json\/wp\/v2\/product\/9479\/revisions"}],"predecessor-version":[{"id":11249,"href":"https:\/\/axtarstore.com\/ru\/wp-json\/wp\/v2\/product\/9479\/revisions\/11249"}],"wp:featuredmedia":[{"embeddable":true,"href":"https:\/\/axtarstore.com\/ru\/wp-json\/wp\/v2\/media\/9480"}],"wp:attachment":[{"href":"https:\/\/axtarstore.com\/ru\/wp-json\/wp\/v2\/media?parent=9479"}],"wp:term":[{"taxonomy":"pwb-brand","embeddable":true,"href":"https:\/\/axtarstore.com\/ru\/wp-json\/wp\/v2\/pwb-brand?post=9479"},{"taxonomy":"product_cat","embeddable":true,"href":"https:\/\/axtarstore.com\/ru\/wp-json\/wp\/v2\/product_cat?post=9479"},{"taxonomy":"product_tag","embeddable":true,"href":"https:\/\/axtarstore.com\/ru\/wp-json\/wp\/v2\/product_tag?post=9479"}],"curies":[{"name":"wp","href":"https:\/\/api.w.org\/{rel}","templated":true}]}}