{"id":9475,"date":"2025-03-20T22:23:23","date_gmt":"2025-03-20T18:23:23","guid":{"rendered":"https:\/\/axtarstore.com\/?post_type=product&#038;p=9475"},"modified":"2026-02-19T21:58:51","modified_gmt":"2026-02-19T17:58:51","slug":"istilikden-qorunmasi-sac-serumu-trichup","status":"publish","type":"product","link":"https:\/\/axtarstore.com\/ru\/product\/istilikden-qorunmasi-sac-serumu-trichup\/","title":{"rendered":"istilikden qorunmas\u0131 Sa\u00e7 Serumu Trichup Hair Serum- Nutri Shine 60ml"},"content":{"rendered":"<p><strong>Trichup Nutri Shine \u0130stilikd\u0259n Qorunmas\u0131 Sa\u00e7 Serumu<\/strong><\/p>\n<h2 data-section-id=\"6xzsz2\" data-start=\"949\" data-end=\"959\">Problem<\/h2>\n<p data-start=\"961\" data-end=\"1113\">M\u00fcasir sa\u00e7 d\u00fcz\u00fcm\u00fc al\u0259tl\u0259ri \u2013 fen, sa\u00e7 d\u00fczl\u0259\u015fdirici v\u0259 buruq ma\u015fas\u0131 \u2013 g\u00fcnd\u0259lik istifad\u0259d\u0259 sa\u00e7\u0131n strukturuna ciddi t\u0259sir g\u00f6st\u0259r\u0259 bil\u0259r. Y\u00fcks\u0259k temperatur:<\/p>\n<ul data-start=\"1115\" data-end=\"1243\">\n<li data-section-id=\"f8zp9c\" data-start=\"1115\" data-end=\"1135\">\n<p data-start=\"1117\" data-end=\"1135\">Sa\u00e7\u0131n qurumas\u0131na<\/p>\n<\/li>\n<li data-section-id=\"jn5hmx\" data-start=\"1136\" data-end=\"1163\">\n<p data-start=\"1138\" data-end=\"1163\">Elastikliyin azalmas\u0131na<\/p>\n<\/li>\n<li data-section-id=\"1dfydbw\" data-start=\"1164\" data-end=\"1188\">\n<p data-start=\"1166\" data-end=\"1188\">Q\u0131r\u0131lman\u0131n artmas\u0131na<\/p>\n<\/li>\n<li data-section-id=\"zo6i0j\" data-start=\"1189\" data-end=\"1214\">\n<p data-start=\"1191\" data-end=\"1214\">Uclar\u0131n ha\u00e7alanmas\u0131na<\/p>\n<\/li>\n<li data-section-id=\"1j12ykw\" data-start=\"1215\" data-end=\"1243\">\n<p data-start=\"1217\" data-end=\"1243\">Parlaql\u0131\u011f\u0131n itirilm\u0259sin\u0259<\/p>\n<\/li>\n<\/ul>\n<p data-start=\"1245\" data-end=\"1256\">s\u0259b\u0259b olur.<\/p>\n<p data-start=\"1258\" data-end=\"1437\">X\u00fcsusil\u0259 tez-tez fen v\u0259 d\u00fczl\u0259\u015fdirici istifad\u0259 ed\u0259nl\u0259r \u00fc\u00e7\u00fcn istilikd\u0259n qorunmas\u0131 sa\u00e7 serumu istifad\u0259si vacib m\u0259rh\u0259l\u0259y\u0259 \u00e7evrilmi\u015fdir. \u018fks halda sa\u00e7 zamanla z\u0259ifl\u0259yir v\u0259 k\u00f6vr\u0259kl\u0259\u015fir.<\/p>\n<h2 data-section-id=\"1xwjg8k\" data-start=\"1439\" data-end=\"1446\">H\u0259ll<\/h2>\n<p data-start=\"1448\" data-end=\"1623\">Trichup Nutri Shine istilikd\u0259n qorunmas\u0131 sa\u00e7 serumu sa\u00e7 telinin \u00fcz\u0259rind\u0259 nazik qoruyucu qat yarad\u0131r. Bu qat y\u00fcks\u0259k temperaturun birba\u015fa t\u0259sirini minimuma endirm\u0259y\u0259 k\u00f6m\u0259k edir.<\/p>\n<p data-start=\"1625\" data-end=\"1652\">Formulun \u0259sas \u00fcst\u00fcnl\u00fckl\u0259ri:<\/p>\n<ul data-start=\"1654\" data-end=\"1817\">\n<li data-section-id=\"1c7tbtf\" data-start=\"1654\" data-end=\"1696\">\n<p data-start=\"1656\" data-end=\"1696\">\u0130stilik t\u0259sirin\u0259 qar\u015f\u0131 qoruyucu effekt<\/p>\n<\/li>\n<li data-section-id=\"1ehwljf\" data-start=\"1697\" data-end=\"1726\">\n<p data-start=\"1699\" data-end=\"1726\">Sa\u00e7 s\u0259thini hamarla\u015fd\u0131rma<\/p>\n<\/li>\n<li data-section-id=\"1ny7e30\" data-start=\"1727\" data-end=\"1757\">\n<p data-start=\"1729\" data-end=\"1757\">Q\u0131r\u0131lman\u0131 azaltma\u011fa d\u0259st\u0259k<\/p>\n<\/li>\n<li data-section-id=\"m0hyss\" data-start=\"1758\" data-end=\"1780\">\n<p data-start=\"1760\" data-end=\"1780\">Parlaql\u0131\u011f\u0131 art\u0131rma<\/p>\n<\/li>\n<li data-section-id=\"1u211o4\" data-start=\"1781\" data-end=\"1817\">\n<p data-start=\"1783\" data-end=\"1817\">Elektrikl\u0259nm\u0259ni minimuma endirm\u0259<\/p>\n<\/li>\n<\/ul>\n<p data-start=\"1819\" data-end=\"1965\">T\u0259rkibind\u0259ki qidaland\u0131r\u0131c\u0131 ya\u011f kompleksl\u0259ri sa\u00e7\u0131n n\u0259m balans\u0131n\u0131 qoruma\u011fa k\u00f6m\u0259k edir. Serum sa\u00e7lar\u0131 a\u011f\u0131rla\u015fd\u0131rmadan hamar v\u0259 ip\u0259kvari hiss yarad\u0131r.<\/p>\n<p data-start=\"1967\" data-end=\"2039\">\u0130stilikd\u0259n qorunmas\u0131 sa\u00e7 serumu x\u00fcsusil\u0259 a\u015fa\u011f\u0131dak\u0131 hallar \u00fc\u00e7\u00fcn uy\u011fundur:<\/p>\n<ul data-start=\"2041\" data-end=\"2220\">\n<li data-section-id=\"1c5i46c\" data-start=\"2041\" data-end=\"2073\">\n<p data-start=\"2043\" data-end=\"2073\">Tez-tez fen istifad\u0259 ed\u0259nl\u0259r<\/p>\n<\/li>\n<li data-section-id=\"25fa57\" data-start=\"2074\" data-end=\"2127\">\n<p data-start=\"2076\" data-end=\"2127\">Sa\u00e7 d\u00fczl\u0259\u015fdirici v\u0259 buruq ma\u015fas\u0131 istifad\u0259 ed\u0259nl\u0259r<\/p>\n<\/li>\n<li data-section-id=\"84yx7p\" data-start=\"2128\" data-end=\"2153\">\n<p data-start=\"2130\" data-end=\"2153\">Quru v\u0259 k\u00f6vr\u0259k sa\u00e7lar<\/p>\n<\/li>\n<li data-section-id=\"2asnjg\" data-start=\"2154\" data-end=\"2185\">\n<p data-start=\"2156\" data-end=\"2185\">Parlaql\u0131\u011f\u0131n\u0131 itirmi\u015f sa\u00e7lar<\/p>\n<\/li>\n<li data-section-id=\"6t89en\" data-start=\"2186\" data-end=\"2220\">\n<p data-start=\"2188\" data-end=\"2220\">Elektrikl\u0259nm\u0259y\u0259 meyilli sa\u00e7lar<\/p>\n<\/li>\n<\/ul>\n<p data-start=\"2222\" data-end=\"2327\">M\u0259hsul h\u0259m n\u0259m, h\u0259m d\u0259 quru sa\u00e7da istifad\u0259 oluna bil\u0259r v\u0259 g\u00fcnd\u0259lik bax\u0131m rutinin\u0259 asanl\u0131qla daxil edilir.<\/p>\n<h2 data-section-id=\"1bfdbjp\" data-start=\"2329\" data-end=\"2338\">N\u0259tic\u0259<\/h2>\n<p data-start=\"2340\" data-end=\"2413\">Trichup Nutri Shine istilikd\u0259n qorunmas\u0131 sa\u00e7 serumu istifad\u0259sind\u0259n sonra:<\/p>\n<ul data-start=\"2415\" data-end=\"2551\">\n<li data-section-id=\"1sjkmmx\" data-start=\"2415\" data-end=\"2441\">\n<p data-start=\"2417\" data-end=\"2441\">Sa\u00e7 daha hamar g\u00f6r\u00fcn\u00fcr<\/p>\n<\/li>\n<li data-section-id=\"17h1sqn\" data-start=\"2442\" data-end=\"2461\">\n<p data-start=\"2444\" data-end=\"2461\">Parlaql\u0131q art\u0131r<\/p>\n<\/li>\n<li data-section-id=\"1x2qb3y\" data-start=\"2462\" data-end=\"2480\">\n<p data-start=\"2464\" data-end=\"2480\">Q\u0131r\u0131lma azal\u0131r<\/p>\n<\/li>\n<li data-section-id=\"5hzisj\" data-start=\"2481\" data-end=\"2512\">\n<p data-start=\"2483\" data-end=\"2512\">Elektrikl\u0259nm\u0259 minimuma enir<\/p>\n<\/li>\n<li data-section-id=\"4dfsv8\" data-start=\"2513\" data-end=\"2551\">\n<p data-start=\"2515\" data-end=\"2551\">D\u00fcz\u00fcm daha uzun m\u00fcdd\u0259t qal\u0131c\u0131 olur<\/p>\n<\/li>\n<\/ul>\n<p data-start=\"2553\" data-end=\"2669\">M\u00fcnt\u0259z\u0259m istifad\u0259 sa\u00e7\u0131n struktur keyfiyy\u0259tini qoruma\u011fa v\u0259 istilik al\u0259tl\u0259rinin z\u0259r\u0259rli t\u0259sirini azaltma\u011fa k\u00f6m\u0259k edir.<\/p>\n<hr data-start=\"2671\" data-end=\"2674\" \/>\n<h1 data-section-id=\"i6u0mb\" data-start=\"2676\" data-end=\"2704\">Niy\u0259 bu m\u0259hsulu almal\u0131yam?<\/h1>\n<ul data-start=\"2706\" data-end=\"2936\">\n<li data-section-id=\"vk9wa0\" data-start=\"2706\" data-end=\"2761\">\n<p data-start=\"2708\" data-end=\"2761\">\u0130stilikd\u0259n qorunmas\u0131 sa\u00e7 serumu kimi h\u0259d\u0259fli formul<\/p>\n<\/li>\n<li data-section-id=\"1yr5jek\" data-start=\"2762\" data-end=\"2807\">\n<p data-start=\"2764\" data-end=\"2807\">Fen v\u0259 d\u00fczl\u0259\u015fdirici t\u0259sirin\u0259 qar\u015f\u0131 qoruma<\/p>\n<\/li>\n<li data-section-id=\"1ny7e30\" data-start=\"2808\" data-end=\"2838\">\n<p data-start=\"2810\" data-end=\"2838\">Q\u0131r\u0131lman\u0131 azaltma\u011fa d\u0259st\u0259k<\/p>\n<\/li>\n<li data-section-id=\"to8u8c\" data-start=\"2839\" data-end=\"2880\">\n<p data-start=\"2841\" data-end=\"2880\">Parlaql\u0131q v\u0259 hamar g\u00f6r\u00fcn\u00fc\u015f t\u0259min edir<\/p>\n<\/li>\n<li data-section-id=\"ns63hm\" data-start=\"2881\" data-end=\"2903\">\n<p data-start=\"2883\" data-end=\"2903\">Sa\u00e7\u0131 a\u011f\u0131rla\u015fd\u0131rm\u0131r<\/p>\n<\/li>\n<li data-section-id=\"1diq1a0\" data-start=\"2904\" data-end=\"2936\">\n<p data-start=\"2906\" data-end=\"2936\">G\u00fcnd\u0259lik istifad\u0259y\u0259 uy\u011fundur<\/p>\n<\/li>\n<\/ul>\n<p data-start=\"2938\" data-end=\"3064\">\u018fg\u0259r sa\u00e7 d\u00fcz\u00fcm\u00fc \u00fc\u00e7\u00fcn tez-tez istilik al\u0259tl\u0259rind\u0259n istifad\u0259 edirsinizs\u0259, bu m\u0259hsul sa\u00e7\u0131n\u0131z\u0131 qorumaq \u00fc\u00e7\u00fcn vacib bax\u0131m add\u0131m\u0131d\u0131r.<\/p>\n<hr data-start=\"3066\" data-end=\"3069\" \/>\n<h1 data-section-id=\"8rcmto\" data-start=\"3071\" data-end=\"3089\">\u0130stifad\u0259 qaydas\u0131<\/h1>\n<ol data-start=\"3091\" data-end=\"3279\">\n<li data-section-id=\"1xop9z6\" data-start=\"3091\" data-end=\"3133\">\n<p data-start=\"3094\" data-end=\"3133\">Az miqdarda serumu ovucunuza g\u00f6t\u00fcr\u00fcn.<\/p>\n<\/li>\n<li data-section-id=\"1qe6yrv\" data-start=\"3134\" data-end=\"3186\">\n<p data-start=\"3137\" data-end=\"3186\">N\u0259m v\u0259 ya quru sa\u00e7\u0131n uzunluqlar\u0131na t\u0259tbiq edin.<\/p>\n<\/li>\n<li data-section-id=\"cemnp8\" data-start=\"3187\" data-end=\"3214\">\n<p data-start=\"3190\" data-end=\"3214\">B\u0259rab\u0259r \u015f\u0259kild\u0259 yay\u0131n.<\/p>\n<\/li>\n<li data-section-id=\"c6hzcx\" data-start=\"3215\" data-end=\"3279\">\n<p data-start=\"3218\" data-end=\"3279\">Daha sonra fen v\u0259 ya dig\u0259r istilik al\u0259tind\u0259n istifad\u0259 edin.<\/p>\n<\/li>\n<\/ol>\n<p data-start=\"3281\" data-end=\"3290\">Yuyulmur.<\/p>\n<hr data-start=\"3292\" data-end=\"3295\" \/>\n<h1 data-section-id=\"1htqakv\" data-start=\"3297\" data-end=\"3303\">Qeyd<\/h1>\n<ul data-start=\"3305\" data-end=\"3451\">\n<li data-section-id=\"p2wq1c\" data-start=\"3305\" data-end=\"3333\">\n<p data-start=\"3307\" data-end=\"3333\">Xarici istifad\u0259 \u00fc\u00e7\u00fcnd\u00fcr.<\/p>\n<\/li>\n<li data-section-id=\"18go3e\" data-start=\"3334\" data-end=\"3361\">\n<p data-start=\"3336\" data-end=\"3361\">G\u00f6zl\u0259 t\u0259masdan qoruyun.<\/p>\n<\/li>\n<li data-section-id=\"bib84l\" data-start=\"3362\" data-end=\"3408\">\n<p data-start=\"3364\" data-end=\"3408\">H\u0259ddind\u0259n art\u0131q miqdarda istifad\u0259 etm\u0259yin.<\/p>\n<\/li>\n<li data-section-id=\"2ufj0a\" data-start=\"3409\" data-end=\"3451\">\n<p data-start=\"3411\" data-end=\"3451\">U\u015faqlar\u0131n \u0259li \u00e7atmayan yerd\u0259 saxlay\u0131n.<\/p>\n<\/li>\n<\/ul>","protected":false},"excerpt":{"rendered":"<p data-start=\"676\" data-end=\"904\">Trichup Nutri Shine istilikd\u0259n qorunmas\u0131 sa\u00e7 serumu fen, d\u00fczl\u0259\u015fdirici v\u0259 dig\u0259r istilik al\u0259tl\u0259rinin z\u0259r\u0259rli t\u0259sirin\u0259 qar\u015f\u0131 qoruyucu qat yarad\u0131r. Sa\u00e7lar\u0131 hamarla\u015fd\u0131r\u0131r, q\u0131r\u0131lman\u0131 azaltma\u011fa k\u00f6m\u0259k edir v\u0259 t\u0259bii parlaql\u0131q qazand\u0131r\u0131r.<\/p>","protected":false},"featured_media":9476,"comment_status":"open","ping_status":"closed","template":"","meta":[],"pwb-brand":[409],"product_cat":[126,139,130],"product_tag":[308],"class_list":{"0":"post-9475","1":"product","2":"type-product","3":"status-publish","4":"has-post-thumbnail","6":"pwb-brand-trichup","7":"product_cat-haircare","8":"product_cat-serum","9":"product_cat-salonbaxim","10":"product_tag-haircare","11":"pa_size-60ml","14":"instock","15":"sale","16":"shipping-taxable","17":"purchasable","18":"product-type-simple"},"brands":[{"id":409,"name":"Trichup","slug":"trichup"}],"_links":{"self":[{"href":"https:\/\/axtarstore.com\/ru\/wp-json\/wp\/v2\/product\/9475"}],"collection":[{"href":"https:\/\/axtarstore.com\/ru\/wp-json\/wp\/v2\/product"}],"about":[{"href":"https:\/\/axtarstore.com\/ru\/wp-json\/wp\/v2\/types\/product"}],"replies":[{"embeddable":true,"href":"https:\/\/axtarstore.com\/ru\/wp-json\/wp\/v2\/comments?post=9475"}],"version-history":[{"count":4,"href":"https:\/\/axtarstore.com\/ru\/wp-json\/wp\/v2\/product\/9475\/revisions"}],"predecessor-version":[{"id":11251,"href":"https:\/\/axtarstore.com\/ru\/wp-json\/wp\/v2\/product\/9475\/revisions\/11251"}],"wp:featuredmedia":[{"embeddable":true,"href":"https:\/\/axtarstore.com\/ru\/wp-json\/wp\/v2\/media\/9476"}],"wp:attachment":[{"href":"https:\/\/axtarstore.com\/ru\/wp-json\/wp\/v2\/media?parent=9475"}],"wp:term":[{"taxonomy":"pwb-brand","embeddable":true,"href":"https:\/\/axtarstore.com\/ru\/wp-json\/wp\/v2\/pwb-brand?post=9475"},{"taxonomy":"product_cat","embeddable":true,"href":"https:\/\/axtarstore.com\/ru\/wp-json\/wp\/v2\/product_cat?post=9475"},{"taxonomy":"product_tag","embeddable":true,"href":"https:\/\/axtarstore.com\/ru\/wp-json\/wp\/v2\/product_tag?post=9475"}],"curies":[{"name":"wp","href":"https:\/\/api.w.org\/{rel}","templated":true}]}}