{"id":9471,"date":"2025-03-20T22:19:44","date_gmt":"2025-03-20T18:19:44","guid":{"rendered":"https:\/\/axtarstore.com\/?post_type=product&#038;p=9471"},"modified":"2026-02-19T22:01:52","modified_gmt":"2026-02-19T18:01:52","slug":"istilik-qorunmasi-sac-serumu-trichup-thermal","status":"publish","type":"product","link":"https:\/\/axtarstore.com\/ru\/product\/istilik-qorunmasi-sac-serumu-trichup-thermal\/","title":{"rendered":"istilik qorunmas\u0131 Sa\u00e7 Serumu Trichup Hair Serum Thermal Protection &#8211; 60 ml"},"content":{"rendered":"<p><strong>Trichup Thermal \u0130stilik Qorunmas\u0131 Sa\u00e7 Serumu<\/strong><\/p>\n<h2 data-section-id=\"6xzsz2\" data-start=\"941\" data-end=\"951\">Problem<\/h2>\n<p data-start=\"953\" data-end=\"1136\">Fen, sa\u00e7 d\u00fczl\u0259\u015fdirici v\u0259 buruq ma\u015fas\u0131 g\u00fcnd\u0259lik sa\u00e7 d\u00fcz\u00fcm\u00fcn\u00fcn ayr\u0131lmaz hiss\u0259sin\u0259 \u00e7evrilmi\u015fdir. Lakin y\u00fcks\u0259k temperatur sa\u00e7\u0131n k\u00fctikula qat\u0131n\u0131 z\u0259d\u0259l\u0259y\u0259r\u0259k struktur z\u0259ifliyin\u0259 s\u0259b\u0259b olur.<\/p>\n<p data-start=\"1138\" data-end=\"1147\">N\u0259tic\u0259d\u0259:<\/p>\n<ul data-start=\"1149\" data-end=\"1264\">\n<li data-section-id=\"16zi2t1\" data-start=\"1149\" data-end=\"1179\">\n<p data-start=\"1151\" data-end=\"1179\">Sa\u00e7 quruyur v\u0259 k\u00f6vr\u0259kl\u0259\u015fir<\/p>\n<\/li>\n<li data-section-id=\"1v4ps1b\" data-start=\"1180\" data-end=\"1197\">\n<p data-start=\"1182\" data-end=\"1197\">Q\u0131r\u0131lma art\u0131r<\/p>\n<\/li>\n<li data-section-id=\"uq4yjy\" data-start=\"1198\" data-end=\"1217\">\n<p data-start=\"1200\" data-end=\"1217\">Uclar ha\u00e7alan\u0131r<\/p>\n<\/li>\n<li data-section-id=\"13ahru6\" data-start=\"1218\" data-end=\"1238\">\n<p data-start=\"1220\" data-end=\"1238\">Parlaql\u0131q azal\u0131r<\/p>\n<\/li>\n<li data-section-id=\"1l9v7ve\" data-start=\"1239\" data-end=\"1264\">\n<p data-start=\"1241\" data-end=\"1264\">Elektrikl\u0259nm\u0259 \u00e7oxal\u0131r<\/p>\n<\/li>\n<\/ul>\n<p data-start=\"1266\" data-end=\"1430\">\u0130stilik al\u0259tl\u0259rind\u0259n m\u00fct\u0259madi istifad\u0259 ed\u0259nl\u0259r \u00fc\u00e7\u00fcn istilik qorunmas\u0131 sa\u00e7 serumu istifad\u0259si art\u0131q se\u00e7im deyil, z\u0259rur\u0259tdir. \u018fks halda sa\u00e7 zamanla canl\u0131l\u0131\u011f\u0131n\u0131 itirir.<\/p>\n<h2 data-section-id=\"1xwjg8k\" data-start=\"1432\" data-end=\"1439\">H\u0259ll<\/h2>\n<p data-start=\"1441\" data-end=\"1624\">Trichup Thermal istilik qorunmas\u0131 sa\u00e7 serumu sa\u00e7 telinin \u00fcz\u0259rind\u0259 qoruyucu qat formala\u015fd\u0131r\u0131r. Bu qat y\u00fcks\u0259k temperaturun birba\u015fa t\u0259sirini azaltma\u011fa k\u00f6m\u0259k edir v\u0259 sa\u00e7\u0131n n\u0259mini qoruyur.<\/p>\n<p data-start=\"1626\" data-end=\"1653\">M\u0259hsulun \u0259sas \u00fcst\u00fcnl\u00fckl\u0259ri:<\/p>\n<ul data-start=\"1655\" data-end=\"1828\">\n<li data-section-id=\"1hd34f3\" data-start=\"1655\" data-end=\"1699\">\n<p data-start=\"1657\" data-end=\"1699\">Y\u00fcks\u0259k temperatura qar\u015f\u0131 qoruyucu effekt<\/p>\n<\/li>\n<li data-section-id=\"1ehwljf\" data-start=\"1700\" data-end=\"1729\">\n<p data-start=\"1702\" data-end=\"1729\">Sa\u00e7 s\u0259thini hamarla\u015fd\u0131rma<\/p>\n<\/li>\n<li data-section-id=\"1ny7e30\" data-start=\"1730\" data-end=\"1760\">\n<p data-start=\"1732\" data-end=\"1760\">Q\u0131r\u0131lman\u0131 azaltma\u011fa d\u0259st\u0259k<\/p>\n<\/li>\n<li data-section-id=\"1u211o4\" data-start=\"1761\" data-end=\"1797\">\n<p data-start=\"1763\" data-end=\"1797\">Elektrikl\u0259nm\u0259ni minimuma endirm\u0259<\/p>\n<\/li>\n<li data-section-id=\"1q9c1xu\" data-start=\"1798\" data-end=\"1828\">\n<p data-start=\"1800\" data-end=\"1828\">Parlaql\u0131q v\u0259 ip\u0259kvari hiss<\/p>\n<\/li>\n<\/ul>\n<p data-start=\"1830\" data-end=\"1948\">Serum y\u00fcng\u00fcl teksturaya malikdir v\u0259 sa\u00e7\u0131 a\u011f\u0131rla\u015fd\u0131rm\u0131r. Sa\u00e7\u0131n t\u0259bii h\u0259r\u0259k\u0259tini qoruyaraq daha bax\u0131ml\u0131 g\u00f6r\u00fcn\u00fc\u015f yarad\u0131r.<\/p>\n<p data-start=\"1950\" data-end=\"2019\">\u0130stilik qorunmas\u0131 sa\u00e7 serumu x\u00fcsusil\u0259 a\u015fa\u011f\u0131dak\u0131 hallar \u00fc\u00e7\u00fcn uy\u011fundur:<\/p>\n<ul data-start=\"2021\" data-end=\"2181\">\n<li data-section-id=\"1c5i46c\" data-start=\"2021\" data-end=\"2053\">\n<p data-start=\"2023\" data-end=\"2053\">Tez-tez fen istifad\u0259 ed\u0259nl\u0259r<\/p>\n<\/li>\n<li data-section-id=\"4tjwcb\" data-start=\"2054\" data-end=\"2089\">\n<p data-start=\"2056\" data-end=\"2089\">Sa\u00e7 d\u00fczl\u0259\u015fdirici t\u0259tbiq ed\u0259nl\u0259r<\/p>\n<\/li>\n<li data-section-id=\"r319lh\" data-start=\"2090\" data-end=\"2123\">\n<p data-start=\"2092\" data-end=\"2123\">Buruq ma\u015fas\u0131 istifad\u0259 ed\u0259nl\u0259r<\/p>\n<\/li>\n<li data-section-id=\"84yx7p\" data-start=\"2124\" data-end=\"2149\">\n<p data-start=\"2126\" data-end=\"2149\">Quru v\u0259 k\u00f6vr\u0259k sa\u00e7lar<\/p>\n<\/li>\n<li data-section-id=\"2asnjg\" data-start=\"2150\" data-end=\"2181\">\n<p data-start=\"2152\" data-end=\"2181\">Parlaql\u0131\u011f\u0131n\u0131 itirmi\u015f sa\u00e7lar<\/p>\n<\/li>\n<\/ul>\n<p data-start=\"2183\" data-end=\"2288\">M\u0259hsul h\u0259m n\u0259m, h\u0259m d\u0259 quru sa\u00e7da istifad\u0259 oluna bil\u0259r v\u0259 g\u00fcnd\u0259lik bax\u0131m rutinin\u0259 asanl\u0131qla daxil edilir.<\/p>\n<h2 data-section-id=\"1bfdbjp\" data-start=\"2290\" data-end=\"2299\">N\u0259tic\u0259<\/h2>\n<p data-start=\"2301\" data-end=\"2367\">Trichup Thermal istilik qorunmas\u0131 sa\u00e7 serumu istifad\u0259sind\u0259n sonra:<\/p>\n<ul data-start=\"2369\" data-end=\"2538\">\n<li data-section-id=\"14ob12h\" data-start=\"2369\" data-end=\"2405\">\n<p data-start=\"2371\" data-end=\"2405\">Sa\u00e7 daha hamar v\u0259 parlaq g\u00f6r\u00fcn\u00fcr<\/p>\n<\/li>\n<li data-section-id=\"1x2qb3y\" data-start=\"2406\" data-end=\"2424\">\n<p data-start=\"2408\" data-end=\"2424\">Q\u0131r\u0131lma azal\u0131r<\/p>\n<\/li>\n<li data-section-id=\"5hzisj\" data-start=\"2425\" data-end=\"2456\">\n<p data-start=\"2427\" data-end=\"2456\">Elektrikl\u0259nm\u0259 minimuma enir<\/p>\n<\/li>\n<li data-section-id=\"4dfsv8\" data-start=\"2457\" data-end=\"2495\">\n<p data-start=\"2459\" data-end=\"2495\">D\u00fcz\u00fcm daha uzun m\u00fcdd\u0259t qal\u0131c\u0131 olur<\/p>\n<\/li>\n<li data-section-id=\"112g16m\" data-start=\"2496\" data-end=\"2538\">\n<p data-start=\"2498\" data-end=\"2538\">Sa\u00e7\u0131n \u00fcmumi g\u00f6r\u00fcn\u00fc\u015f\u00fc daha bax\u0131ml\u0131 olur<\/p>\n<\/li>\n<\/ul>\n<p data-start=\"2540\" data-end=\"2646\">M\u00fcnt\u0259z\u0259m istifad\u0259 sa\u00e7\u0131n istilik t\u0259sirind\u0259n qorunmas\u0131na v\u0259 struktur dayan\u0131ql\u0131\u011f\u0131n\u0131n saxlanmas\u0131na k\u00f6m\u0259k edir.<\/p>\n<hr data-start=\"2648\" data-end=\"2651\" \/>\n<h1 data-section-id=\"i6u0mb\" data-start=\"2653\" data-end=\"2681\">Niy\u0259 bu m\u0259hsulu almal\u0131yam?<\/h1>\n<ul data-start=\"2683\" data-end=\"2907\">\n<li data-section-id=\"r0iq2j\" data-start=\"2683\" data-end=\"2735\">\n<p data-start=\"2685\" data-end=\"2735\">\u0130stilik qorunmas\u0131 sa\u00e7 serumu kimi h\u0259d\u0259fli formul<\/p>\n<\/li>\n<li data-section-id=\"1yr5jek\" data-start=\"2736\" data-end=\"2781\">\n<p data-start=\"2738\" data-end=\"2781\">Fen v\u0259 d\u00fczl\u0259\u015fdirici t\u0259sirin\u0259 qar\u015f\u0131 qoruma<\/p>\n<\/li>\n<li data-section-id=\"1ny7e30\" data-start=\"2782\" data-end=\"2812\">\n<p data-start=\"2784\" data-end=\"2812\">Q\u0131r\u0131lman\u0131 azaltma\u011fa d\u0259st\u0259k<\/p>\n<\/li>\n<li data-section-id=\"ns63hm\" data-start=\"2813\" data-end=\"2835\">\n<p data-start=\"2815\" data-end=\"2835\">Sa\u00e7\u0131 a\u011f\u0131rla\u015fd\u0131rm\u0131r<\/p>\n<\/li>\n<li data-section-id=\"14quf1\" data-start=\"2836\" data-end=\"2874\">\n<p data-start=\"2838\" data-end=\"2874\">Parlaql\u0131q v\u0259 hamar g\u00f6r\u00fcn\u00fc\u015f yarad\u0131r<\/p>\n<\/li>\n<li data-section-id=\"1diq1a0\" data-start=\"2875\" data-end=\"2907\">\n<p data-start=\"2877\" data-end=\"2907\">G\u00fcnd\u0259lik istifad\u0259y\u0259 uy\u011fundur<\/p>\n<\/li>\n<\/ul>\n<p data-start=\"2909\" data-end=\"3028\">\u018fg\u0259r sa\u00e7 d\u00fcz\u00fcm\u00fc \u00fc\u00e7\u00fcn tez-tez istilik al\u0259tl\u0259rind\u0259n istifad\u0259 edirsinizs\u0259, bu m\u0259hsul sa\u00e7\u0131n\u0131z\u0131 qorumaq \u00fc\u00e7\u00fcn vacib add\u0131md\u0131r.<\/p>\n<hr data-start=\"3030\" data-end=\"3033\" \/>\n<h1 data-section-id=\"8rcmto\" data-start=\"3035\" data-end=\"3053\">\u0130stifad\u0259 qaydas\u0131<\/h1>\n<ol data-start=\"3055\" data-end=\"3243\">\n<li data-section-id=\"1xop9z6\" data-start=\"3055\" data-end=\"3097\">\n<p data-start=\"3058\" data-end=\"3097\">Az miqdarda serumu ovucunuza g\u00f6t\u00fcr\u00fcn.<\/p>\n<\/li>\n<li data-section-id=\"1qe6yrv\" data-start=\"3098\" data-end=\"3150\">\n<p data-start=\"3101\" data-end=\"3150\">N\u0259m v\u0259 ya quru sa\u00e7\u0131n uzunluqlar\u0131na t\u0259tbiq edin.<\/p>\n<\/li>\n<li data-section-id=\"cemnp8\" data-start=\"3151\" data-end=\"3178\">\n<p data-start=\"3154\" data-end=\"3178\">B\u0259rab\u0259r \u015f\u0259kild\u0259 yay\u0131n.<\/p>\n<\/li>\n<li data-section-id=\"c6hzcx\" data-start=\"3179\" data-end=\"3243\">\n<p data-start=\"3182\" data-end=\"3243\">Daha sonra fen v\u0259 ya dig\u0259r istilik al\u0259tind\u0259n istifad\u0259 edin.<\/p>\n<\/li>\n<\/ol>\n<p data-start=\"3245\" data-end=\"3254\">Yuyulmur.<\/p>\n<hr data-start=\"3256\" data-end=\"3259\" \/>\n<h1 data-section-id=\"1htqakv\" data-start=\"3261\" data-end=\"3267\">Qeyd<\/h1>\n<ul data-start=\"3269\" data-end=\"3415\">\n<li data-section-id=\"p2wq1c\" data-start=\"3269\" data-end=\"3297\">\n<p data-start=\"3271\" data-end=\"3297\">Xarici istifad\u0259 \u00fc\u00e7\u00fcnd\u00fcr.<\/p>\n<\/li>\n<li data-section-id=\"18go3e\" data-start=\"3298\" data-end=\"3325\">\n<p data-start=\"3300\" data-end=\"3325\">G\u00f6zl\u0259 t\u0259masdan qoruyun.<\/p>\n<\/li>\n<li data-section-id=\"bib84l\" data-start=\"3326\" data-end=\"3372\">\n<p data-start=\"3328\" data-end=\"3372\">H\u0259ddind\u0259n art\u0131q miqdarda istifad\u0259 etm\u0259yin.<\/p>\n<\/li>\n<li data-section-id=\"2ufj0a\" data-start=\"3373\" data-end=\"3415\">\n<p data-start=\"3375\" data-end=\"3415\">U\u015faqlar\u0131n \u0259li \u00e7atmayan yerd\u0259 saxlay\u0131n.<\/p>\n<\/li>\n<\/ul>","protected":false},"excerpt":{"rendered":"<p>Trichup Thermal istilik qorunmas\u0131 sa\u00e7 serumu y\u00fcks\u0259k temperaturun sa\u00e7 strukturuna t\u0259sirini minimuma endirm\u0259y\u0259 k\u00f6m\u0259k edir. Sa\u00e7lar\u0131 fen, d\u00fczl\u0259\u015fdirici v\u0259 dig\u0259r istilik al\u0259tl\u0259rind\u0259n qoruyur, q\u0131r\u0131lman\u0131 azaltma\u011fa v\u0259 parlaql\u0131q yaratma\u011fa d\u0259st\u0259k verir.<\/p>","protected":false},"featured_media":9472,"comment_status":"open","ping_status":"closed","template":"","meta":[],"pwb-brand":[409],"product_cat":[126,139,130],"product_tag":[308],"class_list":{"0":"post-9471","1":"product","2":"type-product","3":"status-publish","4":"has-post-thumbnail","6":"pwb-brand-trichup","7":"product_cat-haircare","8":"product_cat-serum","9":"product_cat-salonbaxim","10":"product_tag-haircare","11":"pa_size-60ml","14":"instock","15":"sale","16":"shipping-taxable","17":"purchasable","18":"product-type-simple"},"brands":[{"id":409,"name":"Trichup","slug":"trichup"}],"_links":{"self":[{"href":"https:\/\/axtarstore.com\/ru\/wp-json\/wp\/v2\/product\/9471"}],"collection":[{"href":"https:\/\/axtarstore.com\/ru\/wp-json\/wp\/v2\/product"}],"about":[{"href":"https:\/\/axtarstore.com\/ru\/wp-json\/wp\/v2\/types\/product"}],"replies":[{"embeddable":true,"href":"https:\/\/axtarstore.com\/ru\/wp-json\/wp\/v2\/comments?post=9471"}],"version-history":[{"count":4,"href":"https:\/\/axtarstore.com\/ru\/wp-json\/wp\/v2\/product\/9471\/revisions"}],"predecessor-version":[{"id":11253,"href":"https:\/\/axtarstore.com\/ru\/wp-json\/wp\/v2\/product\/9471\/revisions\/11253"}],"wp:featuredmedia":[{"embeddable":true,"href":"https:\/\/axtarstore.com\/ru\/wp-json\/wp\/v2\/media\/9472"}],"wp:attachment":[{"href":"https:\/\/axtarstore.com\/ru\/wp-json\/wp\/v2\/media?parent=9471"}],"wp:term":[{"taxonomy":"pwb-brand","embeddable":true,"href":"https:\/\/axtarstore.com\/ru\/wp-json\/wp\/v2\/pwb-brand?post=9471"},{"taxonomy":"product_cat","embeddable":true,"href":"https:\/\/axtarstore.com\/ru\/wp-json\/wp\/v2\/product_cat?post=9471"},{"taxonomy":"product_tag","embeddable":true,"href":"https:\/\/axtarstore.com\/ru\/wp-json\/wp\/v2\/product_tag?post=9471"}],"curies":[{"name":"wp","href":"https:\/\/api.w.org\/{rel}","templated":true}]}}